{"id":5136,"date":"2023-10-05T22:06:32","date_gmt":"2023-10-05T22:06:32","guid":{"rendered":"https:\/\/statorials.org\/de\/tutorials\/"},"modified":"2023-10-05T22:06:32","modified_gmt":"2023-10-05T22:06:32","slug":"tutorials","status":"publish","type":"page","link":"https:\/\/statorials.org\/de\/tutorials\/","title":{"rendered":"Tutorials"},"content":{"rendered":"<p><span style=\"color: #000000;\">Auf dieser Seite sind alle grundlegenden Statistik-Tutorials aufgef\u00fchrt, die in Statorials verf\u00fcgbar sind.<\/span><\/p>\n<p> <span style=\"color: #000000;\"><strong>Einf\u00fchrung in die Statistik<\/strong><\/span><br \/> <strong><a href=\"https:\/\/statorials.org\/de\/warum-sind-statistiken-wichtig\/\">Warum sind Statistiken wichtig?<\/a><br \/> <a href=\"https:\/\/statorials.org\/de\/beschreibende-inferenzstatistik\/\">Beschreibende oder inferenzielle Statistik<\/a><br \/> <a href=\"https:\/\/statorials.org\/de\/population-vs.-stichprobe\/\">Bev\u00f6lkerung vs. Probe<\/a><br \/> <a href=\"https:\/\/statorials.org\/de\/statistik-vs.-parameter\/\">Statistiken vs. Parameter<\/a><br \/> <a href=\"https:\/\/statorials.org\/de\/qualitative-variablen-vs.-quantitative-variablen\/\">Qualitative und quantitative Variablen<\/a><br \/><\/strong><\/p>\n<p> <span style=\"color: #000000;\"><strong>Beschreiben Sie die Daten<\/strong><\/span><br \/> <strong><a href=\"https:\/\/statorials.org\/de\/misst-die-zentrale-tendenz\/\">Messungen der zentralen Tendenz<\/a><br \/> <a href=\"https:\/\/statorials.org\/de\/statistiksocken\/\">SOCS: ein n\u00fctzliches Akronym zur Beschreibung von Verteilungen<\/a><br \/><\/strong><\/p>\n<p> <span style=\"color: #000000;\"><strong>Datenvisualisierung<\/strong><\/span><br \/> <strong><a href=\"https:\/\/statorials.org\/de\/kastenschnurrhaare\/\">Boxplots<\/a><br \/> <a href=\"https:\/\/statorials.org\/de\/stamm-und-blattdiagramme\/\">Stamm- und Blattdiagramme<\/a><br \/> <a href=\"https:\/\/statorials.org\/de\/histogramm-der-relativen-haufigkeit-1\/\">Histogramm der relativen H\u00e4ufigkeit<\/a><br \/> <a href=\"https:\/\/statorials.org\/de\/dichtekurven\/\">Dichtekurven<\/a><br \/><\/strong><\/p>\n<p> <span style=\"color: #000000;\"><strong>Wahrscheinlichkeit<\/strong><\/span><br \/> <strong><a href=\"https:\/\/statorials.org\/de\/theoretische-wahrscheinlichkeit-1\/\">Theoretische Wahrscheinlichkeit<\/a><br \/> <a href=\"https:\/\/statorials.org\/de\/hintere-wahrscheinlichkeit\/\">Posterior-Wahrscheinlichkeit<\/a><br \/> <a href=\"https:\/\/statorials.org\/de\/quotenverhaltnisse-interpretieren\/\">Wie man Quotenverh\u00e4ltnisse interpretiert<\/a><br \/> <a href=\"https:\/\/statorials.org\/de\/gesetz-der-grossen-zahlen\/\">Gesetz der gro\u00dfen Zahlen<\/a><br \/> <a href=\"https:\/\/statorials.org\/de\/gesamtbetrieb\/\">Definieren Sie Operationen<\/a><br \/> <a href=\"https:\/\/statorials.org\/de\/allgemeine-regel-der-multiplikation\/\">Die allgemeine Regel der Multiplikation<\/a><br \/><\/strong><\/p>\n<p> <span style=\"color: #000000;\"><strong>Studiendesign<\/strong><\/span><br \/> <strong><a href=\"https:\/\/statorials.org\/de\/variablen-erklarende-antworten\/\">Erkl\u00e4rungs- und Antwortvariablen<\/a><br \/> <a href=\"https:\/\/statorials.org\/de\/probenahmemethoden\/\">Probenahmemethoden<\/a><br \/> <a href=\"https:\/\/statorials.org\/de\/reprasentative-stichprobe-1\/\">Was ist eine repr\u00e4sentative Stichprobe?<\/a><br \/> <a href=\"https:\/\/statorials.org\/de\/stichprobenrahmen\/\">Was ist ein Stichprobenrahmen?<\/a><br \/> <a href=\"https:\/\/statorials.org\/de\/passendes-paar-design\/\">Passendes Paar-Design<\/a><br \/> <a href=\"https:\/\/statorials.org\/de\/design-vor-dem-test-und-nach-dem-test\/\">Pretest-Posttest-Design<\/a><br \/> <a href=\"https:\/\/statorials.org\/de\/split-plot-design\/\" rel=\"noopener noreferrer\">Gestaltung geteilter Grundst\u00fccke<\/a><br \/> <a href=\"https:\/\/statorials.org\/de\/block-randomisierung-permutieren\/\">Randomisierung permutierter Bl\u00f6cke<\/a><br \/> <a href=\"https:\/\/statorials.org\/de\/lateinische-hypercube-probenahme\/\">Sampling lateinischer Hyperw\u00fcrfel<\/a><br \/><\/strong><\/p>\n<p> <span style=\"color: #000000;\"><strong>Zuf\u00e4llige Variablen<\/strong><\/span><br \/> <strong><a href=\"https:\/\/statorials.org\/de\/zufallige-variablen\/\">Was sind Zufallsvariablen?<\/a><br \/> <a href=\"https:\/\/statorials.org\/de\/die-normalverteilung\/\">Die Normalverteilung<\/a><br \/> <a href=\"https:\/\/statorials.org\/de\/verteilung-von-fisch\/\">Die Fischverteilung<\/a><br \/> <a href=\"https:\/\/statorials.org\/de\/geometrische-verteilung\/\">Die geometrische Verteilung<\/a><br \/> <a href=\"https:\/\/statorials.org\/de\/exponentialverteilung-1\/\">Die Exponentialverteilung<\/a><br \/> <a href=\"https:\/\/statorials.org\/de\/hypergeometrische-verteilung-1\/\">Die hypergeometrische Verteilung<\/a><br \/> <a href=\"https:\/\/statorials.org\/de\/negative-1-binomialverteilung\/\">Die negative Binomialverteilung<\/a><br \/> <a href=\"https:\/\/statorials.org\/de\/multinomialverteilung-1\/\">Die Multinomialverteilung<\/a><br \/><\/strong><\/p>\n<p> <span style=\"color: #000000;\"><strong>Stichprobenverteilungen<\/strong><\/span><br \/> <strong><a href=\"https:\/\/statorials.org\/de\/stichprobenverteilung-1\/\">Was ist eine Stichprobenverteilung?<\/a><br \/> <a href=\"https:\/\/statorials.org\/de\/zentraler-grenzwertsatz\/\">Zentraler Grenzwertsatz<\/a><br \/><\/strong><\/p>\n<p> <span style=\"color: #000000;\"><strong>Vertrauensintervalle<\/strong><\/span> <strong><br \/><strong><a href=\"https:\/\/statorials.org\/de\/vertrauensintervalle\/\">Was sind Konfidenzintervalle?<\/a><br \/> <a href=\"https:\/\/statorials.org\/de\/durchschnittliches-konfidenzintervall\/\">Konfidenzintervall f\u00fcr einen Mittelwert<\/a><br \/> <a href=\"https:\/\/statorials.org\/de\/konfidenzintervalldifferenz-zwischen-den-mittelwerten\/\">Konfidenzintervall f\u00fcr die Differenz zwischen den Mittelwerten<\/a><br \/> <a href=\"https:\/\/statorials.org\/de\/konfidenzintervallanteil\/\">Konfidenzintervall f\u00fcr einen Anteil<\/a><br \/> <a href=\"https:\/\/statorials.org\/de\/konfidenzintervalldifferenz-der-proportionen\/\">Konfidenzintervall f\u00fcr Unterschiede in den Proportionen<\/a><br \/> <a href=\"https:\/\/statorials.org\/de\/standardabweichung-des-konfidenzintervalls\/\">Konfidenzintervall f\u00fcr eine Standardabweichung<\/a><br \/> <a href=\"https:\/\/statorials.org\/de\/konfidenzintervall-fur-den-median\/\">Konfidenzintervall f\u00fcr einen Median<\/a><br \/> <a href=\"https:\/\/statorials.org\/de\/korrelationskoeffizient-des-konfidenzintervalls\/\">Konfidenzintervall f\u00fcr einen Korrelationskoeffizienten<\/a><br \/><\/strong><\/strong><\/p>\n<p> <span style=\"color: #000000;\"><strong>Hypothesentest<\/strong><\/span> <strong><br \/><a href=\"https:\/\/statorials.org\/de\/ein-stichproben-t-test\/\">Ein Beispiel-T-Test<\/a><br \/> <a href=\"https:\/\/statorials.org\/de\/testen-sie-ihre-beiden-proben\/\">T-Test bei zwei Stichproben<\/a><br \/> <a href=\"https:\/\/statorials.org\/de\/mann-whitney-du-testest\/\">Mann-Whitney-U-Test<\/a><br \/> <a href=\"https:\/\/statorials.org\/de\/gepaarter-stichproben-t-test\/\">T-Test f\u00fcr gepaarte Stichproben<\/a><br \/> <a href=\"https:\/\/statorials.org\/de\/ein-beispiel-z-test\/\">Ein Beispiel f\u00fcr einen Z-Test<\/a><br \/> <a href=\"https:\/\/statorials.org\/de\/za-teste-zwei-proben\/\">Z-Test bei zwei Stichproben<\/a><br \/> <a href=\"https:\/\/statorials.org\/de\/ein-proportion-z-test\/\">Ein-Proportions-Z-Test<\/a><br \/> <a href=\"https:\/\/statorials.org\/de\/za-testen-sie-zwei-proportionen\/\">Zwei-Proportionen-Z-Test<\/a><br \/><\/strong><\/p>\n<p> <span style=\"color: #000000;\"><strong>P-Werte und Effektgr\u00f6\u00dfe<\/strong><\/span><br \/> <strong><a href=\"https:\/\/statorials.org\/de\/so-interpretieren-sie-einen-p-wert-von-0000\/\">So interpretieren Sie einen P-Wert von 0,000<\/a><br \/> <a href=\"https:\/\/statorials.org\/de\/so-berechnen-sie-einen-pa-wert-aus-einem-handtest\/\">So berechnen Sie einen P-Wert aus einem manuellen Test<\/a><br \/> <a href=\"https:\/\/statorials.org\/de\/so-finden-sie-z-alpha-2-za-2\/\">So finden Sie Z Alpha\/2 (za\/2)<\/a><br \/> <a href=\"https:\/\/statorials.org\/de\/effektgrosse\/\">Effektgr\u00f6\u00dfe<\/a><br \/> <a href=\"https:\/\/statorials.org\/de\/bayes-faktor\/\">Bayes-Faktor<\/a><br \/><\/strong><\/p>\n<p> <span style=\"color: #000000;\"><strong>Chi-Quadrat-Tests<\/strong><\/span> <strong><br \/><strong><a href=\"https:\/\/statorials.org\/de\/chi-quadrat-anpassungstest\/\">Chi-Quadrat-Anpassungstest<\/a><br \/> <a href=\"https:\/\/statorials.org\/de\/chi-quadrat-unabhangigkeitstest\/\">Chi-Quadrat-Test der Unabh\u00e4ngigkeit<\/a><br \/> <a href=\"https:\/\/statorials.org\/de\/genauer-test-der-fischer\/\">Fishers genauer Test<\/a><br \/> <a href=\"https:\/\/statorials.org\/de\/chi-quadrat-effektgrosse\/\">Effektgr\u00f6\u00dfe f\u00fcr einen Chi-Quadrat-Test<\/a><br \/><\/strong><\/strong><\/p>\n<p> <span style=\"color: #000000;\"><strong>R\u00fcckschritt<\/strong><\/span> <strong><br \/><a href=\"https:\/\/statorials.org\/de\/multiple-lineare-regression\/\">Einf\u00fchrung in die multiple lineare Regression<\/a> <span style=\"color: #000000;\">(<\/span><a href=\"https:\/\/statorials.org\/de\/multiple-lineare-regression-von-hand\/\" rel=\"noopener noreferrer\">von Hand<\/a> <span style=\"color: #000000;\">)<\/span><br \/> <a href=\"https:\/\/statorials.org\/de\/signifikanztest-der-regressionssteigung\/\">Testen der Signifikanz einer Regressionssteigung<\/a><br \/> <a href=\"https:\/\/statorials.org\/de\/wie-man-regressionskoeffizienten-interpretiert\/\">So interpretieren Sie Regressionskoeffizienten<\/a><br \/> <a href=\"https:\/\/statorials.org\/de\/eine-einfache-anleitung-zum-verstandnis-des-f-tests-fur-die-gesamtsignifikanz-in-der-regression\/\">Der F-Test der Gesamtsignifikanz in der Regression<\/a><br \/> <a href=\"https:\/\/statorials.org\/de\/wie-man-residuen-in-der-regressionsanalyse-berechnet\/\">So berechnen Sie Residuen in der Regressionsanalyse<\/a><br \/> <a href=\"https:\/\/statorials.org\/de\/heidnischer-breusch-test\/\">Der Breusch-Pagan-Test<\/a><br \/><\/strong><\/p>\n<p> <span style=\"color: #000000;\"><strong>ANOVA<\/strong><\/span><br \/> <strong><a href=\"https:\/\/statorials.org\/de\/einweg-anova\/\">Einfaktorielle ANOVA<\/a> <span style=\"color: #000000;\">(<\/span> <a href=\"https:\/\/statorials.org\/de\/einweg-anova-a-la-main\/\">von Hand<\/a> <span style=\"color: #000000;\">)<\/span><br \/> <a href=\"https:\/\/statorials.org\/de\/zwei-wege-anova\/\" rel=\"noopener\">Zweifaktorielle ANOVA<\/a> <span style=\"color: #000000;\">(<\/span> <a href=\"https:\/\/statorials.org\/de\/bidirektionale-anova-von-hand\/\">von Hand<\/a> <span style=\"color: #000000;\">)<\/span><br \/> <a href=\"https:\/\/statorials.org\/de\/drei-wege-anova\/\">Drei-Wege-ANOVA<\/a><br \/> <a href=\"https:\/\/statorials.org\/de\/post-hoc-anova-tests\/\">ANOVA-Post-hoc-Tests<\/a><br \/> <a href=\"https:\/\/statorials.org\/de\/dunnett-test\/\">Dunnett-Test f\u00fcr mehrere Vergleiche<\/a><br \/> <a href=\"https:\/\/statorials.org\/de\/kein-test\/\">Dunn-Test f\u00fcr mehrere Vergleiche<\/a><br \/> <a href=\"https:\/\/statorials.org\/de\/vorraum\/\">ANCOVA<\/a><br \/> <a href=\"https:\/\/statorials.org\/de\/kruskal-wallis-test\/\">Kruskal-Wallis-Test<\/a><br \/> <a href=\"https:\/\/statorials.org\/de\/friedman-test\/\">Friedman-Test<\/a><br \/><\/strong><\/p>\n","protected":false},"excerpt":{"rendered":"<p>Auf dieser Seite sind alle grundlegenden Statistik-Tutorials aufgef\u00fchrt, die in Statorials verf\u00fcgbar sind. Einf\u00fchrung in die Statistik Warum sind Statistiken wichtig? Beschreibende oder inferenzielle Statistik Bev\u00f6lkerung vs. Probe Statistiken vs. Parameter Qualitative und quantitative Variablen Beschreiben Sie die Daten Messungen der zentralen Tendenz SOCS: ein n\u00fctzliches Akronym zur Beschreibung von Verteilungen Datenvisualisierung Boxplots Stamm- und [&hellip;]<\/p>\n","protected":false},"author":1,"featured_media":0,"parent":0,"menu_order":0,"comment_status":"closed","ping_status":"closed","template":"","meta":{"footnotes":""},"yoast_head":"<!-- This site is optimized with the Yoast SEO plugin v21.5 - https:\/\/yoast.com\/wordpress\/plugins\/seo\/ -->\n<title>Tutorials<\/title>\n<meta name=\"robots\" content=\"index, follow, max-snippet:-1, max-image-preview:large, max-video-preview:-1\" \/>\n<link rel=\"canonical\" href=\"https:\/\/statorials.org\/de\/tutorials\/\" \/>\n<meta property=\"og:locale\" content=\"de_DE\" \/>\n<meta property=\"og:type\" content=\"article\" \/>\n<meta property=\"og:title\" content=\"Tutorials\" \/>\n<meta property=\"og:description\" content=\"Auf dieser Seite sind alle grundlegenden Statistik-Tutorials aufgef\u00fchrt, die in Statorials verf\u00fcgbar sind. Einf\u00fchrung in die Statistik Warum sind Statistiken wichtig? Beschreibende oder inferenzielle Statistik Bev\u00f6lkerung vs. Probe Statistiken vs. Parameter Qualitative und quantitative Variablen Beschreiben Sie die Daten Messungen der zentralen Tendenz SOCS: ein n\u00fctzliches Akronym zur Beschreibung von Verteilungen Datenvisualisierung Boxplots Stamm- und [&hellip;]\" \/>\n<meta property=\"og:url\" content=\"https:\/\/statorials.org\/de\/tutorials\/\" \/>\n<meta property=\"og:site_name\" content=\"Statorials\" \/>\n<meta name=\"twitter:card\" content=\"summary_large_image\" \/>\n<meta name=\"twitter:label1\" content=\"Gesch\u00e4tzte Lesezeit\" \/>\n\t<meta name=\"twitter:data1\" content=\"2 Minuten\" \/>\n<script type=\"application\/ld+json\" class=\"yoast-schema-graph\">{\"@context\":\"https:\/\/schema.org\",\"@graph\":[{\"@type\":\"WebPage\",\"@id\":\"https:\/\/statorials.org\/de\/tutorials\/\",\"url\":\"https:\/\/statorials.org\/de\/tutorials\/\",\"name\":\"Tutorials\",\"isPartOf\":{\"@id\":\"https:\/\/statorials.org\/de\/#website\"},\"datePublished\":\"2023-10-05T22:06:32+00:00\",\"dateModified\":\"2023-10-05T22:06:32+00:00\",\"breadcrumb\":{\"@id\":\"https:\/\/statorials.org\/de\/tutorials\/#breadcrumb\"},\"inLanguage\":\"de-DE\",\"potentialAction\":[{\"@type\":\"ReadAction\",\"target\":[\"https:\/\/statorials.org\/de\/tutorials\/\"]}]},{\"@type\":\"BreadcrumbList\",\"@id\":\"https:\/\/statorials.org\/de\/tutorials\/#breadcrumb\",\"itemListElement\":[{\"@type\":\"ListItem\",\"position\":1,\"name\":\"Heim\",\"item\":\"https:\/\/statorials.org\/de\/\"},{\"@type\":\"ListItem\",\"position\":2,\"name\":\"Tutorials\"}]},{\"@type\":\"WebSite\",\"@id\":\"https:\/\/statorials.org\/de\/#website\",\"url\":\"https:\/\/statorials.org\/de\/\",\"name\":\"Statorials\",\"description\":\"Ihr Leitfaden f\u00fcr statistische Kompetenz !\",\"potentialAction\":[{\"@type\":\"SearchAction\",\"target\":{\"@type\":\"EntryPoint\",\"urlTemplate\":\"https:\/\/statorials.org\/de\/?s={search_term_string}\"},\"query-input\":\"required name=search_term_string\"}],\"inLanguage\":\"de-DE\"}]}<\/script>\n<!-- \/ Yoast SEO plugin. -->","yoast_head_json":{"title":"Tutorials","robots":{"index":"index","follow":"follow","max-snippet":"max-snippet:-1","max-image-preview":"max-image-preview:large","max-video-preview":"max-video-preview:-1"},"canonical":"https:\/\/statorials.org\/de\/tutorials\/","og_locale":"de_DE","og_type":"article","og_title":"Tutorials","og_description":"Auf dieser Seite sind alle grundlegenden Statistik-Tutorials aufgef\u00fchrt, die in Statorials verf\u00fcgbar sind. Einf\u00fchrung in die Statistik Warum sind Statistiken wichtig? Beschreibende oder inferenzielle Statistik Bev\u00f6lkerung vs. Probe Statistiken vs. Parameter Qualitative und quantitative Variablen Beschreiben Sie die Daten Messungen der zentralen Tendenz SOCS: ein n\u00fctzliches Akronym zur Beschreibung von Verteilungen Datenvisualisierung Boxplots Stamm- und [&hellip;]","og_url":"https:\/\/statorials.org\/de\/tutorials\/","og_site_name":"Statorials","twitter_card":"summary_large_image","twitter_misc":{"Gesch\u00e4tzte Lesezeit":"2 Minuten"},"schema":{"@context":"https:\/\/schema.org","@graph":[{"@type":"WebPage","@id":"https:\/\/statorials.org\/de\/tutorials\/","url":"https:\/\/statorials.org\/de\/tutorials\/","name":"Tutorials","isPartOf":{"@id":"https:\/\/statorials.org\/de\/#website"},"datePublished":"2023-10-05T22:06:32+00:00","dateModified":"2023-10-05T22:06:32+00:00","breadcrumb":{"@id":"https:\/\/statorials.org\/de\/tutorials\/#breadcrumb"},"inLanguage":"de-DE","potentialAction":[{"@type":"ReadAction","target":["https:\/\/statorials.org\/de\/tutorials\/"]}]},{"@type":"BreadcrumbList","@id":"https:\/\/statorials.org\/de\/tutorials\/#breadcrumb","itemListElement":[{"@type":"ListItem","position":1,"name":"Heim","item":"https:\/\/statorials.org\/de\/"},{"@type":"ListItem","position":2,"name":"Tutorials"}]},{"@type":"WebSite","@id":"https:\/\/statorials.org\/de\/#website","url":"https:\/\/statorials.org\/de\/","name":"Statorials","description":"Ihr Leitfaden f\u00fcr statistische Kompetenz !","potentialAction":[{"@type":"SearchAction","target":{"@type":"EntryPoint","urlTemplate":"https:\/\/statorials.org\/de\/?s={search_term_string}"},"query-input":"required name=search_term_string"}],"inLanguage":"de-DE"}]}},"yoast_meta":{"yoast_wpseo_title":"","yoast_wpseo_metadesc":"","yoast_wpseo_canonical":""},"_links":{"self":[{"href":"https:\/\/statorials.org\/de\/wp-json\/wp\/v2\/pages\/5136"}],"collection":[{"href":"https:\/\/statorials.org\/de\/wp-json\/wp\/v2\/pages"}],"about":[{"href":"https:\/\/statorials.org\/de\/wp-json\/wp\/v2\/types\/page"}],"author":[{"embeddable":true,"href":"https:\/\/statorials.org\/de\/wp-json\/wp\/v2\/users\/1"}],"replies":[{"embeddable":true,"href":"https:\/\/statorials.org\/de\/wp-json\/wp\/v2\/comments?post=5136"}],"version-history":[{"count":0,"href":"https:\/\/statorials.org\/de\/wp-json\/wp\/v2\/pages\/5136\/revisions"}],"wp:attachment":[{"href":"https:\/\/statorials.org\/de\/wp-json\/wp\/v2\/media?parent=5136"}],"curies":[{"name":"wp","href":"https:\/\/api.w.org\/{rel}","templated":true}]}}