{"id":5144,"date":"2023-10-05T04:05:32","date_gmt":"2023-10-05T04:05:32","guid":{"rendered":"https:\/\/statorials.org\/de\/mongodb-anleitungen\/"},"modified":"2023-10-05T04:05:32","modified_gmt":"2023-10-05T04:05:32","slug":"mongodb-anleitungen","status":"publish","type":"page","link":"https:\/\/statorials.org\/de\/mongodb-anleitungen\/","title":{"rendered":"Mongodb-anleitungen"},"content":{"rendered":"<p><span style=\"color: #000000;\"><strong>MongoDB<\/strong> ist eine der beliebtesten <a href=\"https:\/\/en.wikipedia.org\/wiki\/NoSQL\" target=\"_blank\" rel=\"noopener\">NoSQL-<\/a> Datenbanken der Welt.<\/span><\/p>\n<p> <span style=\"color: #000000;\">Auf dieser Seite sind alle MongoDB-Tutorials zu Statistiken aufgef\u00fchrt.<\/span><\/p>\n<p> <strong><span style=\"color: #000000;\">Fragen<\/span><\/strong><br \/> <strong><a href=\"https:\/\/statorials.org\/de\/abfrage-ahnlich-wie-mongodb\/\" rel=\"noopener\">MongoDB: So fragen Sie mit einem regul\u00e4ren Ausdruck \u201eGef\u00e4llt mir\u201c ab<\/a><br \/> <a href=\"https:\/\/statorials.org\/de\/mongodb-abfragedatumsbereich\/\">MongoDB: So fragen Sie mit einem Datumsbereich ab<\/a><br \/> <a href=\"https:\/\/statorials.org\/de\/mongodb-ist-nicht-null\/\">MongoDB: So suchen Sie in einem bestimmten Feld nach \u201enicht null\u201c.<\/a><br \/> <a href=\"https:\/\/statorials.org\/de\/mongodb-nicht-drin\/\">MongoDB: So verwenden Sie eine \u201eNO IN\u201c-Abfrage<\/a><br \/> <a href=\"https:\/\/statorials.org\/de\/mongodb-anders\/\">MongoDB: So verwenden Sie \u201eNot Equal\u201c in Abfragen<\/a><br \/> <a href=\"https:\/\/statorials.org\/de\/mongodb-und\/\">MongoDB: So verwenden Sie den AND-Operator in Abfragen<\/a><br \/> <a href=\"https:\/\/statorials.org\/de\/mongodb-oder\/\">MongoDB: So verwenden Sie den OR-Operator in Abfragen<\/a><br \/> <a href=\"https:\/\/statorials.org\/de\/mongodb-grosser-als-kleiner-als\/\">MongoDB: So verwenden Sie \u201egr\u00f6\u00dfer als\u201c und \u201ekleiner als\u201c in Abfragen<\/a><br \/> <a href=\"https:\/\/statorials.org\/de\/mongodb-zufallsstichprobe\/\">MongoDB: So w\u00e4hlen Sie eine zuf\u00e4llige Stichprobe von Dokumenten aus<\/a><br \/> <a href=\"https:\/\/statorials.org\/de\/mongodb-wie-man-ein-dokument-anhand-der-id-findet\/\">MongoDB: So suchen Sie nach einem Dokument anhand der ID<\/a><br \/><\/strong><\/p>\n<p> <strong><span style=\"color: #000000;\">Anh\u00e4ufung<\/span><\/strong><br \/> <strong><a href=\"https:\/\/statorials.org\/de\/mongodb-gruppe-nach-nummer\/\" rel=\"noopener\">MongoDB: So gruppieren und z\u00e4hlen<\/a><br \/> <a href=\"https:\/\/statorials.org\/de\/mongodb-gruppe-nach-summe\/\">MongoDB: So gruppieren und summieren Sie<\/a><br \/> <a href=\"https:\/\/statorials.org\/de\/mongodb-gruppe-nach-mehreren-feldern\/\">MongoDB: So gruppieren Sie nach mehreren Feldern<\/a><br \/> <a href=\"https:\/\/statorials.org\/de\/separates-mongodb-konto\/\">MongoDB: So z\u00e4hlen Sie unterschiedliche Werte in einem Feld<\/a><br \/> <a href=\"https:\/\/statorials.org\/de\/mongodb-mehrere-unterschiedliche-felder\/\">MongoDB: So w\u00e4hlen Sie unterschiedliche Werte aus mehreren Feldern aus<\/a><br \/> <a href=\"https:\/\/statorials.org\/de\/maximaler-mongodb-wert\/\">MongoDB: So finden Sie den Maximalwert in einer Sammlung<\/a><br \/> <a href=\"https:\/\/statorials.org\/de\/durchschnittlicher-mongodb\/\">MongoDB: So berechnen Sie den Durchschnittswert eines Feldes<\/a><br \/> <a href=\"https:\/\/statorials.org\/de\/summe-mongodb\/\">MongoDB: So berechnen Sie die Summe eines Feldes<\/a><br \/> <a href=\"https:\/\/statorials.org\/de\/mongodb-findet-duplikate\/\">MongoDB: So finden Sie Duplikate<\/a><br \/> <a href=\"https:\/\/statorials.org\/de\/mongodb-nach-datum-sortieren\/\">MongoDB: So sortieren Sie nach Datum<\/a><br \/> <a href=\"https:\/\/statorials.org\/de\/mongodb-sortiert-nach-mehreren-feldern\/\">MongoDB: So sortieren Sie nach mehreren Feldern<\/a><br \/><\/strong><\/p>\n<p> <strong><span style=\"color: #000000;\">Operationen<\/span><\/strong><br \/> <strong><a href=\"https:\/\/statorials.org\/de\/mongodb-feld-hinzufugen\/\" rel=\"noopener\">MongoDB: So f\u00fcgen Sie ein neues Feld hinzu<\/a><br \/> <a href=\"https:\/\/statorials.org\/de\/mongodb-loschfeld\/\">MongoDB: So l\u00f6schen Sie ein Feld<\/a><br \/> <a href=\"https:\/\/statorials.org\/de\/mongodb-umbenennungsfeld\/\">MongoDB: So benennen Sie Felder um<\/a><br \/> <a href=\"https:\/\/statorials.org\/de\/mongodb-listenfelder\/\">MongoDB: So listen Sie alle Feldnamen auf<\/a><br \/> <a href=\"https:\/\/statorials.org\/de\/mongodb-pruft-ob-das-feld-vorhanden-ist\/\">MongoDB: So \u00fcberpr\u00fcfen Sie, ob ein Feld vorhanden ist<\/a><br \/> <a href=\"https:\/\/statorials.org\/de\/mongodb-einfugen-falls-nicht-vorhanden\/\">MongoDB: So f\u00fcgen Sie es ein, wenn es nicht existiert<\/a><br \/> <a href=\"https:\/\/statorials.org\/de\/mongodb-enthalt\/\" rel=\"noopener\">MongoDB: So \u00fcberpr\u00fcfen Sie, ob das Feld eine Zeichenfolge enth\u00e4lt<\/a><br \/> <a href=\"https:\/\/statorials.org\/de\/mongodb-verkettungszeichenfolgen\/\">MongoDB: So verketten Sie Zeichenfolgen aus zwei Feldern<\/a><br \/> <a href=\"https:\/\/statorials.org\/de\/mongodb-split-string\/\">MongoDB: So teilen Sie einen String in ein Array von Teilstrings auf<\/a><br \/> <a href=\"https:\/\/statorials.org\/de\/mongodb-teilzeichenfolge\/\">MongoDB: So verwenden Sie die Substring-Funktion<\/a><br \/> <a href=\"https:\/\/statorials.org\/de\/mongodb-stringlange\/\">MongoDB: So ermitteln Sie die L\u00e4nge einer Zeichenfolge<\/a><br \/> <a href=\"https:\/\/statorials.org\/de\/mongodb-ersatzzeichenfolge\/\">MongoDB: So ersetzen Sie Zeichenfolgen<\/a><br \/><\/strong><\/p>\n","protected":false},"excerpt":{"rendered":"<p>MongoDB ist eine der beliebtesten NoSQL- Datenbanken der Welt. Auf dieser Seite sind alle MongoDB-Tutorials zu Statistiken aufgef\u00fchrt. Fragen MongoDB: So fragen Sie mit einem regul\u00e4ren Ausdruck \u201eGef\u00e4llt mir\u201c ab MongoDB: So fragen Sie mit einem Datumsbereich ab MongoDB: So suchen Sie in einem bestimmten Feld nach \u201enicht null\u201c. MongoDB: So verwenden Sie eine \u201eNO [&hellip;]<\/p>\n","protected":false},"author":1,"featured_media":0,"parent":0,"menu_order":0,"comment_status":"closed","ping_status":"closed","template":"","meta":{"footnotes":""},"yoast_head":"<!-- This site is optimized with the Yoast SEO plugin v21.5 - https:\/\/yoast.com\/wordpress\/plugins\/seo\/ -->\n<title>MongoDB-Anleitungen<\/title>\n<meta name=\"robots\" content=\"index, follow, max-snippet:-1, max-image-preview:large, max-video-preview:-1\" \/>\n<link rel=\"canonical\" href=\"https:\/\/statorials.org\/de\/mongodb-anleitungen\/\" \/>\n<meta property=\"og:locale\" content=\"de_DE\" \/>\n<meta property=\"og:type\" content=\"article\" \/>\n<meta property=\"og:title\" content=\"MongoDB-Anleitungen\" \/>\n<meta property=\"og:description\" content=\"MongoDB ist eine der beliebtesten NoSQL- Datenbanken der Welt. Auf dieser Seite sind alle MongoDB-Tutorials zu Statistiken aufgef\u00fchrt. Fragen MongoDB: So fragen Sie mit einem regul\u00e4ren Ausdruck \u201eGef\u00e4llt mir\u201c ab MongoDB: So fragen Sie mit einem Datumsbereich ab MongoDB: So suchen Sie in einem bestimmten Feld nach \u201enicht null\u201c. MongoDB: So verwenden Sie eine \u201eNO [&hellip;]\" \/>\n<meta property=\"og:url\" content=\"https:\/\/statorials.org\/de\/mongodb-anleitungen\/\" \/>\n<meta property=\"og:site_name\" content=\"Statorials\" \/>\n<meta name=\"twitter:card\" content=\"summary_large_image\" \/>\n<meta name=\"twitter:label1\" content=\"Gesch\u00e4tzte Lesezeit\" \/>\n\t<meta name=\"twitter:data1\" content=\"2 Minuten\" \/>\n<script type=\"application\/ld+json\" class=\"yoast-schema-graph\">{\"@context\":\"https:\/\/schema.org\",\"@graph\":[{\"@type\":\"WebPage\",\"@id\":\"https:\/\/statorials.org\/de\/mongodb-anleitungen\/\",\"url\":\"https:\/\/statorials.org\/de\/mongodb-anleitungen\/\",\"name\":\"MongoDB-Anleitungen\",\"isPartOf\":{\"@id\":\"https:\/\/statorials.org\/de\/#website\"},\"datePublished\":\"2023-10-05T04:05:32+00:00\",\"dateModified\":\"2023-10-05T04:05:32+00:00\",\"breadcrumb\":{\"@id\":\"https:\/\/statorials.org\/de\/mongodb-anleitungen\/#breadcrumb\"},\"inLanguage\":\"de-DE\",\"potentialAction\":[{\"@type\":\"ReadAction\",\"target\":[\"https:\/\/statorials.org\/de\/mongodb-anleitungen\/\"]}]},{\"@type\":\"BreadcrumbList\",\"@id\":\"https:\/\/statorials.org\/de\/mongodb-anleitungen\/#breadcrumb\",\"itemListElement\":[{\"@type\":\"ListItem\",\"position\":1,\"name\":\"Heim\",\"item\":\"https:\/\/statorials.org\/de\/\"},{\"@type\":\"ListItem\",\"position\":2,\"name\":\"Mongodb-anleitungen\"}]},{\"@type\":\"WebSite\",\"@id\":\"https:\/\/statorials.org\/de\/#website\",\"url\":\"https:\/\/statorials.org\/de\/\",\"name\":\"Statorials\",\"description\":\"Ihr Leitfaden f\u00fcr statistische Kompetenz !\",\"potentialAction\":[{\"@type\":\"SearchAction\",\"target\":{\"@type\":\"EntryPoint\",\"urlTemplate\":\"https:\/\/statorials.org\/de\/?s={search_term_string}\"},\"query-input\":\"required name=search_term_string\"}],\"inLanguage\":\"de-DE\"}]}<\/script>\n<!-- \/ Yoast SEO plugin. -->","yoast_head_json":{"title":"MongoDB-Anleitungen","robots":{"index":"index","follow":"follow","max-snippet":"max-snippet:-1","max-image-preview":"max-image-preview:large","max-video-preview":"max-video-preview:-1"},"canonical":"https:\/\/statorials.org\/de\/mongodb-anleitungen\/","og_locale":"de_DE","og_type":"article","og_title":"MongoDB-Anleitungen","og_description":"MongoDB ist eine der beliebtesten NoSQL- Datenbanken der Welt. Auf dieser Seite sind alle MongoDB-Tutorials zu Statistiken aufgef\u00fchrt. Fragen MongoDB: So fragen Sie mit einem regul\u00e4ren Ausdruck \u201eGef\u00e4llt mir\u201c ab MongoDB: So fragen Sie mit einem Datumsbereich ab MongoDB: So suchen Sie in einem bestimmten Feld nach \u201enicht null\u201c. MongoDB: So verwenden Sie eine \u201eNO [&hellip;]","og_url":"https:\/\/statorials.org\/de\/mongodb-anleitungen\/","og_site_name":"Statorials","twitter_card":"summary_large_image","twitter_misc":{"Gesch\u00e4tzte Lesezeit":"2 Minuten"},"schema":{"@context":"https:\/\/schema.org","@graph":[{"@type":"WebPage","@id":"https:\/\/statorials.org\/de\/mongodb-anleitungen\/","url":"https:\/\/statorials.org\/de\/mongodb-anleitungen\/","name":"MongoDB-Anleitungen","isPartOf":{"@id":"https:\/\/statorials.org\/de\/#website"},"datePublished":"2023-10-05T04:05:32+00:00","dateModified":"2023-10-05T04:05:32+00:00","breadcrumb":{"@id":"https:\/\/statorials.org\/de\/mongodb-anleitungen\/#breadcrumb"},"inLanguage":"de-DE","potentialAction":[{"@type":"ReadAction","target":["https:\/\/statorials.org\/de\/mongodb-anleitungen\/"]}]},{"@type":"BreadcrumbList","@id":"https:\/\/statorials.org\/de\/mongodb-anleitungen\/#breadcrumb","itemListElement":[{"@type":"ListItem","position":1,"name":"Heim","item":"https:\/\/statorials.org\/de\/"},{"@type":"ListItem","position":2,"name":"Mongodb-anleitungen"}]},{"@type":"WebSite","@id":"https:\/\/statorials.org\/de\/#website","url":"https:\/\/statorials.org\/de\/","name":"Statorials","description":"Ihr Leitfaden f\u00fcr statistische Kompetenz !","potentialAction":[{"@type":"SearchAction","target":{"@type":"EntryPoint","urlTemplate":"https:\/\/statorials.org\/de\/?s={search_term_string}"},"query-input":"required name=search_term_string"}],"inLanguage":"de-DE"}]}},"yoast_meta":{"yoast_wpseo_title":"","yoast_wpseo_metadesc":"","yoast_wpseo_canonical":""},"_links":{"self":[{"href":"https:\/\/statorials.org\/de\/wp-json\/wp\/v2\/pages\/5144"}],"collection":[{"href":"https:\/\/statorials.org\/de\/wp-json\/wp\/v2\/pages"}],"about":[{"href":"https:\/\/statorials.org\/de\/wp-json\/wp\/v2\/types\/page"}],"author":[{"embeddable":true,"href":"https:\/\/statorials.org\/de\/wp-json\/wp\/v2\/users\/1"}],"replies":[{"embeddable":true,"href":"https:\/\/statorials.org\/de\/wp-json\/wp\/v2\/comments?post=5144"}],"version-history":[{"count":0,"href":"https:\/\/statorials.org\/de\/wp-json\/wp\/v2\/pages\/5144\/revisions"}],"wp:attachment":[{"href":"https:\/\/statorials.org\/de\/wp-json\/wp\/v2\/media?parent=5144"}],"curies":[{"name":"wp","href":"https:\/\/api.w.org\/{rel}","templated":true}]}}