{"id":5146,"date":"2023-08-31T10:38:07","date_gmt":"2023-08-31T10:38:07","guid":{"rendered":"https:\/\/statorials.org\/de\/dr-benjamin-anderson\/"},"modified":"2023-10-07T06:54:09","modified_gmt":"2023-10-07T06:54:09","slug":"dr-benjamin-anderson","status":"publish","type":"page","link":"https:\/\/statorials.org\/de\/dr-benjamin-anderson\/","title":{"rendered":"Benjamin Anderson"},"content":{"rendered":"<p>Willkommen bei Statorials, dem ultimativen Weg zum datengesteuerten Erfolg.<\/p>\n<p><img decoding=\"async\" loading=\"lazy\" class=\" wp-image-16181 alignleft\" src=\"https:\/\/statorials.org\/wp-content\/uploads\/2023\/08\/Dr.-Benjamin-Anderson.jpg\" sizes=\"(max-width: 250px) 100vw, 250px\" srcset=\"https:\/\/statorials.org\/wp-content\/uploads\/2023\/08\/Dr.-Benjamin-Anderson.jpg 300w, https:\/\/statorials.org\/wp-content\/uploads\/2023\/08\/Dr.-Benjamin-Anderson-150x150.jpg 150w\" alt=\"Benjamin Anderson\" width=\"250\" height=\"250\" \/><\/p>\n<p>Ich bin Benjamin Anderson, ein pensionierter Statistikprofessor, der sich zum engagierten Statorials-Lehrer entwickelt hat. Mit Erfahrung und Fachwissen auf dem Gebiet der Statistik bin ich bestrebt, mein Wissen \u00fcber diesen Blog mit Studierenden zu teilen.<\/p>\n<p>Mit einem beeindruckenden akademischen Hintergrund in Statistik verf\u00fcge ich \u00fcber ein tiefes Verst\u00e4ndnis statistischer Theorien und Methoden sowie ihrer praktischen Anwendungen. Im Laufe meiner erfolgreichen Lehrt\u00e4tigkeit habe ich viele Studenten zum Erfolg gef\u00fchrt, ihre Leidenschaft f\u00fcr Statistik geweckt und ihnen dabei geholfen, in ihrem Studium hervorragende Leistungen zu erbringen.<\/p>\n<p>Mit diesem Blog biete ich Studierenden die einzigartige M\u00f6glichkeit, von meiner Expertise und meinem Wissensschatz zu profitieren. Statorials legt den Schwerpunkt auf interaktives Lernen und bietet umfassende Tutorials, spannende \u00dcbungen und Beispiele aus der Praxis, um statistische Konzepte zug\u00e4nglich zu machen.<\/p>\n<p>Meine umfangreiche Erfahrung hilft mir, die Herausforderungen zu verstehen, mit denen Studierende konfrontiert sind, und ihnen nicht nur akademische Unterst\u00fctzung, sondern auch Mentoring, Beratung zu Studienstrategien und Karriereberatung zu bieten. Ziel ist es, den Studierenden nicht nur statistisches Wissen, sondern auch die F\u00e4higkeiten und das Selbstvertrauen zu vermitteln, sich in der sich st\u00e4ndig ver\u00e4ndernden Welt der Datenanalyse zurechtzufinden.<\/p>\n<p>Investieren Sie noch heute in Ihr Statistiktraining und lassen Sie sich von mir die T\u00fcren zu statistischer Exzellenz \u00f6ffnen!<\/p>\n<p><strong>Dein Lehrer,<\/strong><br \/>\nBenjamin Anderson.<\/p>\n","protected":false},"excerpt":{"rendered":"<p>Willkommen bei Statorials, dem ultimativen Weg zum datengesteuerten Erfolg. Ich bin Benjamin Anderson, ein pensionierter Statistikprofessor, der sich zum engagierten Statorials-Lehrer entwickelt hat. Mit Erfahrung und Fachwissen auf dem Gebiet der Statistik bin ich bestrebt, mein Wissen \u00fcber diesen Blog mit Studierenden zu teilen. Mit einem beeindruckenden akademischen Hintergrund in Statistik verf\u00fcge ich \u00fcber ein [&hellip;]<\/p>\n","protected":false},"author":1,"featured_media":0,"parent":0,"menu_order":0,"comment_status":"closed","ping_status":"closed","template":"","meta":{"footnotes":""},"yoast_head":"<!-- This site is optimized with the Yoast SEO plugin v21.5 - https:\/\/yoast.com\/wordpress\/plugins\/seo\/ -->\n<title>Dr. Benjamin Anderson \u2013 Statorials<\/title>\n<meta name=\"description\" content=\"Er ist Benjamin Anderson, ein pensionierter Statistikprofessor, der sich zum engagierten Statorials-Lehrer entwickelt hat. Stark von einem Reichen\" \/>\n<meta name=\"robots\" content=\"index, follow, max-snippet:-1, max-image-preview:large, max-video-preview:-1\" \/>\n<link rel=\"canonical\" href=\"https:\/\/statorials.org\/de\/dr-benjamin-anderson\/\" \/>\n<meta property=\"og:locale\" content=\"de_DE\" \/>\n<meta property=\"og:type\" content=\"article\" \/>\n<meta property=\"og:title\" content=\"Dr. Benjamin Anderson \u2013 Statorials\" \/>\n<meta property=\"og:description\" content=\"Er ist Benjamin Anderson, ein pensionierter Statistikprofessor, der sich zum engagierten Statorials-Lehrer entwickelt hat. Stark von einem Reichen\" \/>\n<meta property=\"og:url\" content=\"https:\/\/statorials.org\/de\/dr-benjamin-anderson\/\" \/>\n<meta property=\"og:site_name\" content=\"Statorials\" \/>\n<meta property=\"article:modified_time\" content=\"2023-10-07T06:54:09+00:00\" \/>\n<meta property=\"og:image\" content=\"https:\/\/statorials.org\/wp-content\/uploads\/2023\/08\/Dr.-Benjamin-Anderson.jpg\" \/>\n<meta name=\"twitter:card\" content=\"summary_large_image\" \/>\n<meta name=\"twitter:label1\" content=\"Gesch\u00e4tzte Lesezeit\" \/>\n\t<meta name=\"twitter:data1\" content=\"2 Minuten\" \/>\n<script type=\"application\/ld+json\" class=\"yoast-schema-graph\">{\"@context\":\"https:\/\/schema.org\",\"@graph\":[{\"@type\":\"WebPage\",\"@id\":\"https:\/\/statorials.org\/de\/dr-benjamin-anderson\/\",\"url\":\"https:\/\/statorials.org\/de\/dr-benjamin-anderson\/\",\"name\":\"Dr. Benjamin Anderson \u2013 Statorials\",\"isPartOf\":{\"@id\":\"https:\/\/statorials.org\/de\/#website\"},\"datePublished\":\"2023-08-31T10:38:07+00:00\",\"dateModified\":\"2023-10-07T06:54:09+00:00\",\"description\":\"Er ist Benjamin Anderson, ein pensionierter Statistikprofessor, der sich zum engagierten Statorials-Lehrer entwickelt hat. Stark von einem Reichen\",\"breadcrumb\":{\"@id\":\"https:\/\/statorials.org\/de\/dr-benjamin-anderson\/#breadcrumb\"},\"inLanguage\":\"de-DE\",\"potentialAction\":[{\"@type\":\"ReadAction\",\"target\":[\"https:\/\/statorials.org\/de\/dr-benjamin-anderson\/\"]}]},{\"@type\":\"BreadcrumbList\",\"@id\":\"https:\/\/statorials.org\/de\/dr-benjamin-anderson\/#breadcrumb\",\"itemListElement\":[{\"@type\":\"ListItem\",\"position\":1,\"name\":\"Heim\",\"item\":\"https:\/\/statorials.org\/de\/\"},{\"@type\":\"ListItem\",\"position\":2,\"name\":\"Benjamin Anderson\"}]},{\"@type\":\"WebSite\",\"@id\":\"https:\/\/statorials.org\/de\/#website\",\"url\":\"https:\/\/statorials.org\/de\/\",\"name\":\"Statorials\",\"description\":\"Ihr Leitfaden f\u00fcr statistische Kompetenz !\",\"potentialAction\":[{\"@type\":\"SearchAction\",\"target\":{\"@type\":\"EntryPoint\",\"urlTemplate\":\"https:\/\/statorials.org\/de\/?s={search_term_string}\"},\"query-input\":\"required name=search_term_string\"}],\"inLanguage\":\"de-DE\"}]}<\/script>\n<!-- \/ Yoast SEO plugin. -->","yoast_head_json":{"title":"Dr. Benjamin Anderson \u2013 Statorials","description":"Er ist Benjamin Anderson, ein pensionierter Statistikprofessor, der sich zum engagierten Statorials-Lehrer entwickelt hat. Stark von einem Reichen","robots":{"index":"index","follow":"follow","max-snippet":"max-snippet:-1","max-image-preview":"max-image-preview:large","max-video-preview":"max-video-preview:-1"},"canonical":"https:\/\/statorials.org\/de\/dr-benjamin-anderson\/","og_locale":"de_DE","og_type":"article","og_title":"Dr. Benjamin Anderson \u2013 Statorials","og_description":"Er ist Benjamin Anderson, ein pensionierter Statistikprofessor, der sich zum engagierten Statorials-Lehrer entwickelt hat. Stark von einem Reichen","og_url":"https:\/\/statorials.org\/de\/dr-benjamin-anderson\/","og_site_name":"Statorials","article_modified_time":"2023-10-07T06:54:09+00:00","og_image":[{"url":"https:\/\/statorials.org\/wp-content\/uploads\/2023\/08\/Dr.-Benjamin-Anderson.jpg"}],"twitter_card":"summary_large_image","twitter_misc":{"Gesch\u00e4tzte Lesezeit":"2 Minuten"},"schema":{"@context":"https:\/\/schema.org","@graph":[{"@type":"WebPage","@id":"https:\/\/statorials.org\/de\/dr-benjamin-anderson\/","url":"https:\/\/statorials.org\/de\/dr-benjamin-anderson\/","name":"Dr. Benjamin Anderson \u2013 Statorials","isPartOf":{"@id":"https:\/\/statorials.org\/de\/#website"},"datePublished":"2023-08-31T10:38:07+00:00","dateModified":"2023-10-07T06:54:09+00:00","description":"Er ist Benjamin Anderson, ein pensionierter Statistikprofessor, der sich zum engagierten Statorials-Lehrer entwickelt hat. Stark von einem Reichen","breadcrumb":{"@id":"https:\/\/statorials.org\/de\/dr-benjamin-anderson\/#breadcrumb"},"inLanguage":"de-DE","potentialAction":[{"@type":"ReadAction","target":["https:\/\/statorials.org\/de\/dr-benjamin-anderson\/"]}]},{"@type":"BreadcrumbList","@id":"https:\/\/statorials.org\/de\/dr-benjamin-anderson\/#breadcrumb","itemListElement":[{"@type":"ListItem","position":1,"name":"Heim","item":"https:\/\/statorials.org\/de\/"},{"@type":"ListItem","position":2,"name":"Benjamin Anderson"}]},{"@type":"WebSite","@id":"https:\/\/statorials.org\/de\/#website","url":"https:\/\/statorials.org\/de\/","name":"Statorials","description":"Ihr Leitfaden f\u00fcr statistische Kompetenz !","potentialAction":[{"@type":"SearchAction","target":{"@type":"EntryPoint","urlTemplate":"https:\/\/statorials.org\/de\/?s={search_term_string}"},"query-input":"required name=search_term_string"}],"inLanguage":"de-DE"}]}},"yoast_meta":{"yoast_wpseo_title":"","yoast_wpseo_metadesc":"","yoast_wpseo_canonical":""},"_links":{"self":[{"href":"https:\/\/statorials.org\/de\/wp-json\/wp\/v2\/pages\/5146"}],"collection":[{"href":"https:\/\/statorials.org\/de\/wp-json\/wp\/v2\/pages"}],"about":[{"href":"https:\/\/statorials.org\/de\/wp-json\/wp\/v2\/types\/page"}],"author":[{"embeddable":true,"href":"https:\/\/statorials.org\/de\/wp-json\/wp\/v2\/users\/1"}],"replies":[{"embeddable":true,"href":"https:\/\/statorials.org\/de\/wp-json\/wp\/v2\/comments?post=5146"}],"version-history":[{"count":1,"href":"https:\/\/statorials.org\/de\/wp-json\/wp\/v2\/pages\/5146\/revisions"}],"predecessor-version":[{"id":5180,"href":"https:\/\/statorials.org\/de\/wp-json\/wp\/v2\/pages\/5146\/revisions\/5180"}],"wp:attachment":[{"href":"https:\/\/statorials.org\/de\/wp-json\/wp\/v2\/media?parent=5146"}],"curies":[{"name":"wp","href":"https:\/\/api.w.org\/{rel}","templated":true}]}}