{"id":5147,"date":"2023-08-31T10:30:02","date_gmt":"2023-08-31T10:30:02","guid":{"rendered":"https:\/\/statorials.org\/de\/nutzungsbedingungen\/"},"modified":"2023-08-31T10:30:02","modified_gmt":"2023-08-31T10:30:02","slug":"nutzungsbedingungen","status":"publish","type":"page","link":"https:\/\/statorials.org\/de\/nutzungsbedingungen\/","title":{"rendered":"Nutzungsbedingungen"},"content":{"rendered":"<p>Bei dieser Website handelt es sich um einen Online-Statistikblog, der von pensionierten Professoren bearbeitet wird und mit keinem Unternehmen oder einer Gruppe verbunden ist.<\/p>\n<p> Das Ziel von Statorials.org ist es, Studierenden die einmalige Gelegenheit zu bieten, an verschiedenen umfassenden Tutorials, spannenden \u00dcbungen und Beispielen aus der Praxis teilzunehmen, um statistische Konzepte zug\u00e4nglich zu machen.<\/p>\n<h2> Nutzungsrichtlinie<\/h2>\n<p> Bei statorials.org ist uns die Privatsph\u00e4re unserer Besucher \u00e4u\u00dferst wichtig. In diesem Datenschutzrichtliniendokument werden die Arten personenbezogener Daten beschrieben, die von der Domain empfangen und erfasst werden, sowie deren Verwendung.<\/p>\n<h3> Datenerfassung<\/h3>\n<h4> 1. Kommentare<\/h4>\n<p> Die von uns gesammelten Informationen h\u00e4ngen davon ab, wie der Benutzer auf der Website kommentiert. Im Allgemeinen umfassen sie jedoch die IP-Adresse, den Benutzeragenten, den Referrer und die Website-URL des Kommentators (sowie andere direkt vom Kommentator bereitgestellte Informationen wie Name, Benutzername und E-Mail-Adresse). , und der Kommentar selbst).<\/p>\n<h4> 2. Kontaktformular<\/h4>\n<p> Wenn Sie mit uns Kontakt aufnehmen, verwenden wir Ihren Namen und Ihre E-Mail-Adresse zur Beantwortung Ihrer Anfrage und geben diese Informationen nicht an Dritte weiter.<\/p>\n<h4> 3. Cookies<\/h4>\n<p> Die Website verwendet Cookies, um Informationen \u00fcber die Pr\u00e4ferenzen der Besucher zu speichern, benutzerspezifische Informationen dar\u00fcber aufzuzeichnen, welche Seiten sie aufrufen oder besuchen, und um den Inhalt der Webseite basierend auf dem Browsertyp des Besuchers zu personalisieren. oder andere Informationen, die der Besucher an seinen Browser sendet.<\/p>\n<p> Mithilfe von Cookies k\u00f6nnen wir Inhalte und Anzeigen personalisieren, Funktionen f\u00fcr soziale Medien bereitstellen und unseren Datenverkehr analysieren. Wir geben m\u00f6glicherweise auch Informationen \u00fcber Ihre Nutzung unserer Website an unsere Partner f\u00fcr soziale Medien, Werbung und Analysen weiter, die diese m\u00f6glicherweise mit anderen Informationen kombinieren, die Sie ihnen bereitgestellt haben oder die sie w\u00e4hrend Ihrer Nutzung ihrer Dienste gesammelt haben.<\/p>\n<h4> 4. Analytik<\/h4>\n<p> Diese Website benutzt Google Analytics, einen Webanalysedienst der Google Inc. Dabei werden \u201eCookies\u201c verwendet, Textdateien, die auf Ihrem Computer gespeichert werden und die eine Analyse der Benutzung der Website durch Sie erm\u00f6glichen. Die durch den Cookie erzeugten Informationen \u00fcber Ihre Benutzung dieser Website werden in der Regel an einen Server von Google in den USA \u00fcbertragen und dort gespeichert.<\/p>\n<p> Sie k\u00f6nnen die Speicherung der Cookies verhindern, indem Sie Ihre Browser-Software entsprechend einstellen. Bitte beachten Sie jedoch, dass Sie in diesem Fall gegebenenfalls nicht s\u00e4mtliche Funktionen dieser Website vollumf\u00e4nglich werden nutzen k\u00f6nnen.<\/p>\n<h4> 5. Sicherheitsprotokolle<\/h4>\n<p> Besucher-IP-Adressen, angemeldete Benutzer-IDs und Benutzernamen von Anmeldeversuchen werden bedingt protokolliert, um auf b\u00f6swillige Aktivit\u00e4ten zu pr\u00fcfen und die Website vor bestimmten Arten von Angriffen zu sch\u00fctzen. Anmeldeversuche, Abmeldeanfragen, verd\u00e4chtige URL-Anfragen, \u00c4nderungen am Website-Inhalt und Passwortaktualisierungen sind Beispiele f\u00fcr Anmeldebedingungen.<\/p>\n<h2> Datenverbrauch<\/h2>\n<p> Die Website verwendet die gesammelten Daten f\u00fcr verschiedene Zwecke:<\/p>\n<ul>\n<li> Bereitstellung und Aufrechterhaltung des Dienstes<\/li>\n<li> Um Sie \u00fcber \u00c4nderungen an unserem Service zu informieren<\/li>\n<li> Um Ihnen die Teilnahme an interaktiven Funktionen unseres Dienstes zu erm\u00f6glichen, wenn Sie dies w\u00fcnschen<\/li>\n<li> Bieten Sie Kunden Hilfe und Support<\/li>\n<li> Bereitstellung von Analysen oder n\u00fctzlichen Informationen zur Verbesserung des Dienstes<\/li>\n<li> \u00dcberwachen Sie die Servicenutzung<\/li>\n<li> Erkennen, verhindern und beheben Sie technische Probleme<\/li>\n<\/ul>\n<h2> Datensicherheit<\/h2>\n<p> Die Sicherheit Ihrer Daten ist uns wichtig, aber denken Sie daran, dass keine Methode der \u00dcbertragung \u00fcber das Internet oder Methode der elektronischen Speicherung 100 % sicher ist. Obwohl wir uns bem\u00fchen, Ihre pers\u00f6nlichen Daten mit kommerziell akzeptablen Mitteln zu sch\u00fctzen, k\u00f6nnen wir deren absolute Sicherheit nicht garantieren.<\/p>\n<h2> Kontaktieren Sie den Herausgeber<\/h2>\n<p> Wenn Sie den Herausgeber kontaktieren m\u00f6chten, um Feedback oder eine Anfrage zu erhalten, k\u00f6nnen Sie Ihre Fragen hier senden: <a href=\"https:\/\/statorials.org\/de\/kontakt\/\">Kontaktieren Sie uns<\/a><\/p>\n","protected":false},"excerpt":{"rendered":"<p>Bei dieser Website handelt es sich um einen Online-Statistikblog, der von pensionierten Professoren bearbeitet wird und mit keinem Unternehmen oder einer Gruppe verbunden ist. Das Ziel von Statorials.org ist es, Studierenden die einmalige Gelegenheit zu bieten, an verschiedenen umfassenden Tutorials, spannenden \u00dcbungen und Beispielen aus der Praxis teilzunehmen, um statistische Konzepte zug\u00e4nglich zu machen. Nutzungsrichtlinie [&hellip;]<\/p>\n","protected":false},"author":1,"featured_media":0,"parent":0,"menu_order":0,"comment_status":"closed","ping_status":"closed","template":"","meta":{"footnotes":""},"yoast_head":"<!-- This site is optimized with the Yoast SEO plugin v21.5 - https:\/\/yoast.com\/wordpress\/plugins\/seo\/ -->\n<title>Nutzungsbedingungen \u2013 Statorials<\/title>\n<meta name=\"description\" content=\"Das Ziel von Statorials.org ist es, Studierenden die einzigartige M\u00f6glichkeit zu bieten, an verschiedenen umfassenden Tutorials teilzunehmen\" \/>\n<meta name=\"robots\" content=\"index, follow, max-snippet:-1, max-image-preview:large, max-video-preview:-1\" \/>\n<link rel=\"canonical\" href=\"https:\/\/statorials.org\/de\/nutzungsbedingungen\/\" \/>\n<meta property=\"og:locale\" content=\"de_DE\" \/>\n<meta property=\"og:type\" content=\"article\" \/>\n<meta property=\"og:title\" content=\"Nutzungsbedingungen \u2013 Statorials\" \/>\n<meta property=\"og:description\" content=\"Das Ziel von Statorials.org ist es, Studierenden die einzigartige M\u00f6glichkeit zu bieten, an verschiedenen umfassenden Tutorials teilzunehmen\" \/>\n<meta property=\"og:url\" content=\"https:\/\/statorials.org\/de\/nutzungsbedingungen\/\" \/>\n<meta property=\"og:site_name\" content=\"Statorials\" \/>\n<meta name=\"twitter:card\" content=\"summary_large_image\" \/>\n<meta name=\"twitter:label1\" content=\"Gesch\u00e4tzte Lesezeit\" \/>\n\t<meta name=\"twitter:data1\" content=\"3 Minuten\" \/>\n<script type=\"application\/ld+json\" class=\"yoast-schema-graph\">{\"@context\":\"https:\/\/schema.org\",\"@graph\":[{\"@type\":\"WebPage\",\"@id\":\"https:\/\/statorials.org\/de\/nutzungsbedingungen\/\",\"url\":\"https:\/\/statorials.org\/de\/nutzungsbedingungen\/\",\"name\":\"Nutzungsbedingungen \u2013 Statorials\",\"isPartOf\":{\"@id\":\"https:\/\/statorials.org\/de\/#website\"},\"datePublished\":\"2023-08-31T10:30:02+00:00\",\"dateModified\":\"2023-08-31T10:30:02+00:00\",\"description\":\"Das Ziel von Statorials.org ist es, Studierenden die einzigartige M\u00f6glichkeit zu bieten, an verschiedenen umfassenden Tutorials teilzunehmen\",\"breadcrumb\":{\"@id\":\"https:\/\/statorials.org\/de\/nutzungsbedingungen\/#breadcrumb\"},\"inLanguage\":\"de-DE\",\"potentialAction\":[{\"@type\":\"ReadAction\",\"target\":[\"https:\/\/statorials.org\/de\/nutzungsbedingungen\/\"]}]},{\"@type\":\"BreadcrumbList\",\"@id\":\"https:\/\/statorials.org\/de\/nutzungsbedingungen\/#breadcrumb\",\"itemListElement\":[{\"@type\":\"ListItem\",\"position\":1,\"name\":\"Heim\",\"item\":\"https:\/\/statorials.org\/de\/\"},{\"@type\":\"ListItem\",\"position\":2,\"name\":\"Nutzungsbedingungen\"}]},{\"@type\":\"WebSite\",\"@id\":\"https:\/\/statorials.org\/de\/#website\",\"url\":\"https:\/\/statorials.org\/de\/\",\"name\":\"Statorials\",\"description\":\"Ihr Leitfaden f\u00fcr statistische Kompetenz !\",\"potentialAction\":[{\"@type\":\"SearchAction\",\"target\":{\"@type\":\"EntryPoint\",\"urlTemplate\":\"https:\/\/statorials.org\/de\/?s={search_term_string}\"},\"query-input\":\"required name=search_term_string\"}],\"inLanguage\":\"de-DE\"}]}<\/script>\n<!-- \/ Yoast SEO plugin. -->","yoast_head_json":{"title":"Nutzungsbedingungen \u2013 Statorials","description":"Das Ziel von Statorials.org ist es, Studierenden die einzigartige M\u00f6glichkeit zu bieten, an verschiedenen umfassenden Tutorials teilzunehmen","robots":{"index":"index","follow":"follow","max-snippet":"max-snippet:-1","max-image-preview":"max-image-preview:large","max-video-preview":"max-video-preview:-1"},"canonical":"https:\/\/statorials.org\/de\/nutzungsbedingungen\/","og_locale":"de_DE","og_type":"article","og_title":"Nutzungsbedingungen \u2013 Statorials","og_description":"Das Ziel von Statorials.org ist es, Studierenden die einzigartige M\u00f6glichkeit zu bieten, an verschiedenen umfassenden Tutorials teilzunehmen","og_url":"https:\/\/statorials.org\/de\/nutzungsbedingungen\/","og_site_name":"Statorials","twitter_card":"summary_large_image","twitter_misc":{"Gesch\u00e4tzte Lesezeit":"3 Minuten"},"schema":{"@context":"https:\/\/schema.org","@graph":[{"@type":"WebPage","@id":"https:\/\/statorials.org\/de\/nutzungsbedingungen\/","url":"https:\/\/statorials.org\/de\/nutzungsbedingungen\/","name":"Nutzungsbedingungen \u2013 Statorials","isPartOf":{"@id":"https:\/\/statorials.org\/de\/#website"},"datePublished":"2023-08-31T10:30:02+00:00","dateModified":"2023-08-31T10:30:02+00:00","description":"Das Ziel von Statorials.org ist es, Studierenden die einzigartige M\u00f6glichkeit zu bieten, an verschiedenen umfassenden Tutorials teilzunehmen","breadcrumb":{"@id":"https:\/\/statorials.org\/de\/nutzungsbedingungen\/#breadcrumb"},"inLanguage":"de-DE","potentialAction":[{"@type":"ReadAction","target":["https:\/\/statorials.org\/de\/nutzungsbedingungen\/"]}]},{"@type":"BreadcrumbList","@id":"https:\/\/statorials.org\/de\/nutzungsbedingungen\/#breadcrumb","itemListElement":[{"@type":"ListItem","position":1,"name":"Heim","item":"https:\/\/statorials.org\/de\/"},{"@type":"ListItem","position":2,"name":"Nutzungsbedingungen"}]},{"@type":"WebSite","@id":"https:\/\/statorials.org\/de\/#website","url":"https:\/\/statorials.org\/de\/","name":"Statorials","description":"Ihr Leitfaden f\u00fcr statistische Kompetenz !","potentialAction":[{"@type":"SearchAction","target":{"@type":"EntryPoint","urlTemplate":"https:\/\/statorials.org\/de\/?s={search_term_string}"},"query-input":"required name=search_term_string"}],"inLanguage":"de-DE"}]}},"yoast_meta":{"yoast_wpseo_title":"","yoast_wpseo_metadesc":"","yoast_wpseo_canonical":""},"_links":{"self":[{"href":"https:\/\/statorials.org\/de\/wp-json\/wp\/v2\/pages\/5147"}],"collection":[{"href":"https:\/\/statorials.org\/de\/wp-json\/wp\/v2\/pages"}],"about":[{"href":"https:\/\/statorials.org\/de\/wp-json\/wp\/v2\/types\/page"}],"author":[{"embeddable":true,"href":"https:\/\/statorials.org\/de\/wp-json\/wp\/v2\/users\/1"}],"replies":[{"embeddable":true,"href":"https:\/\/statorials.org\/de\/wp-json\/wp\/v2\/comments?post=5147"}],"version-history":[{"count":0,"href":"https:\/\/statorials.org\/de\/wp-json\/wp\/v2\/pages\/5147\/revisions"}],"wp:attachment":[{"href":"https:\/\/statorials.org\/de\/wp-json\/wp\/v2\/media?parent=5147"}],"curies":[{"name":"wp","href":"https:\/\/api.w.org\/{rel}","templated":true}]}}