{"id":5148,"date":"2023-08-31T10:27:36","date_gmt":"2023-08-31T10:27:36","guid":{"rendered":"https:\/\/statorials.org\/de\/kontakt\/"},"modified":"2023-10-07T06:53:30","modified_gmt":"2023-10-07T06:53:30","slug":"kontakt","status":"publish","type":"page","link":"https:\/\/statorials.org\/de\/kontakt\/","title":{"rendered":"Kontakt"},"content":{"rendered":"<p>Wir freuen uns immer, von unseren Lesern zu h\u00f6ren und stehen Ihnen bei Fragen, Anregungen oder Kommentaren gerne zur Verf\u00fcgung. Z\u00f6gern Sie nicht, uns \u00fcber die untenstehenden Kontaktdaten zu kontaktieren:<\/p>\n<p><strong>Allgemeine Informationen:<\/strong><br \/>\nF\u00fcr allgemeine Fragen zu den hier ver\u00f6ffentlichten Inhalten f\u00fcllen Sie bitte das untenstehende Formular aus. Wir werden unser Bestes tun, um Ihre Nachricht innerhalb von 24\u201348 Stunden zu beantworten.<\/p>\n<p><strong>Tutorialanfragen:<\/strong><br \/>\nWenn Sie m\u00f6chten, dass wir in unseren Tutorials ein bestimmtes Statistikthema behandeln, oder wenn Sie ein Konzept nicht verstehen, kontaktieren Sie uns bitte \u00fcber das folgende Formular. Wir freuen uns \u00fcber Ihren Beitrag und werden Ihre Vorschl\u00e4ge f\u00fcr zuk\u00fcnftige Tutorial-Themen ber\u00fccksichtigen.<\/p>\n<p><strong>Probleme melden:<\/strong><br \/>\nWenn Sie beim Navigieren auf unserer Website auf technische Probleme sto\u00dfen oder Fehler in unseren Tutorials bemerken, teilen Sie uns dies bitte mit, indem Sie das untenstehende Formular ausf\u00fcllen. Wir freuen uns \u00fcber Ihre Hilfe bei der Verbesserung unserer Benutzererfahrung und der Gew\u00e4hrleistung der Richtigkeit unserer Inhalte.<\/p>\n<p><iframe loading=\"lazy\" src=\"https:\/\/docs.google.com\/forms\/d\/e\/1FAIpQLScaG6jRKm-MmTIWyJMqk-ThhRUD4fg-ZB_MoNzAnUje0Md3SA\/viewform?embedded=true\" width=\"640\" height=\"791\" frameborder=\"0\" marginwidth=\"0\" marginheight=\"0\">Loading\u2026<\/iframe><\/p>\n","protected":false},"excerpt":{"rendered":"<p>Wir freuen uns immer, von unseren Lesern zu h\u00f6ren und stehen Ihnen bei Fragen, Anregungen oder Kommentaren gerne zur Verf\u00fcgung. Z\u00f6gern Sie nicht, uns \u00fcber die untenstehenden Kontaktdaten zu kontaktieren: Allgemeine Informationen: F\u00fcr allgemeine Fragen zu den hier ver\u00f6ffentlichten Inhalten f\u00fcllen Sie bitte das untenstehende Formular aus. Wir werden unser Bestes tun, um Ihre Nachricht [&hellip;]<\/p>\n","protected":false},"author":1,"featured_media":0,"parent":0,"menu_order":0,"comment_status":"closed","ping_status":"closed","template":"","meta":{"footnotes":""},"yoast_head":"<!-- This site is optimized with the Yoast SEO plugin v21.5 - https:\/\/yoast.com\/wordpress\/plugins\/seo\/ -->\n<title>Kontakt - Statorials<\/title>\n<meta name=\"description\" content=\"Wir freuen uns immer, von unseren Lesern zu h\u00f6ren und stehen Ihnen bei Fragen, Anregungen oder Likes gerne zur Verf\u00fcgung\" \/>\n<meta name=\"robots\" content=\"index, follow, max-snippet:-1, max-image-preview:large, max-video-preview:-1\" \/>\n<link rel=\"canonical\" href=\"https:\/\/statorials.org\/de\/kontakt\/\" \/>\n<meta property=\"og:locale\" content=\"de_DE\" \/>\n<meta property=\"og:type\" content=\"article\" \/>\n<meta property=\"og:title\" content=\"Kontakt - Statorials\" \/>\n<meta property=\"og:description\" content=\"Wir freuen uns immer, von unseren Lesern zu h\u00f6ren und stehen Ihnen bei Fragen, Anregungen oder Likes gerne zur Verf\u00fcgung\" \/>\n<meta property=\"og:url\" content=\"https:\/\/statorials.org\/de\/kontakt\/\" \/>\n<meta property=\"og:site_name\" content=\"Statorials\" \/>\n<meta property=\"article:modified_time\" content=\"2023-10-07T06:53:30+00:00\" \/>\n<meta name=\"twitter:card\" content=\"summary_large_image\" \/>\n<meta name=\"twitter:label1\" content=\"Gesch\u00e4tzte Lesezeit\" \/>\n\t<meta name=\"twitter:data1\" content=\"1 Minute\" \/>\n<script type=\"application\/ld+json\" class=\"yoast-schema-graph\">{\"@context\":\"https:\/\/schema.org\",\"@graph\":[{\"@type\":\"WebPage\",\"@id\":\"https:\/\/statorials.org\/de\/kontakt\/\",\"url\":\"https:\/\/statorials.org\/de\/kontakt\/\",\"name\":\"Kontakt - Statorials\",\"isPartOf\":{\"@id\":\"https:\/\/statorials.org\/de\/#website\"},\"datePublished\":\"2023-08-31T10:27:36+00:00\",\"dateModified\":\"2023-10-07T06:53:30+00:00\",\"description\":\"Wir freuen uns immer, von unseren Lesern zu h\u00f6ren und stehen Ihnen bei Fragen, Anregungen oder Likes gerne zur Verf\u00fcgung\",\"breadcrumb\":{\"@id\":\"https:\/\/statorials.org\/de\/kontakt\/#breadcrumb\"},\"inLanguage\":\"de-DE\",\"potentialAction\":[{\"@type\":\"ReadAction\",\"target\":[\"https:\/\/statorials.org\/de\/kontakt\/\"]}]},{\"@type\":\"BreadcrumbList\",\"@id\":\"https:\/\/statorials.org\/de\/kontakt\/#breadcrumb\",\"itemListElement\":[{\"@type\":\"ListItem\",\"position\":1,\"name\":\"Heim\",\"item\":\"https:\/\/statorials.org\/de\/\"},{\"@type\":\"ListItem\",\"position\":2,\"name\":\"Kontakt\"}]},{\"@type\":\"WebSite\",\"@id\":\"https:\/\/statorials.org\/de\/#website\",\"url\":\"https:\/\/statorials.org\/de\/\",\"name\":\"Statorials\",\"description\":\"Ihr Leitfaden f\u00fcr statistische Kompetenz !\",\"potentialAction\":[{\"@type\":\"SearchAction\",\"target\":{\"@type\":\"EntryPoint\",\"urlTemplate\":\"https:\/\/statorials.org\/de\/?s={search_term_string}\"},\"query-input\":\"required name=search_term_string\"}],\"inLanguage\":\"de-DE\"}]}<\/script>\n<!-- \/ Yoast SEO plugin. -->","yoast_head_json":{"title":"Kontakt - Statorials","description":"Wir freuen uns immer, von unseren Lesern zu h\u00f6ren und stehen Ihnen bei Fragen, Anregungen oder Likes gerne zur Verf\u00fcgung","robots":{"index":"index","follow":"follow","max-snippet":"max-snippet:-1","max-image-preview":"max-image-preview:large","max-video-preview":"max-video-preview:-1"},"canonical":"https:\/\/statorials.org\/de\/kontakt\/","og_locale":"de_DE","og_type":"article","og_title":"Kontakt - Statorials","og_description":"Wir freuen uns immer, von unseren Lesern zu h\u00f6ren und stehen Ihnen bei Fragen, Anregungen oder Likes gerne zur Verf\u00fcgung","og_url":"https:\/\/statorials.org\/de\/kontakt\/","og_site_name":"Statorials","article_modified_time":"2023-10-07T06:53:30+00:00","twitter_card":"summary_large_image","twitter_misc":{"Gesch\u00e4tzte Lesezeit":"1 Minute"},"schema":{"@context":"https:\/\/schema.org","@graph":[{"@type":"WebPage","@id":"https:\/\/statorials.org\/de\/kontakt\/","url":"https:\/\/statorials.org\/de\/kontakt\/","name":"Kontakt - Statorials","isPartOf":{"@id":"https:\/\/statorials.org\/de\/#website"},"datePublished":"2023-08-31T10:27:36+00:00","dateModified":"2023-10-07T06:53:30+00:00","description":"Wir freuen uns immer, von unseren Lesern zu h\u00f6ren und stehen Ihnen bei Fragen, Anregungen oder Likes gerne zur Verf\u00fcgung","breadcrumb":{"@id":"https:\/\/statorials.org\/de\/kontakt\/#breadcrumb"},"inLanguage":"de-DE","potentialAction":[{"@type":"ReadAction","target":["https:\/\/statorials.org\/de\/kontakt\/"]}]},{"@type":"BreadcrumbList","@id":"https:\/\/statorials.org\/de\/kontakt\/#breadcrumb","itemListElement":[{"@type":"ListItem","position":1,"name":"Heim","item":"https:\/\/statorials.org\/de\/"},{"@type":"ListItem","position":2,"name":"Kontakt"}]},{"@type":"WebSite","@id":"https:\/\/statorials.org\/de\/#website","url":"https:\/\/statorials.org\/de\/","name":"Statorials","description":"Ihr Leitfaden f\u00fcr statistische Kompetenz !","potentialAction":[{"@type":"SearchAction","target":{"@type":"EntryPoint","urlTemplate":"https:\/\/statorials.org\/de\/?s={search_term_string}"},"query-input":"required name=search_term_string"}],"inLanguage":"de-DE"}]}},"yoast_meta":{"yoast_wpseo_title":"","yoast_wpseo_metadesc":"","yoast_wpseo_canonical":""},"_links":{"self":[{"href":"https:\/\/statorials.org\/de\/wp-json\/wp\/v2\/pages\/5148"}],"collection":[{"href":"https:\/\/statorials.org\/de\/wp-json\/wp\/v2\/pages"}],"about":[{"href":"https:\/\/statorials.org\/de\/wp-json\/wp\/v2\/types\/page"}],"author":[{"embeddable":true,"href":"https:\/\/statorials.org\/de\/wp-json\/wp\/v2\/users\/1"}],"replies":[{"embeddable":true,"href":"https:\/\/statorials.org\/de\/wp-json\/wp\/v2\/comments?post=5148"}],"version-history":[{"count":1,"href":"https:\/\/statorials.org\/de\/wp-json\/wp\/v2\/pages\/5148\/revisions"}],"predecessor-version":[{"id":5179,"href":"https:\/\/statorials.org\/de\/wp-json\/wp\/v2\/pages\/5148\/revisions\/5179"}],"wp:attachment":[{"href":"https:\/\/statorials.org\/de\/wp-json\/wp\/v2\/media?parent=5148"}],"curies":[{"name":"wp","href":"https:\/\/api.w.org\/{rel}","templated":true}]}}