{"id":5152,"date":"2023-07-12T14:01:08","date_gmt":"2023-07-12T14:01:08","guid":{"rendered":"https:\/\/statorials.org\/de\/ti-84-fuhrer\/"},"modified":"2023-07-12T14:01:08","modified_gmt":"2023-07-12T14:01:08","slug":"ti-84-fuhrer","status":"publish","type":"page","link":"https:\/\/statorials.org\/de\/ti-84-fuhrer\/","title":{"rendered":"Ti-84-leitfaden"},"content":{"rendered":"<p><span style=\"color: #000000;\">Auf dieser Seite sind alle auf Statorials verf\u00fcgbaren Tutorials zum TI-84-Rechner aufgef\u00fchrt.<\/span><\/p>\n<p> <span style=\"color: #000000;\"><strong>Beschreibende Statistik<\/strong><\/span><br \/> <strong><a href=\"https:\/\/statorials.org\/de\/funf-nummern-lebenslauf-ti-84\/\">So finden Sie eine f\u00fcnfstellige Zusammenfassung auf einem TI-84-Rechner<\/a><br \/> <a href=\"https:\/\/statorials.org\/de\/interquartilbereich-ti-84\/\">So ermitteln Sie den Interquartilbereich auf einem TI-84-Rechner<\/a><br \/> <a href=\"https:\/\/statorials.org\/de\/variationskoeffizient-ti-84\/\">So ermitteln Sie den Variationskoeffizienten auf einem TI-84-Rechner<\/a><br \/> <a href=\"https:\/\/statorials.org\/de\/stichprobenvarianz-ti-84\/\">So ermitteln Sie die Varianz einer Stichprobe auf einem TI-84-Rechner<\/a><br \/> <a href=\"https:\/\/statorials.org\/de\/punktprodukt-ti-84\/\">So berechnen Sie ein Skalarprodukt auf einem TI-84-Rechner<\/a><br \/> <a href=\"https:\/\/statorials.org\/de\/relative-haufigkeit-ti-84\/\">So berechnen Sie die relative Frequenz mit einem TI-84-Rechner<\/a><br \/> <a href=\"https:\/\/statorials.org\/de\/absolute-mittlere-abweichung-ti-84\/\">So ermitteln Sie die mittlere absolute Abweichung auf einem TI-84-Rechner<\/a><br \/><\/strong><\/p>\n<p> <span style=\"color: #000000;\"><strong>Wahrscheinlichkeitsverteilungen<\/strong><\/span><br \/> <strong><a href=\"https:\/\/statorials.org\/de\/normalwahrscheinlichkeiten-ti-84-rechner\/\">So berechnen Sie Normalwahrscheinlichkeiten mit einem TI-84-Rechner<\/a><br \/> <a href=\"https:\/\/statorials.org\/de\/rechner-fur-binomialwahrscheinlichkeiten-ti-84\/\">So berechnen Sie Binomialwahrscheinlichkeiten mit einem TI-84-Rechner<\/a><br \/> <a href=\"https:\/\/statorials.org\/de\/fischwahrscheinlichkeiten-ti-84-rechner\/\">So berechnen Sie Poisson-Wahrscheinlichkeiten mit einem TI-84-Rechner<\/a><br \/> <a href=\"https:\/\/statorials.org\/de\/geometpdf-geometcdf-ti-84\/\">So verwenden Sie geometpdf() und geometcdf() auf einem TI-84-Rechner<\/a><br \/> <a href=\"https:\/\/statorials.org\/de\/z-score-ti-84-rechner\/\">So berechnen Sie Z-Scores auf einem TI-84-Rechner<\/a><br \/> <a href=\"https:\/\/statorials.org\/de\/perzentil-des-z-scores-ti-84\/\">So finden Sie Perzentile aus Z-Scores auf einem TI-84-Rechner<\/a><br \/><a href=\"https:\/\/statorials.org\/de\/so-ermitteln-sie-den-kritischen-wert-t-auf-einem-ti-84-rechner\/\">So ermitteln Sie den kritischen Wert T auf einem TI-84-Rechner<\/a><br \/> <a href=\"https:\/\/statorials.org\/de\/z-kritikwert-rechner-ti-84\/\">So finden Sie den kritischen Z-Wert auf einem TI-84-Rechner<\/a><br \/> <a href=\"https:\/\/statorials.org\/de\/zentraler-grenzwertsatz-ti-84\/\">So wenden Sie den zentralen Grenzwertsatz auf den TI-84-Rechner an<\/a><br \/> <a href=\"https:\/\/statorials.org\/de\/erwarteter-wert-ti-84\/\">So ermitteln Sie den Erwartungswert einer Wahrscheinlichkeitsverteilung auf einem TI-84-Rechner<\/a><br \/><\/strong><\/p>\n<p> <span style=\"color: #000000;\"><strong>Hypothesentest<\/strong><\/span><br \/> <strong><a href=\"https:\/\/statorials.org\/de\/ein-beispiel-t-test-ti-84-rechner\/\">So f\u00fchren Sie einen t-Test bei einer Stichprobe auf einem TI-84-Rechner durch<\/a><br \/> <a href=\"https:\/\/statorials.org\/de\/zwei-beispiel-t-test-ti-84-rechner\/\">So f\u00fchren Sie einen t-Test bei zwei Stichproben auf einem TI-84-Rechner durch<\/a><br \/> <a href=\"https:\/\/statorials.org\/de\/die-statistik-erklart-konzepte-auf-einfache-und-direkte-weise.-wir-erleichtern-das-erlernen-von-statistiken\/\">So f\u00fchren Sie einen gepaarten T-Test auf einem TI-84-Rechner durch<\/a><\/strong><\/p>\n<p> <span style=\"color: #000000;\"><strong>Vertrauensintervalle<\/strong><\/span><br \/> <strong><a href=\"https:\/\/statorials.org\/de\/konfidenzintervalle-ti-84-rechner\/\">So berechnen Sie Konfidenzintervalle auf einem TI-84-Rechner<\/a><br \/> <a href=\"https:\/\/statorials.org\/de\/fehlertoleranz-ti-84\/\">So ermitteln Sie die Fehlergrenze eines TI-84-Rechners<\/a><br \/><\/strong><\/p>\n<p> <span style=\"color: #000000;\"><strong>R\u00fcckschritt<\/strong><\/span><br \/> <strong><a href=\"https:\/\/statorials.org\/de\/korrelationskoeffizient-ti-84-rechner\/\">So berechnen Sie einen Korrelationskoeffizienten auf einem TI-84-Rechner<\/a><br \/> <a href=\"https:\/\/statorials.org\/de\/linearer-regressionsrechner-ti-84\/\">So f\u00fchren Sie eine lineare Regression auf einem TI-84-Rechner durch<\/a><br \/> <a href=\"https:\/\/statorials.org\/de\/ti-84-best-fit-linie\/\">So finden und zeichnen Sie die beste Anpassungslinie auf dem TI-84-Rechner<\/a><br \/> <a href=\"https:\/\/statorials.org\/de\/ti-84-quadratischer-regressionsrechner\/\">So f\u00fchren Sie eine quadratische Regression auf einem TI-84-Rechner durch<\/a><br \/> <a href=\"https:\/\/statorials.org\/de\/exponentielle-regression-ti-84\/\">So f\u00fchren Sie eine exponentielle Regression auf einem TI-84-Rechner durch<\/a><br \/> <a href=\"https:\/\/statorials.org\/de\/logarithmische-regression-ti-84\/\">So f\u00fchren Sie eine logarithmische Regression auf einem TI-84-Rechner durch<\/a><br \/> <a href=\"https:\/\/statorials.org\/de\/restgrundstuck-ti-84\/\">So erstellen Sie ein Residuendiagramm auf einem TI-84-Rechner<\/a><br \/><\/strong><\/p>\n<p> <span style=\"color: #000000;\"><strong>ANOVA<\/strong><\/span><br \/> <strong><a href=\"https:\/\/statorials.org\/de\/anova-ti-84-rechner\/\">So f\u00fchren Sie eine einfaktorielle ANOVA auf einem TI-84-Rechner durch<\/a><br \/><\/strong><\/p>\n<p> <span style=\"color: #000000;\"><strong>Chi-Quadrat-Tests<\/strong><\/span><br \/> <strong><a href=\"https:\/\/statorials.org\/de\/chi-quadrat-anpassungsqualitatsrechner-ti-84\/\">Chi-Quadrat-Anpassungstest auf einem TI-84-Rechner<\/a><br \/> <a href=\"https:\/\/statorials.org\/de\/chi-quadrat-test-unabhangigkeit-ti-84-rechner\/\">Chi-Quadrat-Unabh\u00e4ngigkeitstest auf einem TI-84-Rechner<\/a><br \/><\/strong><\/p>\n","protected":false},"excerpt":{"rendered":"<p>Auf dieser Seite sind alle auf Statorials verf\u00fcgbaren Tutorials zum TI-84-Rechner aufgef\u00fchrt. Beschreibende Statistik So finden Sie eine f\u00fcnfstellige Zusammenfassung auf einem TI-84-Rechner So ermitteln Sie den Interquartilbereich auf einem TI-84-Rechner So ermitteln Sie den Variationskoeffizienten auf einem TI-84-Rechner So ermitteln Sie die Varianz einer Stichprobe auf einem TI-84-Rechner So berechnen Sie ein Skalarprodukt auf [&hellip;]<\/p>\n","protected":false},"author":1,"featured_media":0,"parent":0,"menu_order":0,"comment_status":"closed","ping_status":"closed","template":"","meta":{"footnotes":""},"yoast_head":"<!-- This site is optimized with the Yoast SEO plugin v21.5 - https:\/\/yoast.com\/wordpress\/plugins\/seo\/ -->\n<title>TI-84-Leitfaden<\/title>\n<meta name=\"description\" content=\"Auf dieser Seite sind alle auf Statorials verf\u00fcgbaren Tutorials zum TI-84-Rechner aufgef\u00fchrt.\" \/>\n<meta name=\"robots\" content=\"index, follow, max-snippet:-1, max-image-preview:large, max-video-preview:-1\" \/>\n<link rel=\"canonical\" href=\"https:\/\/statorials.org\/de\/ti-84-fuhrer\/\" \/>\n<meta property=\"og:locale\" content=\"de_DE\" \/>\n<meta property=\"og:type\" content=\"article\" \/>\n<meta property=\"og:title\" content=\"TI-84-Leitfaden\" \/>\n<meta property=\"og:description\" content=\"Auf dieser Seite sind alle auf Statorials verf\u00fcgbaren Tutorials zum TI-84-Rechner aufgef\u00fchrt.\" \/>\n<meta property=\"og:url\" content=\"https:\/\/statorials.org\/de\/ti-84-fuhrer\/\" \/>\n<meta property=\"og:site_name\" content=\"Statorials\" \/>\n<meta name=\"twitter:card\" content=\"summary_large_image\" \/>\n<meta name=\"twitter:label1\" content=\"Gesch\u00e4tzte Lesezeit\" \/>\n\t<meta name=\"twitter:data1\" content=\"2 Minuten\" \/>\n<script type=\"application\/ld+json\" class=\"yoast-schema-graph\">{\"@context\":\"https:\/\/schema.org\",\"@graph\":[{\"@type\":\"WebPage\",\"@id\":\"https:\/\/statorials.org\/de\/ti-84-fuhrer\/\",\"url\":\"https:\/\/statorials.org\/de\/ti-84-fuhrer\/\",\"name\":\"TI-84-Leitfaden\",\"isPartOf\":{\"@id\":\"https:\/\/statorials.org\/de\/#website\"},\"datePublished\":\"2023-07-12T14:01:08+00:00\",\"dateModified\":\"2023-07-12T14:01:08+00:00\",\"description\":\"Auf dieser Seite sind alle auf Statorials verf\u00fcgbaren Tutorials zum TI-84-Rechner aufgef\u00fchrt.\",\"breadcrumb\":{\"@id\":\"https:\/\/statorials.org\/de\/ti-84-fuhrer\/#breadcrumb\"},\"inLanguage\":\"de-DE\",\"potentialAction\":[{\"@type\":\"ReadAction\",\"target\":[\"https:\/\/statorials.org\/de\/ti-84-fuhrer\/\"]}]},{\"@type\":\"BreadcrumbList\",\"@id\":\"https:\/\/statorials.org\/de\/ti-84-fuhrer\/#breadcrumb\",\"itemListElement\":[{\"@type\":\"ListItem\",\"position\":1,\"name\":\"Heim\",\"item\":\"https:\/\/statorials.org\/de\/\"},{\"@type\":\"ListItem\",\"position\":2,\"name\":\"Ti-84-leitfaden\"}]},{\"@type\":\"WebSite\",\"@id\":\"https:\/\/statorials.org\/de\/#website\",\"url\":\"https:\/\/statorials.org\/de\/\",\"name\":\"Statorials\",\"description\":\"Ihr Leitfaden f\u00fcr statistische Kompetenz !\",\"potentialAction\":[{\"@type\":\"SearchAction\",\"target\":{\"@type\":\"EntryPoint\",\"urlTemplate\":\"https:\/\/statorials.org\/de\/?s={search_term_string}\"},\"query-input\":\"required name=search_term_string\"}],\"inLanguage\":\"de-DE\"}]}<\/script>\n<!-- \/ Yoast SEO plugin. -->","yoast_head_json":{"title":"TI-84-Leitfaden","description":"Auf dieser Seite sind alle auf Statorials verf\u00fcgbaren Tutorials zum TI-84-Rechner aufgef\u00fchrt.","robots":{"index":"index","follow":"follow","max-snippet":"max-snippet:-1","max-image-preview":"max-image-preview:large","max-video-preview":"max-video-preview:-1"},"canonical":"https:\/\/statorials.org\/de\/ti-84-fuhrer\/","og_locale":"de_DE","og_type":"article","og_title":"TI-84-Leitfaden","og_description":"Auf dieser Seite sind alle auf Statorials verf\u00fcgbaren Tutorials zum TI-84-Rechner aufgef\u00fchrt.","og_url":"https:\/\/statorials.org\/de\/ti-84-fuhrer\/","og_site_name":"Statorials","twitter_card":"summary_large_image","twitter_misc":{"Gesch\u00e4tzte Lesezeit":"2 Minuten"},"schema":{"@context":"https:\/\/schema.org","@graph":[{"@type":"WebPage","@id":"https:\/\/statorials.org\/de\/ti-84-fuhrer\/","url":"https:\/\/statorials.org\/de\/ti-84-fuhrer\/","name":"TI-84-Leitfaden","isPartOf":{"@id":"https:\/\/statorials.org\/de\/#website"},"datePublished":"2023-07-12T14:01:08+00:00","dateModified":"2023-07-12T14:01:08+00:00","description":"Auf dieser Seite sind alle auf Statorials verf\u00fcgbaren Tutorials zum TI-84-Rechner aufgef\u00fchrt.","breadcrumb":{"@id":"https:\/\/statorials.org\/de\/ti-84-fuhrer\/#breadcrumb"},"inLanguage":"de-DE","potentialAction":[{"@type":"ReadAction","target":["https:\/\/statorials.org\/de\/ti-84-fuhrer\/"]}]},{"@type":"BreadcrumbList","@id":"https:\/\/statorials.org\/de\/ti-84-fuhrer\/#breadcrumb","itemListElement":[{"@type":"ListItem","position":1,"name":"Heim","item":"https:\/\/statorials.org\/de\/"},{"@type":"ListItem","position":2,"name":"Ti-84-leitfaden"}]},{"@type":"WebSite","@id":"https:\/\/statorials.org\/de\/#website","url":"https:\/\/statorials.org\/de\/","name":"Statorials","description":"Ihr Leitfaden f\u00fcr statistische Kompetenz !","potentialAction":[{"@type":"SearchAction","target":{"@type":"EntryPoint","urlTemplate":"https:\/\/statorials.org\/de\/?s={search_term_string}"},"query-input":"required name=search_term_string"}],"inLanguage":"de-DE"}]}},"yoast_meta":{"yoast_wpseo_title":"","yoast_wpseo_metadesc":"","yoast_wpseo_canonical":""},"_links":{"self":[{"href":"https:\/\/statorials.org\/de\/wp-json\/wp\/v2\/pages\/5152"}],"collection":[{"href":"https:\/\/statorials.org\/de\/wp-json\/wp\/v2\/pages"}],"about":[{"href":"https:\/\/statorials.org\/de\/wp-json\/wp\/v2\/types\/page"}],"author":[{"embeddable":true,"href":"https:\/\/statorials.org\/de\/wp-json\/wp\/v2\/users\/1"}],"replies":[{"embeddable":true,"href":"https:\/\/statorials.org\/de\/wp-json\/wp\/v2\/comments?post=5152"}],"version-history":[{"count":0,"href":"https:\/\/statorials.org\/de\/wp-json\/wp\/v2\/pages\/5152\/revisions"}],"wp:attachment":[{"href":"https:\/\/statorials.org\/de\/wp-json\/wp\/v2\/media?parent=5152"}],"curies":[{"name":"wp","href":"https:\/\/api.w.org\/{rel}","templated":true}]}}