{"id":5153,"date":"2023-07-12T13:39:31","date_gmt":"2023-07-12T13:39:31","guid":{"rendered":"https:\/\/statorials.org\/de\/spss-anleitungen\/"},"modified":"2023-07-12T13:39:31","modified_gmt":"2023-07-12T13:39:31","slug":"spss-anleitungen","status":"publish","type":"page","link":"https:\/\/statorials.org\/de\/spss-anleitungen\/","title":{"rendered":"Spss-anleitungen"},"content":{"rendered":"<p><span style=\"color: #000000;\">Auf dieser Seite sind alle verf\u00fcgbaren SPSS-Tutorials zu Statorials aufgef\u00fchrt.<\/span><\/p>\n<p> <strong><span style=\"color: #000000;\">Beschreibende Statistik<\/span><\/strong> <strong><br \/><a href=\"https:\/\/statorials.org\/de\/beschreibende-spss-statistiken\/\">So berechnen Sie deskriptive Statistiken f\u00fcr Variablen in SPSS<\/a><br \/> <a href=\"https:\/\/statorials.org\/de\/z-punktet-spss\/\">So berechnen Sie Z-Scores in SPSS<\/a><br \/> <a href=\"https:\/\/statorials.org\/de\/funf-zahlen-lebenslauf-spss\/\">So berechnen Sie eine f\u00fcnfstellige Zusammenfassung in SPSS<\/a><br \/> <a href=\"https:\/\/statorials.org\/de\/spss-variationskoeffizient\/\">So berechnen Sie den Variationskoeffizienten in SPSS<\/a><br \/> <a href=\"https:\/\/statorials.org\/de\/spss-ausreisser\/\">So identifizieren Sie Ausrei\u00dfer in SPSS<\/a><br \/> <a href=\"https:\/\/statorials.org\/de\/mahalanobis-distanz-spss\/\">So berechnen Sie die Mahalanobis-Distanz in SPSS<\/a><br \/><\/strong><\/p>\n<p> <strong><span style=\"color: #000000;\">Korrelation und Kovarianz<\/span><\/strong> <strong><br \/><a href=\"https:\/\/statorials.org\/de\/spss-korrelationsmatrix\/\">So erstellen Sie eine Korrelationsmatrix in SPSS<\/a><br \/> <a href=\"https:\/\/statorials.org\/de\/spss-partielle-korrelation\/\">So berechnen Sie die partielle Korrelation in SPSS<\/a><br \/> <a href=\"https:\/\/statorials.org\/de\/spss-kovarianzmatrix\/\">So erstellen Sie eine Kovarianzmatrix in SPSS<\/a><br \/><\/strong><\/p>\n<p> <strong><span style=\"color: #000000;\">Visualisierungen<\/span><\/strong> <strong><br \/><a href=\"https:\/\/statorials.org\/de\/sps-stamm-und-blattdiagramm\/\">So erstellen Sie ein Stamm- und Blattdiagramm in SPSS<\/a><br \/> <a href=\"https:\/\/statorials.org\/de\/spss-boxplots\/\">So erstellen und interpretieren Sie Boxplots in SPSS<\/a><br \/> <a href=\"https:\/\/statorials.org\/de\/spss-punktwolken\/\">So erstellen und interpretieren Sie Streudiagramme in SPSS<\/a><br \/> <a href=\"https:\/\/statorials.org\/de\/spss-histogramme\/\">So erstellen Sie Histogramme in SPSS<\/a><br \/> <a href=\"https:\/\/statorials.org\/de\/spss-kreisdiagramme\/\">So erstellen Sie Kreisdiagramme in SPSS<\/a><br \/><\/strong><\/p>\n<p> <strong><span style=\"color: #000000;\">Hypothesentest<\/span><\/strong> <strong><br \/><a href=\"https:\/\/statorials.org\/de\/ein-stichproben-t-test-spss\/\">So f\u00fchren Sie einen T-Test bei einer Stichprobe in SPSS durch<\/a><br \/> <a href=\"https:\/\/statorials.org\/de\/zwei-proben-t-test-spss\/\">So f\u00fchren Sie einen T-Test bei zwei Stichproben in SPSS durch<\/a><br \/> <a href=\"https:\/\/statorials.org\/de\/mann-whitney-u-test-spss\/\">So f\u00fchren Sie einen Mann-Whitney-U-Test in SPSS durch<\/a><br \/> <a href=\"https:\/\/statorials.org\/de\/gepaarte-proben-t-test-spss\/\">So f\u00fchren Sie einen T-Test f\u00fcr gepaarte Stichproben in SPSS durch<\/a><br \/> <a href=\"https:\/\/statorials.org\/de\/wilcoxon-sign-rank-test-spss\/\">So f\u00fchren Sie einen Wilcoxon-Signed-Rank-Test in SPSS durch<\/a><br \/> <a href=\"https:\/\/statorials.org\/de\/levenes-spss-test\/\">So f\u00fchren Sie den Levene-Test in SPSS durch<\/a><br \/> <a href=\"https:\/\/statorials.org\/de\/spss-normalitatstest\/\">So testen Sie die Normalit\u00e4t in SPSS<\/a><br \/> <a href=\"https:\/\/statorials.org\/de\/sig-hat-2-schwanze\/\">Wie ist Sig zu interpretieren? Werte (zweiseitig) in SPSS<\/a><br \/><\/strong><\/p>\n<p> <strong><span style=\"color: #000000;\">R\u00fcckschritt<\/span><\/strong> <strong><br \/><a href=\"https:\/\/statorials.org\/de\/spss-einfache-lineare-regression\/\">So f\u00fchren Sie eine einfache lineare Regression in SPSS durch<\/a><br \/> <a href=\"https:\/\/statorials.org\/de\/spss-multiple-lineare-regression\/\">So f\u00fchren Sie eine multiple lineare Regression in SPSS durch<\/a><br \/> <a href=\"https:\/\/statorials.org\/de\/spss-quadratische-regression\/\">So f\u00fchren Sie eine quadratische Regression in SPSS durch<\/a><br \/> <a href=\"https:\/\/statorials.org\/de\/spss-logistische-regression\/\">So f\u00fchren Sie eine logistische Regression in SPSS durch<\/a><br \/> <a href=\"https:\/\/statorials.org\/de\/spss-felskurve\/\">So erstellen und interpretieren Sie eine ROC-Kurve in SPSS<\/a><br \/> <a href=\"https:\/\/statorials.org\/de\/einige-spss-plots\/\">So erstellen und interpretieren Sie QQ-Plots in SPSS<\/a><br \/> <a href=\"https:\/\/statorials.org\/de\/multikollinearitat-spss\/\">So testen Sie die Multikollinearit\u00e4t in SPSS<\/a><br \/><\/strong><\/p>\n<p> <strong><span style=\"color: #000000;\">ANOVA<\/span><\/strong> <strong><br \/><a href=\"https:\/\/statorials.org\/de\/einweg-anova-spss\/\">So f\u00fchren Sie eine einfaktorielle ANOVA in SPSS durch<\/a><br \/> <a href=\"https:\/\/statorials.org\/de\/kruskal-wallis-test-spss\/\">So f\u00fchren Sie einen Kruskal-Wallis-Test in SPSS durch<\/a><br \/> <a href=\"https:\/\/statorials.org\/de\/zwei-wege-anova-spss\/\">So f\u00fchren Sie eine zweifaktorielle ANOVA in SPSS durch<\/a><br \/> <a href=\"https:\/\/statorials.org\/de\/wiederholte-messungen-anova-spss\/\">So f\u00fchren Sie eine ANOVA mit wiederholten Messungen in SPSS durch<\/a><br \/> <a href=\"https:\/\/statorials.org\/de\/friedman-spss-test\/\">So f\u00fchren Sie den Friedman-Test in SPSS durch<\/a><br \/> <a href=\"https:\/\/statorials.org\/de\/manova-spss\/\">So f\u00fchren Sie eine MANOVA in SPSS durch<\/a><br \/><\/strong><\/p>\n<p> <strong><span style=\"color: #000000;\">Chi-Quadrat-Tests<\/span><\/strong> <strong><br \/><a href=\"https:\/\/statorials.org\/de\/mcnemars-spss-test\/\">So f\u00fchren Sie den McNemar-Test in SPSS durch<\/a><br \/> <a href=\"https:\/\/statorials.org\/de\/genauer-spss-test-fur-fischer\/\">So f\u00fchren Sie den exakten Fisher-Test in SPSS durch<\/a><br \/> <a href=\"https:\/\/statorials.org\/de\/chi-quadrat-test-der-qualitat-der-anpassung-spss\/\">So f\u00fchren Sie einen Chi-Quadrat-Anpassungstest in SPSS durch<\/a><br \/> <a href=\"https:\/\/statorials.org\/de\/chi-quadrat-spss-unabhangigkeitstest\/\">So f\u00fchren Sie einen Chi-Quadrat-Unabh\u00e4ngigkeitstest in SPSS durch<\/a><br \/><\/strong><\/p>\n","protected":false},"excerpt":{"rendered":"<p>Auf dieser Seite sind alle verf\u00fcgbaren SPSS-Tutorials zu Statorials aufgef\u00fchrt. Beschreibende Statistik So berechnen Sie deskriptive Statistiken f\u00fcr Variablen in SPSS So berechnen Sie Z-Scores in SPSS So berechnen Sie eine f\u00fcnfstellige Zusammenfassung in SPSS So berechnen Sie den Variationskoeffizienten in SPSS So identifizieren Sie Ausrei\u00dfer in SPSS So berechnen Sie die Mahalanobis-Distanz in SPSS [&hellip;]<\/p>\n","protected":false},"author":1,"featured_media":0,"parent":0,"menu_order":0,"comment_status":"closed","ping_status":"closed","template":"","meta":{"footnotes":""},"yoast_head":"<!-- This site is optimized with the Yoast SEO plugin v21.5 - https:\/\/yoast.com\/wordpress\/plugins\/seo\/ -->\n<title>SPSS-Anleitungen<\/title>\n<meta name=\"description\" content=\"Auf dieser Seite sind alle verf\u00fcgbaren SPSS-Tutorials zu Statorials aufgef\u00fchrt.\" \/>\n<meta name=\"robots\" content=\"index, follow, max-snippet:-1, max-image-preview:large, max-video-preview:-1\" \/>\n<link rel=\"canonical\" href=\"https:\/\/statorials.org\/de\/spss-anleitungen\/\" \/>\n<meta property=\"og:locale\" content=\"de_DE\" \/>\n<meta property=\"og:type\" content=\"article\" \/>\n<meta property=\"og:title\" content=\"SPSS-Anleitungen\" \/>\n<meta property=\"og:description\" content=\"Auf dieser Seite sind alle verf\u00fcgbaren SPSS-Tutorials zu Statorials aufgef\u00fchrt.\" \/>\n<meta property=\"og:url\" content=\"https:\/\/statorials.org\/de\/spss-anleitungen\/\" \/>\n<meta property=\"og:site_name\" content=\"Statorials\" \/>\n<meta name=\"twitter:card\" content=\"summary_large_image\" \/>\n<meta name=\"twitter:label1\" content=\"Gesch\u00e4tzte Lesezeit\" \/>\n\t<meta name=\"twitter:data1\" content=\"2 Minuten\" \/>\n<script type=\"application\/ld+json\" class=\"yoast-schema-graph\">{\"@context\":\"https:\/\/schema.org\",\"@graph\":[{\"@type\":\"WebPage\",\"@id\":\"https:\/\/statorials.org\/de\/spss-anleitungen\/\",\"url\":\"https:\/\/statorials.org\/de\/spss-anleitungen\/\",\"name\":\"SPSS-Anleitungen\",\"isPartOf\":{\"@id\":\"https:\/\/statorials.org\/de\/#website\"},\"datePublished\":\"2023-07-12T13:39:31+00:00\",\"dateModified\":\"2023-07-12T13:39:31+00:00\",\"description\":\"Auf dieser Seite sind alle verf\u00fcgbaren SPSS-Tutorials zu Statorials aufgef\u00fchrt.\",\"breadcrumb\":{\"@id\":\"https:\/\/statorials.org\/de\/spss-anleitungen\/#breadcrumb\"},\"inLanguage\":\"de-DE\",\"potentialAction\":[{\"@type\":\"ReadAction\",\"target\":[\"https:\/\/statorials.org\/de\/spss-anleitungen\/\"]}]},{\"@type\":\"BreadcrumbList\",\"@id\":\"https:\/\/statorials.org\/de\/spss-anleitungen\/#breadcrumb\",\"itemListElement\":[{\"@type\":\"ListItem\",\"position\":1,\"name\":\"Heim\",\"item\":\"https:\/\/statorials.org\/de\/\"},{\"@type\":\"ListItem\",\"position\":2,\"name\":\"Spss-anleitungen\"}]},{\"@type\":\"WebSite\",\"@id\":\"https:\/\/statorials.org\/de\/#website\",\"url\":\"https:\/\/statorials.org\/de\/\",\"name\":\"Statorials\",\"description\":\"Ihr Leitfaden f\u00fcr statistische Kompetenz !\",\"potentialAction\":[{\"@type\":\"SearchAction\",\"target\":{\"@type\":\"EntryPoint\",\"urlTemplate\":\"https:\/\/statorials.org\/de\/?s={search_term_string}\"},\"query-input\":\"required name=search_term_string\"}],\"inLanguage\":\"de-DE\"}]}<\/script>\n<!-- \/ Yoast SEO plugin. -->","yoast_head_json":{"title":"SPSS-Anleitungen","description":"Auf dieser Seite sind alle verf\u00fcgbaren SPSS-Tutorials zu Statorials aufgef\u00fchrt.","robots":{"index":"index","follow":"follow","max-snippet":"max-snippet:-1","max-image-preview":"max-image-preview:large","max-video-preview":"max-video-preview:-1"},"canonical":"https:\/\/statorials.org\/de\/spss-anleitungen\/","og_locale":"de_DE","og_type":"article","og_title":"SPSS-Anleitungen","og_description":"Auf dieser Seite sind alle verf\u00fcgbaren SPSS-Tutorials zu Statorials aufgef\u00fchrt.","og_url":"https:\/\/statorials.org\/de\/spss-anleitungen\/","og_site_name":"Statorials","twitter_card":"summary_large_image","twitter_misc":{"Gesch\u00e4tzte Lesezeit":"2 Minuten"},"schema":{"@context":"https:\/\/schema.org","@graph":[{"@type":"WebPage","@id":"https:\/\/statorials.org\/de\/spss-anleitungen\/","url":"https:\/\/statorials.org\/de\/spss-anleitungen\/","name":"SPSS-Anleitungen","isPartOf":{"@id":"https:\/\/statorials.org\/de\/#website"},"datePublished":"2023-07-12T13:39:31+00:00","dateModified":"2023-07-12T13:39:31+00:00","description":"Auf dieser Seite sind alle verf\u00fcgbaren SPSS-Tutorials zu Statorials aufgef\u00fchrt.","breadcrumb":{"@id":"https:\/\/statorials.org\/de\/spss-anleitungen\/#breadcrumb"},"inLanguage":"de-DE","potentialAction":[{"@type":"ReadAction","target":["https:\/\/statorials.org\/de\/spss-anleitungen\/"]}]},{"@type":"BreadcrumbList","@id":"https:\/\/statorials.org\/de\/spss-anleitungen\/#breadcrumb","itemListElement":[{"@type":"ListItem","position":1,"name":"Heim","item":"https:\/\/statorials.org\/de\/"},{"@type":"ListItem","position":2,"name":"Spss-anleitungen"}]},{"@type":"WebSite","@id":"https:\/\/statorials.org\/de\/#website","url":"https:\/\/statorials.org\/de\/","name":"Statorials","description":"Ihr Leitfaden f\u00fcr statistische Kompetenz !","potentialAction":[{"@type":"SearchAction","target":{"@type":"EntryPoint","urlTemplate":"https:\/\/statorials.org\/de\/?s={search_term_string}"},"query-input":"required name=search_term_string"}],"inLanguage":"de-DE"}]}},"yoast_meta":{"yoast_wpseo_title":"","yoast_wpseo_metadesc":"","yoast_wpseo_canonical":""},"_links":{"self":[{"href":"https:\/\/statorials.org\/de\/wp-json\/wp\/v2\/pages\/5153"}],"collection":[{"href":"https:\/\/statorials.org\/de\/wp-json\/wp\/v2\/pages"}],"about":[{"href":"https:\/\/statorials.org\/de\/wp-json\/wp\/v2\/types\/page"}],"author":[{"embeddable":true,"href":"https:\/\/statorials.org\/de\/wp-json\/wp\/v2\/users\/1"}],"replies":[{"embeddable":true,"href":"https:\/\/statorials.org\/de\/wp-json\/wp\/v2\/comments?post=5153"}],"version-history":[{"count":0,"href":"https:\/\/statorials.org\/de\/wp-json\/wp\/v2\/pages\/5153\/revisions"}],"wp:attachment":[{"href":"https:\/\/statorials.org\/de\/wp-json\/wp\/v2\/media?parent=5153"}],"curies":[{"name":"wp","href":"https:\/\/api.w.org\/{rel}","templated":true}]}}