{"id":5149,"date":"2023-08-31T10:30:02","date_gmt":"2023-08-31T10:30:02","guid":{"rendered":"https:\/\/statorials.org\/it\/termini-di-utilizzo\/"},"modified":"2023-10-13T05:10:23","modified_gmt":"2023-10-13T05:10:23","slug":"termini-di-utilizzo","status":"publish","type":"page","link":"https:\/\/statorials.org\/it\/termini-di-utilizzo\/","title":{"rendered":"Termini di utilizzo"},"content":{"rendered":"<p>Questo sito \u00e8 un blog statistico online curato da professori in pensione e non \u00e8 affiliato con alcuna societ\u00e0 o gruppo.<\/p>\n<p>L&#8217;obiettivo di Statorials.org \u00e8 fornire agli studenti un&#8217;opportunit\u00e0 unica di partecipare a vari tutorial completi, esercizi coinvolgenti ed esempi del mondo reale per rendere accessibili i concetti statistici.<\/p>\n<h2>Politica di utilizzo<\/h2>\n<p>Su statorials.org, la privacy dei nostri visitatori \u00e8 estremamente importante per noi. Questo documento di politica sulla privacy descrive i tipi di informazioni personali ricevute e raccolte dal dominio e il loro utilizzo.<\/p>\n<h3>Raccolta di dati<\/h3>\n<h4>1. Commenti<\/h4>\n<p>Le informazioni che raccogliamo dipendono da come l&#8217;utente commenta sul sito, ma generalmente includono l&#8217;indirizzo IP, lo user agent, il referrer e l&#8217;URL del sito del commentatore (oltre ad altre informazioni fornite direttamente dal commentatore come nome, nome utente, indirizzo email e il commento stesso).<\/p>\n<h4>2. Modulo di contatto<\/h4>\n<p>Se ci contatti, utilizzeremo il tuo nome e indirizzo email per rispondere alla tua richiesta e non condivideremo queste informazioni con terze parti.<\/p>\n<h4>3. Biscotti<\/h4>\n<p>Il sito utilizza i cookie per memorizzare informazioni sulle preferenze dei visitatori, registrare informazioni specifiche dell&#8217;utente su quali pagine accedono o visitano e personalizzare il contenuto della pagina Web in base al tipo di browser del visitatore. o altre informazioni inviate dal visitatore al suo browser.<\/p>\n<p>I cookie ci consentono di personalizzare contenuti ed annunci, fornire funzionalit\u00e0 dei social media e analizzare il nostro traffico. Potremmo anche condividere informazioni sul tuo utilizzo del nostro sito con i nostri partner di social media, pubblicit\u00e0 e analisi, che potrebbero combinarle con altre informazioni che hai fornito loro o che hanno raccolto durante l&#8217;utilizzo dei loro servizi.<\/p>\n<h4>4. Analitica<\/h4>\n<p>Questo sito web utilizza Google Analytics, un servizio di analisi web fornito da Google Inc. Utilizza &#8220;cookie&#8221;, file di testo memorizzati sul tuo computer che consentono un&#8217;analisi del tuo utilizzo del sito web. Le informazioni generate dal cookie sull&#8217;utilizzo di questo sito web vengono normalmente trasmesse e archiviate su un server di Google negli Stati Uniti.<\/p>\n<p>Potete impedire la memorizzazione dei cookie configurando a tale scopo il software del vostro browser. Tieni presente, tuttavia, che in questo caso potresti non essere in grado di utilizzare completamente tutte le funzioni di questo sito web.<\/p>\n<h4>5. Registri di sicurezza<\/h4>\n<p>Gli indirizzi IP dei visitatori, gli ID utente che hanno effettuato l&#8217;accesso e i nomi utente dei tentativi di accesso vengono registrati in modo condizionale per verificare la presenza di attivit\u00e0 dannose e per proteggere il sito da tipi specifici di attacchi. Tentativi di accesso, richieste di disconnessione, richieste URL sospette, modifiche al contenuto del sito e aggiornamenti della password sono esempi di condizioni di accesso.<\/p>\n<h2>Utilizzo dei dati<\/h2>\n<p>Il sito utilizza i dati raccolti per diverse finalit\u00e0:<\/p>\n<ul>\n<li>Fornitura e mantenimento del servizio<\/li>\n<li>Per informarti delle modifiche al nostro servizio<\/li>\n<li>Per consentirti di partecipare alle funzionalit\u00e0 interattive del nostro Servizio quando scegli di farlo<\/li>\n<li>Fornire assistenza e supporto ai clienti<\/li>\n<li>Fornire analisi o informazioni utili per migliorare il servizio<\/li>\n<li>Monitorare l&#8217;utilizzo del servizio<\/li>\n<li>Rilevare, prevenire e risolvere problemi tecnici<\/li>\n<\/ul>\n<h2>La sicurezza dei dati<\/h2>\n<p>La sicurezza delle tue informazioni \u00e8 importante per noi, ma ricorda che nessun metodo di trasmissione su Internet o metodo di archiviazione elettronica \u00e8 sicuro al 100%. Sebbene ci sforziamo di utilizzare mezzi commercialmente accettabili per proteggere le tue informazioni personali, non possiamo garantirne l&#8217;assoluta sicurezza.<\/p>\n<h2>Contatta l&#8217;editore<\/h2>\n<p>Se desideri contattare l&#8217;editore per qualsiasi tipo di feedback o richiesta, puoi inviare le tue domande qui: <a href=\"https:\/\/statorials.org\/it\/contatto\/\">Contattaci<\/a><\/p>\n","protected":false},"excerpt":{"rendered":"<p>Questo sito \u00e8 un blog statistico online curato da professori in pensione e non \u00e8 affiliato con alcuna societ\u00e0 o gruppo. L&#8217;obiettivo di Statorials.org \u00e8 fornire agli studenti un&#8217;opportunit\u00e0 unica di partecipare a vari tutorial completi, esercizi coinvolgenti ed esempi del mondo reale per rendere accessibili i concetti statistici. Politica di utilizzo Su statorials.org, la [&hellip;]<\/p>\n","protected":false},"author":1,"featured_media":0,"parent":0,"menu_order":0,"comment_status":"closed","ping_status":"closed","template":"","meta":{"footnotes":""},"yoast_head":"<!-- This site is optimized with the Yoast SEO plugin v21.5 - https:\/\/yoast.com\/wordpress\/plugins\/seo\/ -->\n<title>Condizioni d&#039;uso - Statorials<\/title>\n<meta name=\"description\" content=\"L&#039;obiettivo di Statorials.org \u00e8 fornire agli studenti un&#039;opportunit\u00e0 unica di partecipare a vari tutorial completi\" \/>\n<meta name=\"robots\" content=\"noindex, nofollow\" \/>\n<meta property=\"og:locale\" content=\"it_IT\" \/>\n<meta property=\"og:type\" content=\"article\" \/>\n<meta property=\"og:title\" content=\"Condizioni d&#039;uso - Statorials\" \/>\n<meta property=\"og:description\" content=\"L&#039;obiettivo di Statorials.org \u00e8 fornire agli studenti un&#039;opportunit\u00e0 unica di partecipare a vari tutorial completi\" \/>\n<meta property=\"og:url\" content=\"https:\/\/statorials.org\/it\/termini-di-utilizzo\/\" \/>\n<meta property=\"og:site_name\" content=\"Statorials\" \/>\n<meta property=\"article:modified_time\" content=\"2023-10-13T05:10:23+00:00\" \/>\n<meta name=\"twitter:card\" content=\"summary_large_image\" \/>\n<meta name=\"twitter:label1\" content=\"Est. reading time\" \/>\n\t<meta name=\"twitter:data1\" content=\"3 minuti\" \/>\n<script type=\"application\/ld+json\" class=\"yoast-schema-graph\">{\"@context\":\"https:\/\/schema.org\",\"@graph\":[{\"@type\":\"WebPage\",\"@id\":\"https:\/\/statorials.org\/it\/termini-di-utilizzo\/\",\"url\":\"https:\/\/statorials.org\/it\/termini-di-utilizzo\/\",\"name\":\"Condizioni d'uso - Statorials\",\"isPartOf\":{\"@id\":\"https:\/\/statorials.org\/it\/#website\"},\"datePublished\":\"2023-08-31T10:30:02+00:00\",\"dateModified\":\"2023-10-13T05:10:23+00:00\",\"description\":\"L'obiettivo di Statorials.org \u00e8 fornire agli studenti un'opportunit\u00e0 unica di partecipare a vari tutorial completi\",\"breadcrumb\":{\"@id\":\"https:\/\/statorials.org\/it\/termini-di-utilizzo\/#breadcrumb\"},\"inLanguage\":\"it-IT\",\"potentialAction\":[{\"@type\":\"ReadAction\",\"target\":[\"https:\/\/statorials.org\/it\/termini-di-utilizzo\/\"]}]},{\"@type\":\"BreadcrumbList\",\"@id\":\"https:\/\/statorials.org\/it\/termini-di-utilizzo\/#breadcrumb\",\"itemListElement\":[{\"@type\":\"ListItem\",\"position\":1,\"name\":\"Casa\",\"item\":\"https:\/\/statorials.org\/it\/\"},{\"@type\":\"ListItem\",\"position\":2,\"name\":\"Termini di utilizzo\"}]},{\"@type\":\"WebSite\",\"@id\":\"https:\/\/statorials.org\/it\/#website\",\"url\":\"https:\/\/statorials.org\/it\/\",\"name\":\"Statorials\",\"description\":\"La tua guida all&#039;alfabetizzazione statistica!\",\"potentialAction\":[{\"@type\":\"SearchAction\",\"target\":{\"@type\":\"EntryPoint\",\"urlTemplate\":\"https:\/\/statorials.org\/it\/?s={search_term_string}\"},\"query-input\":\"required name=search_term_string\"}],\"inLanguage\":\"it-IT\"}]}<\/script>\n<!-- \/ Yoast SEO plugin. -->","yoast_head_json":{"title":"Condizioni d'uso - Statorials","description":"L'obiettivo di Statorials.org \u00e8 fornire agli studenti un'opportunit\u00e0 unica di partecipare a vari tutorial completi","robots":{"index":"noindex","follow":"nofollow"},"og_locale":"it_IT","og_type":"article","og_title":"Condizioni d'uso - Statorials","og_description":"L'obiettivo di Statorials.org \u00e8 fornire agli studenti un'opportunit\u00e0 unica di partecipare a vari tutorial completi","og_url":"https:\/\/statorials.org\/it\/termini-di-utilizzo\/","og_site_name":"Statorials","article_modified_time":"2023-10-13T05:10:23+00:00","twitter_card":"summary_large_image","twitter_misc":{"Est. reading time":"3 minuti"},"schema":{"@context":"https:\/\/schema.org","@graph":[{"@type":"WebPage","@id":"https:\/\/statorials.org\/it\/termini-di-utilizzo\/","url":"https:\/\/statorials.org\/it\/termini-di-utilizzo\/","name":"Condizioni d'uso - Statorials","isPartOf":{"@id":"https:\/\/statorials.org\/it\/#website"},"datePublished":"2023-08-31T10:30:02+00:00","dateModified":"2023-10-13T05:10:23+00:00","description":"L'obiettivo di Statorials.org \u00e8 fornire agli studenti un'opportunit\u00e0 unica di partecipare a vari tutorial completi","breadcrumb":{"@id":"https:\/\/statorials.org\/it\/termini-di-utilizzo\/#breadcrumb"},"inLanguage":"it-IT","potentialAction":[{"@type":"ReadAction","target":["https:\/\/statorials.org\/it\/termini-di-utilizzo\/"]}]},{"@type":"BreadcrumbList","@id":"https:\/\/statorials.org\/it\/termini-di-utilizzo\/#breadcrumb","itemListElement":[{"@type":"ListItem","position":1,"name":"Casa","item":"https:\/\/statorials.org\/it\/"},{"@type":"ListItem","position":2,"name":"Termini di utilizzo"}]},{"@type":"WebSite","@id":"https:\/\/statorials.org\/it\/#website","url":"https:\/\/statorials.org\/it\/","name":"Statorials","description":"La tua guida all&#039;alfabetizzazione statistica!","potentialAction":[{"@type":"SearchAction","target":{"@type":"EntryPoint","urlTemplate":"https:\/\/statorials.org\/it\/?s={search_term_string}"},"query-input":"required name=search_term_string"}],"inLanguage":"it-IT"}]}},"yoast_meta":{"yoast_wpseo_title":"","yoast_wpseo_metadesc":"","yoast_wpseo_canonical":""},"_links":{"self":[{"href":"https:\/\/statorials.org\/it\/wp-json\/wp\/v2\/pages\/5149"}],"collection":[{"href":"https:\/\/statorials.org\/it\/wp-json\/wp\/v2\/pages"}],"about":[{"href":"https:\/\/statorials.org\/it\/wp-json\/wp\/v2\/types\/page"}],"author":[{"embeddable":true,"href":"https:\/\/statorials.org\/it\/wp-json\/wp\/v2\/users\/1"}],"replies":[{"embeddable":true,"href":"https:\/\/statorials.org\/it\/wp-json\/wp\/v2\/comments?post=5149"}],"version-history":[{"count":1,"href":"https:\/\/statorials.org\/it\/wp-json\/wp\/v2\/pages\/5149\/revisions"}],"predecessor-version":[{"id":5181,"href":"https:\/\/statorials.org\/it\/wp-json\/wp\/v2\/pages\/5149\/revisions\/5181"}],"wp:attachment":[{"href":"https:\/\/statorials.org\/it\/wp-json\/wp\/v2\/media?parent=5149"}],"curies":[{"name":"wp","href":"https:\/\/api.w.org\/{rel}","templated":true}]}}