{"id":5151,"date":"2023-10-13T02:57:07","date_gmt":"2023-10-13T02:57:07","guid":{"rendered":"https:\/\/statorials.org\/it\/la-statologia-spiega-i-concetti-in-modo-semplice-e-diretto-facilitando-lapprendimento-della-statistica\/"},"modified":"2023-10-13T05:02:54","modified_gmt":"2023-10-13T05:02:54","slug":"la-statorials-spiega-i-concetti-in-modo-semplice-e-diretto-facilitando-lapprendimento-della-statistica","status":"publish","type":"page","link":"https:\/\/statorials.org\/it\/","title":{"rendered":"Statorials &#8211; La tua guida all&#8217;alfabetizzazione statistica!"},"content":{"rendered":"<p><span style=\"color: #000000;\">Imparare le statistiche pu\u00f2 essere difficile. Pu\u00f2 essere frustrante. E pi\u00f9 di ogni altra cosa, pu\u00f2 creare confusione. <strong>Ecco perch\u00e9 siamo qui per aiutarti.<\/strong><\/span><\/p>\n<p><span style=\"color: #000000;\">Statorials \u00e8 un sito che semplifica l&#8217;apprendimento delle statistiche spiegando gli argomenti in modo semplice e diretto.<\/span> <span style=\"color: #000000;\">Scoprilo tu stesso leggendo le nostre risorse:<\/span><\/p>\n<h3><strong><span style=\"color: #000000;\">Tutorial di statistica<\/span><\/strong><\/h3>\n<p><span style=\"color: #000000;\">Scopri tutto sulle statistiche da zero leggendo i nostri <a href=\"https:\/\/statorials.org\/it\/tutorial\/\">tutorial sulle statistiche<\/a> .<\/span><\/p>\n<h3><span style=\"color: #000000;\"><strong>Tutorial sull&#8217;apprendimento automatico<\/strong><\/span><\/h3>\n<p><span style=\"color: #000000;\">Apprendi le basi del machine learning con i nostri tutorial sul machine learning.<\/span><\/p>\n<h3><span style=\"color: #000000;\"><strong>Calcolatori online<\/strong><\/span><\/h3>\n<p><span style=\"color: #000000;\">Trova valori p, valori critici e altro utilizzando i nostri <a href=\"https:\/\/statorials.org\/it\/calcolatrici\/\">calcolatori statistici online<\/a> .<\/span><\/p>\n<h3><strong><span style=\"color: #000000;\">Distribuzione della tabella<\/span><\/strong><\/h3>\n<p><span style=\"color: #000000;\">Trova valori critici e valori p per varie distribuzioni utilizzando le nostre <a href=\"https:\/\/statorials.org\/it\/le-tavole\/\">tabelle di distribuzione<\/a> .<\/span><\/p>\n<h3><strong>Guide Excel<\/strong><\/h3>\n<p><span style=\"color: #000000;\">Scopri come eseguire test e funzioni statistiche in Excel utilizzando le nostre <a href=\"https:\/\/statorials.org\/it\/guide-excel\/\">guide Excel<\/a> .<\/span><\/p>\n<h3><strong>Guide R<\/strong><\/h3>\n<p><span style=\"color: #000000;\">Scopri come eseguire test statistici in R utilizzando le nostre <a href=\"https:\/\/statorials.org\/it\/r-guide\/\">guide R.<\/a><\/span><\/p>\n<h3><span style=\"color: #000000;\"><strong>Guide Python<\/strong><\/span><\/h3>\n<p><span style=\"color: #000000;\">Scopri come eseguire test statistici in Python utilizzando le nostre <a href=\"https:\/\/statorials.org\/it\/guide-python\/\" rel=\"noopener noreferrer\">guide Python<\/a> .<\/span><\/p>\n<h3><span style=\"color: #000000;\"><strong>Guide di Fogli Google<\/strong><\/span><\/h3>\n<p><span style=\"color: #000000;\">Scopri come eseguire test statistici in Fogli Google utilizzando le nostre <a href=\"https:\/\/statorials.org\/it\/guide-di-fogli-google\/\" rel=\"noopener noreferrer\">guide Fogli Google<\/a> .<\/span><\/p>\n<h3><strong>Guide SPSS<\/strong><\/h3>\n<p><span style=\"color: #000000;\">Scopri come creare grafici ed eseguire test statistici in SPSS utilizzando le nostre <a href=\"https:\/\/statorials.org\/it\/guide-spss\/\">guide SPSS<\/a> .<\/span><\/p>\n<h3><strong>Guide statistiche<\/strong><\/h3>\n<p><span style=\"color: #000000;\">Scopri come creare grafici ed eseguire test statistici in Stata utilizzando le nostre <a href=\"https:\/\/statorials.org\/it\/guide-statistiche\/\" rel=\"noopener\">guide Stata<\/a> .<\/span><\/p>\n<h3><strong>Guida TI-84<\/strong><\/h3>\n<p><span style=\"color: #000000;\">Scopri come eseguire test statistici su una calcolatrice TI-84 utilizzando le nostre <a href=\"https:\/\/statorials.org\/it\/ti84-guide\/\">guide TI-84<\/a> .<\/span><\/p>\n","protected":false},"excerpt":{"rendered":"<p>Imparare le statistiche pu\u00f2 essere difficile. Pu\u00f2 essere frustrante. E pi\u00f9 di ogni altra cosa, pu\u00f2 creare confusione. Ecco perch\u00e9 siamo qui per aiutarti. Statorials \u00e8 un sito che semplifica l&#8217;apprendimento delle statistiche spiegando gli argomenti in modo semplice e diretto. Scoprilo tu stesso leggendo le nostre risorse: Tutorial di statistica Scopri tutto sulle statistiche [&hellip;]<\/p>\n","protected":false},"author":1,"featured_media":0,"parent":0,"menu_order":0,"comment_status":"closed","ping_status":"closed","template":"","meta":{"footnotes":""},"yoast_head":"<!-- This site is optimized with the Yoast SEO plugin v21.5 - https:\/\/yoast.com\/wordpress\/plugins\/seo\/ -->\n<title>Statorials - La tua guida all&#039;alfabetizzazione statistica!<\/title>\n<meta name=\"description\" content=\"Stology \u00e8 un sito web che semplifica l&#039;apprendimento delle statistiche spiegando i concetti in modo semplice e diretto.\" \/>\n<meta name=\"robots\" content=\"index, follow, max-snippet:-1, max-image-preview:large, max-video-preview:-1\" \/>\n<link rel=\"canonical\" href=\"https:\/\/statorials.org\/it\/\" \/>\n<meta property=\"og:locale\" content=\"it_IT\" \/>\n<meta property=\"og:type\" content=\"article\" \/>\n<meta property=\"og:title\" content=\"Statorials - La tua guida all&#039;alfabetizzazione statistica!\" \/>\n<meta property=\"og:description\" content=\"Stology \u00e8 un sito web che semplifica l&#039;apprendimento delle statistiche spiegando i concetti in modo semplice e diretto.\" \/>\n<meta property=\"og:url\" content=\"https:\/\/statorials.org\/it\/\" \/>\n<meta property=\"og:site_name\" content=\"Statorials\" \/>\n<meta property=\"article:modified_time\" content=\"2023-10-13T05:02:54+00:00\" \/>\n<meta name=\"twitter:card\" content=\"summary_large_image\" \/>\n<meta name=\"twitter:label1\" content=\"Est. reading time\" \/>\n\t<meta name=\"twitter:data1\" content=\"1 minuto\" \/>\n<script type=\"application\/ld+json\" class=\"yoast-schema-graph\">{\"@context\":\"https:\/\/schema.org\",\"@graph\":[{\"@type\":\"WebPage\",\"@id\":\"https:\/\/statorials.org\/it\/\",\"url\":\"https:\/\/statorials.org\/it\/\",\"name\":\"Statorials - La tua guida all'alfabetizzazione statistica!\",\"isPartOf\":{\"@id\":\"https:\/\/statorials.org\/it\/#website\"},\"datePublished\":\"2023-10-13T02:57:07+00:00\",\"dateModified\":\"2023-10-13T05:02:54+00:00\",\"description\":\"Stology \u00e8 un sito web che semplifica l'apprendimento delle statistiche spiegando i concetti in modo semplice e diretto.\",\"breadcrumb\":{\"@id\":\"https:\/\/statorials.org\/it\/#breadcrumb\"},\"inLanguage\":\"it-IT\",\"potentialAction\":[{\"@type\":\"ReadAction\",\"target\":[\"https:\/\/statorials.org\/it\/\"]}]},{\"@type\":\"BreadcrumbList\",\"@id\":\"https:\/\/statorials.org\/it\/#breadcrumb\",\"itemListElement\":[{\"@type\":\"ListItem\",\"position\":1,\"name\":\"Casa\",\"item\":\"https:\/\/statorials.org\/it\/\"},{\"@type\":\"ListItem\",\"position\":2,\"name\":\"Statorials &#8211; La tua guida all&#8217;alfabetizzazione statistica!\"}]},{\"@type\":\"WebSite\",\"@id\":\"https:\/\/statorials.org\/it\/#website\",\"url\":\"https:\/\/statorials.org\/it\/\",\"name\":\"Statorials\",\"description\":\"La tua guida all&#039;alfabetizzazione statistica!\",\"potentialAction\":[{\"@type\":\"SearchAction\",\"target\":{\"@type\":\"EntryPoint\",\"urlTemplate\":\"https:\/\/statorials.org\/it\/?s={search_term_string}\"},\"query-input\":\"required name=search_term_string\"}],\"inLanguage\":\"it-IT\"}]}<\/script>\n<!-- \/ Yoast SEO plugin. -->","yoast_head_json":{"title":"Statorials - La tua guida all'alfabetizzazione statistica!","description":"Stology \u00e8 un sito web che semplifica l'apprendimento delle statistiche spiegando i concetti in modo semplice e diretto.","robots":{"index":"index","follow":"follow","max-snippet":"max-snippet:-1","max-image-preview":"max-image-preview:large","max-video-preview":"max-video-preview:-1"},"canonical":"https:\/\/statorials.org\/it\/","og_locale":"it_IT","og_type":"article","og_title":"Statorials - La tua guida all'alfabetizzazione statistica!","og_description":"Stology \u00e8 un sito web che semplifica l'apprendimento delle statistiche spiegando i concetti in modo semplice e diretto.","og_url":"https:\/\/statorials.org\/it\/","og_site_name":"Statorials","article_modified_time":"2023-10-13T05:02:54+00:00","twitter_card":"summary_large_image","twitter_misc":{"Est. reading time":"1 minuto"},"schema":{"@context":"https:\/\/schema.org","@graph":[{"@type":"WebPage","@id":"https:\/\/statorials.org\/it\/","url":"https:\/\/statorials.org\/it\/","name":"Statorials - La tua guida all'alfabetizzazione statistica!","isPartOf":{"@id":"https:\/\/statorials.org\/it\/#website"},"datePublished":"2023-10-13T02:57:07+00:00","dateModified":"2023-10-13T05:02:54+00:00","description":"Stology \u00e8 un sito web che semplifica l'apprendimento delle statistiche spiegando i concetti in modo semplice e diretto.","breadcrumb":{"@id":"https:\/\/statorials.org\/it\/#breadcrumb"},"inLanguage":"it-IT","potentialAction":[{"@type":"ReadAction","target":["https:\/\/statorials.org\/it\/"]}]},{"@type":"BreadcrumbList","@id":"https:\/\/statorials.org\/it\/#breadcrumb","itemListElement":[{"@type":"ListItem","position":1,"name":"Casa","item":"https:\/\/statorials.org\/it\/"},{"@type":"ListItem","position":2,"name":"Statorials &#8211; La tua guida all&#8217;alfabetizzazione statistica!"}]},{"@type":"WebSite","@id":"https:\/\/statorials.org\/it\/#website","url":"https:\/\/statorials.org\/it\/","name":"Statorials","description":"La tua guida all&#039;alfabetizzazione statistica!","potentialAction":[{"@type":"SearchAction","target":{"@type":"EntryPoint","urlTemplate":"https:\/\/statorials.org\/it\/?s={search_term_string}"},"query-input":"required name=search_term_string"}],"inLanguage":"it-IT"}]}},"yoast_meta":{"yoast_wpseo_title":"","yoast_wpseo_metadesc":"","yoast_wpseo_canonical":""},"_links":{"self":[{"href":"https:\/\/statorials.org\/it\/wp-json\/wp\/v2\/pages\/5151"}],"collection":[{"href":"https:\/\/statorials.org\/it\/wp-json\/wp\/v2\/pages"}],"about":[{"href":"https:\/\/statorials.org\/it\/wp-json\/wp\/v2\/types\/page"}],"author":[{"embeddable":true,"href":"https:\/\/statorials.org\/it\/wp-json\/wp\/v2\/users\/1"}],"replies":[{"embeddable":true,"href":"https:\/\/statorials.org\/it\/wp-json\/wp\/v2\/comments?post=5151"}],"version-history":[{"count":1,"href":"https:\/\/statorials.org\/it\/wp-json\/wp\/v2\/pages\/5151\/revisions"}],"predecessor-version":[{"id":5160,"href":"https:\/\/statorials.org\/it\/wp-json\/wp\/v2\/pages\/5151\/revisions\/5160"}],"wp:attachment":[{"href":"https:\/\/statorials.org\/it\/wp-json\/wp\/v2\/media?parent=5151"}],"curies":[{"name":"wp","href":"https:\/\/api.w.org\/{rel}","templated":true}]}}