{"id":5147,"date":"2023-08-31T10:38:07","date_gmt":"2023-08-31T10:38:07","guid":{"rendered":"https:\/\/statorials.org\/nl\/dokter-benjamin-anderson\/"},"modified":"2023-08-31T10:38:07","modified_gmt":"2023-08-31T10:38:07","slug":"dokter-benjamin-anderson","status":"publish","type":"page","link":"https:\/\/statorials.org\/nl\/dokter-benjamin-anderson\/","title":{"rendered":"Dr.benjamin anderson"},"content":{"rendered":"<p>Welkom bij Statorials, het ultieme pad naar datagedreven succes. <\/p>\n<p><img decoding=\"async\" loading=\"lazy\" class=\" wp-image-16181 alignleft\" src=\"https:\/\/statorials.org\/wp-content\/uploads\/2023\/08\/Dr.-Benjamin-Anderson.jpg\" alt=\"Benjamin Anderson\" width=\"250\" height=\"250\" srcset=\"https:\/\/statorials.org\/wp-content\/uploads\/2023\/08\/Dr.-Benjamin-Anderson.jpg 300w, https:\/\/statorials.org\/wp-content\/uploads\/2023\/08\/Dr.-Benjamin-Anderson-150x150.jpg 150w\" sizes=\"auto, (max-width: 250px) 100vw, 250px\"><\/p>\n<p> Ik ben Benjamin Anderson, een gepensioneerde statistiekprofessor die een toegewijde Statorials-docent is geworden. Met ervaring en expertise op het gebied van statistiek, zet ik mij in om via deze blog mijn kennis met studenten te delen.<\/p>\n<p> Met een indrukwekkende academische achtergrond in statistiek heb ik een diep inzicht in statistische theorie\u00ebn en methodologie\u00ebn en hun praktische toepassingen. Gedurende mijn succesvolle carri\u00e8re als docent heb ik veel studenten naar succes begeleid, een passie voor statistiek gevoed en hen geholpen om uit te blinken in hun studie.<\/p>\n<p> Via deze blog bied ik studenten een unieke kans om te profiteren van mijn expertise en schat aan kennis. Met de nadruk op interactief leren biedt Statorials uitgebreide tutorials, boeiende oefeningen en praktijkvoorbeelden om statistische concepten toegankelijk te maken.<\/p>\n<p> Mijn uitgebreide ervaring helpt mij de uitdagingen te begrijpen waarmee studenten worden geconfronteerd en hen niet alleen academische ondersteuning te bieden, maar ook mentoring, advies over studiestrategie\u00ebn en loopbaanadvies. Het doel is om studenten niet alleen uit te rusten met statistische kennis, maar ook met de vaardigheden en het vertrouwen om door de steeds veranderende wereld van data-analyse te navigeren.<\/p>\n<p> Investeer vandaag nog in uw statistiektraining en laat mij u de kracht geven om de deuren naar statistische uitmuntendheid te openen!<\/p>\n<p> <strong>Jouw leraar,<\/strong><br \/> Dr.Benjamin Anderson.<\/p>\n","protected":false},"excerpt":{"rendered":"<p>Welkom bij Statorials, het ultieme pad naar datagedreven succes. Ik ben Benjamin Anderson, een gepensioneerde statistiekprofessor die een toegewijde Statorials-docent is geworden. Met ervaring en expertise op het gebied van statistiek, zet ik mij in om via deze blog mijn kennis met studenten te delen. Met een indrukwekkende academische achtergrond in statistiek heb ik een [&hellip;]<\/p>\n","protected":false},"author":1,"featured_media":0,"parent":0,"menu_order":0,"comment_status":"closed","ping_status":"closed","template":"","meta":{"footnotes":""},"class_list":["post-5147","page","type-page","status-publish","hentry"],"yoast_head":"<!-- This site is optimized with the Yoast SEO plugin v21.5 - https:\/\/yoast.com\/wordpress\/plugins\/seo\/ -->\n<title>Dr. Benjamin Anderson - Statorialen<\/title>\n<meta name=\"description\" content=\"Hij is Benjamin Anderson, een gepensioneerde hoogleraar statistiek die een toegewijde Statorials-docent is geworden. Sterk van een rijk\" \/>\n<meta name=\"robots\" content=\"index, follow, max-snippet:-1, max-image-preview:large, max-video-preview:-1\" \/>\n<link rel=\"canonical\" href=\"https:\/\/statorials.org\/nl\/dokter-benjamin-anderson\/\" \/>\n<meta property=\"og:locale\" content=\"de_DE\" \/>\n<meta property=\"og:type\" content=\"article\" \/>\n<meta property=\"og:title\" content=\"Dr. Benjamin Anderson - Statorialen\" \/>\n<meta property=\"og:description\" content=\"Hij is Benjamin Anderson, een gepensioneerde hoogleraar statistiek die een toegewijde Statorials-docent is geworden. Sterk van een rijk\" \/>\n<meta property=\"og:url\" content=\"https:\/\/statorials.org\/nl\/dokter-benjamin-anderson\/\" \/>\n<meta property=\"og:site_name\" content=\"Statorials\" \/>\n<meta property=\"og:image\" content=\"https:\/\/statorials.org\/wp-content\/uploads\/2023\/08\/Dr.-Benjamin-Anderson.jpg\" \/>\n<meta name=\"twitter:card\" content=\"summary_large_image\" \/>\n<meta name=\"twitter:label1\" content=\"Gesch\u00e4tzte Lesezeit\" \/>\n\t<meta name=\"twitter:data1\" content=\"1\u00a0Minute\" \/>\n<script type=\"application\/ld+json\" class=\"yoast-schema-graph\">{\"@context\":\"https:\/\/schema.org\",\"@graph\":[{\"@type\":\"WebPage\",\"@id\":\"https:\/\/statorials.org\/nl\/dokter-benjamin-anderson\/\",\"url\":\"https:\/\/statorials.org\/nl\/dokter-benjamin-anderson\/\",\"name\":\"Dr. Benjamin Anderson - Statorialen\",\"isPartOf\":{\"@id\":\"https:\/\/statorials.org\/nl\/#website\"},\"datePublished\":\"2023-08-31T10:38:07+00:00\",\"dateModified\":\"2023-08-31T10:38:07+00:00\",\"description\":\"Hij is Benjamin Anderson, een gepensioneerde hoogleraar statistiek die een toegewijde Statorials-docent is geworden. Sterk van een rijk\",\"breadcrumb\":{\"@id\":\"https:\/\/statorials.org\/nl\/dokter-benjamin-anderson\/#breadcrumb\"},\"inLanguage\":\"de\",\"potentialAction\":[{\"@type\":\"ReadAction\",\"target\":[\"https:\/\/statorials.org\/nl\/dokter-benjamin-anderson\/\"]}]},{\"@type\":\"BreadcrumbList\",\"@id\":\"https:\/\/statorials.org\/nl\/dokter-benjamin-anderson\/#breadcrumb\",\"itemListElement\":[{\"@type\":\"ListItem\",\"position\":1,\"name\":\"Thuis\",\"item\":\"https:\/\/statorials.org\/nl\/\"},{\"@type\":\"ListItem\",\"position\":2,\"name\":\"Dr.benjamin anderson\"}]},{\"@type\":\"WebSite\",\"@id\":\"https:\/\/statorials.org\/nl\/#website\",\"url\":\"https:\/\/statorials.org\/nl\/\",\"name\":\"Statorials\",\"description\":\"Uw gids voor statistische competentie\",\"potentialAction\":[{\"@type\":\"SearchAction\",\"target\":{\"@type\":\"EntryPoint\",\"urlTemplate\":\"https:\/\/statorials.org\/nl\/?s={search_term_string}\"},\"query-input\":\"required name=search_term_string\"}],\"inLanguage\":\"de\"}]}<\/script>\n<!-- \/ Yoast SEO plugin. -->","yoast_head_json":{"title":"Dr. Benjamin Anderson - Statorialen","description":"Hij is Benjamin Anderson, een gepensioneerde hoogleraar statistiek die een toegewijde Statorials-docent is geworden. Sterk van een rijk","robots":{"index":"index","follow":"follow","max-snippet":"max-snippet:-1","max-image-preview":"max-image-preview:large","max-video-preview":"max-video-preview:-1"},"canonical":"https:\/\/statorials.org\/nl\/dokter-benjamin-anderson\/","og_locale":"de_DE","og_type":"article","og_title":"Dr. Benjamin Anderson - Statorialen","og_description":"Hij is Benjamin Anderson, een gepensioneerde hoogleraar statistiek die een toegewijde Statorials-docent is geworden. Sterk van een rijk","og_url":"https:\/\/statorials.org\/nl\/dokter-benjamin-anderson\/","og_site_name":"Statorials","og_image":[{"url":"https:\/\/statorials.org\/wp-content\/uploads\/2023\/08\/Dr.-Benjamin-Anderson.jpg"}],"twitter_card":"summary_large_image","twitter_misc":{"Gesch\u00e4tzte Lesezeit":"1\u00a0Minute"},"schema":{"@context":"https:\/\/schema.org","@graph":[{"@type":"WebPage","@id":"https:\/\/statorials.org\/nl\/dokter-benjamin-anderson\/","url":"https:\/\/statorials.org\/nl\/dokter-benjamin-anderson\/","name":"Dr. Benjamin Anderson - Statorialen","isPartOf":{"@id":"https:\/\/statorials.org\/nl\/#website"},"datePublished":"2023-08-31T10:38:07+00:00","dateModified":"2023-08-31T10:38:07+00:00","description":"Hij is Benjamin Anderson, een gepensioneerde hoogleraar statistiek die een toegewijde Statorials-docent is geworden. Sterk van een rijk","breadcrumb":{"@id":"https:\/\/statorials.org\/nl\/dokter-benjamin-anderson\/#breadcrumb"},"inLanguage":"de","potentialAction":[{"@type":"ReadAction","target":["https:\/\/statorials.org\/nl\/dokter-benjamin-anderson\/"]}]},{"@type":"BreadcrumbList","@id":"https:\/\/statorials.org\/nl\/dokter-benjamin-anderson\/#breadcrumb","itemListElement":[{"@type":"ListItem","position":1,"name":"Thuis","item":"https:\/\/statorials.org\/nl\/"},{"@type":"ListItem","position":2,"name":"Dr.benjamin anderson"}]},{"@type":"WebSite","@id":"https:\/\/statorials.org\/nl\/#website","url":"https:\/\/statorials.org\/nl\/","name":"Statorials","description":"Uw gids voor statistische competentie","potentialAction":[{"@type":"SearchAction","target":{"@type":"EntryPoint","urlTemplate":"https:\/\/statorials.org\/nl\/?s={search_term_string}"},"query-input":"required name=search_term_string"}],"inLanguage":"de"}]}},"yoast_meta":{"yoast_wpseo_title":"","yoast_wpseo_metadesc":"","yoast_wpseo_canonical":""},"_links":{"self":[{"href":"https:\/\/statorials.org\/nl\/wp-json\/wp\/v2\/pages\/5147","targetHints":{"allow":["GET"]}}],"collection":[{"href":"https:\/\/statorials.org\/nl\/wp-json\/wp\/v2\/pages"}],"about":[{"href":"https:\/\/statorials.org\/nl\/wp-json\/wp\/v2\/types\/page"}],"author":[{"embeddable":true,"href":"https:\/\/statorials.org\/nl\/wp-json\/wp\/v2\/users\/1"}],"replies":[{"embeddable":true,"href":"https:\/\/statorials.org\/nl\/wp-json\/wp\/v2\/comments?post=5147"}],"version-history":[{"count":0,"href":"https:\/\/statorials.org\/nl\/wp-json\/wp\/v2\/pages\/5147\/revisions"}],"wp:attachment":[{"href":"https:\/\/statorials.org\/nl\/wp-json\/wp\/v2\/media?parent=5147"}],"curies":[{"name":"wp","href":"https:\/\/api.w.org\/{rel}","templated":true}]}}