{"id":5135,"date":"2023-10-05T23:38:58","date_gmt":"2023-10-05T23:38:58","guid":{"rendered":"https:\/\/statorials.org\/pl\/kalkulatory\/"},"modified":"2023-10-05T23:38:58","modified_gmt":"2023-10-05T23:38:58","slug":"kalkulatory","status":"publish","type":"page","link":"https:\/\/statorials.org\/pl\/kalkulatory\/","title":{"rendered":"Kalkulatory"},"content":{"rendered":"<p><span style=\"color: #000000;\">Na tej stronie znajduj\u0105 si\u0119 wszystkie kalkulatory dost\u0119pne w serwisie Statorials.<\/span><\/p>\n<h2> <span style=\"color: #000000;\"><strong>Kalkulatory statystyczne<\/strong><\/span><\/h2>\n<p> <span style=\"color: #000000;\"><strong>Dystrybucja<\/strong><\/span><br \/> <strong><a href=\"https:\/\/statorials.org\/pl\/kalkulator-dwumianowego-odchylenia-standardowego\/\">Dwumianowy kalkulator odchylenia standardowego<\/a><br \/> <a href=\"https:\/\/statorials.org\/pl\/kalkulator-dystrybucji-ryb\/\">Kalkulator dystrybucji ryb<\/a><br \/> <a href=\"https:\/\/statorials.org\/pl\/kalkulator-rozk\u0142adu-geometrycznego\/\">Kalkulator rozk\u0142adu geometrycznego<\/a><br \/> <a href=\"https:\/\/statorials.org\/pl\/kalkulator-rozk\u0142adu-hipergeometrycznego\/\">Kalkulator rozk\u0142adu hipergeometrycznego<\/a><br \/> <a href=\"https:\/\/statorials.org\/pl\/kalkulator-ujemnego-rozk\u0142adu-dwumianowego\/\" rel=\"noopener\">Kalkulator ujemnego rozk\u0142adu dwumianowego<\/a><br \/> <a href=\"https:\/\/statorials.org\/pl\/kalkulator-rozk\u0142adu-wielomianowego\/\">Kalkulator rozk\u0142adu wielomianowego<\/a><br \/> <a href=\"https:\/\/statorials.org\/pl\/f-kalkulator-dystrybucji\/\">Kalkulator dystrybucji F<\/a><br \/> <a href=\"https:\/\/statorials.org\/pl\/generator-zbioru-danych-o-rozk\u0142adzie-normalnym\/\">Generator zbioru danych o rozk\u0142adzie normalnym<\/a><br \/> <a href=\"https:\/\/statorials.org\/pl\/kalkulator-korekcji-ciag\u0142osci\/\">Kalkulator korekcji ci\u0105g\u0142o\u015bci<\/a><br \/> <a href=\"https:\/\/statorials.org\/pl\/porownaj-kalkulator-wyniku-z\/\">Por\u00f3wnaj kalkulator wyniku Z<\/a><br \/><\/strong><\/p>\n<p> <span style=\"color: #000000;\"><strong>Wynik krytyczny a warto\u015b\u0107 P<\/strong><\/span><br \/> <strong><a href=\"https:\/\/statorials.org\">Kalkulator warto\u015bci T do P<\/a><br \/> <a href=\"https:\/\/statorials.org\/pl\/kalkulator-wartosci-chi-kwadrat-p\/\">Kalkulator wyniku chi-kwadrat warto\u015bci P<\/a><br \/> <a href=\"https:\/\/statorials.org\/pl\/z-kalkulator-odciecia-wyniku\/\">Kalkulator progu wyniku Z<\/a><br \/> <a href=\"https:\/\/statorials.org\/pl\/szybki-normalny-kalkulator-cdf\/\">Normalny kalkulator CDF<\/a><br \/><\/strong><\/p>\n<p> <span style=\"color: #000000;\"><strong>Krytyczne badanie warto\u015bci<\/strong><\/span> <strong><br \/><a href=\"https:\/\/statorials.org\/pl\/kalkulator-wartosci-krytycznej-chi-kwadrat\/\">Kalkulator warto\u015bci krytycznej Chi-kwadrat<\/a><br \/> <a href=\"https:\/\/statorials.org\/pl\/obszar-po-lewej-stronie-kalkulatora-wyniku-z\/\">Obszar po lewej stronie kalkulatora wyniku Z<\/a><br \/> <a href=\"https:\/\/statorials.org\/pl\/obszar-po-prawej-stronie-kalkulatora-wyniku-z\/\">Obszar po prawej stronie kalkulatora wyniku Z<\/a><\/strong><\/p>\n<p> <span style=\"color: #000000;\"><strong>Szereg czasowy<\/strong><\/span><br \/> <strong><a href=\"https:\/\/statorials.org\/pl\/ms-kalkulator\/\">Kalkulator MSE<\/a><br \/> <a href=\"https:\/\/statorials.org\/pl\/kalkulator-rmse\/\">Kalkulator RMSE<\/a><br \/> <a href=\"https:\/\/statorials.org\/pl\/kalkulator-kart\/\">Kalkulator MAPE<\/a><br \/><\/strong><\/p>\n<p> <span style=\"color: #000000;\"><strong>ANOVA<\/strong><\/span><br \/> <strong><a href=\"https:\/\/statorials.org\/pl\/jednokierunkowy-kalkulator-danova\/\">Jednokierunkowy kalkulator ANOVA<\/a><br \/> <a href=\"https:\/\/statorials.org\/pl\/kalkulator-powtarzalnych-pomiarow-w-jedna-strone-anova\/\">Jednokierunkowy kalkulator ANOVA z powtarzanymi pomiarami<\/a><br \/> <a href=\"https:\/\/statorials.org\/pl\/kalkulator-testu-kruskala-wallisa\/\">Kalkulator Kruskala \u2013 Wallisa<\/a><br \/> <a href=\"https:\/\/statorials.org\/pl\/kalkulator-testu-friedmana\/\">Kalkulator testu Friedmana<\/a><br \/> <a href=\"https:\/\/statorials.org\/pl\/kalkulator-testu-bartletta\/\">Kalkulator testu Bartletta<\/a><br \/><\/strong><\/p>\n<p> <span style=\"color: #000000;\"><strong>Regresja<\/strong><\/span><br \/> <strong><a href=\"https:\/\/statorials.org\/pl\/kalkulator-regresji-liniowej\/\">Kalkulator regresji liniowej<\/a><br \/> <a href=\"https:\/\/statorials.org\/pl\/kalkulator-regresji-kwadratowej\/\">Kalkulator regresji kwadratowej<\/a><br \/> <a href=\"https:\/\/statorials.org\/pl\/kalkulator-przedzia\u0142u-przewidywania\/\">Kalkulator przedzia\u0142u przewidywania<\/a><br \/> <a href=\"https:\/\/statorials.org\/pl\/kalkulator-pozosta\u0142osci\/\">Kalkulator pozosta\u0142o\u015bci<\/a><br \/> <a href=\"https:\/\/statorials.org\/pl\/znormalizowany-kalkulator-pozosta\u0142osci\/\">Standaryzowany kalkulator pozosta\u0142o\u015bci<\/a><br \/> <a href=\"https:\/\/statorials.org\/pl\/kalkulator-xxx\/\">Kalkulator Sxx dla regresji liniowej<\/a><br \/> <a href=\"https:\/\/statorials.org\/pl\/kalkulator\/\">Kalkulator Sxy dla regresji liniowej<\/a><br \/><\/strong><\/p>\n<p> <span style=\"color: #000000;\"><strong>Statystyki podsumowuj\u0105ce<\/strong><\/span><br \/> <strong><a href=\"https:\/\/statorials.org\/pl\/kalkulator-normalizacyjny\/\">Kalkulator normalizacji<\/a><br \/> <a href=\"https:\/\/statorials.org\/pl\/kalkulator-czestotliwosci-wzglednej\/\">Kalkulator cz\u0119stotliwo\u015bci wzgl\u0119dnej<\/a><br \/> <a href=\"https:\/\/statorials.org\/pl\/kalkulator-czestotliwosci-skumulowanej\/\">Kalkulator cz\u0119stotliwo\u015bci skumulowanej<\/a><br \/> <a href=\"https:\/\/statorials.org\/pl\/kalkulator-szerokosci-klasy\/\">Kalkulator szeroko\u015bci klasy<\/a><br \/> <a href=\"https:\/\/statorials.org\/pl\">Kalkulator sko\u015bno\u015bci i kurtozy<\/a><br \/> <a href=\"https:\/\/statorials.org\/pl\/zasady-kalkulatora-kciuka\/\">Zasady kalkulatora kciuka<\/a><br \/> <a href=\"https:\/\/statorials.org\/pl\/kalkulator-wartosci-odstajacych\/\">Kalkulator warto\u015bci odstaj\u0105cych<\/a><br \/> <a href=\"https:\/\/statorials.org\/pl\/kalkulator-mediany-odchylenia-bezwzglednego\/\">Kalkulator odchylenia bezwzgl\u0119dnego \u015bredniego<\/a><br \/><\/strong><\/p>\n<p> <span style=\"color: #000000;\"><strong>Przedzia\u0142y ufno\u015bci<\/strong><\/span><br \/> <strong><a href=\"https:\/\/statorials.org\">Przedzia\u0142 ufno\u015bci dla przeci\u0119tnego kalkulatora<\/a><br \/> <a href=\"https:\/\/statorials.org\/pl\/kalkulator-przedzia\u0142u-ufnosci-roznica-pomiedzy-srednimi\/\">Przedzia\u0142 ufno\u015bci dla kalkulatora r\u00f3\u017cnicy mi\u0119dzy \u015brednimi<\/a><br \/> <a href=\"https:\/\/statorials.org\">Przedzia\u0142 ufno\u015bci dla kalkulatora proporcji<\/a><br \/> <a href=\"https:\/\/statorials.org\/pl\/kalkulator-przedzia\u0142u-ufnosci-roznica-proporcji\/\">Przedzia\u0142 ufno\u015bci dla kalkulatora r\u00f3\u017cnicy proporcji<\/a><br \/> <a href=\"https:\/\/statorials.org\/pl\">Przedzia\u0142 ufno\u015bci dla kalkulatora odchylenia standardowego<\/a><br \/> <a href=\"https:\/\/statorials.org\/pl\/kalkulator-wspo\u0142czynnika-korelacji-przedzia\u0142u-ufnosci\/\">Przedzia\u0142 ufno\u015bci dla kalkulatora wsp\u00f3\u0142czynnika korelacji<\/a><br \/> <a href=\"https:\/\/statorials.org\/pl\/b\u0142ad-standardowy-kalkulatora-proporcji\/\">B\u0142\u0105d standardowy kalkulatora proporcji<\/a><br \/><\/strong><\/p>\n<p> <span style=\"color: #000000;\"><strong>Testy chi-kwadrat<\/strong><\/span><br \/> <strong><a href=\"https:\/\/statorials.org\/pl\/kalkulator-testu-dobroci-dopasowania-chi-kwadrat\/\">Kalkulator testu dobroci dopasowania chi-kwadrat<\/a><br \/> <a href=\"https:\/\/statorials.org\/pl\/kalkulator-testu-niezaleznosci-chi-kwadrat\/\">Test chi-kwadrat kalkulatora niezale\u017cno\u015bci<\/a><br \/> <a href=\"https:\/\/statorials.org\/pl\/dok\u0142adny-kalkulator-testu-rybaka\/\">Kalkulator testu dok\u0142adnego Fishera<\/a><br \/><\/strong><\/p>\n<p> <span style=\"color: #000000;\"><strong>Testowanie hipotez<\/strong><\/span><br \/> <strong><a href=\"https:\/\/statorials.org\/pl\/przyk\u0142adowy-kalkulator-testu-t\/\">Przyk\u0142ad kalkulatora testu t<\/a><br \/> <a href=\"https:\/\/statorials.org\/pl\/kalkulator-testowy-ta-dwie-probki\/\">Kalkulator testu t dla dw\u00f3ch pr\u00f3bek<\/a><br \/> <a href=\"https:\/\/statorials.org\/pl\/kalkulator-testu-welchsa\/\">Kalkulator testu t Welcha<\/a><br \/> <a href=\"https:\/\/statorials.org\/pl\/kalkulator-testu-t-dla-par-probek\/\">Kalkulator testu t dla sparowanych pr\u00f3bek<\/a><br \/> <a href=\"https:\/\/statorials.org\/pl\/kalkulator-testu-umiejscowienia-znaku-wilcoxona\/\">Kalkulator testu miejsca podpisanego Wilcoxona<\/a><br \/> <a href=\"https:\/\/statorials.org\/pl\/kalkulator-proporcji-testu-z\/\">Kalkulator testu jednej proporcji Z<\/a><br \/> <a href=\"https:\/\/statorials.org\/pl\/za-kalkulator-testu-dwoch-proporcji\/\">Kalkulator testu dw\u00f3ch proporcji Z<\/a><br \/><\/strong> <strong><a href=\"https:\/\/statorials.org\/pl\/kalkulator-testowy-manna-whitneya\/\">Kalkulator testu U Manna-Whitneya<\/a><br \/> <a href=\"https:\/\/statorials.org\/pl\/kalkulator-testu-mcnemars\/\">Kalkulator testu McNemara<\/a><br \/> <a href=\"https:\/\/statorials.org\/pl\/kalkulator-regu\u0142-decyzyjnych\/\">Kalkulator regu\u0142 decyzyjnych<\/a><br \/> <a href=\"https:\/\/statorials.org\/pl\/kalkulator-wariancji-grupowej\/\">Kalkulator przerw w pakiecie<\/a><br \/><\/strong><\/p>\n<p> <span style=\"color: #000000;\"><strong>Generatory wykres\u00f3w<\/strong><\/span><br \/> <strong><a href=\"https:\/\/statorials.org\/pl\/generator-wykresow-skrzynkowych\/\" target=\"_blank\" rel=\"noopener\">Generator wykres\u00f3w pude\u0142kowych<\/a><br \/> <a href=\"https:\/\/statorials.org\/pl\/generator-chmury-punktow\/\" target=\"_blank\" rel=\"noopener\">Generator chmury punkt\u00f3w<\/a><br \/> <a href=\"https:\/\/statorials.org\/pl\/generator-diagramow-\u0142odyg-i-lisci\/\" target=\"_blank\" rel=\"noopener\">Generator wykres\u00f3w \u0142odyg i li\u015bci<\/a><br \/><\/strong><\/p>\n<h2> <span style=\"color: #000000;\"><strong>R\u00f3\u017cne kalkulatory<\/strong><\/span><\/h2>\n<p> <strong><a href=\"https:\/\/statorials.org\/pl\/kalkulator-kda\/\">Kalkulator KDA<\/a><br \/> <a href=\"https:\/\/statorials.org\/pl\/kalkulator-prawdopodobienstwa-trzech-zdarzen\/\">Kalkulator prawdopodobie\u0144stwa trzech zdarze\u0144<\/a><br \/><\/strong><\/p>\n","protected":false},"excerpt":{"rendered":"<p>Na tej stronie znajduj\u0105 si\u0119 wszystkie kalkulatory dost\u0119pne w serwisie Statorials. Kalkulatory statystyczne Dystrybucja Dwumianowy kalkulator odchylenia standardowego Kalkulator dystrybucji ryb Kalkulator rozk\u0142adu geometrycznego Kalkulator rozk\u0142adu hipergeometrycznego Kalkulator ujemnego rozk\u0142adu dwumianowego Kalkulator rozk\u0142adu wielomianowego Kalkulator dystrybucji F Generator zbioru danych o rozk\u0142adzie normalnym Kalkulator korekcji ci\u0105g\u0142o\u015bci Por\u00f3wnaj kalkulator wyniku Z Wynik krytyczny a warto\u015b\u0107 P [&hellip;]<\/p>\n","protected":false},"author":1,"featured_media":0,"parent":0,"menu_order":0,"comment_status":"closed","ping_status":"closed","template":"","meta":{"footnotes":""},"class_list":["post-5135","page","type-page","status-publish","hentry"],"yoast_head":"<!-- This site is optimized with the Yoast SEO plugin v21.5 - https:\/\/yoast.com\/wordpress\/plugins\/seo\/ -->\n<title>Kalkulatory<\/title>\n<meta name=\"description\" content=\"Na tej stronie znajduj\u0105 si\u0119 wszystkie kalkulatory statystyczne dost\u0119pne w witrynie Statology.\" \/>\n<meta name=\"robots\" content=\"index, follow, max-snippet:-1, max-image-preview:large, max-video-preview:-1\" \/>\n<link rel=\"canonical\" href=\"https:\/\/statorials.org\/pl\/kalkulatory\/\" \/>\n<meta property=\"og:locale\" content=\"pl_PL\" \/>\n<meta property=\"og:type\" content=\"article\" \/>\n<meta property=\"og:title\" content=\"Kalkulatory\" \/>\n<meta property=\"og:description\" content=\"Na tej stronie znajduj\u0105 si\u0119 wszystkie kalkulatory statystyczne dost\u0119pne w witrynie Statology.\" \/>\n<meta property=\"og:url\" content=\"https:\/\/statorials.org\/pl\/kalkulatory\/\" \/>\n<meta property=\"og:site_name\" content=\"Statorials\" \/>\n<meta name=\"twitter:card\" content=\"summary_large_image\" \/>\n<meta name=\"twitter:label1\" content=\"Szacowany czas czytania\" \/>\n\t<meta name=\"twitter:data1\" content=\"2 minuty\" \/>\n<script type=\"application\/ld+json\" class=\"yoast-schema-graph\">{\"@context\":\"https:\/\/schema.org\",\"@graph\":[{\"@type\":\"WebPage\",\"@id\":\"https:\/\/statorials.org\/pl\/kalkulatory\/\",\"url\":\"https:\/\/statorials.org\/pl\/kalkulatory\/\",\"name\":\"Kalkulatory\",\"isPartOf\":{\"@id\":\"https:\/\/statorials.org\/pl\/#website\"},\"datePublished\":\"2023-10-05T23:38:58+00:00\",\"dateModified\":\"2023-10-05T23:38:58+00:00\",\"description\":\"Na tej stronie znajduj\u0105 si\u0119 wszystkie kalkulatory statystyczne dost\u0119pne w witrynie Statology.\",\"breadcrumb\":{\"@id\":\"https:\/\/statorials.org\/pl\/kalkulatory\/#breadcrumb\"},\"inLanguage\":\"pl-PL\",\"potentialAction\":[{\"@type\":\"ReadAction\",\"target\":[\"https:\/\/statorials.org\/pl\/kalkulatory\/\"]}]},{\"@type\":\"BreadcrumbList\",\"@id\":\"https:\/\/statorials.org\/pl\/kalkulatory\/#breadcrumb\",\"itemListElement\":[{\"@type\":\"ListItem\",\"position\":1,\"name\":\"Dom\",\"item\":\"https:\/\/statorials.org\/pl\/\"},{\"@type\":\"ListItem\",\"position\":2,\"name\":\"Kalkulatory\"}]},{\"@type\":\"WebSite\",\"@id\":\"https:\/\/statorials.org\/pl\/#website\",\"url\":\"https:\/\/statorials.org\/pl\/\",\"name\":\"Statorials\",\"description\":\"Tw\u00f3j przewodnik po kompetencjach statystycznych!\",\"potentialAction\":[{\"@type\":\"SearchAction\",\"target\":{\"@type\":\"EntryPoint\",\"urlTemplate\":\"https:\/\/statorials.org\/pl\/?s={search_term_string}\"},\"query-input\":\"required name=search_term_string\"}],\"inLanguage\":\"pl-PL\"}]}<\/script>\n<!-- \/ Yoast SEO plugin. -->","yoast_head_json":{"title":"Kalkulatory","description":"Na tej stronie znajduj\u0105 si\u0119 wszystkie kalkulatory statystyczne dost\u0119pne w witrynie Statology.","robots":{"index":"index","follow":"follow","max-snippet":"max-snippet:-1","max-image-preview":"max-image-preview:large","max-video-preview":"max-video-preview:-1"},"canonical":"https:\/\/statorials.org\/pl\/kalkulatory\/","og_locale":"pl_PL","og_type":"article","og_title":"Kalkulatory","og_description":"Na tej stronie znajduj\u0105 si\u0119 wszystkie kalkulatory statystyczne dost\u0119pne w witrynie Statology.","og_url":"https:\/\/statorials.org\/pl\/kalkulatory\/","og_site_name":"Statorials","twitter_card":"summary_large_image","twitter_misc":{"Szacowany czas czytania":"2 minuty"},"schema":{"@context":"https:\/\/schema.org","@graph":[{"@type":"WebPage","@id":"https:\/\/statorials.org\/pl\/kalkulatory\/","url":"https:\/\/statorials.org\/pl\/kalkulatory\/","name":"Kalkulatory","isPartOf":{"@id":"https:\/\/statorials.org\/pl\/#website"},"datePublished":"2023-10-05T23:38:58+00:00","dateModified":"2023-10-05T23:38:58+00:00","description":"Na tej stronie znajduj\u0105 si\u0119 wszystkie kalkulatory statystyczne dost\u0119pne w witrynie Statology.","breadcrumb":{"@id":"https:\/\/statorials.org\/pl\/kalkulatory\/#breadcrumb"},"inLanguage":"pl-PL","potentialAction":[{"@type":"ReadAction","target":["https:\/\/statorials.org\/pl\/kalkulatory\/"]}]},{"@type":"BreadcrumbList","@id":"https:\/\/statorials.org\/pl\/kalkulatory\/#breadcrumb","itemListElement":[{"@type":"ListItem","position":1,"name":"Dom","item":"https:\/\/statorials.org\/pl\/"},{"@type":"ListItem","position":2,"name":"Kalkulatory"}]},{"@type":"WebSite","@id":"https:\/\/statorials.org\/pl\/#website","url":"https:\/\/statorials.org\/pl\/","name":"Statorials","description":"Tw\u00f3j przewodnik po kompetencjach statystycznych!","potentialAction":[{"@type":"SearchAction","target":{"@type":"EntryPoint","urlTemplate":"https:\/\/statorials.org\/pl\/?s={search_term_string}"},"query-input":"required name=search_term_string"}],"inLanguage":"pl-PL"}]}},"yoast_meta":{"yoast_wpseo_title":"","yoast_wpseo_metadesc":"","yoast_wpseo_canonical":""},"_links":{"self":[{"href":"https:\/\/statorials.org\/pl\/wp-json\/wp\/v2\/pages\/5135","targetHints":{"allow":["GET"]}}],"collection":[{"href":"https:\/\/statorials.org\/pl\/wp-json\/wp\/v2\/pages"}],"about":[{"href":"https:\/\/statorials.org\/pl\/wp-json\/wp\/v2\/types\/page"}],"author":[{"embeddable":true,"href":"https:\/\/statorials.org\/pl\/wp-json\/wp\/v2\/users\/1"}],"replies":[{"embeddable":true,"href":"https:\/\/statorials.org\/pl\/wp-json\/wp\/v2\/comments?post=5135"}],"version-history":[{"count":0,"href":"https:\/\/statorials.org\/pl\/wp-json\/wp\/v2\/pages\/5135\/revisions"}],"wp:attachment":[{"href":"https:\/\/statorials.org\/pl\/wp-json\/wp\/v2\/media?parent=5135"}],"curies":[{"name":"wp","href":"https:\/\/api.w.org\/{rel}","templated":true}]}}