{"id":5136,"date":"2023-10-05T22:06:32","date_gmt":"2023-10-05T22:06:32","guid":{"rendered":"https:\/\/statorials.org\/pl\/tutoriale\/"},"modified":"2023-10-05T22:06:32","modified_gmt":"2023-10-05T22:06:32","slug":"tutoriale","status":"publish","type":"page","link":"https:\/\/statorials.org\/pl\/tutoriale\/","title":{"rendered":"Poradniki"},"content":{"rendered":"<p><span style=\"color: #000000;\">Na tej stronie znajduj\u0105 si\u0119 wszystkie podstawowe tutoriale statystyczne dost\u0119pne w Statorials.<\/span><\/p>\n<p> <span style=\"color: #000000;\"><strong>Wprowadzenie do statystyki<\/strong><\/span><br \/> <strong><a href=\"https:\/\/statorials.org\/pl\/dlaczego-statystyki-sa-wazne\/\">Dlaczego statystyki s\u0105 wa\u017cne?<\/a><br \/> <a href=\"https:\/\/statorials.org\/pl\/opisowa-statystyka-wnioskowania\/\">Statystyki opisowe lub wnioskowane<\/a><br \/> <a href=\"https:\/\/statorials.org\/pl\/populacja-vs.-probka\/\">Populacja vs. pr\u00f3bka<\/a><br \/> <a href=\"https:\/\/statorials.org\/pl\/statystyki-vs-parametry\/\">Statystyki a parametry<\/a><br \/> <a href=\"https:\/\/statorials.org\/pl\/zmienne-jakosciowe-a-zmienne-ilosciowe\/\">Zmienne jako\u015bciowe i ilo\u015bciowe<\/a><br \/><\/strong><\/p>\n<p> <span style=\"color: #000000;\"><strong>Opisz dane<\/strong><\/span><br \/> <strong><a href=\"https:\/\/statorials.org\/pl\/mierzy-tendencje-centralna\/\">Pomiary tendencji centralnej<\/a><br \/> <a href=\"https:\/\/statorials.org\/pl\/skarpetki-statystyczne\/\">SOCS: przydatny akronim do opisu dystrybucji<\/a><br \/><\/strong><\/p>\n<p> <span style=\"color: #000000;\"><strong>Wizualizacja danych<\/strong><\/span><br \/> <strong><a href=\"https:\/\/statorials.org\/pl\/wasy-pude\u0142kowe\/\">Wykresy pude\u0142kowe<\/a><br \/> <a href=\"https:\/\/statorials.org\/pl\/schematy-\u0142odyg-i-lisci\/\">Dzia\u0142ki \u0142odyg i li\u015bci<\/a><br \/> <a href=\"https:\/\/statorials.org\/pl\/histogram-czestotliwosci-wzglednej-1\/\">Histogram cz\u0119stotliwo\u015bci wzgl\u0119dnej<\/a><br \/> <a href=\"https:\/\/statorials.org\/pl\/krzywe-gestosci\/\">Krzywe g\u0119sto\u015bci<\/a><br \/><\/strong><\/p>\n<p> <span style=\"color: #000000;\"><strong>Prawdopodobie\u0144stwo<\/strong><\/span><br \/> <strong><a href=\"https:\/\/statorials.org\/pl\/prawdopodobienstwo-teoretyczne-1\/\">Prawdopodobie\u0144stwo teoretyczne<\/a><br \/> <a href=\"https:\/\/statorials.org\/pl\/prawdopodobienstwo-pozniejsze\/\">Prawdopodobie\u0144stwo p\u00f3\u017aniejsze<\/a><br \/> <a href=\"https:\/\/statorials.org\/pl\/interpretowac-iloraz-szans\/\">Jak interpretowa\u0107 iloraz szans<\/a><br \/> <a href=\"https:\/\/statorials.org\/pl\/prawo-wielkich-liczb\/\">prawo wielkich liczb<\/a><br \/> <a href=\"https:\/\/statorials.org\/pl\/ogo\u0142-operacji\/\">Zdefiniuj operacje<\/a><br \/> <a href=\"https:\/\/statorials.org\/pl\/ogolna-zasada-mnozenia\/\">Og\u00f3lna zasada mno\u017cenia<\/a><br \/><\/strong><\/p>\n<p> <span style=\"color: #000000;\"><strong>Projekt badania<\/strong><\/span><br \/> <strong><a href=\"https:\/\/statorials.org\/pl\/zmienne-odpowiedzi-wyjasniajace\/\">Zmienne obja\u015bniaj\u0105ce i odpowiedzi<\/a><br \/> <a href=\"https:\/\/statorials.org\/pl\/metody-pobierania-probek\/\">Metody pobierania pr\u00f3bek<\/a><br \/> <a href=\"https:\/\/statorials.org\/pl\/reprezentatywna-probka-1\/\">Co to jest pr\u00f3bka reprezentatywna?<\/a><br \/> <a href=\"https:\/\/statorials.org\/pl\/ramka-probkowania\/\">Co to jest operat pr\u00f3bkowania?<\/a><br \/> <a href=\"https:\/\/statorials.org\/pl\/projekt-pasujacych-par\/\">Projekt pasuj\u0105cych par<\/a><br \/> <a href=\"https:\/\/statorials.org\/pl\/projekt-przed-testem-i-po-tescie\/\">Projekt przed i po te\u015bcie<\/a><br \/> <a href=\"https:\/\/statorials.org\/pl\/projekt-podzielonej-dzia\u0142ki\/\" rel=\"noopener noreferrer\">Projekt podzielonych dzia\u0142ek<\/a><br \/> <a href=\"https:\/\/statorials.org\/pl\/permutuj-randomizacje-blokow\/\">Randomizacja permutowanych blok\u00f3w<\/a><br \/> <a href=\"https:\/\/statorials.org\/pl\/probkowanie-\u0142acinskiego-hiperszescianu\/\">Pr\u00f3bkowanie \u0142aci\u0144skich hipersze\u015bcian\u00f3w<\/a><br \/><\/strong><\/p>\n<p> <span style=\"color: #000000;\"><strong>Zmienne losowe<\/strong><\/span><br \/> <strong><a href=\"https:\/\/statorials.org\/pl\/zmienne-losowe\/\">Co to s\u0105 zmienne losowe?<\/a><br \/> <a href=\"https:\/\/statorials.org\/pl\/rozk\u0142ad-normalny\/\">Rozk\u0142ad normalny<\/a><br \/> <a href=\"https:\/\/statorials.org\/pl\/dystrybucja-ryb\/\">Dystrybucja ryb<\/a><br \/> <a href=\"https:\/\/statorials.org\/pl\/rozk\u0142ad-geometryczny\/\">Rozk\u0142ad geometryczny<\/a><br \/> <a href=\"https:\/\/statorials.org\/pl\/rozk\u0142ad-wyk\u0142adniczy-1\/\">Rozk\u0142ad wyk\u0142adniczy<\/a><br \/> <a href=\"https:\/\/statorials.org\/pl\/rozk\u0142ad-hipergeometryczny-1\/\">Rozk\u0142ad hipergeometryczny<\/a><br \/> <a href=\"https:\/\/statorials.org\/pl\/rozk\u0142ad-dwumianowy-ujemny-1\/\">Ujemny rozk\u0142ad dwumianowy<\/a><br \/> <a href=\"https:\/\/statorials.org\/pl\/rozk\u0142ad-wielomianowy-1\/\">Rozk\u0142ad wielomianowy<\/a><br \/><\/strong><\/p>\n<p> <span style=\"color: #000000;\"><strong>Rozk\u0142ady pr\u00f3bkowania<\/strong><\/span><br \/> <strong><a href=\"https:\/\/statorials.org\/pl\/rozk\u0142ad-probkowania-1\/\">Co to jest rozk\u0142ad pr\u00f3bkowania?<\/a><br \/> <a href=\"https:\/\/statorials.org\/pl\/centralne-twierdzenie-graniczne\/\">Centralne twierdzenie graniczne<\/a><br \/><\/strong><\/p>\n<p> <span style=\"color: #000000;\"><strong>Przedzia\u0142y ufno\u015bci<\/strong><\/span> <strong><br \/><strong><a href=\"https:\/\/statorials.org\/pl\/przedzia\u0142y-ufnosci\/\">Co to s\u0105 przedzia\u0142y ufno\u015bci?<\/a><br \/> <a href=\"https:\/\/statorials.org\/pl\/sredni-przedzia\u0142-ufnosci\/\">Przedzia\u0142 ufno\u015bci dla \u015bredniej<\/a><br \/> <a href=\"https:\/\/statorials.org\/pl\/roznica-przedzia\u0142u-ufnosci-pomiedzy-srednimi\/\">Przedzia\u0142 ufno\u015bci dla r\u00f3\u017cnicy mi\u0119dzy \u015brednimi<\/a><br \/> <a href=\"https:\/\/statorials.org\/pl\/proporcja-przedzia\u0142u-ufnosci\/\">Przedzia\u0142 ufno\u015bci dla proporcji<\/a><br \/> <a href=\"https:\/\/statorials.org\/pl\/roznica-proporcji-przedzia\u0142u-ufnosci\/\">Przedzia\u0142 ufno\u015bci dla r\u00f3\u017cnicy proporcji<\/a><br \/> <a href=\"https:\/\/statorials.org\/pl\/odchylenie-standardowe-przedzia\u0142u-ufnosci\/\">Przedzia\u0142 ufno\u015bci dla jednego odchylenia standardowego<\/a><br \/> <a href=\"https:\/\/statorials.org\/pl\/przedzia\u0142-ufnosci-dla-mediany\/\">Przedzia\u0142 ufno\u015bci dla mediany<\/a><br \/> <a href=\"https:\/\/statorials.org\/pl\/wspo\u0142czynnik-korelacji-przedzia\u0142u-ufnosci\/\">Przedzia\u0142 ufno\u015bci dla wsp\u00f3\u0142czynnika korelacji<\/a><br \/><\/strong><\/strong><\/p>\n<p> <span style=\"color: #000000;\"><strong>Testowanie hipotez<\/strong><\/span> <strong><br \/><a href=\"https:\/\/statorials.org\/pl\/probny-test-t\/\">Pr\u00f3bny test t<\/a><br \/> <a href=\"https:\/\/statorials.org\/pl\/przetestuj-dwie-probki\/\">Test t dla dw\u00f3ch pr\u00f3bek<\/a><br \/> <a href=\"https:\/\/statorials.org\/pl\/testujesz-manna-whitneya\/\">Test U Manna \u2013 Whitneya<\/a><br \/> <a href=\"https:\/\/statorials.org\/pl\/test-t-dla-par-probek\/\">Test t dla sparowanych pr\u00f3bek<\/a><br \/> <a href=\"https:\/\/statorials.org\/pl\/probny-test-z\/\">Przyk\u0142adowy test Z<\/a><br \/> <a href=\"https:\/\/statorials.org\/pl\/za-przetestowac-dwie-probki\/\">Test Z dla dw\u00f3ch pr\u00f3bek<\/a><br \/> <a href=\"https:\/\/statorials.org\/pl\/test-proporcji-z\/\">Jednoproporcjonalny test Z<\/a><br \/> <a href=\"https:\/\/statorials.org\/pl\/za-przetestowac-dwie-proporcje\/\">Test Z dw\u00f3ch proporcji<\/a><br \/><\/strong><\/p>\n<p> <span style=\"color: #000000;\"><strong>Warto\u015bci P i wielko\u015b\u0107 efektu<\/strong><\/span><br \/> <strong><a href=\"https:\/\/statorials.org\/pl\/oto-jak-interpretowac-wartosc-p-wynoszaca-0,000\/\">Jak interpretowa\u0107 warto\u015b\u0107 P wynosz\u0105c\u0105 0,000<\/a><br \/> <a href=\"https:\/\/statorials.org\/pl\/jak-obliczyc-wartosc-pa-na-podstawie-testu-recznego\/\">Jak obliczy\u0107 warto\u015b\u0107 P z testu r\u0119cznego<\/a><br \/> <a href=\"https:\/\/statorials.org\/pl\/jak-znalezc-z-alfa-2-za-2\/\">Jak znale\u017a\u0107 Z Alpha\/2 (za\/2)<\/a><br \/> <a href=\"https:\/\/statorials.org\/pl\/wielkosc-efektu\/\">Rozmiar efektu<\/a><br \/> <a href=\"https:\/\/statorials.org\/pl\/czynnik-bayesa\/\">czynnik Bayesa<\/a><br \/><\/strong><\/p>\n<p> <span style=\"color: #000000;\"><strong>Testy chi-kwadrat<\/strong><\/span> <strong><br \/><strong><a href=\"https:\/\/statorials.org\/pl\/test-dobroci-dopasowania-chi-kwadrat\/\">Test dobroci dopasowania chi-kwadrat<\/a><br \/> <a href=\"https:\/\/statorials.org\/pl\/test-niezaleznosci-chi-kwadrat\/\">Test niezale\u017cno\u015bci chi-kwadrat<\/a><br \/> <a href=\"https:\/\/statorials.org\/pl\/dok\u0142adny-test-rybakow\/\">Dok\u0142adny test Fishera<\/a><br \/> <a href=\"https:\/\/statorials.org\/pl\/wielkosc-efektu-chi-kwadrat\/\">Wielko\u015b\u0107 efektu dla testu chi-kwadrat<\/a><br \/><\/strong><\/strong><\/p>\n<p> <span style=\"color: #000000;\"><strong>Regresja<\/strong><\/span> <strong><br \/><a href=\"https:\/\/statorials.org\/pl\/wielokrotna-regresja-liniowa\/\">Wprowadzenie do wielokrotnej regresji liniowej<\/a> <span style=\"color: #000000;\">(<\/span><a href=\"https:\/\/statorials.org\/pl\/wielokrotna-regresja-liniowa-recznie\/\" rel=\"noopener noreferrer\">r\u0119cznie<\/a> <span style=\"color: #000000;\">)<\/span><br \/> <a href=\"https:\/\/statorials.org\/pl\/test-istotnosci-nachylenia-regresji\/\">Testowanie znaczenia nachylenia regresji<\/a><br \/> <a href=\"https:\/\/statorials.org\/pl\/jak-interpretowac-wspo\u0142czynniki-regresji\/\">Jak interpretowa\u0107 wsp\u00f3\u0142czynniki regresji<\/a><br \/> <a href=\"https:\/\/statorials.org\/pl\/prosty-przewodnik-po-zrozumieniu-testu-f-pod-katem-ogolnego-znaczenia-w-regresji\/\">Test F og\u00f3lnej istotno\u015bci w regresji<\/a><br \/> <a href=\"https:\/\/statorials.org\/pl\/jak-obliczyc-reszty-w-analizie-regresji\/\">Jak obliczy\u0107 reszty w analizie regresji<\/a><br \/> <a href=\"https:\/\/statorials.org\/pl\/poganski-test-breuscha\/\">Test Breuscha-Pagana<\/a><br \/><\/strong><\/p>\n<p> <span style=\"color: #000000;\"><strong>ANOVA<\/strong><\/span><br \/> <strong><a href=\"https:\/\/statorials.org\/pl\/w-jedna-strone,-anova\/\">Jednokierunkowa ANOVA<\/a> <span style=\"color: #000000;\">(<\/span> <a href=\"https:\/\/statorials.org\/pl\/w-jedna-strone-anova-a-la-main\/\">r\u0119cznie<\/a> <span style=\"color: #000000;\">)<\/span><br \/> <a href=\"https:\/\/statorials.org\/pl\/dwukierunkowa-anova\/\" rel=\"noopener\">Dwukierunkowa ANOVA<\/a> <span style=\"color: #000000;\">(<\/span> <a href=\"https:\/\/statorials.org\/pl\/dwukierunkowa-anova-recznie\/\">r\u0119cznie<\/a> <span style=\"color: #000000;\">)<\/span><br \/> <a href=\"https:\/\/statorials.org\/pl\/trojdrozna-anova\/\">Tr\u00f3jczynnikowa ANOVA<\/a><br \/> <a href=\"https:\/\/statorials.org\/pl\/testy-post-hoc-anova\/\">Testy post-hoc ANOVA<\/a><br \/> <a href=\"https:\/\/statorials.org\/pl\/test-dunnetta\/\">Test Dunnetta dla por\u00f3wna\u0144 wielokrotnych<\/a><br \/> <a href=\"https:\/\/statorials.org\/pl\/nie-wiem-test\/\">Test Dunna dla por\u00f3wna\u0144 wielokrotnych<\/a><br \/> <a href=\"https:\/\/statorials.org\/pl\/ankowa\/\">ANKOWA<\/a><br \/> <a href=\"https:\/\/statorials.org\/pl\/test-kruskala-wallisa\/\">Test Kruskala-Wallisa<\/a><br \/> <a href=\"https:\/\/statorials.org\/pl\/test-friedmana\/\">Pr\u00f3ba Friedmana<\/a><br \/><\/strong><\/p>\n","protected":false},"excerpt":{"rendered":"<p>Na tej stronie znajduj\u0105 si\u0119 wszystkie podstawowe tutoriale statystyczne dost\u0119pne w Statorials. Wprowadzenie do statystyki Dlaczego statystyki s\u0105 wa\u017cne? Statystyki opisowe lub wnioskowane Populacja vs. pr\u00f3bka Statystyki a parametry Zmienne jako\u015bciowe i ilo\u015bciowe Opisz dane Pomiary tendencji centralnej SOCS: przydatny akronim do opisu dystrybucji Wizualizacja danych Wykresy pude\u0142kowe Dzia\u0142ki \u0142odyg i li\u015bci Histogram cz\u0119stotliwo\u015bci wzgl\u0119dnej [&hellip;]<\/p>\n","protected":false},"author":1,"featured_media":0,"parent":0,"menu_order":0,"comment_status":"closed","ping_status":"closed","template":"","meta":{"footnotes":""},"class_list":["post-5136","page","type-page","status-publish","hentry"],"yoast_head":"<!-- This site is optimized with the Yoast SEO plugin v21.5 - https:\/\/yoast.com\/wordpress\/plugins\/seo\/ -->\n<title>Poradniki<\/title>\n<meta name=\"robots\" content=\"index, follow, max-snippet:-1, max-image-preview:large, max-video-preview:-1\" \/>\n<link rel=\"canonical\" href=\"https:\/\/statorials.org\/pl\/tutoriale\/\" \/>\n<meta property=\"og:locale\" content=\"pl_PL\" \/>\n<meta property=\"og:type\" content=\"article\" \/>\n<meta property=\"og:title\" content=\"Poradniki\" \/>\n<meta property=\"og:description\" content=\"Na tej stronie znajduj\u0105 si\u0119 wszystkie podstawowe tutoriale statystyczne dost\u0119pne w Statorials. Wprowadzenie do statystyki Dlaczego statystyki s\u0105 wa\u017cne? Statystyki opisowe lub wnioskowane Populacja vs. pr\u00f3bka Statystyki a parametry Zmienne jako\u015bciowe i ilo\u015bciowe Opisz dane Pomiary tendencji centralnej SOCS: przydatny akronim do opisu dystrybucji Wizualizacja danych Wykresy pude\u0142kowe Dzia\u0142ki \u0142odyg i li\u015bci Histogram cz\u0119stotliwo\u015bci wzgl\u0119dnej [&hellip;]\" \/>\n<meta property=\"og:url\" content=\"https:\/\/statorials.org\/pl\/tutoriale\/\" \/>\n<meta property=\"og:site_name\" content=\"Statorials\" \/>\n<meta name=\"twitter:card\" content=\"summary_large_image\" \/>\n<meta name=\"twitter:label1\" content=\"Szacowany czas czytania\" \/>\n\t<meta name=\"twitter:data1\" content=\"2 minuty\" \/>\n<script type=\"application\/ld+json\" class=\"yoast-schema-graph\">{\"@context\":\"https:\/\/schema.org\",\"@graph\":[{\"@type\":\"WebPage\",\"@id\":\"https:\/\/statorials.org\/pl\/tutoriale\/\",\"url\":\"https:\/\/statorials.org\/pl\/tutoriale\/\",\"name\":\"Poradniki\",\"isPartOf\":{\"@id\":\"https:\/\/statorials.org\/pl\/#website\"},\"datePublished\":\"2023-10-05T22:06:32+00:00\",\"dateModified\":\"2023-10-05T22:06:32+00:00\",\"breadcrumb\":{\"@id\":\"https:\/\/statorials.org\/pl\/tutoriale\/#breadcrumb\"},\"inLanguage\":\"pl-PL\",\"potentialAction\":[{\"@type\":\"ReadAction\",\"target\":[\"https:\/\/statorials.org\/pl\/tutoriale\/\"]}]},{\"@type\":\"BreadcrumbList\",\"@id\":\"https:\/\/statorials.org\/pl\/tutoriale\/#breadcrumb\",\"itemListElement\":[{\"@type\":\"ListItem\",\"position\":1,\"name\":\"Dom\",\"item\":\"https:\/\/statorials.org\/pl\/\"},{\"@type\":\"ListItem\",\"position\":2,\"name\":\"Poradniki\"}]},{\"@type\":\"WebSite\",\"@id\":\"https:\/\/statorials.org\/pl\/#website\",\"url\":\"https:\/\/statorials.org\/pl\/\",\"name\":\"Statorials\",\"description\":\"Tw\u00f3j przewodnik po kompetencjach statystycznych!\",\"potentialAction\":[{\"@type\":\"SearchAction\",\"target\":{\"@type\":\"EntryPoint\",\"urlTemplate\":\"https:\/\/statorials.org\/pl\/?s={search_term_string}\"},\"query-input\":\"required name=search_term_string\"}],\"inLanguage\":\"pl-PL\"}]}<\/script>\n<!-- \/ Yoast SEO plugin. -->","yoast_head_json":{"title":"Poradniki","robots":{"index":"index","follow":"follow","max-snippet":"max-snippet:-1","max-image-preview":"max-image-preview:large","max-video-preview":"max-video-preview:-1"},"canonical":"https:\/\/statorials.org\/pl\/tutoriale\/","og_locale":"pl_PL","og_type":"article","og_title":"Poradniki","og_description":"Na tej stronie znajduj\u0105 si\u0119 wszystkie podstawowe tutoriale statystyczne dost\u0119pne w Statorials. Wprowadzenie do statystyki Dlaczego statystyki s\u0105 wa\u017cne? Statystyki opisowe lub wnioskowane Populacja vs. pr\u00f3bka Statystyki a parametry Zmienne jako\u015bciowe i ilo\u015bciowe Opisz dane Pomiary tendencji centralnej SOCS: przydatny akronim do opisu dystrybucji Wizualizacja danych Wykresy pude\u0142kowe Dzia\u0142ki \u0142odyg i li\u015bci Histogram cz\u0119stotliwo\u015bci wzgl\u0119dnej [&hellip;]","og_url":"https:\/\/statorials.org\/pl\/tutoriale\/","og_site_name":"Statorials","twitter_card":"summary_large_image","twitter_misc":{"Szacowany czas czytania":"2 minuty"},"schema":{"@context":"https:\/\/schema.org","@graph":[{"@type":"WebPage","@id":"https:\/\/statorials.org\/pl\/tutoriale\/","url":"https:\/\/statorials.org\/pl\/tutoriale\/","name":"Poradniki","isPartOf":{"@id":"https:\/\/statorials.org\/pl\/#website"},"datePublished":"2023-10-05T22:06:32+00:00","dateModified":"2023-10-05T22:06:32+00:00","breadcrumb":{"@id":"https:\/\/statorials.org\/pl\/tutoriale\/#breadcrumb"},"inLanguage":"pl-PL","potentialAction":[{"@type":"ReadAction","target":["https:\/\/statorials.org\/pl\/tutoriale\/"]}]},{"@type":"BreadcrumbList","@id":"https:\/\/statorials.org\/pl\/tutoriale\/#breadcrumb","itemListElement":[{"@type":"ListItem","position":1,"name":"Dom","item":"https:\/\/statorials.org\/pl\/"},{"@type":"ListItem","position":2,"name":"Poradniki"}]},{"@type":"WebSite","@id":"https:\/\/statorials.org\/pl\/#website","url":"https:\/\/statorials.org\/pl\/","name":"Statorials","description":"Tw\u00f3j przewodnik po kompetencjach statystycznych!","potentialAction":[{"@type":"SearchAction","target":{"@type":"EntryPoint","urlTemplate":"https:\/\/statorials.org\/pl\/?s={search_term_string}"},"query-input":"required name=search_term_string"}],"inLanguage":"pl-PL"}]}},"yoast_meta":{"yoast_wpseo_title":"","yoast_wpseo_metadesc":"","yoast_wpseo_canonical":""},"_links":{"self":[{"href":"https:\/\/statorials.org\/pl\/wp-json\/wp\/v2\/pages\/5136","targetHints":{"allow":["GET"]}}],"collection":[{"href":"https:\/\/statorials.org\/pl\/wp-json\/wp\/v2\/pages"}],"about":[{"href":"https:\/\/statorials.org\/pl\/wp-json\/wp\/v2\/types\/page"}],"author":[{"embeddable":true,"href":"https:\/\/statorials.org\/pl\/wp-json\/wp\/v2\/users\/1"}],"replies":[{"embeddable":true,"href":"https:\/\/statorials.org\/pl\/wp-json\/wp\/v2\/comments?post=5136"}],"version-history":[{"count":0,"href":"https:\/\/statorials.org\/pl\/wp-json\/wp\/v2\/pages\/5136\/revisions"}],"wp:attachment":[{"href":"https:\/\/statorials.org\/pl\/wp-json\/wp\/v2\/media?parent=5136"}],"curies":[{"name":"wp","href":"https:\/\/api.w.org\/{rel}","templated":true}]}}