{"id":5137,"date":"2023-10-05T19:36:35","date_gmt":"2023-10-05T19:36:35","guid":{"rendered":"https:\/\/statorials.org\/pl\/stoly\/"},"modified":"2023-10-05T19:36:35","modified_gmt":"2023-10-05T19:36:35","slug":"stoly","status":"publish","type":"page","link":"https:\/\/statorials.org\/pl\/stoly\/","title":{"rendered":"Sto\u0142y"},"content":{"rendered":"<p><span style=\"color: #000000;\">Na tej stronie znajduj\u0105 si\u0119 wszystkie tabele warto\u015bci krytycznych dost\u0119pne w Statorials, a tak\u017ce kilka samouczk\u00f3w dotycz\u0105cych korzystania z tych tabel.<\/span><\/p>\n<h3> <span style=\"color: #000000;\"><strong>Jak korzysta\u0107 z tabel warto\u015bci krytycznych<\/strong><\/span><\/h3>\n<p> <strong><a href=\"https:\/\/statorials.org\/pl\/oto-jak-znalezc-wartosc-p-z-tablicy-rozk\u0142adu-f\/\">Jak znale\u017a\u0107 warto\u015b\u0107 P z tabeli rozk\u0142adu F<\/a><br \/> <a href=\"https:\/\/statorials.org\/pl\/oto-jak-znalezc-wartosc-p-tablicy-rozk\u0142adu-t\/\">Jak znale\u017a\u0107 warto\u015b\u0107 P z tabeli rozk\u0142adu t<\/a><br \/> <a href=\"https:\/\/statorials.org\/pl\/jak-znalezc-wartosc-p-tabeli-rozk\u0142adu-chi-kwadrat\/\">Jak znale\u017a\u0107 warto\u015b\u0107 P z tabeli rozk\u0142adu chi-kwadrat<\/a><br \/> <a href=\"https:\/\/statorials.org\/pl\/jak-czytac-tablice-rozk\u0142adu-dwumianowego\/\">Jak czyta\u0107 tabel\u0119 rozk\u0142adu dwumianowego<\/a><br \/> <a href=\"https:\/\/statorials.org\/pl\/jak-czytac-tablice-rozk\u0142adow-f\/\">Jak czyta\u0107 tablic\u0119 rozdzielcz\u0105 F<\/a><br \/> <a href=\"https:\/\/statorials.org\/pl\/jak-czytac-tablice-rozk\u0142adu-t\/\">Jak czyta\u0107 tablic\u0119 rozk\u0142adu t<\/a><br \/> <a href=\"https:\/\/statorials.org\/pl\/jak-czytac-tabele-rozk\u0142adu-chi-kwadrat\/\">Jak czyta\u0107 tabel\u0119 rozk\u0142adu chi-kwadrat<\/a><br \/> <a href=\"https:\/\/statorials.org\/pl\/jak-korzystac-z-tabeli-z\/\">Jak korzysta\u0107 z tabeli Z<\/a><br \/><\/strong><\/p>\n","protected":false},"excerpt":{"rendered":"<p>Na tej stronie znajduj\u0105 si\u0119 wszystkie tabele warto\u015bci krytycznych dost\u0119pne w Statorials, a tak\u017ce kilka samouczk\u00f3w dotycz\u0105cych korzystania z tych tabel. Jak korzysta\u0107 z tabel warto\u015bci krytycznych Jak znale\u017a\u0107 warto\u015b\u0107 P z tabeli rozk\u0142adu F Jak znale\u017a\u0107 warto\u015b\u0107 P z tabeli rozk\u0142adu t Jak znale\u017a\u0107 warto\u015b\u0107 P z tabeli rozk\u0142adu chi-kwadrat Jak czyta\u0107 tabel\u0119 rozk\u0142adu [&hellip;]<\/p>\n","protected":false},"author":1,"featured_media":0,"parent":0,"menu_order":0,"comment_status":"closed","ping_status":"closed","template":"","meta":{"footnotes":""},"class_list":["post-5137","page","type-page","status-publish","hentry"],"yoast_head":"<!-- This site is optimized with the Yoast SEO plugin v21.5 - https:\/\/yoast.com\/wordpress\/plugins\/seo\/ -->\n<title>sto\u0142y<\/title>\n<meta name=\"robots\" content=\"index, follow, max-snippet:-1, max-image-preview:large, max-video-preview:-1\" \/>\n<link rel=\"canonical\" href=\"https:\/\/statorials.org\/pl\/stoly\/\" \/>\n<meta property=\"og:locale\" content=\"pl_PL\" \/>\n<meta property=\"og:type\" content=\"article\" \/>\n<meta property=\"og:title\" content=\"sto\u0142y\" \/>\n<meta property=\"og:description\" content=\"Na tej stronie znajduj\u0105 si\u0119 wszystkie tabele warto\u015bci krytycznych dost\u0119pne w Statorials, a tak\u017ce kilka samouczk\u00f3w dotycz\u0105cych korzystania z tych tabel. Jak korzysta\u0107 z tabel warto\u015bci krytycznych Jak znale\u017a\u0107 warto\u015b\u0107 P z tabeli rozk\u0142adu F Jak znale\u017a\u0107 warto\u015b\u0107 P z tabeli rozk\u0142adu t Jak znale\u017a\u0107 warto\u015b\u0107 P z tabeli rozk\u0142adu chi-kwadrat Jak czyta\u0107 tabel\u0119 rozk\u0142adu [&hellip;]\" \/>\n<meta property=\"og:url\" content=\"https:\/\/statorials.org\/pl\/stoly\/\" \/>\n<meta property=\"og:site_name\" content=\"Statorials\" \/>\n<meta name=\"twitter:card\" content=\"summary_large_image\" \/>\n<script type=\"application\/ld+json\" class=\"yoast-schema-graph\">{\"@context\":\"https:\/\/schema.org\",\"@graph\":[{\"@type\":\"WebPage\",\"@id\":\"https:\/\/statorials.org\/pl\/stoly\/\",\"url\":\"https:\/\/statorials.org\/pl\/stoly\/\",\"name\":\"sto\u0142y\",\"isPartOf\":{\"@id\":\"https:\/\/statorials.org\/pl\/#website\"},\"datePublished\":\"2023-10-05T19:36:35+00:00\",\"dateModified\":\"2023-10-05T19:36:35+00:00\",\"breadcrumb\":{\"@id\":\"https:\/\/statorials.org\/pl\/stoly\/#breadcrumb\"},\"inLanguage\":\"pl-PL\",\"potentialAction\":[{\"@type\":\"ReadAction\",\"target\":[\"https:\/\/statorials.org\/pl\/stoly\/\"]}]},{\"@type\":\"BreadcrumbList\",\"@id\":\"https:\/\/statorials.org\/pl\/stoly\/#breadcrumb\",\"itemListElement\":[{\"@type\":\"ListItem\",\"position\":1,\"name\":\"Dom\",\"item\":\"https:\/\/statorials.org\/pl\/\"},{\"@type\":\"ListItem\",\"position\":2,\"name\":\"Sto\u0142y\"}]},{\"@type\":\"WebSite\",\"@id\":\"https:\/\/statorials.org\/pl\/#website\",\"url\":\"https:\/\/statorials.org\/pl\/\",\"name\":\"Statorials\",\"description\":\"Tw\u00f3j przewodnik po kompetencjach statystycznych!\",\"potentialAction\":[{\"@type\":\"SearchAction\",\"target\":{\"@type\":\"EntryPoint\",\"urlTemplate\":\"https:\/\/statorials.org\/pl\/?s={search_term_string}\"},\"query-input\":\"required name=search_term_string\"}],\"inLanguage\":\"pl-PL\"}]}<\/script>\n<!-- \/ Yoast SEO plugin. -->","yoast_head_json":{"title":"sto\u0142y","robots":{"index":"index","follow":"follow","max-snippet":"max-snippet:-1","max-image-preview":"max-image-preview:large","max-video-preview":"max-video-preview:-1"},"canonical":"https:\/\/statorials.org\/pl\/stoly\/","og_locale":"pl_PL","og_type":"article","og_title":"sto\u0142y","og_description":"Na tej stronie znajduj\u0105 si\u0119 wszystkie tabele warto\u015bci krytycznych dost\u0119pne w Statorials, a tak\u017ce kilka samouczk\u00f3w dotycz\u0105cych korzystania z tych tabel. Jak korzysta\u0107 z tabel warto\u015bci krytycznych Jak znale\u017a\u0107 warto\u015b\u0107 P z tabeli rozk\u0142adu F Jak znale\u017a\u0107 warto\u015b\u0107 P z tabeli rozk\u0142adu t Jak znale\u017a\u0107 warto\u015b\u0107 P z tabeli rozk\u0142adu chi-kwadrat Jak czyta\u0107 tabel\u0119 rozk\u0142adu [&hellip;]","og_url":"https:\/\/statorials.org\/pl\/stoly\/","og_site_name":"Statorials","twitter_card":"summary_large_image","schema":{"@context":"https:\/\/schema.org","@graph":[{"@type":"WebPage","@id":"https:\/\/statorials.org\/pl\/stoly\/","url":"https:\/\/statorials.org\/pl\/stoly\/","name":"sto\u0142y","isPartOf":{"@id":"https:\/\/statorials.org\/pl\/#website"},"datePublished":"2023-10-05T19:36:35+00:00","dateModified":"2023-10-05T19:36:35+00:00","breadcrumb":{"@id":"https:\/\/statorials.org\/pl\/stoly\/#breadcrumb"},"inLanguage":"pl-PL","potentialAction":[{"@type":"ReadAction","target":["https:\/\/statorials.org\/pl\/stoly\/"]}]},{"@type":"BreadcrumbList","@id":"https:\/\/statorials.org\/pl\/stoly\/#breadcrumb","itemListElement":[{"@type":"ListItem","position":1,"name":"Dom","item":"https:\/\/statorials.org\/pl\/"},{"@type":"ListItem","position":2,"name":"Sto\u0142y"}]},{"@type":"WebSite","@id":"https:\/\/statorials.org\/pl\/#website","url":"https:\/\/statorials.org\/pl\/","name":"Statorials","description":"Tw\u00f3j przewodnik po kompetencjach statystycznych!","potentialAction":[{"@type":"SearchAction","target":{"@type":"EntryPoint","urlTemplate":"https:\/\/statorials.org\/pl\/?s={search_term_string}"},"query-input":"required name=search_term_string"}],"inLanguage":"pl-PL"}]}},"yoast_meta":{"yoast_wpseo_title":"","yoast_wpseo_metadesc":"","yoast_wpseo_canonical":""},"_links":{"self":[{"href":"https:\/\/statorials.org\/pl\/wp-json\/wp\/v2\/pages\/5137","targetHints":{"allow":["GET"]}}],"collection":[{"href":"https:\/\/statorials.org\/pl\/wp-json\/wp\/v2\/pages"}],"about":[{"href":"https:\/\/statorials.org\/pl\/wp-json\/wp\/v2\/types\/page"}],"author":[{"embeddable":true,"href":"https:\/\/statorials.org\/pl\/wp-json\/wp\/v2\/users\/1"}],"replies":[{"embeddable":true,"href":"https:\/\/statorials.org\/pl\/wp-json\/wp\/v2\/comments?post=5137"}],"version-history":[{"count":0,"href":"https:\/\/statorials.org\/pl\/wp-json\/wp\/v2\/pages\/5137\/revisions"}],"wp:attachment":[{"href":"https:\/\/statorials.org\/pl\/wp-json\/wp\/v2\/media?parent=5137"}],"curies":[{"name":"wp","href":"https:\/\/api.w.org\/{rel}","templated":true}]}}