{"id":5142,"date":"2023-10-05T07:33:31","date_gmt":"2023-10-05T07:33:31","guid":{"rendered":"https:\/\/statorials.org\/pl\/samouczki-dotyczace-uczenia-maszynowego\/"},"modified":"2023-10-05T07:33:31","modified_gmt":"2023-10-05T07:33:31","slug":"samouczki-dotyczace-uczenia-maszynowego","status":"publish","type":"page","link":"https:\/\/statorials.org\/pl\/samouczki-dotyczace-uczenia-maszynowego\/","title":{"rendered":"Samouczki dotycz\u0105ce uczenia maszynowego"},"content":{"rendered":"<p><span style=\"color: #000000;\">Na tej stronie znajduj\u0105 si\u0119 wszystkie samouczki dotycz\u0105ce uczenia maszynowego dost\u0119pne w Statorials.<\/span><\/p>\n<p> <span style=\"color: #000000;\"><strong>Wprowadzenie do uczenia maszynowego<\/strong><\/span><br \/> <strong><a href=\"https:\/\/statorials.org\/pl\/uczenie-sie-nadzorowane-a-uczenie-sie-bez-nadzoru\/\">Uczenie si\u0119 pod nadzorem lub bez nadzoru<\/a><br \/> <a href=\"https:\/\/statorials.org\/pl\/regresja-a-klasyfikacja\/\">Algorytmy regresji i klasyfikacji<\/a><br \/> <a href=\"https:\/\/statorials.org\/pl\/kompromis-wariancji-uprzedzen\/\">Kompromis odchylenia i wariancji<\/a><\/strong><\/p>\n<p> <span style=\"color: #000000;\"><strong>Regresja liniowa<\/strong><\/span><br \/> <strong><a href=\"https:\/\/statorials.org\/pl\/regresja-liniowa-1\/\">Prosta regresja liniowa<\/a><\/strong> <span style=\"color: #000000;\">( <a href=\"https:\/\/statorials.org\/pl\/prosta-regresja-liniowa-w-r\/\">R<\/a> , <a href=\"https:\/\/statorials.org\/pl\/prosta-regresja-liniowa-w-pythonie\/\">Python<\/a> )<br \/><\/span> <strong><a href=\"https:\/\/statorials.org\/pl\/wielokrotna-regresja-liniowa\/\">Wielokrotna regresja liniowa<\/a><\/strong> <span style=\"color: #000000;\">( <a href=\"https:\/\/statorials.org\/pl\/wielokrotna-regresja-liniowa-r\/\">R<\/a> , <a href=\"https:\/\/statorials.org\/pl\/python-regresji-liniowej\/\">Python<\/a> )<br \/><\/span><\/p>\n<p> <span style=\"color: #000000;\"><strong>Klasyfikacja<\/strong><\/span><br \/> <strong><a href=\"https:\/\/statorials.org\/pl\/regresja-logistyczna-1\/\">Regresja logistyczna<\/a><\/strong> <span style=\"color: #000000;\">(R, <a href=\"https:\/\/statorials.org\/pl\/python-regresji-logistycznej\/\">Python<\/a> )<\/span><br \/> <strong><a href=\"https:\/\/statorials.org\/pl\/liniowa-analiza-dyskryminacyjna\/\">Liniowa analiza dyskryminacyjna<\/a><\/strong> <span style=\"color: #000000;\">( <a href=\"https:\/\/statorials.org\/pl\/liniowa-analiza-dyskryminacyjna-w-r\/\">R<\/a> , <a href=\"https:\/\/statorials.org\/pl\/liniowa-analiza-dyskryminacyjna-w-pythonie\/\">Python<\/a> )<\/span><br \/> <strong><a href=\"https:\/\/statorials.org\/pl\/kwadratowa-analiza-dyskryminacyjna\/\">Kwadratowa analiza dyskryminacyjna<\/a><\/strong> <span style=\"color: #000000;\">( <a href=\"https:\/\/statorials.org\/pl\/kwadratowa-analiza-dyskryminacyjna-w-r\/\">R<\/a> , <a href=\"https:\/\/statorials.org\/pl\/kwadratowa-analiza-dyskryminacyjna-w-pythonie\/\">Python<\/a> )<\/span><\/p>\n<p> <span style=\"color: #000000;\"><strong>Jak oceni\u0107 adekwatno\u015b\u0107 modelu<\/strong><\/span><br \/> <strong><a href=\"https:\/\/statorials.org\/pl\/nadmierne-dopasowanie-uczenia-maszynowego\/\">Co to jest nadmierne dopasowanie?<\/a><br \/> <a href=\"https:\/\/statorials.org\/pl\/pozostaw-pojedyncza-weryfikacje-krzyzowa\/\">Walidacja krzy\u017cowa typu Leave-One-Out<\/a><\/strong> <span style=\"color: #000000;\">( <a href=\"https:\/\/statorials.org\/pl\/pozostaw-weryfikacje-krzyzowa-w-r\/\">R<\/a> , <a href=\"https:\/\/statorials.org\/pl\/wypusc-sprawdzanie-krzyzowe-w-pythonie\/\">Python<\/a> )<\/span><br \/> <strong><a href=\"https:\/\/statorials.org\/pl\/k-krotna-walidacja-krzyzowa\/\">Walidacja krzy\u017cowa K-Fold<\/a><\/strong> <span style=\"color: #000000;\">( <a href=\"https:\/\/statorials.org\/pl\/k-krotna-walidacja-krzyzowa-w-r\/\">R<\/a> , <a href=\"https:\/\/statorials.org\/pl\/k-krotna-weryfikacja-krzyzowa-w-pythonie\/\">Python<\/a> )<\/span><\/p>\n<p> <strong><span style=\"color: #000000;\">Wyb\u00f3r modelu<br \/><\/span> <a href=\"https:\/\/statorials.org\/pl\/najlepszy-wybor-podzbiorow\/\">Najlepszy wyb\u00f3r podzbioru<\/a><br \/> <a href=\"https:\/\/statorials.org\/pl\/selekcja-etapami\/\">Wyb\u00f3r krokowy<\/a><\/strong> <span style=\"color: #000000;\">( <a href=\"https:\/\/statorials.org\/pl\/regresja-krok-po-kroku-r\/\">R<\/a> )<\/span><\/p>\n<p> <span style=\"color: #000000;\"><strong>Regularyzacja<\/strong><\/span><br \/> <strong><a href=\"https:\/\/statorials.org\/pl\/regresja-grzbietu\/\">Regresja grzbietu<\/a><\/strong> <span style=\"color: #000000;\">( <a href=\"https:\/\/statorials.org\/pl\/regresja-grzebienia-w-r\/\">R<\/a> , <a href=\"https:\/\/statorials.org\/pl\/regresja-grzebienia-w-pythonie\/\">Python<\/a> )<\/span><br \/> <strong><a href=\"https:\/\/statorials.org\/pl\/regresja-lassa\/\">Regresja Lasso<\/a><\/strong> <span style=\"color: #000000;\">( <a href=\"https:\/\/statorials.org\/pl\/regresja-lasso-w-r\/\">R<\/a> , <a href=\"https:\/\/statorials.org\/pl\/regresja-lasso-w-pythonie\/\">Python<\/a> )<\/span><\/p>\n<p> <strong><span style=\"color: #000000;\">Redukcja wymiarowa<br \/><\/span> <a href=\"https:\/\/statorials.org\/pl\/regresja-g\u0142ownych-sk\u0142adnikow\/\">Regresja g\u0142\u00f3wnych sk\u0142adnik\u00f3w<\/a><\/strong> <span style=\"color: #000000;\"><a href=\"https:\/\/statorials.org\/pl\/regresja-g\u0142ownych-sk\u0142adnikow-w-r\/\">(R<\/a> , <a href=\"https:\/\/statorials.org\/pl\/regresja-g\u0142ownych-sk\u0142adnikow-w-pythonie\/\">Python<\/a> )<\/span><br \/> <strong><a href=\"https:\/\/statorials.org\/pl\/czesciowe-metody-najmniejszych-kwadratow\/\">Cz\u0119\u015bciowe najmniejsze kwadraty<\/a><\/strong> <span style=\"color: #000000;\">( <a href=\"https:\/\/statorials.org\/pl\/czesciowe-najmniejsze-kwadraty-w-r\/\">R<\/a> , <a href=\"https:\/\/statorials.org\/pl\/najmniej-czesciowe-krawedzie-w-pythonie\/\">Python<\/a> )<\/span><\/p>\n<p> <strong><span style=\"color: #000000;\">Zaawansowane modele regresji<\/span><br \/> <a href=\"https:\/\/statorials.org\/pl\/regresja-wielomianowa-1\/\">Regresja wielomianowa<\/a><\/strong> <span style=\"color: #000000;\">( <a href=\"https:\/\/statorials.org\/pl\/regresja-wielomianowa-r\/\" target=\"_blank\" rel=\"noopener noreferrer\">R<\/a> , <a href=\"https:\/\/statorials.org\/pl\/python-regresji-wielomianowej\/\" target=\"_blank\" rel=\"noopener noreferrer\">Python<\/a> )<\/span><br \/> <strong><a href=\"https:\/\/statorials.org\/pl\/wielowymiarowe-krzywe-regresji-adaptacyjnej\/\" rel=\"noopener noreferrer\">Wielowymiarowe krzywe regresji adaptacyjnej<\/a><\/strong> <span style=\"color: #000000;\">( <a href=\"https:\/\/statorials.org\/pl\/wielowymiarowe-krzywe-regresji-adaptacyjnej-w-r\/\">R<\/a> , Python)<\/span><\/p>\n<p> <span style=\"color: #000000;\"><strong>Metody oparte na drzewach<\/strong><\/span><br \/> <strong><a href=\"https:\/\/statorials.org\/pl\/drzewa-klasyfikacji-i-regresji\/\">Drzewa klasyfikacji i regresji<\/a><\/strong> <span style=\"color: #000000;\">( <a href=\"https:\/\/statorials.org\/pl\/drzewa-klasyfikacyjne-i-regresyjne-w-r\/\">R<\/a> )<\/span><br \/> <strong><a href=\"https:\/\/statorials.org\/pl\/uczenie-maszynowe-pakowania\/\">Pakowanie<\/a><\/strong> <span style=\"color: #000000;\">( <a href=\"https:\/\/statorials.org\/pl\/pakowanie-w-r\/\">R<\/a> )<\/span><br \/> <strong><a href=\"https:\/\/statorials.org\/pl\/losowe-cwiczenia\/\">Losowe lasy<\/a><\/strong> <span style=\"color: #000000;\">( <a href=\"https:\/\/statorials.org\/pl\/losowe-cwiczenie-w-r\/\">R<\/a> )<\/span><br \/> <strong><a href=\"https:\/\/statorials.org\/pl\/usprawnic-uczenie-maszynowe\/\">Wzmocnienie<\/a><\/strong> <span style=\"color: #000000;\">( <a href=\"https:\/\/statorials.org\/pl\/xgboost-w-r\/\">R<\/a> )<\/span><\/p>\n<p> <span style=\"color: #000000;\"><strong>Uczenie si\u0119 bez nadzoru<\/strong><\/span> <strong><br \/><a href=\"https:\/\/statorials.org\/pl\/analiza-g\u0142ownych-sk\u0142adowych-w-r\/\" rel=\"noopener noreferrer\">Analiza g\u0142\u00f3wnych sk\u0142adowych w R<\/a><br \/> <a href=\"https:\/\/statorials.org\/pl\/k-oznacza-grupowanie-w-r\/\">Grupowanie K-\u015brednich w R<\/a><br \/> <a href=\"https:\/\/statorials.org\/pl\/k-medoidow-w-r\/\">Klaster K-Medoids w R<\/a><br \/><\/strong><\/p>\n","protected":false},"excerpt":{"rendered":"<p>Na tej stronie znajduj\u0105 si\u0119 wszystkie samouczki dotycz\u0105ce uczenia maszynowego dost\u0119pne w Statorials. Wprowadzenie do uczenia maszynowego Uczenie si\u0119 pod nadzorem lub bez nadzoru Algorytmy regresji i klasyfikacji Kompromis odchylenia i wariancji Regresja liniowa Prosta regresja liniowa ( R , Python ) Wielokrotna regresja liniowa ( R , Python ) Klasyfikacja Regresja logistyczna (R, Python [&hellip;]<\/p>\n","protected":false},"author":1,"featured_media":0,"parent":0,"menu_order":0,"comment_status":"closed","ping_status":"closed","template":"","meta":{"footnotes":""},"class_list":["post-5142","page","type-page","status-publish","hentry"],"yoast_head":"<!-- This site is optimized with the Yoast SEO plugin v21.5 - https:\/\/yoast.com\/wordpress\/plugins\/seo\/ -->\n<title>Samouczki dotycz\u0105ce uczenia maszynowego<\/title>\n<meta name=\"robots\" content=\"index, follow, max-snippet:-1, max-image-preview:large, max-video-preview:-1\" \/>\n<link rel=\"canonical\" href=\"https:\/\/statorials.org\/pl\/samouczki-dotyczace-uczenia-maszynowego\/\" \/>\n<meta property=\"og:locale\" content=\"pl_PL\" \/>\n<meta property=\"og:type\" content=\"article\" \/>\n<meta property=\"og:title\" content=\"Samouczki dotycz\u0105ce uczenia maszynowego\" \/>\n<meta property=\"og:description\" content=\"Na tej stronie znajduj\u0105 si\u0119 wszystkie samouczki dotycz\u0105ce uczenia maszynowego dost\u0119pne w Statorials. Wprowadzenie do uczenia maszynowego Uczenie si\u0119 pod nadzorem lub bez nadzoru Algorytmy regresji i klasyfikacji Kompromis odchylenia i wariancji Regresja liniowa Prosta regresja liniowa ( R , Python ) Wielokrotna regresja liniowa ( R , Python ) Klasyfikacja Regresja logistyczna (R, Python [&hellip;]\" \/>\n<meta property=\"og:url\" content=\"https:\/\/statorials.org\/pl\/samouczki-dotyczace-uczenia-maszynowego\/\" \/>\n<meta property=\"og:site_name\" content=\"Statorials\" \/>\n<meta name=\"twitter:card\" content=\"summary_large_image\" \/>\n<meta name=\"twitter:label1\" content=\"Szacowany czas czytania\" \/>\n\t<meta name=\"twitter:data1\" content=\"1 minuta\" \/>\n<script type=\"application\/ld+json\" class=\"yoast-schema-graph\">{\"@context\":\"https:\/\/schema.org\",\"@graph\":[{\"@type\":\"WebPage\",\"@id\":\"https:\/\/statorials.org\/pl\/samouczki-dotyczace-uczenia-maszynowego\/\",\"url\":\"https:\/\/statorials.org\/pl\/samouczki-dotyczace-uczenia-maszynowego\/\",\"name\":\"Samouczki dotycz\u0105ce uczenia maszynowego\",\"isPartOf\":{\"@id\":\"https:\/\/statorials.org\/pl\/#website\"},\"datePublished\":\"2023-10-05T07:33:31+00:00\",\"dateModified\":\"2023-10-05T07:33:31+00:00\",\"breadcrumb\":{\"@id\":\"https:\/\/statorials.org\/pl\/samouczki-dotyczace-uczenia-maszynowego\/#breadcrumb\"},\"inLanguage\":\"pl-PL\",\"potentialAction\":[{\"@type\":\"ReadAction\",\"target\":[\"https:\/\/statorials.org\/pl\/samouczki-dotyczace-uczenia-maszynowego\/\"]}]},{\"@type\":\"BreadcrumbList\",\"@id\":\"https:\/\/statorials.org\/pl\/samouczki-dotyczace-uczenia-maszynowego\/#breadcrumb\",\"itemListElement\":[{\"@type\":\"ListItem\",\"position\":1,\"name\":\"Dom\",\"item\":\"https:\/\/statorials.org\/pl\/\"},{\"@type\":\"ListItem\",\"position\":2,\"name\":\"Samouczki dotycz\u0105ce uczenia maszynowego\"}]},{\"@type\":\"WebSite\",\"@id\":\"https:\/\/statorials.org\/pl\/#website\",\"url\":\"https:\/\/statorials.org\/pl\/\",\"name\":\"Statorials\",\"description\":\"Tw\u00f3j przewodnik po kompetencjach statystycznych!\",\"potentialAction\":[{\"@type\":\"SearchAction\",\"target\":{\"@type\":\"EntryPoint\",\"urlTemplate\":\"https:\/\/statorials.org\/pl\/?s={search_term_string}\"},\"query-input\":\"required name=search_term_string\"}],\"inLanguage\":\"pl-PL\"}]}<\/script>\n<!-- \/ Yoast SEO plugin. -->","yoast_head_json":{"title":"Samouczki dotycz\u0105ce uczenia maszynowego","robots":{"index":"index","follow":"follow","max-snippet":"max-snippet:-1","max-image-preview":"max-image-preview:large","max-video-preview":"max-video-preview:-1"},"canonical":"https:\/\/statorials.org\/pl\/samouczki-dotyczace-uczenia-maszynowego\/","og_locale":"pl_PL","og_type":"article","og_title":"Samouczki dotycz\u0105ce uczenia maszynowego","og_description":"Na tej stronie znajduj\u0105 si\u0119 wszystkie samouczki dotycz\u0105ce uczenia maszynowego dost\u0119pne w Statorials. Wprowadzenie do uczenia maszynowego Uczenie si\u0119 pod nadzorem lub bez nadzoru Algorytmy regresji i klasyfikacji Kompromis odchylenia i wariancji Regresja liniowa Prosta regresja liniowa ( R , Python ) Wielokrotna regresja liniowa ( R , Python ) Klasyfikacja Regresja logistyczna (R, Python [&hellip;]","og_url":"https:\/\/statorials.org\/pl\/samouczki-dotyczace-uczenia-maszynowego\/","og_site_name":"Statorials","twitter_card":"summary_large_image","twitter_misc":{"Szacowany czas czytania":"1 minuta"},"schema":{"@context":"https:\/\/schema.org","@graph":[{"@type":"WebPage","@id":"https:\/\/statorials.org\/pl\/samouczki-dotyczace-uczenia-maszynowego\/","url":"https:\/\/statorials.org\/pl\/samouczki-dotyczace-uczenia-maszynowego\/","name":"Samouczki dotycz\u0105ce uczenia maszynowego","isPartOf":{"@id":"https:\/\/statorials.org\/pl\/#website"},"datePublished":"2023-10-05T07:33:31+00:00","dateModified":"2023-10-05T07:33:31+00:00","breadcrumb":{"@id":"https:\/\/statorials.org\/pl\/samouczki-dotyczace-uczenia-maszynowego\/#breadcrumb"},"inLanguage":"pl-PL","potentialAction":[{"@type":"ReadAction","target":["https:\/\/statorials.org\/pl\/samouczki-dotyczace-uczenia-maszynowego\/"]}]},{"@type":"BreadcrumbList","@id":"https:\/\/statorials.org\/pl\/samouczki-dotyczace-uczenia-maszynowego\/#breadcrumb","itemListElement":[{"@type":"ListItem","position":1,"name":"Dom","item":"https:\/\/statorials.org\/pl\/"},{"@type":"ListItem","position":2,"name":"Samouczki dotycz\u0105ce uczenia maszynowego"}]},{"@type":"WebSite","@id":"https:\/\/statorials.org\/pl\/#website","url":"https:\/\/statorials.org\/pl\/","name":"Statorials","description":"Tw\u00f3j przewodnik po kompetencjach statystycznych!","potentialAction":[{"@type":"SearchAction","target":{"@type":"EntryPoint","urlTemplate":"https:\/\/statorials.org\/pl\/?s={search_term_string}"},"query-input":"required name=search_term_string"}],"inLanguage":"pl-PL"}]}},"yoast_meta":{"yoast_wpseo_title":"","yoast_wpseo_metadesc":"","yoast_wpseo_canonical":""},"_links":{"self":[{"href":"https:\/\/statorials.org\/pl\/wp-json\/wp\/v2\/pages\/5142","targetHints":{"allow":["GET"]}}],"collection":[{"href":"https:\/\/statorials.org\/pl\/wp-json\/wp\/v2\/pages"}],"about":[{"href":"https:\/\/statorials.org\/pl\/wp-json\/wp\/v2\/types\/page"}],"author":[{"embeddable":true,"href":"https:\/\/statorials.org\/pl\/wp-json\/wp\/v2\/users\/1"}],"replies":[{"embeddable":true,"href":"https:\/\/statorials.org\/pl\/wp-json\/wp\/v2\/comments?post=5142"}],"version-history":[{"count":0,"href":"https:\/\/statorials.org\/pl\/wp-json\/wp\/v2\/pages\/5142\/revisions"}],"wp:attachment":[{"href":"https:\/\/statorials.org\/pl\/wp-json\/wp\/v2\/media?parent=5142"}],"curies":[{"name":"wp","href":"https:\/\/api.w.org\/{rel}","templated":true}]}}