{"id":5144,"date":"2023-10-05T04:05:32","date_gmt":"2023-10-05T04:05:32","guid":{"rendered":"https:\/\/statorials.org\/pl\/przewodniki-mongodb\/"},"modified":"2023-10-05T04:05:32","modified_gmt":"2023-10-05T04:05:32","slug":"przewodniki-mongodb","status":"publish","type":"page","link":"https:\/\/statorials.org\/pl\/przewodniki-mongodb\/","title":{"rendered":"Przewodniki mongodb"},"content":{"rendered":"<p><span style=\"color: #000000;\"><strong>MongoDB<\/strong> to jedna z najpopularniejszych baz danych <a href=\"https:\/\/en.wikipedia.org\/wiki\/NoSQL\" target=\"_blank\" rel=\"noopener\">NoSQL<\/a> na \u015bwiecie.<\/span><\/p>\n<p> <span style=\"color: #000000;\">Na tej stronie znajduj\u0105 si\u0119 wszystkie samouczki MongoDB dotycz\u0105ce statystyk.<\/span><\/p>\n<p> <strong><span style=\"color: #000000;\">pytania<\/span><\/strong><br \/> <strong><a href=\"https:\/\/statorials.org\/pl\/zapytanie-podobne-do-mongodb\/\" rel=\"noopener\">MongoDB: Jak wysy\u0142a\u0107 zapytania za pomoc\u0105 wyra\u017cenia regularnego \u201eLubi\u0119 to\u201d<\/a><br \/> <a href=\"https:\/\/statorials.org\/pl\/zakres-dat-zapytania-mongodb\/\">MongoDB: Jak wysy\u0142a\u0107 zapytania z zakresem dat<\/a><br \/> <a href=\"https:\/\/statorials.org\/pl\/mongodb-nie-jest-pusty\/\">MongoDB: Jak wyszuka\u0107 \u201enie null\u201d w okre\u015blonym polu<\/a><br \/> <a href=\"https:\/\/statorials.org\/pl\/mongodb-nie-jest-w-srodku\/\">MongoDB: Jak u\u017cywa\u0107 zapytania \u201eNIE IN\u201d.<\/a><br \/> <a href=\"https:\/\/statorials.org\/pl\/mongodb-inny\/\">MongoDB: Jak u\u017cywa\u0107 \u201eNie r\u00f3wne\u201d w zapytaniach<\/a><br \/> <a href=\"https:\/\/statorials.org\/pl\/mongodb-i\/\">MongoDB: Jak u\u017cywa\u0107 operatora AND w zapytaniach<\/a><br \/> <a href=\"https:\/\/statorials.org\/pl\/mongodb-lub\/\">MongoDB: Jak u\u017cywa\u0107 operatora OR w zapytaniach<\/a><br \/> <a href=\"https:\/\/statorials.org\/pl\/mongodb-wiekszy-niz-mniejszy-niz\/\">MongoDB: Jak u\u017cywa\u0107 warto\u015bci \u201ewi\u0119kszy ni\u017c\u201d i \u201emniejszy ni\u017c\u201d w zapytaniach<\/a><br \/> <a href=\"https:\/\/statorials.org\/pl\/losowa-probka-mongodb\/\">MongoDB: Jak wybra\u0107 losow\u0105 pr\u00f3bk\u0119 dokument\u00f3w<\/a><br \/> <a href=\"https:\/\/statorials.org\/pl\/mongodb-jak-znalezc-dokument-wed\u0142ug-identyfikatora\/\">MongoDB: Jak wyszuka\u0107 dokument wed\u0142ug identyfikatora<\/a><br \/><\/strong><\/p>\n<p> <strong><span style=\"color: #000000;\">Zbi\u00f3r<\/span><\/strong><br \/> <strong><a href=\"https:\/\/statorials.org\/pl\/grupa-mongodb-wed\u0142ug-numeru\/\" rel=\"noopener\">MongoDB: Jak grupowa\u0107 i liczy\u0107<\/a><br \/> <a href=\"https:\/\/statorials.org\/pl\/grupa-mongodb-wed\u0142ug-sumy\/\">MongoDB: Jak grupowa\u0107 i sumowa\u0107<\/a><br \/> <a href=\"https:\/\/statorials.org\/pl\/grupa-mongodb-wed\u0142ug-wielu-pol\/\">MongoDB: Jak grupowa\u0107 wed\u0142ug wielu p\u00f3l<\/a><br \/> <a href=\"https:\/\/statorials.org\/pl\/osobne-konto-mongodb\/\">MongoDB: Jak policzy\u0107 r\u00f3\u017cne warto\u015bci w polu<\/a><br \/> <a href=\"https:\/\/statorials.org\/pl\/mongodb-wiele-roznych-pol\/\">MongoDB: Jak wybra\u0107 r\u00f3\u017cne warto\u015bci z wielu p\u00f3l<\/a><br \/> <a href=\"https:\/\/statorials.org\/pl\/maksymalna-wartosc-mongodb\/\">MongoDB: Jak znale\u017a\u0107 maksymaln\u0105 warto\u015b\u0107 w kolekcji<\/a><br \/> <a href=\"https:\/\/statorials.org\/pl\/przecietny-mongodb\/\">MongoDB: Jak obliczy\u0107 \u015bredni\u0105 warto\u015b\u0107 pola<\/a><br \/> <a href=\"https:\/\/statorials.org\/pl\/suma-mongodb\/\">MongoDB: Jak obliczy\u0107 sum\u0119 pola<\/a><br \/> <a href=\"https:\/\/statorials.org\/pl\/mongodb-znajdz-duplikaty\/\">MongoDB: Jak znale\u017a\u0107 duplikaty<\/a><br \/> <a href=\"https:\/\/statorials.org\/pl\/mongodb-sortuj-wed\u0142ug-daty\/\">MongoDB: Jak sortowa\u0107 wed\u0142ug daty<\/a><br \/> <a href=\"https:\/\/statorials.org\/pl\/mongodb-sortuj-wed\u0142ug-wielu-pol\/\">MongoDB: Jak sortowa\u0107 wed\u0142ug wielu p\u00f3l<\/a><br \/><\/strong><\/p>\n<p> <strong><span style=\"color: #000000;\">Operacje<\/span><\/strong><br \/> <strong><a href=\"https:\/\/statorials.org\/pl\/pole-dodawania-mongodb\/\" rel=\"noopener\">MongoDB: Jak doda\u0107 nowe pole<\/a><br \/> <a href=\"https:\/\/statorials.org\/pl\/pole-usuwania-mongodb\/\">MongoDB: Jak usun\u0105\u0107 pole<\/a><br \/> <a href=\"https:\/\/statorials.org\/pl\/pole-zmiany-nazwy-mongodb\/\">MongoDB: Jak zmieni\u0107 nazwy p\u00f3l<\/a><br \/> <a href=\"https:\/\/statorials.org\/pl\/pola-listy-mongodb\/\">MongoDB: Jak wy\u015bwietli\u0107 list\u0119 wszystkich nazw p\u00f3l<\/a><br \/> <a href=\"https:\/\/statorials.org\/pl\/mongodb-sprawdza,-czy-pole-istnieje\/\">MongoDB: Jak sprawdzi\u0107, czy pole istnieje<\/a><br \/> <a href=\"https:\/\/statorials.org\/pl\/mongodb-wstaw,-jesli-nie-istnieje\/\">MongoDB: Jak wstawi\u0107, je\u015bli nie istnieje<\/a><br \/> <a href=\"https:\/\/statorials.org\/pl\/mongodb-zawiera\/\" rel=\"noopener\">MongoDB: Jak sprawdzi\u0107, czy pole zawiera ci\u0105g znak\u00f3w<\/a><br \/> <a href=\"https:\/\/statorials.org\/pl\/ciagi-konkatenacyjne-mongodb\/\">MongoDB: Jak po\u0142\u0105czy\u0107 ci\u0105gi dw\u00f3ch p\u00f3l<\/a><br \/> <a href=\"https:\/\/statorials.org\/pl\/ciag-podzielony-mongodb\/\">MongoDB: Jak podzieli\u0107 ci\u0105g na tablic\u0119 podci\u0105g\u00f3w<\/a><br \/> <a href=\"https:\/\/statorials.org\/pl\/podciag-mongodb\/\">MongoDB: Jak korzysta\u0107 z funkcji podci\u0105gu<\/a><br \/> <a href=\"https:\/\/statorials.org\/pl\/d\u0142ugosc-ciagu-mongodb\/\">MongoDB: Jak znale\u017a\u0107 d\u0142ugo\u015b\u0107 ci\u0105gu znak\u00f3w<\/a><br \/> <a href=\"https:\/\/statorials.org\/pl\/ciag-zastepczy-mongodb\/\">MongoDB: Jak zamieni\u0107 ci\u0105gi znak\u00f3w<\/a><br \/><\/strong><\/p>\n","protected":false},"excerpt":{"rendered":"<p>MongoDB to jedna z najpopularniejszych baz danych NoSQL na \u015bwiecie. Na tej stronie znajduj\u0105 si\u0119 wszystkie samouczki MongoDB dotycz\u0105ce statystyk. pytania MongoDB: Jak wysy\u0142a\u0107 zapytania za pomoc\u0105 wyra\u017cenia regularnego \u201eLubi\u0119 to\u201d MongoDB: Jak wysy\u0142a\u0107 zapytania z zakresem dat MongoDB: Jak wyszuka\u0107 \u201enie null\u201d w okre\u015blonym polu MongoDB: Jak u\u017cywa\u0107 zapytania \u201eNIE IN\u201d. MongoDB: Jak u\u017cywa\u0107 [&hellip;]<\/p>\n","protected":false},"author":1,"featured_media":0,"parent":0,"menu_order":0,"comment_status":"closed","ping_status":"closed","template":"","meta":{"footnotes":""},"class_list":["post-5144","page","type-page","status-publish","hentry"],"yoast_head":"<!-- This site is optimized with the Yoast SEO plugin v21.5 - https:\/\/yoast.com\/wordpress\/plugins\/seo\/ -->\n<title>Przewodniki MongoDB<\/title>\n<meta name=\"robots\" content=\"index, follow, max-snippet:-1, max-image-preview:large, max-video-preview:-1\" \/>\n<link rel=\"canonical\" href=\"https:\/\/statorials.org\/pl\/przewodniki-mongodb\/\" \/>\n<meta property=\"og:locale\" content=\"pl_PL\" \/>\n<meta property=\"og:type\" content=\"article\" \/>\n<meta property=\"og:title\" content=\"Przewodniki MongoDB\" \/>\n<meta property=\"og:description\" content=\"MongoDB to jedna z najpopularniejszych baz danych NoSQL na \u015bwiecie. Na tej stronie znajduj\u0105 si\u0119 wszystkie samouczki MongoDB dotycz\u0105ce statystyk. pytania MongoDB: Jak wysy\u0142a\u0107 zapytania za pomoc\u0105 wyra\u017cenia regularnego \u201eLubi\u0119 to\u201d MongoDB: Jak wysy\u0142a\u0107 zapytania z zakresem dat MongoDB: Jak wyszuka\u0107 \u201enie null\u201d w okre\u015blonym polu MongoDB: Jak u\u017cywa\u0107 zapytania \u201eNIE IN\u201d. MongoDB: Jak u\u017cywa\u0107 [&hellip;]\" \/>\n<meta property=\"og:url\" content=\"https:\/\/statorials.org\/pl\/przewodniki-mongodb\/\" \/>\n<meta property=\"og:site_name\" content=\"Statorials\" \/>\n<meta name=\"twitter:card\" content=\"summary_large_image\" \/>\n<meta name=\"twitter:label1\" content=\"Szacowany czas czytania\" \/>\n\t<meta name=\"twitter:data1\" content=\"1 minuta\" \/>\n<script type=\"application\/ld+json\" class=\"yoast-schema-graph\">{\"@context\":\"https:\/\/schema.org\",\"@graph\":[{\"@type\":\"WebPage\",\"@id\":\"https:\/\/statorials.org\/pl\/przewodniki-mongodb\/\",\"url\":\"https:\/\/statorials.org\/pl\/przewodniki-mongodb\/\",\"name\":\"Przewodniki MongoDB\",\"isPartOf\":{\"@id\":\"https:\/\/statorials.org\/pl\/#website\"},\"datePublished\":\"2023-10-05T04:05:32+00:00\",\"dateModified\":\"2023-10-05T04:05:32+00:00\",\"breadcrumb\":{\"@id\":\"https:\/\/statorials.org\/pl\/przewodniki-mongodb\/#breadcrumb\"},\"inLanguage\":\"pl-PL\",\"potentialAction\":[{\"@type\":\"ReadAction\",\"target\":[\"https:\/\/statorials.org\/pl\/przewodniki-mongodb\/\"]}]},{\"@type\":\"BreadcrumbList\",\"@id\":\"https:\/\/statorials.org\/pl\/przewodniki-mongodb\/#breadcrumb\",\"itemListElement\":[{\"@type\":\"ListItem\",\"position\":1,\"name\":\"Dom\",\"item\":\"https:\/\/statorials.org\/pl\/\"},{\"@type\":\"ListItem\",\"position\":2,\"name\":\"Przewodniki mongodb\"}]},{\"@type\":\"WebSite\",\"@id\":\"https:\/\/statorials.org\/pl\/#website\",\"url\":\"https:\/\/statorials.org\/pl\/\",\"name\":\"Statorials\",\"description\":\"Tw\u00f3j przewodnik po kompetencjach statystycznych!\",\"potentialAction\":[{\"@type\":\"SearchAction\",\"target\":{\"@type\":\"EntryPoint\",\"urlTemplate\":\"https:\/\/statorials.org\/pl\/?s={search_term_string}\"},\"query-input\":\"required name=search_term_string\"}],\"inLanguage\":\"pl-PL\"}]}<\/script>\n<!-- \/ Yoast SEO plugin. -->","yoast_head_json":{"title":"Przewodniki MongoDB","robots":{"index":"index","follow":"follow","max-snippet":"max-snippet:-1","max-image-preview":"max-image-preview:large","max-video-preview":"max-video-preview:-1"},"canonical":"https:\/\/statorials.org\/pl\/przewodniki-mongodb\/","og_locale":"pl_PL","og_type":"article","og_title":"Przewodniki MongoDB","og_description":"MongoDB to jedna z najpopularniejszych baz danych NoSQL na \u015bwiecie. Na tej stronie znajduj\u0105 si\u0119 wszystkie samouczki MongoDB dotycz\u0105ce statystyk. pytania MongoDB: Jak wysy\u0142a\u0107 zapytania za pomoc\u0105 wyra\u017cenia regularnego \u201eLubi\u0119 to\u201d MongoDB: Jak wysy\u0142a\u0107 zapytania z zakresem dat MongoDB: Jak wyszuka\u0107 \u201enie null\u201d w okre\u015blonym polu MongoDB: Jak u\u017cywa\u0107 zapytania \u201eNIE IN\u201d. MongoDB: Jak u\u017cywa\u0107 [&hellip;]","og_url":"https:\/\/statorials.org\/pl\/przewodniki-mongodb\/","og_site_name":"Statorials","twitter_card":"summary_large_image","twitter_misc":{"Szacowany czas czytania":"1 minuta"},"schema":{"@context":"https:\/\/schema.org","@graph":[{"@type":"WebPage","@id":"https:\/\/statorials.org\/pl\/przewodniki-mongodb\/","url":"https:\/\/statorials.org\/pl\/przewodniki-mongodb\/","name":"Przewodniki MongoDB","isPartOf":{"@id":"https:\/\/statorials.org\/pl\/#website"},"datePublished":"2023-10-05T04:05:32+00:00","dateModified":"2023-10-05T04:05:32+00:00","breadcrumb":{"@id":"https:\/\/statorials.org\/pl\/przewodniki-mongodb\/#breadcrumb"},"inLanguage":"pl-PL","potentialAction":[{"@type":"ReadAction","target":["https:\/\/statorials.org\/pl\/przewodniki-mongodb\/"]}]},{"@type":"BreadcrumbList","@id":"https:\/\/statorials.org\/pl\/przewodniki-mongodb\/#breadcrumb","itemListElement":[{"@type":"ListItem","position":1,"name":"Dom","item":"https:\/\/statorials.org\/pl\/"},{"@type":"ListItem","position":2,"name":"Przewodniki mongodb"}]},{"@type":"WebSite","@id":"https:\/\/statorials.org\/pl\/#website","url":"https:\/\/statorials.org\/pl\/","name":"Statorials","description":"Tw\u00f3j przewodnik po kompetencjach statystycznych!","potentialAction":[{"@type":"SearchAction","target":{"@type":"EntryPoint","urlTemplate":"https:\/\/statorials.org\/pl\/?s={search_term_string}"},"query-input":"required name=search_term_string"}],"inLanguage":"pl-PL"}]}},"yoast_meta":{"yoast_wpseo_title":"","yoast_wpseo_metadesc":"","yoast_wpseo_canonical":""},"_links":{"self":[{"href":"https:\/\/statorials.org\/pl\/wp-json\/wp\/v2\/pages\/5144","targetHints":{"allow":["GET"]}}],"collection":[{"href":"https:\/\/statorials.org\/pl\/wp-json\/wp\/v2\/pages"}],"about":[{"href":"https:\/\/statorials.org\/pl\/wp-json\/wp\/v2\/types\/page"}],"author":[{"embeddable":true,"href":"https:\/\/statorials.org\/pl\/wp-json\/wp\/v2\/users\/1"}],"replies":[{"embeddable":true,"href":"https:\/\/statorials.org\/pl\/wp-json\/wp\/v2\/comments?post=5144"}],"version-history":[{"count":0,"href":"https:\/\/statorials.org\/pl\/wp-json\/wp\/v2\/pages\/5144\/revisions"}],"wp:attachment":[{"href":"https:\/\/statorials.org\/pl\/wp-json\/wp\/v2\/media?parent=5144"}],"curies":[{"name":"wp","href":"https:\/\/api.w.org\/{rel}","templated":true}]}}