{"id":5146,"date":"2023-08-31T10:38:07","date_gmt":"2023-08-31T10:38:07","guid":{"rendered":"https:\/\/statorials.org\/pl\/doktor-benjamin-anderson\/"},"modified":"2023-11-12T04:25:14","modified_gmt":"2023-11-12T04:25:14","slug":"doktor-benjamin-anderson","status":"publish","type":"page","link":"https:\/\/statorials.org\/pl\/doktor-benjamin-anderson\/","title":{"rendered":"Doktor benjamin anderson"},"content":{"rendered":"<p>Witamy w Statorials, najlepszej \u015bcie\u017cce do sukcesu opartego na danych.<\/p>\n<p><img loading=\"lazy\" decoding=\"async\" class=\" wp-image-16181 alignleft\" src=\"https:\/\/statorials.org\/wp-content\/uploads\/2023\/08\/Dr.-Benjamin-Anderson.jpg\" sizes=\"auto, (max-width: 250px) 100vw, 250px\" srcset=\"https:\/\/statorials.org\/wp-content\/uploads\/2023\/08\/Dr.-Benjamin-Anderson.jpg 300w, https:\/\/statorials.org\/wp-content\/uploads\/2023\/08\/Dr.-Benjamin-Anderson-150x150.jpg 150w\" alt=\"Benjamina Andersona\" width=\"250\" height=\"250\" \/><\/p>\n<p>Nazywam si\u0119 Benjamin Anderson i jestem emerytowanym profesorem statystyki, kt\u00f3ry zosta\u0142 oddanym nauczycielem Statorials. Posiadaj\u0105c do\u015bwiadczenie i wiedz\u0119 z zakresu statystyki, z zaanga\u017cowaniem dziel\u0119 si\u0119 swoj\u0105 wiedz\u0105 ze studentami za po\u015brednictwem tego bloga.<\/p>\n<p>Dzi\u0119ki imponuj\u0105cemu do\u015bwiadczeniu akademickiemu w dziedzinie statystyki dog\u0142\u0119bnie rozumiem teorie i metodologie statystyczne oraz ich praktyczne zastosowania. W trakcie mojej udanej kariery nauczycielskiej poprowadzi\u0142em wielu uczni\u00f3w do sukcesu, rozwijaj\u0105c pasj\u0119 do statystyki i pomagaj\u0105c im osi\u0105ga\u0107 sukcesy w nauce.<\/p>\n<p>Za po\u015brednictwem tego bloga oferuj\u0119 studentom wyj\u0105tkow\u0105 mo\u017cliwo\u015b\u0107 skorzystania z mojej wiedzy specjalistycznej i bogactwa wiedzy. Koncentruj\u0105c si\u0119 na interaktywnym uczeniu si\u0119, Statorials zapewnia kompleksowe samouczki, wci\u0105gaj\u0105ce \u0107wiczenia i przyk\u0142ady z \u017cycia wzi\u0119te, dzi\u0119ki kt\u00f3rym koncepcje statystyczne staj\u0105 si\u0119 dost\u0119pne.<\/p>\n<p>Moje bogate do\u015bwiadczenie pomaga mi zrozumie\u0107 wyzwania stoj\u0105ce przed studentami i zapewni\u0107 im nie tylko wsparcie akademickie, ale tak\u017ce mentoring, porady dotycz\u0105ce strategii studiowania i porady zawodowe. Celem jest wyposa\u017cenie student\u00f3w nie tylko w wiedz\u0119 statystyczn\u0105, ale tak\u017ce umiej\u0119tno\u015bci i pewno\u015b\u0107 poruszania si\u0119 w stale zmieniaj\u0105cym si\u0119 \u015bwiecie analizy danych.<\/p>\n<p>Zainwestuj w swoje szkolenie ze statystyki ju\u017c dzi\u015b i pozw\u00f3l mi pom\u00f3c Ci otworzy\u0107 drzwi do statystycznej doskona\u0142o\u015bci!<\/p>\n<p><strong>Tw\u00f3j nauczyciel,<\/strong><br \/>\nDoktor Benjamin Anderson.<\/p>\n","protected":false},"excerpt":{"rendered":"<p>Witamy w Statorials, najlepszej \u015bcie\u017cce do sukcesu opartego na danych. Nazywam si\u0119 Benjamin Anderson i jestem emerytowanym profesorem statystyki, kt\u00f3ry zosta\u0142 oddanym nauczycielem Statorials. Posiadaj\u0105c do\u015bwiadczenie i wiedz\u0119 z zakresu statystyki, z zaanga\u017cowaniem dziel\u0119 si\u0119 swoj\u0105 wiedz\u0105 ze studentami za po\u015brednictwem tego bloga. Dzi\u0119ki imponuj\u0105cemu do\u015bwiadczeniu akademickiemu w dziedzinie statystyki dog\u0142\u0119bnie rozumiem teorie i metodologie [&hellip;]<\/p>\n","protected":false},"author":1,"featured_media":0,"parent":0,"menu_order":0,"comment_status":"closed","ping_status":"closed","template":"","meta":{"footnotes":""},"class_list":["post-5146","page","type-page","status-publish","hentry"],"yoast_head":"<!-- This site is optimized with the Yoast SEO plugin v21.5 - https:\/\/yoast.com\/wordpress\/plugins\/seo\/ -->\n<title>Dr Benjamin Anderson - Statorials<\/title>\n<meta name=\"description\" content=\"To Benjamin Anderson, emerytowany profesor statystyki, kt\u00f3ry sta\u0142 si\u0119 oddanym nauczycielem Statorials. Silny z bogatych\" \/>\n<meta name=\"robots\" content=\"index, follow, max-snippet:-1, max-image-preview:large, max-video-preview:-1\" \/>\n<link rel=\"canonical\" href=\"https:\/\/statorials.org\/pl\/doktor-benjamin-anderson\/\" \/>\n<meta property=\"og:locale\" content=\"pl_PL\" \/>\n<meta property=\"og:type\" content=\"article\" \/>\n<meta property=\"og:title\" content=\"Dr Benjamin Anderson - Statorials\" \/>\n<meta property=\"og:description\" content=\"To Benjamin Anderson, emerytowany profesor statystyki, kt\u00f3ry sta\u0142 si\u0119 oddanym nauczycielem Statorials. Silny z bogatych\" \/>\n<meta property=\"og:url\" content=\"https:\/\/statorials.org\/pl\/doktor-benjamin-anderson\/\" \/>\n<meta property=\"og:site_name\" content=\"Statorials\" \/>\n<meta property=\"article:modified_time\" content=\"2023-11-12T04:25:14+00:00\" \/>\n<meta property=\"og:image\" content=\"https:\/\/statorials.org\/wp-content\/uploads\/2023\/08\/Dr.-Benjamin-Anderson.jpg\" \/>\n<meta name=\"twitter:card\" content=\"summary_large_image\" \/>\n<meta name=\"twitter:label1\" content=\"Szacowany czas czytania\" \/>\n\t<meta name=\"twitter:data1\" content=\"2 minuty\" \/>\n<script type=\"application\/ld+json\" class=\"yoast-schema-graph\">{\"@context\":\"https:\/\/schema.org\",\"@graph\":[{\"@type\":\"WebPage\",\"@id\":\"https:\/\/statorials.org\/pl\/doktor-benjamin-anderson\/\",\"url\":\"https:\/\/statorials.org\/pl\/doktor-benjamin-anderson\/\",\"name\":\"Dr Benjamin Anderson - Statorials\",\"isPartOf\":{\"@id\":\"https:\/\/statorials.org\/pl\/#website\"},\"datePublished\":\"2023-08-31T10:38:07+00:00\",\"dateModified\":\"2023-11-12T04:25:14+00:00\",\"description\":\"To Benjamin Anderson, emerytowany profesor statystyki, kt\u00f3ry sta\u0142 si\u0119 oddanym nauczycielem Statorials. Silny z bogatych\",\"breadcrumb\":{\"@id\":\"https:\/\/statorials.org\/pl\/doktor-benjamin-anderson\/#breadcrumb\"},\"inLanguage\":\"pl-PL\",\"potentialAction\":[{\"@type\":\"ReadAction\",\"target\":[\"https:\/\/statorials.org\/pl\/doktor-benjamin-anderson\/\"]}]},{\"@type\":\"BreadcrumbList\",\"@id\":\"https:\/\/statorials.org\/pl\/doktor-benjamin-anderson\/#breadcrumb\",\"itemListElement\":[{\"@type\":\"ListItem\",\"position\":1,\"name\":\"Dom\",\"item\":\"https:\/\/statorials.org\/pl\/\"},{\"@type\":\"ListItem\",\"position\":2,\"name\":\"Doktor benjamin anderson\"}]},{\"@type\":\"WebSite\",\"@id\":\"https:\/\/statorials.org\/pl\/#website\",\"url\":\"https:\/\/statorials.org\/pl\/\",\"name\":\"Statorials\",\"description\":\"Tw\u00f3j przewodnik po kompetencjach statystycznych!\",\"potentialAction\":[{\"@type\":\"SearchAction\",\"target\":{\"@type\":\"EntryPoint\",\"urlTemplate\":\"https:\/\/statorials.org\/pl\/?s={search_term_string}\"},\"query-input\":\"required name=search_term_string\"}],\"inLanguage\":\"pl-PL\"}]}<\/script>\n<!-- \/ Yoast SEO plugin. -->","yoast_head_json":{"title":"Dr Benjamin Anderson - Statorials","description":"To Benjamin Anderson, emerytowany profesor statystyki, kt\u00f3ry sta\u0142 si\u0119 oddanym nauczycielem Statorials. Silny z bogatych","robots":{"index":"index","follow":"follow","max-snippet":"max-snippet:-1","max-image-preview":"max-image-preview:large","max-video-preview":"max-video-preview:-1"},"canonical":"https:\/\/statorials.org\/pl\/doktor-benjamin-anderson\/","og_locale":"pl_PL","og_type":"article","og_title":"Dr Benjamin Anderson - Statorials","og_description":"To Benjamin Anderson, emerytowany profesor statystyki, kt\u00f3ry sta\u0142 si\u0119 oddanym nauczycielem Statorials. Silny z bogatych","og_url":"https:\/\/statorials.org\/pl\/doktor-benjamin-anderson\/","og_site_name":"Statorials","article_modified_time":"2023-11-12T04:25:14+00:00","og_image":[{"url":"https:\/\/statorials.org\/wp-content\/uploads\/2023\/08\/Dr.-Benjamin-Anderson.jpg"}],"twitter_card":"summary_large_image","twitter_misc":{"Szacowany czas czytania":"2 minuty"},"schema":{"@context":"https:\/\/schema.org","@graph":[{"@type":"WebPage","@id":"https:\/\/statorials.org\/pl\/doktor-benjamin-anderson\/","url":"https:\/\/statorials.org\/pl\/doktor-benjamin-anderson\/","name":"Dr Benjamin Anderson - Statorials","isPartOf":{"@id":"https:\/\/statorials.org\/pl\/#website"},"datePublished":"2023-08-31T10:38:07+00:00","dateModified":"2023-11-12T04:25:14+00:00","description":"To Benjamin Anderson, emerytowany profesor statystyki, kt\u00f3ry sta\u0142 si\u0119 oddanym nauczycielem Statorials. Silny z bogatych","breadcrumb":{"@id":"https:\/\/statorials.org\/pl\/doktor-benjamin-anderson\/#breadcrumb"},"inLanguage":"pl-PL","potentialAction":[{"@type":"ReadAction","target":["https:\/\/statorials.org\/pl\/doktor-benjamin-anderson\/"]}]},{"@type":"BreadcrumbList","@id":"https:\/\/statorials.org\/pl\/doktor-benjamin-anderson\/#breadcrumb","itemListElement":[{"@type":"ListItem","position":1,"name":"Dom","item":"https:\/\/statorials.org\/pl\/"},{"@type":"ListItem","position":2,"name":"Doktor benjamin anderson"}]},{"@type":"WebSite","@id":"https:\/\/statorials.org\/pl\/#website","url":"https:\/\/statorials.org\/pl\/","name":"Statorials","description":"Tw\u00f3j przewodnik po kompetencjach statystycznych!","potentialAction":[{"@type":"SearchAction","target":{"@type":"EntryPoint","urlTemplate":"https:\/\/statorials.org\/pl\/?s={search_term_string}"},"query-input":"required name=search_term_string"}],"inLanguage":"pl-PL"}]}},"yoast_meta":{"yoast_wpseo_title":"","yoast_wpseo_metadesc":"","yoast_wpseo_canonical":""},"_links":{"self":[{"href":"https:\/\/statorials.org\/pl\/wp-json\/wp\/v2\/pages\/5146","targetHints":{"allow":["GET"]}}],"collection":[{"href":"https:\/\/statorials.org\/pl\/wp-json\/wp\/v2\/pages"}],"about":[{"href":"https:\/\/statorials.org\/pl\/wp-json\/wp\/v2\/types\/page"}],"author":[{"embeddable":true,"href":"https:\/\/statorials.org\/pl\/wp-json\/wp\/v2\/users\/1"}],"replies":[{"embeddable":true,"href":"https:\/\/statorials.org\/pl\/wp-json\/wp\/v2\/comments?post=5146"}],"version-history":[{"count":1,"href":"https:\/\/statorials.org\/pl\/wp-json\/wp\/v2\/pages\/5146\/revisions"}],"predecessor-version":[{"id":5158,"href":"https:\/\/statorials.org\/pl\/wp-json\/wp\/v2\/pages\/5146\/revisions\/5158"}],"wp:attachment":[{"href":"https:\/\/statorials.org\/pl\/wp-json\/wp\/v2\/media?parent=5146"}],"curies":[{"name":"wp","href":"https:\/\/api.w.org\/{rel}","templated":true}]}}