{"id":5147,"date":"2023-08-31T10:30:02","date_gmt":"2023-08-31T10:30:02","guid":{"rendered":"https:\/\/statorials.org\/pl\/warunki-korzystania\/"},"modified":"2023-11-12T04:30:28","modified_gmt":"2023-11-12T04:30:28","slug":"warunki-korzystania","status":"publish","type":"page","link":"https:\/\/statorials.org\/pl\/warunki-korzystania\/","title":{"rendered":"Warunki korzystania"},"content":{"rendered":"<p>Niniejsza witryna jest internetowym blogiem statystycznym prowadzonym przez emerytowanych profesor\u00f3w i nie jest powi\u0105zany z \u017cadn\u0105 firm\u0105 ani grup\u0105.<\/p>\n<p>Celem Statorials.org jest zapewnienie uczniom wyj\u0105tkowej mo\u017cliwo\u015bci uczestniczenia w r\u00f3\u017cnych kompleksowych samouczkach, anga\u017cuj\u0105cych \u0107wiczeniach i przyk\u0142adach ze \u015bwiata rzeczywistego, aby udost\u0119pni\u0107 koncepcje statystyczne.<\/p>\n<h2>Polityka u\u017cytkowania<\/h2>\n<p>Na statorials.org prywatno\u015b\u0107 naszych go\u015bci jest dla nas niezwykle wa\u017cna. Niniejszy dokument polityki prywatno\u015bci opisuje rodzaje danych osobowych otrzymywanych i gromadzonych przez domen\u0119 oraz spos\u00f3b ich wykorzystania.<\/p>\n<h3>Zbieranie danych<\/h3>\n<h4>1. Komentarze<\/h4>\n<p>Informacje, kt\u00f3re zbieramy, zale\u017c\u0105 od sposobu, w jaki u\u017cytkownik komentuje w witrynie, ale zazwyczaj obejmuj\u0105 adres IP komentuj\u0105cego, agenta u\u017cytkownika, stron\u0119 odsy\u0142aj\u0105c\u0105 i adres URL witryny (a tak\u017ce inne informacje dostarczone bezpo\u015brednio przez komentuj\u0105cego, takie jak jego imi\u0119 i nazwisko, nazwa u\u017cytkownika, adres e-mail i sam komentarz).<\/p>\n<h4>2. Formularz kontaktowy<\/h4>\n<p>Je\u015bli skontaktujesz si\u0119 z nami, wykorzystamy Twoje imi\u0119 i nazwisko oraz adres e-mail, aby odpowiedzie\u0107 na Twoj\u0105 pro\u015bb\u0119 i nie udost\u0119pnimy tych informacji stronom trzecim.<\/p>\n<h4>3. Pliki cookie<\/h4>\n<p>Witryna wykorzystuje pliki cookie do przechowywania informacji o preferencjach odwiedzaj\u0105cych, rejestrowania informacji specyficznych dla u\u017cytkownika, na kt\u00f3rych stronach uzyskuje dost\u0119p lub kt\u00f3re odwiedza, a tak\u017ce personalizuje zawarto\u015b\u0107 stron internetowych w oparciu o typ przegl\u0105darki odwiedzaj\u0105cego. lub inne informacje przesy\u0142ane przez odwiedzaj\u0105cego do jego przegl\u0105darki.<\/p>\n<p>Pliki cookie pozwalaj\u0105 nam personalizowa\u0107 tre\u015bci i reklamy, udost\u0119pnia\u0107 funkcje medi\u00f3w spo\u0142eczno\u015bciowych i analizowa\u0107 nasz ruch. Mo\u017cemy r\u00f3wnie\u017c udost\u0119pnia\u0107 informacje o tym, jak korzystasz z naszej witryny, naszym partnerom w zakresie medi\u00f3w spo\u0142eczno\u015bciowych, reklam i analiz, kt\u00f3rzy mog\u0105 \u0142\u0105czy\u0107 je z innymi informacjami, kt\u00f3re im przekaza\u0142e\u015b lub kt\u00f3re zebrali podczas korzystania przez Ciebie z ich us\u0142ug.<\/p>\n<h4>4. Analityka<\/h4>\n<p>Ta strona korzysta z Google Analytics, us\u0142ugi analizy sieci udost\u0119pnianej przez Google Inc. Wykorzystuje \u201ecookie\u201d, czyli pliki tekstowe przechowywane na Twoim komputerze, kt\u00f3re umo\u017cliwiaj\u0105 analiz\u0119 korzystania przez Ciebie z witryny. Informacje generowane przez plik cookie na temat korzystania przez Ciebie z tej witryny s\u0105 zwykle przesy\u0142ane i przechowywane na serwerze Google w Stanach Zjednoczonych.<\/p>\n<p>Mo\u017cesz zapobiec przechowywaniu plik\u00f3w cookies, odpowiednio konfiguruj\u0105c oprogramowanie swojej przegl\u0105darki. Nale\u017cy jednak pami\u0119ta\u0107, \u017ce w takim przypadku mo\u017ce nie by\u0107 mo\u017cliwe pe\u0142ne wykorzystanie wszystkich funkcji tej witryny.<\/p>\n<h4>5. Dzienniki bezpiecze\u0144stwa<\/h4>\n<p>Adresy IP odwiedzaj\u0105cych, identyfikatory zalogowanych u\u017cytkownik\u00f3w i nazwy u\u017cytkownik\u00f3w przy pr\u00f3bach logowania s\u0105 warunkowo rejestrowane w celu sprawdzenia pod k\u0105tem z\u0142o\u015bliwej aktywno\u015bci i ochrony witryny przed okre\u015blonymi rodzajami atak\u00f3w. Pr\u00f3by logowania, \u017c\u0105dania wylogowania, \u017c\u0105dania podejrzanych adres\u00f3w URL, zmiany w tre\u015bci witryny i aktualizacje hase\u0142 to przyk\u0142ady warunk\u00f3w logowania.<\/p>\n<h2>U\u017cycie danych<\/h2>\n<p>Strona wykorzystuje zebrane dane w r\u00f3\u017cnych celach:<\/p>\n<ul>\n<li>\u015awiadczenie i utrzymanie us\u0142ugi<\/li>\n<li>Aby powiadomi\u0107 Ci\u0119 o zmianach w naszym serwisie<\/li>\n<li>Aby umo\u017cliwi\u0107 Ci korzystanie z interaktywnych funkcji naszej Us\u0142ugi, je\u015bli tak zdecydujesz<\/li>\n<li>Zapewnij pomoc i wsparcie klientom<\/li>\n<li>Podaj analiz\u0119 lub przydatne informacje, aby ulepszy\u0107 us\u0142ug\u0119<\/li>\n<li>Monitoruj wykorzystanie us\u0142ug<\/li>\n<li>Wykrywaj, zapobiegaj i rozwi\u0105zuj problemy techniczne<\/li>\n<\/ul>\n<h2>Ochrona danych<\/h2>\n<p>Bezpiecze\u0144stwo Twoich informacji jest dla nas wa\u017cne, pami\u0119taj jednak, \u017ce \u017cadna metoda transmisji przez Internet, ani metoda elektronicznego przechowywania nie jest w 100% bezpieczna. Chocia\u017c staramy si\u0119 stosowa\u0107 komercyjnie akceptowalne \u015brodki w celu ochrony Twoich danych osobowych, nie mo\u017cemy zagwarantowa\u0107 ich ca\u0142kowitego bezpiecze\u0144stwa.<\/p>\n<h2>Skontaktuj si\u0119 z wydawc\u0105<\/h2>\n<p>Je\u015bli chcesz skontaktowa\u0107 si\u0119 z redaktorem w sprawie jakiejkolwiek opinii lub pro\u015bby, mo\u017cesz przes\u0142a\u0107 swoje pytania tutaj: <a href=\"https:\/\/statorials.org\/pl\/kontakt\/\">Skontaktuj si\u0119 z nami<\/a><\/p>\n","protected":false},"excerpt":{"rendered":"<p>Niniejsza witryna jest internetowym blogiem statystycznym prowadzonym przez emerytowanych profesor\u00f3w i nie jest powi\u0105zany z \u017cadn\u0105 firm\u0105 ani grup\u0105. Celem Statorials.org jest zapewnienie uczniom wyj\u0105tkowej mo\u017cliwo\u015bci uczestniczenia w r\u00f3\u017cnych kompleksowych samouczkach, anga\u017cuj\u0105cych \u0107wiczeniach i przyk\u0142adach ze \u015bwiata rzeczywistego, aby udost\u0119pni\u0107 koncepcje statystyczne. Polityka u\u017cytkowania Na statorials.org prywatno\u015b\u0107 naszych go\u015bci jest dla nas niezwykle wa\u017cna. Niniejszy [&hellip;]<\/p>\n","protected":false},"author":1,"featured_media":0,"parent":0,"menu_order":0,"comment_status":"closed","ping_status":"closed","template":"","meta":{"footnotes":""},"class_list":["post-5147","page","type-page","status-publish","hentry"],"yoast_head":"<!-- This site is optimized with the Yoast SEO plugin v21.5 - https:\/\/yoast.com\/wordpress\/plugins\/seo\/ -->\n<title>Regulamin korzystania - Statorials<\/title>\n<meta name=\"description\" content=\"Celem Statorials.org jest zapewnienie uczniom wyj\u0105tkowej mo\u017cliwo\u015bci uczestniczenia w r\u00f3\u017cnych kompleksowych samouczkach\" \/>\n<meta name=\"robots\" content=\"noindex, nofollow\" \/>\n<meta property=\"og:locale\" content=\"pl_PL\" \/>\n<meta property=\"og:type\" content=\"article\" \/>\n<meta property=\"og:title\" content=\"Regulamin korzystania - Statorials\" \/>\n<meta property=\"og:description\" content=\"Celem Statorials.org jest zapewnienie uczniom wyj\u0105tkowej mo\u017cliwo\u015bci uczestniczenia w r\u00f3\u017cnych kompleksowych samouczkach\" \/>\n<meta property=\"og:url\" content=\"https:\/\/statorials.org\/pl\/warunki-korzystania\/\" \/>\n<meta property=\"og:site_name\" content=\"Statorials\" \/>\n<meta property=\"article:modified_time\" content=\"2023-11-12T04:30:28+00:00\" \/>\n<meta name=\"twitter:card\" content=\"summary_large_image\" \/>\n<meta name=\"twitter:label1\" content=\"Szacowany czas czytania\" \/>\n\t<meta name=\"twitter:data1\" content=\"3 minuty\" \/>\n<script type=\"application\/ld+json\" class=\"yoast-schema-graph\">{\"@context\":\"https:\/\/schema.org\",\"@graph\":[{\"@type\":\"WebPage\",\"@id\":\"https:\/\/statorials.org\/pl\/warunki-korzystania\/\",\"url\":\"https:\/\/statorials.org\/pl\/warunki-korzystania\/\",\"name\":\"Regulamin korzystania - Statorials\",\"isPartOf\":{\"@id\":\"https:\/\/statorials.org\/pl\/#website\"},\"datePublished\":\"2023-08-31T10:30:02+00:00\",\"dateModified\":\"2023-11-12T04:30:28+00:00\",\"description\":\"Celem Statorials.org jest zapewnienie uczniom wyj\u0105tkowej mo\u017cliwo\u015bci uczestniczenia w r\u00f3\u017cnych kompleksowych samouczkach\",\"breadcrumb\":{\"@id\":\"https:\/\/statorials.org\/pl\/warunki-korzystania\/#breadcrumb\"},\"inLanguage\":\"pl-PL\",\"potentialAction\":[{\"@type\":\"ReadAction\",\"target\":[\"https:\/\/statorials.org\/pl\/warunki-korzystania\/\"]}]},{\"@type\":\"BreadcrumbList\",\"@id\":\"https:\/\/statorials.org\/pl\/warunki-korzystania\/#breadcrumb\",\"itemListElement\":[{\"@type\":\"ListItem\",\"position\":1,\"name\":\"Dom\",\"item\":\"https:\/\/statorials.org\/pl\/\"},{\"@type\":\"ListItem\",\"position\":2,\"name\":\"Warunki korzystania\"}]},{\"@type\":\"WebSite\",\"@id\":\"https:\/\/statorials.org\/pl\/#website\",\"url\":\"https:\/\/statorials.org\/pl\/\",\"name\":\"Statorials\",\"description\":\"Tw\u00f3j przewodnik po kompetencjach statystycznych!\",\"potentialAction\":[{\"@type\":\"SearchAction\",\"target\":{\"@type\":\"EntryPoint\",\"urlTemplate\":\"https:\/\/statorials.org\/pl\/?s={search_term_string}\"},\"query-input\":\"required name=search_term_string\"}],\"inLanguage\":\"pl-PL\"}]}<\/script>\n<!-- \/ Yoast SEO plugin. -->","yoast_head_json":{"title":"Regulamin korzystania - Statorials","description":"Celem Statorials.org jest zapewnienie uczniom wyj\u0105tkowej mo\u017cliwo\u015bci uczestniczenia w r\u00f3\u017cnych kompleksowych samouczkach","robots":{"index":"noindex","follow":"nofollow"},"og_locale":"pl_PL","og_type":"article","og_title":"Regulamin korzystania - Statorials","og_description":"Celem Statorials.org jest zapewnienie uczniom wyj\u0105tkowej mo\u017cliwo\u015bci uczestniczenia w r\u00f3\u017cnych kompleksowych samouczkach","og_url":"https:\/\/statorials.org\/pl\/warunki-korzystania\/","og_site_name":"Statorials","article_modified_time":"2023-11-12T04:30:28+00:00","twitter_card":"summary_large_image","twitter_misc":{"Szacowany czas czytania":"3 minuty"},"schema":{"@context":"https:\/\/schema.org","@graph":[{"@type":"WebPage","@id":"https:\/\/statorials.org\/pl\/warunki-korzystania\/","url":"https:\/\/statorials.org\/pl\/warunki-korzystania\/","name":"Regulamin korzystania - Statorials","isPartOf":{"@id":"https:\/\/statorials.org\/pl\/#website"},"datePublished":"2023-08-31T10:30:02+00:00","dateModified":"2023-11-12T04:30:28+00:00","description":"Celem Statorials.org jest zapewnienie uczniom wyj\u0105tkowej mo\u017cliwo\u015bci uczestniczenia w r\u00f3\u017cnych kompleksowych samouczkach","breadcrumb":{"@id":"https:\/\/statorials.org\/pl\/warunki-korzystania\/#breadcrumb"},"inLanguage":"pl-PL","potentialAction":[{"@type":"ReadAction","target":["https:\/\/statorials.org\/pl\/warunki-korzystania\/"]}]},{"@type":"BreadcrumbList","@id":"https:\/\/statorials.org\/pl\/warunki-korzystania\/#breadcrumb","itemListElement":[{"@type":"ListItem","position":1,"name":"Dom","item":"https:\/\/statorials.org\/pl\/"},{"@type":"ListItem","position":2,"name":"Warunki korzystania"}]},{"@type":"WebSite","@id":"https:\/\/statorials.org\/pl\/#website","url":"https:\/\/statorials.org\/pl\/","name":"Statorials","description":"Tw\u00f3j przewodnik po kompetencjach statystycznych!","potentialAction":[{"@type":"SearchAction","target":{"@type":"EntryPoint","urlTemplate":"https:\/\/statorials.org\/pl\/?s={search_term_string}"},"query-input":"required name=search_term_string"}],"inLanguage":"pl-PL"}]}},"yoast_meta":{"yoast_wpseo_title":"","yoast_wpseo_metadesc":"","yoast_wpseo_canonical":""},"_links":{"self":[{"href":"https:\/\/statorials.org\/pl\/wp-json\/wp\/v2\/pages\/5147","targetHints":{"allow":["GET"]}}],"collection":[{"href":"https:\/\/statorials.org\/pl\/wp-json\/wp\/v2\/pages"}],"about":[{"href":"https:\/\/statorials.org\/pl\/wp-json\/wp\/v2\/types\/page"}],"author":[{"embeddable":true,"href":"https:\/\/statorials.org\/pl\/wp-json\/wp\/v2\/users\/1"}],"replies":[{"embeddable":true,"href":"https:\/\/statorials.org\/pl\/wp-json\/wp\/v2\/comments?post=5147"}],"version-history":[{"count":1,"href":"https:\/\/statorials.org\/pl\/wp-json\/wp\/v2\/pages\/5147\/revisions"}],"predecessor-version":[{"id":5161,"href":"https:\/\/statorials.org\/pl\/wp-json\/wp\/v2\/pages\/5147\/revisions\/5161"}],"wp:attachment":[{"href":"https:\/\/statorials.org\/pl\/wp-json\/wp\/v2\/media?parent=5147"}],"curies":[{"name":"wp","href":"https:\/\/api.w.org\/{rel}","templated":true}]}}