{"id":5148,"date":"2023-08-31T10:27:36","date_gmt":"2023-08-31T10:27:36","guid":{"rendered":"https:\/\/statorials.org\/pl\/kontakt\/"},"modified":"2023-11-12T04:28:58","modified_gmt":"2023-11-12T04:28:58","slug":"kontakt","status":"publish","type":"page","link":"https:\/\/statorials.org\/pl\/kontakt\/","title":{"rendered":"Kontakt"},"content":{"rendered":"<p>Zawsze ch\u0119tnie s\u0142uchamy opinii naszych czytelnik\u00f3w i jeste\u015bmy tutaj, aby pom\u00f3c Ci w razie jakichkolwiek pyta\u0144, sugestii lub komentarzy. Nie wahaj si\u0119 z nami skontaktowa\u0107, korzystaj\u0105c z poni\u017cszych danych kontaktowych:<\/p>\n<p><strong>Informacje og\u00f3lne:<\/strong><br \/>\nW przypadku og\u00f3lnych pyta\u0144 dotycz\u0105cych publikowanych tutaj tre\u015bci prosimy o wype\u0142nienie poni\u017cszego formularza. Do\u0142o\u017cymy wszelkich stara\u0144, aby odpowiedzie\u0107 na Twoj\u0105 wiadomo\u015b\u0107 w ci\u0105gu 24-48 godzin.<\/p>\n<p><strong>Pro\u015bby o samouczek:<\/strong><br \/>\nJe\u015bli masz konkretny temat dotycz\u0105cy statystyk, kt\u00f3ry chcia\u0142by\u015b, aby\u015bmy om\u00f3wili w naszych tutorialach, lub je\u015bli istnieje koncepcja, kt\u00f3r\u0105 masz trudno\u015bci ze zrozumieniem, skontaktuj si\u0119 z nami za pomoc\u0105 poni\u017cszego formularza. Doceniamy Tw\u00f3j wk\u0142ad i rozwa\u017cymy Twoje sugestie dotycz\u0105ce przysz\u0142ych temat\u00f3w samouczk\u00f3w.<\/p>\n<p><strong>Zg\u0142o\u015b problemy:<\/strong><br \/>\nJe\u015bli podczas poruszania si\u0119 po naszej stronie napotkasz problemy techniczne lub zauwa\u017cysz b\u0142\u0119dy w naszych tutorialach, daj nam zna\u0107, wype\u0142niaj\u0105c poni\u017cszy formularz. Jeste\u015bmy wdzi\u0119czni za Twoj\u0105 pomoc w poprawie komfortu u\u017cytkowania i zapewnieniu dok\u0142adno\u015bci naszych tre\u015bci.<\/p>\n<p><iframe loading=\"lazy\" src=\"https:\/\/docs.google.com\/forms\/d\/e\/1FAIpQLSd3SOGL2r5YxKYU6OnQJ6BvY4yShCT6poX7inAVaDQqGlHGTg\/viewform?embedded=true\" width=\"640\" height=\"791\" frameborder=\"0\" marginwidth=\"0\" marginheight=\"0\">Loading\u2026<\/iframe><\/p>\n","protected":false},"excerpt":{"rendered":"<p>Zawsze ch\u0119tnie s\u0142uchamy opinii naszych czytelnik\u00f3w i jeste\u015bmy tutaj, aby pom\u00f3c Ci w razie jakichkolwiek pyta\u0144, sugestii lub komentarzy. Nie wahaj si\u0119 z nami skontaktowa\u0107, korzystaj\u0105c z poni\u017cszych danych kontaktowych: Informacje og\u00f3lne: W przypadku og\u00f3lnych pyta\u0144 dotycz\u0105cych publikowanych tutaj tre\u015bci prosimy o wype\u0142nienie poni\u017cszego formularza. Do\u0142o\u017cymy wszelkich stara\u0144, aby odpowiedzie\u0107 na Twoj\u0105 wiadomo\u015b\u0107 w ci\u0105gu [&hellip;]<\/p>\n","protected":false},"author":1,"featured_media":0,"parent":0,"menu_order":0,"comment_status":"closed","ping_status":"closed","template":"","meta":{"footnotes":""},"class_list":["post-5148","page","type-page","status-publish","hentry"],"yoast_head":"<!-- This site is optimized with the Yoast SEO plugin v21.5 - https:\/\/yoast.com\/wordpress\/plugins\/seo\/ -->\n<title>Kontakt - Statorials<\/title>\n<meta name=\"description\" content=\"Zawsze ch\u0119tnie s\u0142uchamy opinii naszych czytelnik\u00f3w i jeste\u015bmy tutaj, aby pom\u00f3c w przypadku jakichkolwiek pyta\u0144, sugestii lub polubie\u0144\" \/>\n<meta name=\"robots\" content=\"index, follow, max-snippet:-1, max-image-preview:large, max-video-preview:-1\" \/>\n<link rel=\"canonical\" href=\"https:\/\/statorials.org\/pl\/kontakt\/\" \/>\n<meta property=\"og:locale\" content=\"pl_PL\" \/>\n<meta property=\"og:type\" content=\"article\" \/>\n<meta property=\"og:title\" content=\"Kontakt - Statorials\" \/>\n<meta property=\"og:description\" content=\"Zawsze ch\u0119tnie s\u0142uchamy opinii naszych czytelnik\u00f3w i jeste\u015bmy tutaj, aby pom\u00f3c w przypadku jakichkolwiek pyta\u0144, sugestii lub polubie\u0144\" \/>\n<meta property=\"og:url\" content=\"https:\/\/statorials.org\/pl\/kontakt\/\" \/>\n<meta property=\"og:site_name\" content=\"Statorials\" \/>\n<meta property=\"article:modified_time\" content=\"2023-11-12T04:28:58+00:00\" \/>\n<meta name=\"twitter:card\" content=\"summary_large_image\" \/>\n<meta name=\"twitter:label1\" content=\"Szacowany czas czytania\" \/>\n\t<meta name=\"twitter:data1\" content=\"1 minuta\" \/>\n<script type=\"application\/ld+json\" class=\"yoast-schema-graph\">{\"@context\":\"https:\/\/schema.org\",\"@graph\":[{\"@type\":\"WebPage\",\"@id\":\"https:\/\/statorials.org\/pl\/kontakt\/\",\"url\":\"https:\/\/statorials.org\/pl\/kontakt\/\",\"name\":\"Kontakt - Statorials\",\"isPartOf\":{\"@id\":\"https:\/\/statorials.org\/pl\/#website\"},\"datePublished\":\"2023-08-31T10:27:36+00:00\",\"dateModified\":\"2023-11-12T04:28:58+00:00\",\"description\":\"Zawsze ch\u0119tnie s\u0142uchamy opinii naszych czytelnik\u00f3w i jeste\u015bmy tutaj, aby pom\u00f3c w przypadku jakichkolwiek pyta\u0144, sugestii lub polubie\u0144\",\"breadcrumb\":{\"@id\":\"https:\/\/statorials.org\/pl\/kontakt\/#breadcrumb\"},\"inLanguage\":\"pl-PL\",\"potentialAction\":[{\"@type\":\"ReadAction\",\"target\":[\"https:\/\/statorials.org\/pl\/kontakt\/\"]}]},{\"@type\":\"BreadcrumbList\",\"@id\":\"https:\/\/statorials.org\/pl\/kontakt\/#breadcrumb\",\"itemListElement\":[{\"@type\":\"ListItem\",\"position\":1,\"name\":\"Dom\",\"item\":\"https:\/\/statorials.org\/pl\/\"},{\"@type\":\"ListItem\",\"position\":2,\"name\":\"Kontakt\"}]},{\"@type\":\"WebSite\",\"@id\":\"https:\/\/statorials.org\/pl\/#website\",\"url\":\"https:\/\/statorials.org\/pl\/\",\"name\":\"Statorials\",\"description\":\"Tw\u00f3j przewodnik po kompetencjach statystycznych!\",\"potentialAction\":[{\"@type\":\"SearchAction\",\"target\":{\"@type\":\"EntryPoint\",\"urlTemplate\":\"https:\/\/statorials.org\/pl\/?s={search_term_string}\"},\"query-input\":\"required name=search_term_string\"}],\"inLanguage\":\"pl-PL\"}]}<\/script>\n<!-- \/ Yoast SEO plugin. -->","yoast_head_json":{"title":"Kontakt - Statorials","description":"Zawsze ch\u0119tnie s\u0142uchamy opinii naszych czytelnik\u00f3w i jeste\u015bmy tutaj, aby pom\u00f3c w przypadku jakichkolwiek pyta\u0144, sugestii lub polubie\u0144","robots":{"index":"index","follow":"follow","max-snippet":"max-snippet:-1","max-image-preview":"max-image-preview:large","max-video-preview":"max-video-preview:-1"},"canonical":"https:\/\/statorials.org\/pl\/kontakt\/","og_locale":"pl_PL","og_type":"article","og_title":"Kontakt - Statorials","og_description":"Zawsze ch\u0119tnie s\u0142uchamy opinii naszych czytelnik\u00f3w i jeste\u015bmy tutaj, aby pom\u00f3c w przypadku jakichkolwiek pyta\u0144, sugestii lub polubie\u0144","og_url":"https:\/\/statorials.org\/pl\/kontakt\/","og_site_name":"Statorials","article_modified_time":"2023-11-12T04:28:58+00:00","twitter_card":"summary_large_image","twitter_misc":{"Szacowany czas czytania":"1 minuta"},"schema":{"@context":"https:\/\/schema.org","@graph":[{"@type":"WebPage","@id":"https:\/\/statorials.org\/pl\/kontakt\/","url":"https:\/\/statorials.org\/pl\/kontakt\/","name":"Kontakt - Statorials","isPartOf":{"@id":"https:\/\/statorials.org\/pl\/#website"},"datePublished":"2023-08-31T10:27:36+00:00","dateModified":"2023-11-12T04:28:58+00:00","description":"Zawsze ch\u0119tnie s\u0142uchamy opinii naszych czytelnik\u00f3w i jeste\u015bmy tutaj, aby pom\u00f3c w przypadku jakichkolwiek pyta\u0144, sugestii lub polubie\u0144","breadcrumb":{"@id":"https:\/\/statorials.org\/pl\/kontakt\/#breadcrumb"},"inLanguage":"pl-PL","potentialAction":[{"@type":"ReadAction","target":["https:\/\/statorials.org\/pl\/kontakt\/"]}]},{"@type":"BreadcrumbList","@id":"https:\/\/statorials.org\/pl\/kontakt\/#breadcrumb","itemListElement":[{"@type":"ListItem","position":1,"name":"Dom","item":"https:\/\/statorials.org\/pl\/"},{"@type":"ListItem","position":2,"name":"Kontakt"}]},{"@type":"WebSite","@id":"https:\/\/statorials.org\/pl\/#website","url":"https:\/\/statorials.org\/pl\/","name":"Statorials","description":"Tw\u00f3j przewodnik po kompetencjach statystycznych!","potentialAction":[{"@type":"SearchAction","target":{"@type":"EntryPoint","urlTemplate":"https:\/\/statorials.org\/pl\/?s={search_term_string}"},"query-input":"required name=search_term_string"}],"inLanguage":"pl-PL"}]}},"yoast_meta":{"yoast_wpseo_title":"","yoast_wpseo_metadesc":"","yoast_wpseo_canonical":""},"_links":{"self":[{"href":"https:\/\/statorials.org\/pl\/wp-json\/wp\/v2\/pages\/5148","targetHints":{"allow":["GET"]}}],"collection":[{"href":"https:\/\/statorials.org\/pl\/wp-json\/wp\/v2\/pages"}],"about":[{"href":"https:\/\/statorials.org\/pl\/wp-json\/wp\/v2\/types\/page"}],"author":[{"embeddable":true,"href":"https:\/\/statorials.org\/pl\/wp-json\/wp\/v2\/users\/1"}],"replies":[{"embeddable":true,"href":"https:\/\/statorials.org\/pl\/wp-json\/wp\/v2\/comments?post=5148"}],"version-history":[{"count":1,"href":"https:\/\/statorials.org\/pl\/wp-json\/wp\/v2\/pages\/5148\/revisions"}],"predecessor-version":[{"id":5159,"href":"https:\/\/statorials.org\/pl\/wp-json\/wp\/v2\/pages\/5148\/revisions\/5159"}],"wp:attachment":[{"href":"https:\/\/statorials.org\/pl\/wp-json\/wp\/v2\/media?parent=5148"}],"curies":[{"name":"wp","href":"https:\/\/api.w.org\/{rel}","templated":true}]}}