{"id":5149,"date":"2023-07-12T21:00:07","date_gmt":"2023-07-12T21:00:07","guid":{"rendered":"https:\/\/statorials.org\/pl\/statystyka-w-prosty-i-bezposredni-sposob-wyjasnia-pojecia-ulatwiamy-nauke-statystyki\/"},"modified":"2023-11-12T04:48:43","modified_gmt":"2023-11-12T04:48:43","slug":"statystyka-w-prosty-i-bezposredni-sposob-wyjasnia-pojecia-ulatwiamy-nauke-statystyki","status":"publish","type":"page","link":"https:\/\/statorials.org\/pl\/","title":{"rendered":"Witamy w Statorials"},"content":{"rendered":"<p><span style=\"color: #000000;\">Statystyki uczenia si\u0119 mog\u0105 by\u0107 trudne. To mo\u017ce by\u0107 frustruj\u0105ce. A przede wszystkim mo\u017ce to by\u0107 myl\u0105ce. <strong>Dlatego jeste\u015bmy tutaj, aby Ci pom\u00f3c.<\/strong><\/span><\/p>\n<p><span style=\"color: #000000;\">Statorials to witryna, kt\u00f3ra u\u0142atwia nauk\u0119 statystyk, wyja\u015bniaj\u0105c tematy w prosty i bezpo\u015bredni spos\u00f3b.<\/span> <span style=\"color: #000000;\">Przekonaj si\u0119 sam, czytaj\u0105c nasze zasoby:<\/span><\/p>\n<h3><strong><span style=\"color: #000000;\">Poradniki statystyczne<\/span><\/strong><\/h3>\n<p><span style=\"color: #000000;\">Dowiedz si\u0119 wszystkiego o statystykach od podstaw, czytaj\u0105c nasze <a href=\"https:\/\/statorials.org\/pl\/tutoriale\/\">tutoriale dotycz\u0105ce statystyk<\/a> .<\/span><\/p>\n<h3><span style=\"color: #000000;\"><strong>Samouczki dotycz\u0105ce uczenia maszynowego<\/strong><\/span><\/h3>\n<p><span style=\"color: #000000;\">Poznaj podstawy uczenia maszynowego dzi\u0119ki naszym samouczkom dotycz\u0105cym uczenia maszynowego.<\/span><\/p>\n<h3><span style=\"color: #000000;\"><strong>Kalkulatory internetowe<\/strong><\/span><\/h3>\n<p><span style=\"color: #000000;\">Znajd\u017a warto\u015bci p, warto\u015bci krytyczne i inne, korzystaj\u0105c z naszych <a href=\"https:\/\/statorials.org\/pl\/kalkulatory\/\">internetowych kalkulator\u00f3w statystycznych<\/a> .<\/span><\/p>\n<h3><strong><span style=\"color: #000000;\">Dystrybucja tabel<\/span><\/strong><\/h3>\n<p><span style=\"color: #000000;\">Znajd\u017a warto\u015bci krytyczne i warto\u015bci p dla r\u00f3\u017cnych rozk\u0142ad\u00f3w, korzystaj\u0105c z naszych <a href=\"https:\/\/statorials.org\/pl\/sto\u0142y\/\">tabel rozk\u0142ad\u00f3w<\/a> .<\/span><\/p>\n<h3><strong>Przewodniki po Excelu<\/strong><\/h3>\n<p><span style=\"color: #000000;\">Dowiedz si\u0119, jak wykonywa\u0107 testy i funkcje statystyczne w programie Excel, korzystaj\u0105c z naszych <a href=\"https:\/\/statorials.org\/pl\/poradniki-excela\/\">przewodnik\u00f3w po programie Excel<\/a> .<\/span><\/p>\n<h3><strong>Przewodniki R<\/strong><\/h3>\n<p><span style=\"color: #000000;\">Dowiedz si\u0119, jak przeprowadza\u0107 testy statystyczne w j\u0119zyku R, korzystaj\u0105c z naszych <a href=\"https:\/\/statorials.org\/pl\/r-przewodniki\/\">przewodnik\u00f3w dotycz\u0105cych j\u0119zyka R.<\/a><\/span><\/p>\n<h3><span style=\"color: #000000;\"><strong>Przewodniki po Pythonie<\/strong><\/span><\/h3>\n<p><span style=\"color: #000000;\">Dowiedz si\u0119, jak przeprowadza\u0107 testy statystyczne w j\u0119zyku Python, korzystaj\u0105c z naszych <a href=\"https:\/\/statorials.org\/pl\/przewodniki-po-pythonie\/\" rel=\"noopener noreferrer\">przewodnik\u00f3w po j\u0119zyku Python<\/a> .<\/span><\/p>\n<h3><span style=\"color: #000000;\"><strong>Przewodniki po Arkuszach Google<\/strong><\/span><\/h3>\n<p><span style=\"color: #000000;\">Dowiedz si\u0119, jak przeprowadza\u0107 testy statystyczne w Arkuszach Google, korzystaj\u0105c z naszych <a href=\"https:\/\/statorials.org\/pl\/przewodniki-po-arkuszach-google\/\" rel=\"noopener noreferrer\">przewodnik\u00f3w po Arkuszach Google<\/a> .<\/span><\/p>\n<h3><strong>Przewodniki SPSS<\/strong><\/h3>\n<p><span style=\"color: #000000;\">Dowiedz si\u0119, jak tworzy\u0107 wykresy i przeprowadza\u0107 testy statystyczne w SPSS, korzystaj\u0105c z naszych <a href=\"https:\/\/statorials.org\/pl\/przewodniki-spss\/\">przewodnik\u00f3w SPSS<\/a> .<\/span><\/p>\n<h3><strong>Przewodniki statystyczne<\/strong><\/h3>\n<p><span style=\"color: #000000;\">Dowiedz si\u0119, jak tworzy\u0107 wykresy i przeprowadza\u0107 testy statystyczne w Stata, korzystaj\u0105c z naszych <a href=\"https:\/\/statorials.org\/pl\/przewodniki-statystyczne\/\" rel=\"noopener\">przewodnik\u00f3w Stata<\/a> .<\/span><\/p>\n<h3><strong>Przewodnik TI-84<\/strong><\/h3>\n<p><span style=\"color: #000000;\">Dowiedz si\u0119, jak wykonywa\u0107 testy statystyczne na kalkulatorze TI-84, korzystaj\u0105c z naszych <a href=\"https:\/\/statorials.org\/pl\/ti-84-przewodniki\/\">przewodnik\u00f3w TI-84<\/a> .<\/span><\/p>\n","protected":false},"excerpt":{"rendered":"<p>Statystyki uczenia si\u0119 mog\u0105 by\u0107 trudne. To mo\u017ce by\u0107 frustruj\u0105ce. A przede wszystkim mo\u017ce to by\u0107 myl\u0105ce. Dlatego jeste\u015bmy tutaj, aby Ci pom\u00f3c. Statorials to witryna, kt\u00f3ra u\u0142atwia nauk\u0119 statystyk, wyja\u015bniaj\u0105c tematy w prosty i bezpo\u015bredni spos\u00f3b. Przekonaj si\u0119 sam, czytaj\u0105c nasze zasoby: Poradniki statystyczne Dowiedz si\u0119 wszystkiego o statystykach od podstaw, czytaj\u0105c nasze tutoriale [&hellip;]<\/p>\n","protected":false},"author":1,"featured_media":0,"parent":0,"menu_order":0,"comment_status":"closed","ping_status":"closed","template":"","meta":{"footnotes":""},"class_list":["post-5149","page","type-page","status-publish","hentry"],"yoast_head":"<!-- This site is optimized with the Yoast SEO plugin v21.5 - https:\/\/yoast.com\/wordpress\/plugins\/seo\/ -->\n<title>Statorials - Tw\u00f3j przewodnik po kompetencjach statystycznych!<\/title>\n<meta name=\"description\" content=\"Statology to strona internetowa, kt\u00f3ra u\u0142atwia nauk\u0119 statystyki, wyja\u015bniaj\u0105c poj\u0119cia w prosty i bezpo\u015bredni spos\u00f3b.\" \/>\n<meta name=\"robots\" content=\"index, follow, max-snippet:-1, max-image-preview:large, max-video-preview:-1\" \/>\n<link rel=\"canonical\" href=\"https:\/\/statorials.org\/pl\/\" \/>\n<meta property=\"og:locale\" content=\"pl_PL\" \/>\n<meta property=\"og:type\" content=\"article\" \/>\n<meta property=\"og:title\" content=\"Statorials - Tw\u00f3j przewodnik po kompetencjach statystycznych!\" \/>\n<meta property=\"og:description\" content=\"Statology to strona internetowa, kt\u00f3ra u\u0142atwia nauk\u0119 statystyki, wyja\u015bniaj\u0105c poj\u0119cia w prosty i bezpo\u015bredni spos\u00f3b.\" \/>\n<meta property=\"og:url\" content=\"https:\/\/statorials.org\/pl\/\" \/>\n<meta property=\"og:site_name\" content=\"Statorials\" \/>\n<meta property=\"article:modified_time\" content=\"2023-11-12T04:48:43+00:00\" \/>\n<meta name=\"twitter:card\" content=\"summary_large_image\" \/>\n<meta name=\"twitter:label1\" content=\"Szacowany czas czytania\" \/>\n\t<meta name=\"twitter:data1\" content=\"2 minuty\" \/>\n<script type=\"application\/ld+json\" class=\"yoast-schema-graph\">{\"@context\":\"https:\/\/schema.org\",\"@graph\":[{\"@type\":\"WebPage\",\"@id\":\"https:\/\/statorials.org\/pl\/\",\"url\":\"https:\/\/statorials.org\/pl\/\",\"name\":\"Statorials - Tw\u00f3j przewodnik po kompetencjach statystycznych!\",\"isPartOf\":{\"@id\":\"https:\/\/statorials.org\/pl\/#website\"},\"datePublished\":\"2023-07-12T21:00:07+00:00\",\"dateModified\":\"2023-11-12T04:48:43+00:00\",\"description\":\"Statology to strona internetowa, kt\u00f3ra u\u0142atwia nauk\u0119 statystyki, wyja\u015bniaj\u0105c poj\u0119cia w prosty i bezpo\u015bredni spos\u00f3b.\",\"breadcrumb\":{\"@id\":\"https:\/\/statorials.org\/pl\/#breadcrumb\"},\"inLanguage\":\"pl-PL\",\"potentialAction\":[{\"@type\":\"ReadAction\",\"target\":[\"https:\/\/statorials.org\/pl\/\"]}]},{\"@type\":\"BreadcrumbList\",\"@id\":\"https:\/\/statorials.org\/pl\/#breadcrumb\",\"itemListElement\":[{\"@type\":\"ListItem\",\"position\":1,\"name\":\"Dom\",\"item\":\"https:\/\/statorials.org\/pl\/\"},{\"@type\":\"ListItem\",\"position\":2,\"name\":\"Witamy w Statorials\"}]},{\"@type\":\"WebSite\",\"@id\":\"https:\/\/statorials.org\/pl\/#website\",\"url\":\"https:\/\/statorials.org\/pl\/\",\"name\":\"Statorials\",\"description\":\"Tw\u00f3j przewodnik po kompetencjach statystycznych!\",\"potentialAction\":[{\"@type\":\"SearchAction\",\"target\":{\"@type\":\"EntryPoint\",\"urlTemplate\":\"https:\/\/statorials.org\/pl\/?s={search_term_string}\"},\"query-input\":\"required name=search_term_string\"}],\"inLanguage\":\"pl-PL\"}]}<\/script>\n<!-- \/ Yoast SEO plugin. -->","yoast_head_json":{"title":"Statorials - Tw\u00f3j przewodnik po kompetencjach statystycznych!","description":"Statology to strona internetowa, kt\u00f3ra u\u0142atwia nauk\u0119 statystyki, wyja\u015bniaj\u0105c poj\u0119cia w prosty i bezpo\u015bredni spos\u00f3b.","robots":{"index":"index","follow":"follow","max-snippet":"max-snippet:-1","max-image-preview":"max-image-preview:large","max-video-preview":"max-video-preview:-1"},"canonical":"https:\/\/statorials.org\/pl\/","og_locale":"pl_PL","og_type":"article","og_title":"Statorials - Tw\u00f3j przewodnik po kompetencjach statystycznych!","og_description":"Statology to strona internetowa, kt\u00f3ra u\u0142atwia nauk\u0119 statystyki, wyja\u015bniaj\u0105c poj\u0119cia w prosty i bezpo\u015bredni spos\u00f3b.","og_url":"https:\/\/statorials.org\/pl\/","og_site_name":"Statorials","article_modified_time":"2023-11-12T04:48:43+00:00","twitter_card":"summary_large_image","twitter_misc":{"Szacowany czas czytania":"2 minuty"},"schema":{"@context":"https:\/\/schema.org","@graph":[{"@type":"WebPage","@id":"https:\/\/statorials.org\/pl\/","url":"https:\/\/statorials.org\/pl\/","name":"Statorials - Tw\u00f3j przewodnik po kompetencjach statystycznych!","isPartOf":{"@id":"https:\/\/statorials.org\/pl\/#website"},"datePublished":"2023-07-12T21:00:07+00:00","dateModified":"2023-11-12T04:48:43+00:00","description":"Statology to strona internetowa, kt\u00f3ra u\u0142atwia nauk\u0119 statystyki, wyja\u015bniaj\u0105c poj\u0119cia w prosty i bezpo\u015bredni spos\u00f3b.","breadcrumb":{"@id":"https:\/\/statorials.org\/pl\/#breadcrumb"},"inLanguage":"pl-PL","potentialAction":[{"@type":"ReadAction","target":["https:\/\/statorials.org\/pl\/"]}]},{"@type":"BreadcrumbList","@id":"https:\/\/statorials.org\/pl\/#breadcrumb","itemListElement":[{"@type":"ListItem","position":1,"name":"Dom","item":"https:\/\/statorials.org\/pl\/"},{"@type":"ListItem","position":2,"name":"Witamy w Statorials"}]},{"@type":"WebSite","@id":"https:\/\/statorials.org\/pl\/#website","url":"https:\/\/statorials.org\/pl\/","name":"Statorials","description":"Tw\u00f3j przewodnik po kompetencjach statystycznych!","potentialAction":[{"@type":"SearchAction","target":{"@type":"EntryPoint","urlTemplate":"https:\/\/statorials.org\/pl\/?s={search_term_string}"},"query-input":"required name=search_term_string"}],"inLanguage":"pl-PL"}]}},"yoast_meta":{"yoast_wpseo_title":"","yoast_wpseo_metadesc":"","yoast_wpseo_canonical":""},"_links":{"self":[{"href":"https:\/\/statorials.org\/pl\/wp-json\/wp\/v2\/pages\/5149","targetHints":{"allow":["GET"]}}],"collection":[{"href":"https:\/\/statorials.org\/pl\/wp-json\/wp\/v2\/pages"}],"about":[{"href":"https:\/\/statorials.org\/pl\/wp-json\/wp\/v2\/types\/page"}],"author":[{"embeddable":true,"href":"https:\/\/statorials.org\/pl\/wp-json\/wp\/v2\/users\/1"}],"replies":[{"embeddable":true,"href":"https:\/\/statorials.org\/pl\/wp-json\/wp\/v2\/comments?post=5149"}],"version-history":[{"count":3,"href":"https:\/\/statorials.org\/pl\/wp-json\/wp\/v2\/pages\/5149\/revisions"}],"predecessor-version":[{"id":5189,"href":"https:\/\/statorials.org\/pl\/wp-json\/wp\/v2\/pages\/5149\/revisions\/5189"}],"wp:attachment":[{"href":"https:\/\/statorials.org\/pl\/wp-json\/wp\/v2\/media?parent=5149"}],"curies":[{"name":"wp","href":"https:\/\/api.w.org\/{rel}","templated":true}]}}