{"id":5151,"date":"2023-07-12T15:10:31","date_gmt":"2023-07-12T15:10:31","guid":{"rendered":"https:\/\/statorials.org\/pl\/przewodniki-statystyczne\/"},"modified":"2023-07-12T15:10:31","modified_gmt":"2023-07-12T15:10:31","slug":"przewodniki-statystyczne","status":"publish","type":"page","link":"https:\/\/statorials.org\/pl\/przewodniki-statystyczne\/","title":{"rendered":"Przewodniki statystyczne"},"content":{"rendered":"<p><span style=\"color: #000000;\">Na tej stronie znajduj\u0105 si\u0119 wszystkie tutoriale Stata dost\u0119pne w Statorials.<\/span><\/p>\n<p> <strong><span style=\"color: #000000;\">Korelacje<br \/><\/span><\/strong> <strong><a href=\"https:\/\/statorials.org\/pl\/macierz-korelacji-stanu\/\">Jak utworzy\u0107 macierz korelacji w Stata<\/a><br \/> <a href=\"https:\/\/statorials.org\/pl\/korelacje-statystyczne\/\">Korelacje w Stata: Pearson, Spearman i Kendall<\/a><\/strong><\/p>\n<p> <strong><span style=\"color: #000000;\">Wizualizacje<\/span><br \/> <a href=\"https:\/\/statorials.org\/pl\/statystyki-wykresu-\u0142odyg-i-lisci\/\">Jak utworzy\u0107 wykres \u0142odygi i li\u015bci w Stata<\/a><br \/> <a href=\"https:\/\/statorials.org\/pl\/statystyki-wykresow-pude\u0142kowych\/\">Jak tworzy\u0107 i edytowa\u0107 wykresy pude\u0142kowe w Stata<\/a><br \/> <a href=\"https:\/\/statorials.org\/pl\/chmury-punktow-statystycznych\/\">Jak tworzy\u0107 i edytowa\u0107 wykresy rozrzutu w Stata<\/a><br \/> <a href=\"https:\/\/statorials.org\/pl\/histogramy-statyczne\/\">Jak tworzy\u0107 i edytowa\u0107 histogramy w Stata<\/a><br \/> <a href=\"https:\/\/statorials.org\/pl\/wykresy-ko\u0142owe-statystyki\/\">Jak tworzy\u0107 i edytowa\u0107 wykresy ko\u0142owe w Stata<\/a><br \/><\/strong><\/p>\n<p> <span style=\"color: #000000;\"><strong>Testowanie hipotez<\/strong><\/span><br \/> <strong><a href=\"https:\/\/statorials.org\/pl\/jedna-probka-statystyka-testu-t\/\">Jak wykona\u0107 test t dla jednej pr\u00f3by w Stata<\/a><br \/> <a href=\"https:\/\/statorials.org\/pl\/dwie-probki-testu-t\/\">Jak wykona\u0107 test t dla dw\u00f3ch pr\u00f3bek w Stata<\/a><br \/> <a href=\"https:\/\/statorials.org\/pl\/welchs-t-statystyki-testowe\/\">Jak wykona\u0107 test t Welcha w Stata<\/a><br \/> <a href=\"https:\/\/statorials.org\/pl\/man-whitney-testuje-statystyki\/\">Jak wykona\u0107 test U Manna-Whitneya w Stata<\/a><br \/> <a href=\"https:\/\/statorials.org\">Jak wykona\u0107 sparowany test t w Stata<\/a><br \/> <a href=\"https:\/\/statorials.org\/pl\/statystyka-testu-rangi-znaku-wilcoxona\/\">Jak wykona\u0107 test rangowy ze znakiem Wilcoxona w Stata<\/a><br \/> <a href=\"https:\/\/statorials.org\/pl\/test-statystyki-levenesa\/\">Jak wykona\u0107 test Levene\u2019a w Stata<\/a><br \/> <a href=\"https:\/\/statorials.org\/pl\/statystyka-testu-normalnosci\/\">Jak przetestowa\u0107 normalno\u015b\u0107 w Stata<\/a><br \/><\/strong><\/p>\n<p> <strong><span style=\"color: #000000;\">Regresja<\/span><\/strong><br \/> <strong><a href=\"https:\/\/statorials.org\/pl\/prosta-statystyka-regresji-liniowej\/\">Jak wykona\u0107 prost\u0105 regresj\u0119 liniow\u0105 w Stata<\/a><br \/> <a href=\"https:\/\/statorials.org\/pl\/statystyki-wielokrotnej-regresji-liniowej\/\">Jak wykona\u0107 wielokrotn\u0105 regresj\u0119 liniow\u0105 w Stata<\/a><br \/> <a href=\"https:\/\/statorials.org\/pl\/statystyka-regresji-kwadratowej\/\">Jak wykona\u0107 regresj\u0119 kwadratow\u0105 w Stata<\/a><br \/> <a href=\"https:\/\/statorials.org\/pl\/statystyki-regresji-logistycznej\/\">Jak przeprowadzi\u0107 regresj\u0119 logistyczn\u0105 w Stata<\/a><br \/> <a href=\"https:\/\/statorials.org\/pl\/statystyka-regresji-kwantylowej\/\">Jak wykona\u0107 regresj\u0119 kwantylow\u0105 w Stata<\/a><br \/> <a href=\"https:\/\/statorials.org\/pl\/statystyki-regresji-hierarchicznej\/\">Jak wykona\u0107 regresj\u0119 hierarchiczn\u0105 w Stata<\/a><br \/> <a href=\"https:\/\/statorials.org\/pl\/stan-krzywej-ska\u0142y\/\">Jak utworzy\u0107 i zinterpretowa\u0107 krzyw\u0105 ROC w Stata<\/a><br \/> <a href=\"https:\/\/statorials.org\/pl\/solidne-statystyki-b\u0142edow-standardowych\/\">Jak u\u017cywa\u0107 solidnych b\u0142\u0119d\u00f3w standardowych w regresji w Stata<\/a><br \/> <a href=\"https:\/\/statorials.org\/pl\/test-poganskiej-statystyki-breuscha\/\">Jak wykona\u0107 test Breuscha-Pagana w Stata<\/a><br \/> <a href=\"https:\/\/statorials.org\/pl\/wartosci-przewidywane,-statystyki-regresji-reszt\/\">Jak uzyska\u0107 przewidywane warto\u015bci i reszty w Stata<\/a><br \/> <a href=\"https:\/\/statorials.org\/pl\/niektore-wykresy-statystyczne\/\">Jak tworzy\u0107 i interpretowa\u0107 wykresy QQ w Stata<\/a><br \/> <a href=\"https:\/\/statorials.org\/pl\/statystyki-wieloliniowosci\/\">Jak przetestowa\u0107 wieloliniowo\u015b\u0107 w Stata<\/a><br \/><\/strong><\/p>\n<p> <strong><span style=\"color: #000000;\">ANOVA<\/span><\/strong><br \/> <strong><a href=\"https:\/\/statorials.org\/pl\/w-jedna-strone-anova-stata\/\">Jak wykona\u0107 jednokierunkow\u0105 ANOVA w Stata<\/a><br \/> <a href=\"https:\/\/statorials.org\/pl\/statystyki-testowe-kruskala-wallisa\/\">Jak wykona\u0107 test Kruskala-Wallisa w Stata<\/a><\/strong><br \/> <strong><a href=\"https:\/\/statorials.org\/pl\/dwukierunkowa-statystyka-anova\/\">Jak wykona\u0107 dwukierunkow\u0105 ANOVA w Stata<\/a><\/strong><br \/> <strong><a href=\"https:\/\/statorials.org\/pl\/powtarzane-pomiary-anova-stat\/\">Jak wykona\u0107 ANOVA z powtarzanymi pomiarami w Stata<\/a><br \/> <a href=\"https:\/\/statorials.org\/pl\/statystyka-testu-friedmana\/\">Jak wykona\u0107 test Friedmana w Stata<\/a><br \/> <a href=\"https:\/\/statorials.org\/pl\/stan-manova\/\">Jak wykona\u0107 MANOVA w Stata<\/a><br \/><\/strong><\/p>\n<p> <strong><span style=\"color: #000000;\">Testy chi-kwadrat<\/span><\/strong><br \/> <strong><a href=\"https:\/\/statorials.org\/pl\/test-stanu-mcnemara\/\">Jak wykona\u0107 test McNemara w Stata<\/a><br \/> <a href=\"https:\/\/statorials.org\/pl\/dok\u0142adny-test-statystyczny-rybakow\/\">Jak wykona\u0107 dok\u0142adny test Fishera w Stata<\/a><br \/> <a href=\"https:\/\/statorials.org\/pl\/jakosc-chi-kwadrat-statystyki-dopasowania\/\">Jak wykona\u0107 test dobroci dopasowania chi-kwadrat w Stata<\/a><br \/> <a href=\"https:\/\/statorials.org\/pl\/test-chi-kwadrat-statystyki-niezaleznosci\/\">Jak wykona\u0107 test niezale\u017cno\u015bci chi-kwadrat w Stata<\/a><br \/><\/strong><\/p>\n","protected":false},"excerpt":{"rendered":"<p>Na tej stronie znajduj\u0105 si\u0119 wszystkie tutoriale Stata dost\u0119pne w Statorials. Korelacje Jak utworzy\u0107 macierz korelacji w Stata Korelacje w Stata: Pearson, Spearman i Kendall Wizualizacje Jak utworzy\u0107 wykres \u0142odygi i li\u015bci w Stata Jak tworzy\u0107 i edytowa\u0107 wykresy pude\u0142kowe w Stata Jak tworzy\u0107 i edytowa\u0107 wykresy rozrzutu w Stata Jak tworzy\u0107 i edytowa\u0107 histogramy [&hellip;]<\/p>\n","protected":false},"author":1,"featured_media":0,"parent":0,"menu_order":0,"comment_status":"closed","ping_status":"closed","template":"","meta":{"footnotes":""},"class_list":["post-5151","page","type-page","status-publish","hentry"],"yoast_head":"<!-- This site is optimized with the Yoast SEO plugin v21.5 - https:\/\/yoast.com\/wordpress\/plugins\/seo\/ -->\n<title>Przewodniki statystyczne<\/title>\n<meta name=\"robots\" content=\"index, follow, max-snippet:-1, max-image-preview:large, max-video-preview:-1\" \/>\n<link rel=\"canonical\" href=\"https:\/\/statorials.org\/pl\/przewodniki-statystyczne\/\" \/>\n<meta property=\"og:locale\" content=\"pl_PL\" \/>\n<meta property=\"og:type\" content=\"article\" \/>\n<meta property=\"og:title\" content=\"Przewodniki statystyczne\" \/>\n<meta property=\"og:description\" content=\"Na tej stronie znajduj\u0105 si\u0119 wszystkie tutoriale Stata dost\u0119pne w Statorials. Korelacje Jak utworzy\u0107 macierz korelacji w Stata Korelacje w Stata: Pearson, Spearman i Kendall Wizualizacje Jak utworzy\u0107 wykres \u0142odygi i li\u015bci w Stata Jak tworzy\u0107 i edytowa\u0107 wykresy pude\u0142kowe w Stata Jak tworzy\u0107 i edytowa\u0107 wykresy rozrzutu w Stata Jak tworzy\u0107 i edytowa\u0107 histogramy [&hellip;]\" \/>\n<meta property=\"og:url\" content=\"https:\/\/statorials.org\/pl\/przewodniki-statystyczne\/\" \/>\n<meta property=\"og:site_name\" content=\"Statorials\" \/>\n<meta name=\"twitter:card\" content=\"summary_large_image\" \/>\n<meta name=\"twitter:label1\" content=\"Szacowany czas czytania\" \/>\n\t<meta name=\"twitter:data1\" content=\"1 minuta\" \/>\n<script type=\"application\/ld+json\" class=\"yoast-schema-graph\">{\"@context\":\"https:\/\/schema.org\",\"@graph\":[{\"@type\":\"WebPage\",\"@id\":\"https:\/\/statorials.org\/pl\/przewodniki-statystyczne\/\",\"url\":\"https:\/\/statorials.org\/pl\/przewodniki-statystyczne\/\",\"name\":\"Przewodniki statystyczne\",\"isPartOf\":{\"@id\":\"https:\/\/statorials.org\/pl\/#website\"},\"datePublished\":\"2023-07-12T15:10:31+00:00\",\"dateModified\":\"2023-07-12T15:10:31+00:00\",\"breadcrumb\":{\"@id\":\"https:\/\/statorials.org\/pl\/przewodniki-statystyczne\/#breadcrumb\"},\"inLanguage\":\"pl-PL\",\"potentialAction\":[{\"@type\":\"ReadAction\",\"target\":[\"https:\/\/statorials.org\/pl\/przewodniki-statystyczne\/\"]}]},{\"@type\":\"BreadcrumbList\",\"@id\":\"https:\/\/statorials.org\/pl\/przewodniki-statystyczne\/#breadcrumb\",\"itemListElement\":[{\"@type\":\"ListItem\",\"position\":1,\"name\":\"Dom\",\"item\":\"https:\/\/statorials.org\/pl\/\"},{\"@type\":\"ListItem\",\"position\":2,\"name\":\"Przewodniki statystyczne\"}]},{\"@type\":\"WebSite\",\"@id\":\"https:\/\/statorials.org\/pl\/#website\",\"url\":\"https:\/\/statorials.org\/pl\/\",\"name\":\"Statorials\",\"description\":\"Tw\u00f3j przewodnik po kompetencjach statystycznych!\",\"potentialAction\":[{\"@type\":\"SearchAction\",\"target\":{\"@type\":\"EntryPoint\",\"urlTemplate\":\"https:\/\/statorials.org\/pl\/?s={search_term_string}\"},\"query-input\":\"required name=search_term_string\"}],\"inLanguage\":\"pl-PL\"}]}<\/script>\n<!-- \/ Yoast SEO plugin. -->","yoast_head_json":{"title":"Przewodniki statystyczne","robots":{"index":"index","follow":"follow","max-snippet":"max-snippet:-1","max-image-preview":"max-image-preview:large","max-video-preview":"max-video-preview:-1"},"canonical":"https:\/\/statorials.org\/pl\/przewodniki-statystyczne\/","og_locale":"pl_PL","og_type":"article","og_title":"Przewodniki statystyczne","og_description":"Na tej stronie znajduj\u0105 si\u0119 wszystkie tutoriale Stata dost\u0119pne w Statorials. Korelacje Jak utworzy\u0107 macierz korelacji w Stata Korelacje w Stata: Pearson, Spearman i Kendall Wizualizacje Jak utworzy\u0107 wykres \u0142odygi i li\u015bci w Stata Jak tworzy\u0107 i edytowa\u0107 wykresy pude\u0142kowe w Stata Jak tworzy\u0107 i edytowa\u0107 wykresy rozrzutu w Stata Jak tworzy\u0107 i edytowa\u0107 histogramy [&hellip;]","og_url":"https:\/\/statorials.org\/pl\/przewodniki-statystyczne\/","og_site_name":"Statorials","twitter_card":"summary_large_image","twitter_misc":{"Szacowany czas czytania":"1 minuta"},"schema":{"@context":"https:\/\/schema.org","@graph":[{"@type":"WebPage","@id":"https:\/\/statorials.org\/pl\/przewodniki-statystyczne\/","url":"https:\/\/statorials.org\/pl\/przewodniki-statystyczne\/","name":"Przewodniki statystyczne","isPartOf":{"@id":"https:\/\/statorials.org\/pl\/#website"},"datePublished":"2023-07-12T15:10:31+00:00","dateModified":"2023-07-12T15:10:31+00:00","breadcrumb":{"@id":"https:\/\/statorials.org\/pl\/przewodniki-statystyczne\/#breadcrumb"},"inLanguage":"pl-PL","potentialAction":[{"@type":"ReadAction","target":["https:\/\/statorials.org\/pl\/przewodniki-statystyczne\/"]}]},{"@type":"BreadcrumbList","@id":"https:\/\/statorials.org\/pl\/przewodniki-statystyczne\/#breadcrumb","itemListElement":[{"@type":"ListItem","position":1,"name":"Dom","item":"https:\/\/statorials.org\/pl\/"},{"@type":"ListItem","position":2,"name":"Przewodniki statystyczne"}]},{"@type":"WebSite","@id":"https:\/\/statorials.org\/pl\/#website","url":"https:\/\/statorials.org\/pl\/","name":"Statorials","description":"Tw\u00f3j przewodnik po kompetencjach statystycznych!","potentialAction":[{"@type":"SearchAction","target":{"@type":"EntryPoint","urlTemplate":"https:\/\/statorials.org\/pl\/?s={search_term_string}"},"query-input":"required name=search_term_string"}],"inLanguage":"pl-PL"}]}},"yoast_meta":{"yoast_wpseo_title":"","yoast_wpseo_metadesc":"","yoast_wpseo_canonical":""},"_links":{"self":[{"href":"https:\/\/statorials.org\/pl\/wp-json\/wp\/v2\/pages\/5151","targetHints":{"allow":["GET"]}}],"collection":[{"href":"https:\/\/statorials.org\/pl\/wp-json\/wp\/v2\/pages"}],"about":[{"href":"https:\/\/statorials.org\/pl\/wp-json\/wp\/v2\/types\/page"}],"author":[{"embeddable":true,"href":"https:\/\/statorials.org\/pl\/wp-json\/wp\/v2\/users\/1"}],"replies":[{"embeddable":true,"href":"https:\/\/statorials.org\/pl\/wp-json\/wp\/v2\/comments?post=5151"}],"version-history":[{"count":0,"href":"https:\/\/statorials.org\/pl\/wp-json\/wp\/v2\/pages\/5151\/revisions"}],"wp:attachment":[{"href":"https:\/\/statorials.org\/pl\/wp-json\/wp\/v2\/media?parent=5151"}],"curies":[{"name":"wp","href":"https:\/\/api.w.org\/{rel}","templated":true}]}}