{"id":5152,"date":"2023-07-12T14:01:08","date_gmt":"2023-07-12T14:01:08","guid":{"rendered":"https:\/\/statorials.org\/pl\/ti-84-przewodniki\/"},"modified":"2023-07-12T14:01:08","modified_gmt":"2023-07-12T14:01:08","slug":"ti-84-przewodniki","status":"publish","type":"page","link":"https:\/\/statorials.org\/pl\/ti-84-przewodniki\/","title":{"rendered":"Przewodnik ti-84"},"content":{"rendered":"<p><span style=\"color: #000000;\">Na tej stronie znajduj\u0105 si\u0119 wszystkie tutoriale dotycz\u0105ce kalkulatora TI-84 dost\u0119pne w serwisie Statorials.<\/span><\/p>\n<p> <span style=\"color: #000000;\"><strong>Opisowe statystyki<\/strong><\/span><br \/> <strong><a href=\"https:\/\/statorials.org\/pl\/piec-numerow-cv-ti-84\/\">Jak znale\u017a\u0107 pi\u0119ciocyfrowe podsumowanie na kalkulatorze TI-84<\/a><br \/> <a href=\"https:\/\/statorials.org\/pl\/rozstep-miedzykwartylowy-ti-84\/\">Jak znale\u017a\u0107 rozst\u0119p mi\u0119dzykwartylowy na kalkulatorze TI-84<\/a><br \/> <a href=\"https:\/\/statorials.org\/pl\/wspo\u0142czynnik-zmiennosci-ti-84\/\">Jak znale\u017a\u0107 wsp\u00f3\u0142czynnik zmienno\u015bci na kalkulatorze TI-84<\/a><br \/> <a href=\"https:\/\/statorials.org\/pl\/wariancja-probki-ti-84\/\">Jak znale\u017a\u0107 wariancj\u0119 pr\u00f3bki na kalkulatorze TI-84<\/a><br \/> <a href=\"https:\/\/statorials.org\/pl\/produkt-kropkowy-ti-84\/\">Jak obliczy\u0107 iloczyn skalarny na kalkulatorze TI-84<\/a><br \/> <a href=\"https:\/\/statorials.org\/pl\/czestotliwosc-wzgledna-ti-84\/\">Jak obliczy\u0107 cz\u0119stotliwo\u015b\u0107 wzgl\u0119dn\u0105 na kalkulatorze TI-84<\/a><br \/> <a href=\"https:\/\/statorials.org\/pl\/bezwzgledne-srednie-odchylenie-ti-84\/\">Jak znale\u017a\u0107 \u015brednie odchylenie bezwzgl\u0119dne na kalkulatorze TI-84<\/a><br \/><\/strong><\/p>\n<p> <span style=\"color: #000000;\"><strong>Rozk\u0142ady prawdopodobie\u0144stwa<\/strong><\/span><br \/> <strong><a href=\"https:\/\/statorials.org\/pl\/kalkulator-prawdopodobienstw-normalnych-ti-84\/\">Jak obliczy\u0107 prawdopodobie\u0144stwa normalne na kalkulatorze TI-84<\/a><br \/> <a href=\"https:\/\/statorials.org\/pl\/kalkulator-prawdopodobienstw-dwumianowych-ti-84\/\">Jak obliczy\u0107 prawdopodobie\u0144stwa dwumianowe na kalkulatorze TI-84<\/a><br \/> <a href=\"https:\/\/statorials.org\/pl\/kalkulator-prawdopodobienstwa-ryb-ti-84\/\">Jak obliczy\u0107 prawdopodobie\u0144stwa Poissona na kalkulatorze TI-84<\/a><br \/> <a href=\"https:\/\/statorials.org\/pl\/geometpdf-geometcdf-ti-84\/\">Jak u\u017cywa\u0107 geometpdf() i geometcdf() na kalkulatorze TI-84<\/a><br \/> <a href=\"https:\/\/statorials.org\/pl\/kalkulator-z-score-ti-84\/\">Jak obliczy\u0107 wyniki Z na kalkulatorze TI-84<\/a><br \/> <a href=\"https:\/\/statorials.org\/pl\/percentyl-wyniku-z-ti-84\/\">Jak znale\u017a\u0107 percentyle na podstawie wynik\u00f3w Z na kalkulatorze TI-84<\/a><br \/> <a href=\"https:\/\/statorials.org\/pl\/jak-znalezc-wartosc-krytyczna-t-na-kalkulatorze-ti-84\/\">Jak znale\u017a\u0107 warto\u015b\u0107 krytyczn\u0105 T na kalkulatorze TI-84<\/a><br \/> <a href=\"https:\/\/statorials.org\/pl\/z-kalkulator-wartosci-krytycznej-ti-84\/\">Jak znale\u017a\u0107 krytyczn\u0105 warto\u015b\u0107 Z na kalkulatorze TI-84<\/a><br \/> <a href=\"https:\/\/statorials.org\/pl\/centralne-twierdzenie-graniczne-ti-84\/\">Jak zastosowa\u0107 centralne twierdzenie graniczne w kalkulatorze TI-84<\/a><br \/> <a href=\"https:\/\/statorials.org\/pl\/wartosc-oczekiwana-ti-84\/\">Jak znale\u017a\u0107 oczekiwan\u0105 warto\u015b\u0107 rozk\u0142adu prawdopodobie\u0144stwa na kalkulatorze TI-84<\/a><br \/><\/strong><\/p>\n<p> <span style=\"color: #000000;\"><strong>Testowanie hipotez<\/strong><\/span><br \/> <strong><a href=\"https:\/\/statorials.org\/pl\/przyk\u0142adowy-kalkulator-testu-t-ti-84\/\">Jak wykona\u0107 test t dla jednej pr\u00f3bki na kalkulatorze TI-84<\/a><br \/> <a href=\"https:\/\/statorials.org\/pl\/dwie-probki-testu-t-ti-84-kalkulator\/\">Jak wykona\u0107 test t dla dw\u00f3ch pr\u00f3bek na kalkulatorze TI-84<\/a><br \/> <a href=\"https:\/\/statorials.org\">Jak wykona\u0107 sparowany test T na kalkulatorze TI-84<\/a><\/strong><\/p>\n<p> <span style=\"color: #000000;\"><strong>Przedzia\u0142y ufno\u015bci<\/strong><\/span><br \/> <strong><a href=\"https:\/\/statorials.org\/pl\/kalkulator-przedzia\u0142ow-ufnosci-ti-84\/\">Jak obliczy\u0107 przedzia\u0142y ufno\u015bci na kalkulatorze TI-84<\/a><br \/> <a href=\"https:\/\/statorials.org\/pl\/margines-b\u0142edu-ti-84\/\">Jak znale\u017a\u0107 margines b\u0142\u0119du na kalkulatorze TI-84<\/a><br \/><\/strong><\/p>\n<p> <span style=\"color: #000000;\"><strong>Regresja<\/strong><\/span><br \/> <strong><a href=\"https:\/\/statorials.org\/pl\/kalkulator-wspo\u0142czynnika-korelacji-ti-84\/\">Jak obliczy\u0107 wsp\u00f3\u0142czynnik korelacji na kalkulatorze TI-84<\/a><br \/> <a href=\"https:\/\/statorials.org\/pl\/kalkulator-regresji-liniowej-ti-84\/\">Jak wykona\u0107 regresj\u0119 liniow\u0105 na kalkulatorze TI-84<\/a><br \/> <a href=\"https:\/\/statorials.org\/pl\/linia-najlepiej-dopasowana-ti-84\/\">Jak znale\u017a\u0107 i wykre\u015bli\u0107 lini\u0119 najlepszego dopasowania w kalkulatorze TI-84<\/a><br \/> <a href=\"https:\/\/statorials.org\/pl\/kalkulator-regresji-kwadratowej-ti-84\/\">Jak wykona\u0107 regresj\u0119 kwadratow\u0105 na kalkulatorze TI-84<\/a><br \/> <a href=\"https:\/\/statorials.org\/pl\/regresja-wyk\u0142adnicza-ti-84\/\">Jak przeprowadzi\u0107 regresj\u0119 wyk\u0142adnicz\u0105 na kalkulatorze TI-84<\/a><br \/> <a href=\"https:\/\/statorials.org\/pl\/regresja-logarytmiczna-ti-84\/\">Jak wykona\u0107 regresj\u0119 logarytmiczn\u0105 na kalkulatorze TI-84<\/a><br \/> <a href=\"https:\/\/statorials.org\/pl\/pozosta\u0142a-dzia\u0142ka-ti-84\/\">Jak utworzy\u0107 wykres pozosta\u0142o\u015bci na kalkulatorze TI-84<\/a><br \/><\/strong><\/p>\n<p> <span style=\"color: #000000;\"><strong>ANOVA<\/strong><\/span><br \/> <strong><a href=\"https:\/\/statorials.org\/pl\/kalkulator-anova-ti-84\/\">Jak wykona\u0107 jednokierunkow\u0105 ANOVA na kalkulatorze TI-84<\/a><br \/><\/strong><\/p>\n<p> <span style=\"color: #000000;\"><strong>Testy chi-kwadrat<\/strong><\/span><br \/> <strong><a href=\"https:\/\/statorials.org\/pl\/kalkulator-jakosci-dostosowania-chi-kwadrat-ti-84\/\">Test dopasowania chi-kwadrat na kalkulatorze TI-84<\/a><br \/> <a href=\"https:\/\/statorials.org\/pl\/test-niezaleznosci-chi-kwadrat-kalkulator-ti-84\/\">Test niezale\u017cno\u015bci chi-kwadrat na kalkulatorze TI-84<\/a><br \/><\/strong><\/p>\n","protected":false},"excerpt":{"rendered":"<p>Na tej stronie znajduj\u0105 si\u0119 wszystkie tutoriale dotycz\u0105ce kalkulatora TI-84 dost\u0119pne w serwisie Statorials. Opisowe statystyki Jak znale\u017a\u0107 pi\u0119ciocyfrowe podsumowanie na kalkulatorze TI-84 Jak znale\u017a\u0107 rozst\u0119p mi\u0119dzykwartylowy na kalkulatorze TI-84 Jak znale\u017a\u0107 wsp\u00f3\u0142czynnik zmienno\u015bci na kalkulatorze TI-84 Jak znale\u017a\u0107 wariancj\u0119 pr\u00f3bki na kalkulatorze TI-84 Jak obliczy\u0107 iloczyn skalarny na kalkulatorze TI-84 Jak obliczy\u0107 cz\u0119stotliwo\u015b\u0107 wzgl\u0119dn\u0105 [&hellip;]<\/p>\n","protected":false},"author":1,"featured_media":0,"parent":0,"menu_order":0,"comment_status":"closed","ping_status":"closed","template":"","meta":{"footnotes":""},"class_list":["post-5152","page","type-page","status-publish","hentry"],"yoast_head":"<!-- This site is optimized with the Yoast SEO plugin v21.5 - https:\/\/yoast.com\/wordpress\/plugins\/seo\/ -->\n<title>Przewodnik TI-84<\/title>\n<meta name=\"description\" content=\"Na tej stronie znajduj\u0105 si\u0119 wszystkie tutoriale dotycz\u0105ce kalkulatora TI-84 dost\u0119pne w serwisie Statology.\" \/>\n<meta name=\"robots\" content=\"index, follow, max-snippet:-1, max-image-preview:large, max-video-preview:-1\" \/>\n<link rel=\"canonical\" href=\"https:\/\/statorials.org\/pl\/ti-84-przewodniki\/\" \/>\n<meta property=\"og:locale\" content=\"pl_PL\" \/>\n<meta property=\"og:type\" content=\"article\" \/>\n<meta property=\"og:title\" content=\"Przewodnik TI-84\" \/>\n<meta property=\"og:description\" content=\"Na tej stronie znajduj\u0105 si\u0119 wszystkie tutoriale dotycz\u0105ce kalkulatora TI-84 dost\u0119pne w serwisie Statology.\" \/>\n<meta property=\"og:url\" content=\"https:\/\/statorials.org\/pl\/ti-84-przewodniki\/\" \/>\n<meta property=\"og:site_name\" content=\"Statorials\" \/>\n<meta name=\"twitter:card\" content=\"summary_large_image\" \/>\n<meta name=\"twitter:label1\" content=\"Szacowany czas czytania\" \/>\n\t<meta name=\"twitter:data1\" content=\"2 minuty\" \/>\n<script type=\"application\/ld+json\" class=\"yoast-schema-graph\">{\"@context\":\"https:\/\/schema.org\",\"@graph\":[{\"@type\":\"WebPage\",\"@id\":\"https:\/\/statorials.org\/pl\/ti-84-przewodniki\/\",\"url\":\"https:\/\/statorials.org\/pl\/ti-84-przewodniki\/\",\"name\":\"Przewodnik TI-84\",\"isPartOf\":{\"@id\":\"https:\/\/statorials.org\/pl\/#website\"},\"datePublished\":\"2023-07-12T14:01:08+00:00\",\"dateModified\":\"2023-07-12T14:01:08+00:00\",\"description\":\"Na tej stronie znajduj\u0105 si\u0119 wszystkie tutoriale dotycz\u0105ce kalkulatora TI-84 dost\u0119pne w serwisie Statology.\",\"breadcrumb\":{\"@id\":\"https:\/\/statorials.org\/pl\/ti-84-przewodniki\/#breadcrumb\"},\"inLanguage\":\"pl-PL\",\"potentialAction\":[{\"@type\":\"ReadAction\",\"target\":[\"https:\/\/statorials.org\/pl\/ti-84-przewodniki\/\"]}]},{\"@type\":\"BreadcrumbList\",\"@id\":\"https:\/\/statorials.org\/pl\/ti-84-przewodniki\/#breadcrumb\",\"itemListElement\":[{\"@type\":\"ListItem\",\"position\":1,\"name\":\"Dom\",\"item\":\"https:\/\/statorials.org\/pl\/\"},{\"@type\":\"ListItem\",\"position\":2,\"name\":\"Przewodnik ti-84\"}]},{\"@type\":\"WebSite\",\"@id\":\"https:\/\/statorials.org\/pl\/#website\",\"url\":\"https:\/\/statorials.org\/pl\/\",\"name\":\"Statorials\",\"description\":\"Tw\u00f3j przewodnik po kompetencjach statystycznych!\",\"potentialAction\":[{\"@type\":\"SearchAction\",\"target\":{\"@type\":\"EntryPoint\",\"urlTemplate\":\"https:\/\/statorials.org\/pl\/?s={search_term_string}\"},\"query-input\":\"required name=search_term_string\"}],\"inLanguage\":\"pl-PL\"}]}<\/script>\n<!-- \/ Yoast SEO plugin. -->","yoast_head_json":{"title":"Przewodnik TI-84","description":"Na tej stronie znajduj\u0105 si\u0119 wszystkie tutoriale dotycz\u0105ce kalkulatora TI-84 dost\u0119pne w serwisie Statology.","robots":{"index":"index","follow":"follow","max-snippet":"max-snippet:-1","max-image-preview":"max-image-preview:large","max-video-preview":"max-video-preview:-1"},"canonical":"https:\/\/statorials.org\/pl\/ti-84-przewodniki\/","og_locale":"pl_PL","og_type":"article","og_title":"Przewodnik TI-84","og_description":"Na tej stronie znajduj\u0105 si\u0119 wszystkie tutoriale dotycz\u0105ce kalkulatora TI-84 dost\u0119pne w serwisie Statology.","og_url":"https:\/\/statorials.org\/pl\/ti-84-przewodniki\/","og_site_name":"Statorials","twitter_card":"summary_large_image","twitter_misc":{"Szacowany czas czytania":"2 minuty"},"schema":{"@context":"https:\/\/schema.org","@graph":[{"@type":"WebPage","@id":"https:\/\/statorials.org\/pl\/ti-84-przewodniki\/","url":"https:\/\/statorials.org\/pl\/ti-84-przewodniki\/","name":"Przewodnik TI-84","isPartOf":{"@id":"https:\/\/statorials.org\/pl\/#website"},"datePublished":"2023-07-12T14:01:08+00:00","dateModified":"2023-07-12T14:01:08+00:00","description":"Na tej stronie znajduj\u0105 si\u0119 wszystkie tutoriale dotycz\u0105ce kalkulatora TI-84 dost\u0119pne w serwisie Statology.","breadcrumb":{"@id":"https:\/\/statorials.org\/pl\/ti-84-przewodniki\/#breadcrumb"},"inLanguage":"pl-PL","potentialAction":[{"@type":"ReadAction","target":["https:\/\/statorials.org\/pl\/ti-84-przewodniki\/"]}]},{"@type":"BreadcrumbList","@id":"https:\/\/statorials.org\/pl\/ti-84-przewodniki\/#breadcrumb","itemListElement":[{"@type":"ListItem","position":1,"name":"Dom","item":"https:\/\/statorials.org\/pl\/"},{"@type":"ListItem","position":2,"name":"Przewodnik ti-84"}]},{"@type":"WebSite","@id":"https:\/\/statorials.org\/pl\/#website","url":"https:\/\/statorials.org\/pl\/","name":"Statorials","description":"Tw\u00f3j przewodnik po kompetencjach statystycznych!","potentialAction":[{"@type":"SearchAction","target":{"@type":"EntryPoint","urlTemplate":"https:\/\/statorials.org\/pl\/?s={search_term_string}"},"query-input":"required name=search_term_string"}],"inLanguage":"pl-PL"}]}},"yoast_meta":{"yoast_wpseo_title":"","yoast_wpseo_metadesc":"","yoast_wpseo_canonical":""},"_links":{"self":[{"href":"https:\/\/statorials.org\/pl\/wp-json\/wp\/v2\/pages\/5152","targetHints":{"allow":["GET"]}}],"collection":[{"href":"https:\/\/statorials.org\/pl\/wp-json\/wp\/v2\/pages"}],"about":[{"href":"https:\/\/statorials.org\/pl\/wp-json\/wp\/v2\/types\/page"}],"author":[{"embeddable":true,"href":"https:\/\/statorials.org\/pl\/wp-json\/wp\/v2\/users\/1"}],"replies":[{"embeddable":true,"href":"https:\/\/statorials.org\/pl\/wp-json\/wp\/v2\/comments?post=5152"}],"version-history":[{"count":0,"href":"https:\/\/statorials.org\/pl\/wp-json\/wp\/v2\/pages\/5152\/revisions"}],"wp:attachment":[{"href":"https:\/\/statorials.org\/pl\/wp-json\/wp\/v2\/media?parent=5152"}],"curies":[{"name":"wp","href":"https:\/\/api.w.org\/{rel}","templated":true}]}}