{"id":5153,"date":"2023-07-12T13:39:31","date_gmt":"2023-07-12T13:39:31","guid":{"rendered":"https:\/\/statorials.org\/pl\/przewodniki-spss\/"},"modified":"2023-07-12T13:39:31","modified_gmt":"2023-07-12T13:39:31","slug":"przewodniki-spss","status":"publish","type":"page","link":"https:\/\/statorials.org\/pl\/przewodniki-spss\/","title":{"rendered":"Przewodniki spss"},"content":{"rendered":"<p><span style=\"color: #000000;\">Na tej stronie znajduj\u0105 si\u0119 wszystkie samouczki SPSS dost\u0119pne w Statorials.<\/span><\/p>\n<p> <strong><span style=\"color: #000000;\">Opisowe statystyki<\/span><\/strong> <strong><br \/><a href=\"https:\/\/statorials.org\/pl\/statystyki-opisowe-spss\/\">Jak obliczy\u0107 statystyki opisowe dla zmiennych w SPSS<\/a><br \/> <a href=\"https:\/\/statorials.org\/pl\/z-wyniki-spss\/\">Jak obliczy\u0107 wyniki Z w SPSS<\/a><br \/> <a href=\"https:\/\/statorials.org\/pl\/piec-numerow-wznawia-spss\/\">Jak obliczy\u0107 pi\u0119ciocyfrowe podsumowanie w SPSS<\/a><br \/> <a href=\"https:\/\/statorials.org\/pl\/wspo\u0142czynnik-zmiennosci-spss\/\">Jak obliczy\u0107 wsp\u00f3\u0142czynnik zmienno\u015bci w SPSS<\/a><br \/> <a href=\"https:\/\/statorials.org\/pl\/wartosci-odstajace-sps\/\">Jak zidentyfikowa\u0107 warto\u015bci odstaj\u0105ce w SPSS<\/a><br \/> <a href=\"https:\/\/statorials.org\/pl\/odleg\u0142osc-mahalanobisa-spss\/\">Jak obliczy\u0107 odleg\u0142o\u015b\u0107 Mahalanobisa w SPSS<\/a><br \/><\/strong><\/p>\n<p> <strong><span style=\"color: #000000;\">Korelacja i kowariancja<\/span><\/strong> <strong><br \/><a href=\"https:\/\/statorials.org\/pl\/macierz-korelacji-spss\/\">Jak utworzy\u0107 macierz korelacji w SPSS<\/a><br \/> <a href=\"https:\/\/statorials.org\/pl\/czesciowa-korelacja-spss\/\">Jak obliczy\u0107 korelacj\u0119 cz\u0119\u015bciow\u0105 w SPSS<\/a><br \/> <a href=\"https:\/\/statorials.org\/pl\/macierz-kowariancji-spss\/\">Jak utworzy\u0107 macierz kowariancji w SPSS<\/a><br \/><\/strong><\/p>\n<p> <strong><span style=\"color: #000000;\">Wizualizacje<\/span><\/strong> <strong><br \/><a href=\"https:\/\/statorials.org\/pl\/schemat-\u0142odygi-i-lisci-spss\/\">Jak utworzy\u0107 wykres \u0142odygi i li\u015bci w SPSS<\/a><br \/> <a href=\"https:\/\/statorials.org\/pl\/wykresy-pude\u0142kowe-spss\/\">Jak tworzy\u0107 i interpretowa\u0107 wykresy pude\u0142kowe w SPSS<\/a><br \/> <a href=\"https:\/\/statorials.org\/pl\/chmury-punktow-spss\/\">Jak tworzy\u0107 i interpretowa\u0107 wykresy rozrzutu w SPSS<\/a><br \/> <a href=\"https:\/\/statorials.org\/pl\/histogramy-spss\/\">Jak tworzy\u0107 histogramy w SPSS<\/a><br \/> <a href=\"https:\/\/statorials.org\/pl\/wykresy-ko\u0142owe-spss\/\">Jak tworzy\u0107 wykresy ko\u0142owe w SPSS<\/a><br \/><\/strong><\/p>\n<p> <strong><span style=\"color: #000000;\">Testowanie hipotez<\/span><\/strong> <strong><br \/><a href=\"https:\/\/statorials.org\/pl\/jedna-probka-testu-t-spss\/\">Jak wykona\u0107 test t dla jednej pr\u00f3by w SPSS<\/a><br \/> <a href=\"https:\/\/statorials.org\/pl\/dwie-probki-t-test-spss\/\">Jak wykona\u0107 test t dla dw\u00f3ch pr\u00f3bek w SPSS<\/a><br \/> <a href=\"https:\/\/statorials.org\/pl\/man-whitney-testuje-spss\/\">Jak wykona\u0107 test U Manna-Whitneya w SPSS<\/a><br \/> <a href=\"https:\/\/statorials.org\/pl\/sparowane-probki-t-test-spss\/\">Jak wykona\u0107 test t dla sparowanych pr\u00f3bek w SPSS<\/a><br \/> <a href=\"https:\/\/statorials.org\/pl\/test-rangi-znaku-wilcoxona-spss\/\">Jak wykona\u0107 test rangi podpisanej Wilcoxona w SPSS<\/a><br \/> <a href=\"https:\/\/statorials.org\/pl\/test-levenesa-spss\/\">Jak wykona\u0107 test Levene\u2019a w SPSS<\/a><br \/> <a href=\"https:\/\/statorials.org\/pl\/test-normalnosci-spss\/\">Jak przetestowa\u0107 normalno\u015b\u0107 w SPSS<\/a><br \/> <a href=\"https:\/\/statorials.org\/pl\/sig-ma-2-ogony\/\">Jak interpretowa\u0107 sygn. Warto\u015bci (dwustronne) w SPSS<\/a><br \/><\/strong><\/p>\n<p> <strong><span style=\"color: #000000;\">Regresja<\/span><\/strong> <strong><br \/><a href=\"https:\/\/statorials.org\/pl\/spss-prosta-regresja-liniowa\/\">Jak wykona\u0107 prost\u0105 regresj\u0119 liniow\u0105 w SPSS<\/a><br \/> <a href=\"https:\/\/statorials.org\/pl\/spss-wielokrotna-regresja-liniowa\/\">Jak wykona\u0107 wielokrotn\u0105 regresj\u0119 liniow\u0105 w SPSS<\/a><br \/> <a href=\"https:\/\/statorials.org\/pl\/regresja-kwadratowa-spss\/\">Jak wykona\u0107 regresj\u0119 kwadratow\u0105 w SPSS<\/a><br \/> <a href=\"https:\/\/statorials.org\/pl\/regresja-logistyczna-spss\/\">Jak przeprowadzi\u0107 regresj\u0119 logistyczn\u0105 w SPSS<\/a><br \/> <a href=\"https:\/\/statorials.org\/pl\/krzywa-spss-rock\/\">Jak utworzy\u0107 i zinterpretowa\u0107 krzyw\u0105 ROC w SPSS<\/a><br \/> <a href=\"https:\/\/statorials.org\/pl\/niektore-dzia\u0142ki-spss\/\">Jak tworzy\u0107 i interpretowa\u0107 wykresy QQ w SPSS<\/a><br \/> <a href=\"https:\/\/statorials.org\/pl\/wielowspo\u0142liniowosc-spss\/\">Jak testowa\u0107 wsp\u00f3\u0142liniowo\u015b\u0107 w SPSS<\/a><br \/><\/strong><\/p>\n<p> <strong><span style=\"color: #000000;\">ANOVA<\/span><\/strong> <strong><br \/><a href=\"https:\/\/statorials.org\/pl\/w-jedna-strone-anova-spss\/\">Jak wykona\u0107 jednokierunkow\u0105 ANOVA w SPSS<\/a><br \/> <a href=\"https:\/\/statorials.org\/pl\/test-kruskala-wallisa-spss\/\">Jak wykona\u0107 test Kruskala-Wallisa w SPSS<\/a><br \/> <a href=\"https:\/\/statorials.org\/pl\/dwukierunkowy-anova-spss\/\">Jak przeprowadzi\u0107 dwukierunkow\u0105 ANOVA w SPSS<\/a><br \/> <a href=\"https:\/\/statorials.org\/pl\/powtarzane-pomiary-anova-spss\/\">Jak wykonywa\u0107 powtarzane pomiary ANOVA w SPSS<\/a><br \/> <a href=\"https:\/\/statorials.org\/pl\/test-friedmana-spss\/\">Jak wykona\u0107 test Friedmana w SPSS<\/a><br \/> <a href=\"https:\/\/statorials.org\/pl\/manova-sps\/\">Jak wykona\u0107 MANOVA w SPSS<\/a><br \/><\/strong><\/p>\n<p> <strong><span style=\"color: #000000;\">Testy chi-kwadrat<\/span><\/strong> <strong><br \/><a href=\"https:\/\/statorials.org\/pl\/test-mcnemars-spss\/\">Jak wykona\u0107 test McNemara w SPSS<\/a><br \/> <a href=\"https:\/\/statorials.org\/pl\/dok\u0142adny-test-spss-dla-rybakow\/\">Jak przeprowadzi\u0107 dok\u0142adny test Fishera w SPSS<\/a><br \/> <a href=\"https:\/\/statorials.org\/pl\/test-chi-kwadrat-jakosci-regulacji-spss\/\">Jak wykona\u0107 test dobroci dopasowania Chi Square w SPSS<\/a><br \/> <a href=\"https:\/\/statorials.org\/pl\/test-niezaleznosci-chi-kwadrat-spss\/\">Jak wykona\u0107 test niezale\u017cno\u015bci chi-kwadrat w SPSS<\/a><br \/><\/strong><\/p>\n","protected":false},"excerpt":{"rendered":"<p>Na tej stronie znajduj\u0105 si\u0119 wszystkie samouczki SPSS dost\u0119pne w Statorials. Opisowe statystyki Jak obliczy\u0107 statystyki opisowe dla zmiennych w SPSS Jak obliczy\u0107 wyniki Z w SPSS Jak obliczy\u0107 pi\u0119ciocyfrowe podsumowanie w SPSS Jak obliczy\u0107 wsp\u00f3\u0142czynnik zmienno\u015bci w SPSS Jak zidentyfikowa\u0107 warto\u015bci odstaj\u0105ce w SPSS Jak obliczy\u0107 odleg\u0142o\u015b\u0107 Mahalanobisa w SPSS Korelacja i kowariancja Jak [&hellip;]<\/p>\n","protected":false},"author":1,"featured_media":0,"parent":0,"menu_order":0,"comment_status":"closed","ping_status":"closed","template":"","meta":{"footnotes":""},"class_list":["post-5153","page","type-page","status-publish","hentry"],"yoast_head":"<!-- This site is optimized with the Yoast SEO plugin v21.5 - https:\/\/yoast.com\/wordpress\/plugins\/seo\/ -->\n<title>Przewodniki SPSS<\/title>\n<meta name=\"description\" content=\"Na tej stronie znajduj\u0105 si\u0119 wszystkie samouczki SPSS dost\u0119pne w Statology.\" \/>\n<meta name=\"robots\" content=\"index, follow, max-snippet:-1, max-image-preview:large, max-video-preview:-1\" \/>\n<link rel=\"canonical\" href=\"https:\/\/statorials.org\/pl\/przewodniki-spss\/\" \/>\n<meta property=\"og:locale\" content=\"pl_PL\" \/>\n<meta property=\"og:type\" content=\"article\" \/>\n<meta property=\"og:title\" content=\"Przewodniki SPSS\" \/>\n<meta property=\"og:description\" content=\"Na tej stronie znajduj\u0105 si\u0119 wszystkie samouczki SPSS dost\u0119pne w Statology.\" \/>\n<meta property=\"og:url\" content=\"https:\/\/statorials.org\/pl\/przewodniki-spss\/\" \/>\n<meta property=\"og:site_name\" content=\"Statorials\" \/>\n<meta name=\"twitter:card\" content=\"summary_large_image\" \/>\n<meta name=\"twitter:label1\" content=\"Szacowany czas czytania\" \/>\n\t<meta name=\"twitter:data1\" content=\"2 minuty\" \/>\n<script type=\"application\/ld+json\" class=\"yoast-schema-graph\">{\"@context\":\"https:\/\/schema.org\",\"@graph\":[{\"@type\":\"WebPage\",\"@id\":\"https:\/\/statorials.org\/pl\/przewodniki-spss\/\",\"url\":\"https:\/\/statorials.org\/pl\/przewodniki-spss\/\",\"name\":\"Przewodniki SPSS\",\"isPartOf\":{\"@id\":\"https:\/\/statorials.org\/pl\/#website\"},\"datePublished\":\"2023-07-12T13:39:31+00:00\",\"dateModified\":\"2023-07-12T13:39:31+00:00\",\"description\":\"Na tej stronie znajduj\u0105 si\u0119 wszystkie samouczki SPSS dost\u0119pne w Statology.\",\"breadcrumb\":{\"@id\":\"https:\/\/statorials.org\/pl\/przewodniki-spss\/#breadcrumb\"},\"inLanguage\":\"pl-PL\",\"potentialAction\":[{\"@type\":\"ReadAction\",\"target\":[\"https:\/\/statorials.org\/pl\/przewodniki-spss\/\"]}]},{\"@type\":\"BreadcrumbList\",\"@id\":\"https:\/\/statorials.org\/pl\/przewodniki-spss\/#breadcrumb\",\"itemListElement\":[{\"@type\":\"ListItem\",\"position\":1,\"name\":\"Dom\",\"item\":\"https:\/\/statorials.org\/pl\/\"},{\"@type\":\"ListItem\",\"position\":2,\"name\":\"Przewodniki spss\"}]},{\"@type\":\"WebSite\",\"@id\":\"https:\/\/statorials.org\/pl\/#website\",\"url\":\"https:\/\/statorials.org\/pl\/\",\"name\":\"Statorials\",\"description\":\"Tw\u00f3j przewodnik po kompetencjach statystycznych!\",\"potentialAction\":[{\"@type\":\"SearchAction\",\"target\":{\"@type\":\"EntryPoint\",\"urlTemplate\":\"https:\/\/statorials.org\/pl\/?s={search_term_string}\"},\"query-input\":\"required name=search_term_string\"}],\"inLanguage\":\"pl-PL\"}]}<\/script>\n<!-- \/ Yoast SEO plugin. -->","yoast_head_json":{"title":"Przewodniki SPSS","description":"Na tej stronie znajduj\u0105 si\u0119 wszystkie samouczki SPSS dost\u0119pne w Statology.","robots":{"index":"index","follow":"follow","max-snippet":"max-snippet:-1","max-image-preview":"max-image-preview:large","max-video-preview":"max-video-preview:-1"},"canonical":"https:\/\/statorials.org\/pl\/przewodniki-spss\/","og_locale":"pl_PL","og_type":"article","og_title":"Przewodniki SPSS","og_description":"Na tej stronie znajduj\u0105 si\u0119 wszystkie samouczki SPSS dost\u0119pne w Statology.","og_url":"https:\/\/statorials.org\/pl\/przewodniki-spss\/","og_site_name":"Statorials","twitter_card":"summary_large_image","twitter_misc":{"Szacowany czas czytania":"2 minuty"},"schema":{"@context":"https:\/\/schema.org","@graph":[{"@type":"WebPage","@id":"https:\/\/statorials.org\/pl\/przewodniki-spss\/","url":"https:\/\/statorials.org\/pl\/przewodniki-spss\/","name":"Przewodniki SPSS","isPartOf":{"@id":"https:\/\/statorials.org\/pl\/#website"},"datePublished":"2023-07-12T13:39:31+00:00","dateModified":"2023-07-12T13:39:31+00:00","description":"Na tej stronie znajduj\u0105 si\u0119 wszystkie samouczki SPSS dost\u0119pne w Statology.","breadcrumb":{"@id":"https:\/\/statorials.org\/pl\/przewodniki-spss\/#breadcrumb"},"inLanguage":"pl-PL","potentialAction":[{"@type":"ReadAction","target":["https:\/\/statorials.org\/pl\/przewodniki-spss\/"]}]},{"@type":"BreadcrumbList","@id":"https:\/\/statorials.org\/pl\/przewodniki-spss\/#breadcrumb","itemListElement":[{"@type":"ListItem","position":1,"name":"Dom","item":"https:\/\/statorials.org\/pl\/"},{"@type":"ListItem","position":2,"name":"Przewodniki spss"}]},{"@type":"WebSite","@id":"https:\/\/statorials.org\/pl\/#website","url":"https:\/\/statorials.org\/pl\/","name":"Statorials","description":"Tw\u00f3j przewodnik po kompetencjach statystycznych!","potentialAction":[{"@type":"SearchAction","target":{"@type":"EntryPoint","urlTemplate":"https:\/\/statorials.org\/pl\/?s={search_term_string}"},"query-input":"required name=search_term_string"}],"inLanguage":"pl-PL"}]}},"yoast_meta":{"yoast_wpseo_title":"","yoast_wpseo_metadesc":"","yoast_wpseo_canonical":""},"_links":{"self":[{"href":"https:\/\/statorials.org\/pl\/wp-json\/wp\/v2\/pages\/5153","targetHints":{"allow":["GET"]}}],"collection":[{"href":"https:\/\/statorials.org\/pl\/wp-json\/wp\/v2\/pages"}],"about":[{"href":"https:\/\/statorials.org\/pl\/wp-json\/wp\/v2\/types\/page"}],"author":[{"embeddable":true,"href":"https:\/\/statorials.org\/pl\/wp-json\/wp\/v2\/users\/1"}],"replies":[{"embeddable":true,"href":"https:\/\/statorials.org\/pl\/wp-json\/wp\/v2\/comments?post=5153"}],"version-history":[{"count":0,"href":"https:\/\/statorials.org\/pl\/wp-json\/wp\/v2\/pages\/5153\/revisions"}],"wp:attachment":[{"href":"https:\/\/statorials.org\/pl\/wp-json\/wp\/v2\/media?parent=5153"}],"curies":[{"name":"wp","href":"https:\/\/api.w.org\/{rel}","templated":true}]}}