{"id":5135,"date":"2023-10-05T23:38:58","date_gmt":"2023-10-05T23:38:58","guid":{"rendered":"https:\/\/statorials.org\/pt\/calculadoras\/"},"modified":"2023-10-05T23:38:58","modified_gmt":"2023-10-05T23:38:58","slug":"calculadoras","status":"publish","type":"page","link":"https:\/\/statorials.org\/pt\/calculadoras\/","title":{"rendered":"Calculadoras"},"content":{"rendered":"<p><span style=\"color: #000000;\">Esta p\u00e1gina lista todas as calculadoras dispon\u00edveis em Estatologia.<\/span><\/p>\n<h2> <span style=\"color: #000000;\"><strong>Calculadoras estat\u00edsticas<\/strong><\/span><\/h2>\n<p> <span style=\"color: #000000;\"><strong>Distribui\u00e7\u00e3o<\/strong><\/span><br \/> <strong><a href=\"https:\/\/statorials.org\/pt\/calculadora-de-desvio-padrao-binomial\/\">Calculadora de desvio padr\u00e3o binomial<\/a><br \/> <a href=\"https:\/\/statorials.org\/pt\/calculadora-de-distribuicao-de-peixe\/\">Calculadora de distribui\u00e7\u00e3o de peixes<\/a><br \/> <a href=\"https:\/\/statorials.org\/pt\/calculadora-de-distribuicao-geometrica\/\">Calculadora de distribui\u00e7\u00e3o geom\u00e9trica<\/a><br \/> <a href=\"https:\/\/statorials.org\/pt\/calculadora-de-distribuicao-hipergeometrica\/\">Calculadora de distribui\u00e7\u00e3o hipergeom\u00e9trica<\/a><br \/> <a href=\"https:\/\/statorials.org\/pt\/calculadora-de-distribuicao-binomial-negativa\/\" rel=\"noopener\">Calculadora de distribui\u00e7\u00e3o binomial negativa<\/a><br \/> <a href=\"https:\/\/statorials.org\/pt\/calculadora-de-distribuicao-multinomial\/\">Calculadora de distribui\u00e7\u00e3o multinomial<\/a><br \/> <a href=\"https:\/\/statorials.org\/pt\/calculadora-de-distribuicao-f\/\">Calculadora de distribui\u00e7\u00e3o F<\/a><br \/> <a href=\"https:\/\/statorials.org\/pt\/gerador-de-conjunto-de-dados-de-distribuicao-normal\/\">Gerador de conjunto de dados de distribui\u00e7\u00e3o normal<\/a><br \/> <a href=\"https:\/\/statorials.org\/pt\/calculadora-de-correcao-de-continuidade\/\">Calculadora de corre\u00e7\u00e3o de continuidade<\/a><br \/> <a href=\"https:\/\/statorials.org\/pt\/comparar-calculadora-de-pontuacao-z\/\">Compare a calculadora de pontua\u00e7\u00e3o Z<\/a><br \/><\/strong><\/p>\n<p> <span style=\"color: #000000;\"><strong>Pontua\u00e7\u00e3o cr\u00edtica versus valor P<\/strong><\/span><br \/> <strong>Calculadora de pontua\u00e7\u00e3o T para valor P<br \/> <a href=\"https:\/\/statorials.org\/pt\/calculadora-de-valor-qui-quadrado-p\/\">Calculadora de pontua\u00e7\u00e3o qui-quadrado de valor P<\/a><br \/> <a href=\"https:\/\/statorials.org\/pt\/calculadora-de-corte-de-pontuacao-z\/\">Calculadora de limite de pontua\u00e7\u00e3o Z<\/a><br \/> <a href=\"https:\/\/statorials.org\/pt\/calculadora-cdf-normal-rapida\/\">Calculadora CDF normal<\/a><br \/><\/strong><\/p>\n<p> <span style=\"color: #000000;\"><strong>Pesquisa de valor cr\u00edtico<\/strong><\/span> <strong><br \/><a href=\"https:\/\/statorials.org\/pt\/calculadora-de-valor-critico-do-qui-quadrado\/\">Calculadora de valor cr\u00edtico do qui quadrado<\/a><br \/> <a href=\"https:\/\/statorials.org\/pt\/area-a-esquerda-da-calculadora-de-pontuacao-z\/\">\u00c1rea \u00e0 esquerda da calculadora de pontua\u00e7\u00e3o Z<\/a><br \/> <a href=\"https:\/\/statorials.org\/pt\/area-a-direita-da-calculadora-de-pontuacao-z\/\">\u00c1rea \u00e0 direita da calculadora de pontua\u00e7\u00e3o Z<\/a><\/strong><\/p>\n<p> <span style=\"color: #000000;\"><strong>S\u00e9rie temporal<\/strong><\/span><br \/> <strong><a href=\"https:\/\/statorials.org\/pt\/calculadora-mse\/\">Calculadora MSE<\/a><br \/> <a href=\"https:\/\/statorials.org\/pt\/calculadora-de-retorno\/\">Calculadora RMSE<\/a><br \/> <a href=\"https:\/\/statorials.org\/pt\/calculadora-de-cartao\/\">Calculadora MAPE<\/a><br \/><\/strong><\/p>\n<p> <span style=\"color: #000000;\"><strong>ANOVA<\/strong><\/span><br \/> <strong><a href=\"https:\/\/statorials.org\/pt\/calculadora-danova-unidirecional\/\">Calculadora ANOVA unidirecional<\/a><br \/> <a href=\"https:\/\/statorials.org\/pt\/calculadora-de-medicoes-repetidas-unidirecional-anova\/\">Calculadora ANOVA de medidas repetidas unidirecionais<\/a><br \/> <a href=\"https:\/\/statorials.org\/pt\/calculadora-de-teste-kruskal-wallis\/\">Calculadora Kruskal-Wallis<\/a><br \/> <a href=\"https:\/\/statorials.org\/pt\/calculadora-de-teste-de-friedman\/\">Calculadora de teste de Friedman<\/a><br \/> <a href=\"https:\/\/statorials.org\/pt\/calculadora-de-teste-de-bartlett\/\">Calculadora de teste Bartlett<\/a><br \/><\/strong><\/p>\n<p> <span style=\"color: #000000;\"><strong>Regress\u00e3o<\/strong><\/span><br \/> <strong><a href=\"https:\/\/statorials.org\/pt\/calculadora-de-regressao-linear\/\">Calculadora de regress\u00e3o linear<\/a><br \/> <a href=\"https:\/\/statorials.org\/pt\/calculadora-de-regressao-quadratica\/\">Calculadora de regress\u00e3o quadr\u00e1tica<\/a><br \/> <a href=\"https:\/\/statorials.org\/pt\/calculadora-de-intervalo-de-previsao\/\">Calculadora de intervalo de previs\u00e3o<\/a><br \/> <a href=\"https:\/\/statorials.org\/pt\/calculadora-de-residuos\/\">Calculadora de res\u00edduos<\/a><br \/> <a href=\"https:\/\/statorials.org\/pt\/calculadora-de-residuos-normalizada\/\">Calculadora de res\u00edduos padronizada<\/a><br \/> <a href=\"https:\/\/statorials.org\/pt\/calculadora-xxx\/\">Calculadora Sxx para regress\u00e3o linear<\/a><br \/> <a href=\"https:\/\/statorials.org\/pt\/calculadora\/\">Calculadora Sxy para regress\u00e3o linear<\/a><br \/><\/strong><\/p>\n<p> <span style=\"color: #000000;\"><strong>Estat\u00edsticas resumidas<\/strong><\/span><br \/> <strong><a href=\"https:\/\/statorials.org\/pt\/calculadora-de-normalizacao\/\">Calculadora de normaliza\u00e7\u00e3o<\/a><br \/> <a href=\"https:\/\/statorials.org\/pt\/calculadora-de-frequencia-relativa\/\">Calculadora de frequ\u00eancia relativa<\/a><br \/> <a href=\"https:\/\/statorials.org\/pt\/calculadora-de-frequencia-cumulativa\/\">Calculadora de frequ\u00eancia cumulativa<\/a><br \/> <a href=\"https:\/\/statorials.org\/pt\/calculadora-de-largura-de-classe\/\">Calculadora de largura de classe<\/a><br \/> <a href=\"https:\/\/statorials.org\/pt\">Calculadora de assimetria e curtose<\/a><br \/> <a href=\"https:\/\/statorials.org\/pt\/calculadora-de-regras-praticas\/\">Calculadora de regras pr\u00e1ticas<\/a><br \/> <a href=\"https:\/\/statorials.org\/pt\/calculadora-de-valores-discrepantes\/\">Calculadora de valores discrepantes<\/a><br \/> <a href=\"https:\/\/statorials.org\/pt\/calculadora-de-desvio-absoluto-mediano\/\">Calculadora de desvio mediano absoluto<\/a><br \/><\/strong><\/p>\n<p> <span style=\"color: #000000;\"><strong>Intervalos de confian\u00e7a<\/strong><\/span><br \/> <strong>Intervalo de confian\u00e7a para a calculadora m\u00e9dia<br \/> <a href=\"https:\/\/statorials.org\/pt\/calculadora-de-intervalo-de-confianca-diferenca-entre-medias\/\">Calculadora de intervalo de confian\u00e7a para diferen\u00e7a entre m\u00e9dias<\/a><br \/> Intervalo de confian\u00e7a para calculadora de propor\u00e7\u00e3o<br \/> <a href=\"https:\/\/statorials.org\/pt\/calculadora-de-intervalo-de-confianca-diferenca-de-proporcoes\/\">Intervalo de confian\u00e7a para a calculadora de diferen\u00e7a de propor\u00e7\u00f5es<\/a><br \/> <a href=\"https:\/\/statorials.org\/pt\">Intervalo de confian\u00e7a para uma calculadora de desvio padr\u00e3o<\/a><br \/> <a href=\"https:\/\/statorials.org\/pt\/calculadora-de-coeficiente-de-correlacao-de-intervalo-de-confianca\/\">Intervalo de confian\u00e7a para uma calculadora de coeficiente de correla\u00e7\u00e3o<\/a><br \/> <a href=\"https:\/\/statorials.org\/pt\/erro-padrao-da-calculadora-de-proporcao\/\">Erro padr\u00e3o da calculadora de propor\u00e7\u00e3o<\/a><br \/><\/strong><\/p>\n<p> <span style=\"color: #000000;\"><strong>Testes qui-quadrado<\/strong><\/span><br \/> <strong><a href=\"https:\/\/statorials.org\/pt\/calculadora-de-teste-de-qualidade-de-ajuste-qui-quadrado\/\">Calculadora de teste de ajuste qui-quadrado<\/a><br \/> <a href=\"https:\/\/statorials.org\/pt\/calculadora-de-teste-de-independencia-qui-quadrado\/\">Teste qui-quadrado de calculadora de independ\u00eancia<\/a><br \/> <a href=\"https:\/\/statorials.org\/pt\/calculadora-de-teste-exato-de-pescadores\/\">Calculadora de teste exato de Fisher<\/a><br \/><\/strong><\/p>\n<p> <span style=\"color: #000000;\"><strong>Testando hip\u00f3teses<\/strong><\/span><br \/> <strong><a href=\"https:\/\/statorials.org\/pt\/uma-calculadora-de-teste-t-de-amostra\/\">Um exemplo de calculadora de teste t<\/a><br \/> <a href=\"https:\/\/statorials.org\/pt\/ta-calculadora-de-teste-duas-amostras\/\">Calculadora de teste t de duas amostras<\/a><br \/> <a href=\"https:\/\/statorials.org\/pt\/calculadora-de-teste-t-de-welchs\/\">Calculadora de teste t de Welch<\/a><br \/> <a href=\"https:\/\/statorials.org\/pt\/calculadora-de-teste-t-de-amostras-emparelhadas\/\">Calculadora de teste t de amostras emparelhadas<\/a><br \/> <a href=\"https:\/\/statorials.org\/pt\/calculadora-de-teste-de-colocacao-de-sinal-wilcoxon\/\">Calculadora de teste de local assinado Wilcoxon<\/a><br \/> <a href=\"https:\/\/statorials.org\/pt\/calculadora-de-proporcao-de-teste-z\/\">Calculadora de teste Z de uma propor\u00e7\u00e3o<\/a><br \/> <a href=\"https:\/\/statorials.org\/pt\/za-calculadora-de-teste-de-duas-proporcoes\/\">Calculadora de teste Z de duas propor\u00e7\u00f5es<\/a><br \/><\/strong> <strong><a href=\"https:\/\/statorials.org\/pt\/calculadora-de-teste-de-mann-whitney\/\">Calculadora de teste Mann-Whitney U<\/a><br \/> <a href=\"https:\/\/statorials.org\/pt\/calculadora-de-teste-mcnemars\/\">Calculadora de teste McNemar<\/a><br \/> <a href=\"https:\/\/statorials.org\/pt\/calculadora-de-regra-de-decisao\/\">Calculadora de regras de decis\u00e3o<\/a><br \/> <a href=\"https:\/\/statorials.org\/pt\/calculadora-de-variacao-de-grupo\/\">Calculadora de lacunas agrupada<\/a><br \/><\/strong><\/p>\n<p> <span style=\"color: #000000;\"><strong>Geradores de gr\u00e1ficos<\/strong><\/span><br \/> <strong><a href=\"https:\/\/statorials.org\/pt\/gerador-de-boxplot\/\" target=\"_blank\" rel=\"noopener\">Gerador de gr\u00e1fico de caixa<\/a><br \/> <a href=\"https:\/\/statorials.org\/pt\/gerador-de-nuvem-de-pontos\/\" target=\"_blank\" rel=\"noopener\">Gerador de nuvem de pontos<\/a><br \/> <a href=\"https:\/\/statorials.org\/pt\/gerador-de-diagrama-de-caule-e-folha\/\" target=\"_blank\" rel=\"noopener\">Gerador de plotagem de caule e folha<\/a><br \/><\/strong><\/p>\n<h2> <span style=\"color: #000000;\"><strong>Calculadoras Diversas<\/strong><\/span><\/h2>\n<p> <strong><a href=\"https:\/\/statorials.org\/pt\/calculadora-kda\/\">Calculadora KDA<\/a><br \/> <a href=\"https:\/\/statorials.org\/pt\/calculadora-de-probabilidade-para-tres-eventos\/\">Calculadora de probabilidade de tr\u00eas eventos<\/a><br \/><\/strong><\/p>\n","protected":false},"excerpt":{"rendered":"<p>Esta p\u00e1gina lista todas as calculadoras dispon\u00edveis em Estatologia. Calculadoras estat\u00edsticas Distribui\u00e7\u00e3o Calculadora de desvio padr\u00e3o binomial Calculadora de distribui\u00e7\u00e3o de peixes Calculadora de distribui\u00e7\u00e3o geom\u00e9trica Calculadora de distribui\u00e7\u00e3o hipergeom\u00e9trica Calculadora de distribui\u00e7\u00e3o binomial negativa Calculadora de distribui\u00e7\u00e3o multinomial Calculadora de distribui\u00e7\u00e3o F Gerador de conjunto de dados de distribui\u00e7\u00e3o normal Calculadora de corre\u00e7\u00e3o de [&hellip;]<\/p>\n","protected":false},"author":1,"featured_media":0,"parent":0,"menu_order":0,"comment_status":"closed","ping_status":"closed","template":"","meta":{"footnotes":""},"class_list":["post-5135","page","type-page","status-publish","hentry"],"yoast_head":"<!-- This site is optimized with the Yoast SEO plugin v21.5 - https:\/\/yoast.com\/wordpress\/plugins\/seo\/ -->\n<title>Calculadoras<\/title>\n<meta name=\"description\" content=\"Esta p\u00e1gina lista todas as calculadoras estat\u00edsticas dispon\u00edveis na Statology.\" \/>\n<meta name=\"robots\" content=\"index, follow, max-snippet:-1, max-image-preview:large, max-video-preview:-1\" \/>\n<link rel=\"canonical\" href=\"https:\/\/statorials.org\/pt\/calculadoras\/\" \/>\n<meta property=\"og:locale\" content=\"pt_PT\" \/>\n<meta property=\"og:type\" content=\"article\" \/>\n<meta property=\"og:title\" content=\"Calculadoras\" \/>\n<meta property=\"og:description\" content=\"Esta p\u00e1gina lista todas as calculadoras estat\u00edsticas dispon\u00edveis na Statology.\" \/>\n<meta property=\"og:url\" content=\"https:\/\/statorials.org\/pt\/calculadoras\/\" \/>\n<meta property=\"og:site_name\" content=\"Statorials\" \/>\n<meta name=\"twitter:card\" content=\"summary_large_image\" \/>\n<meta name=\"twitter:label1\" content=\"Tempo estimado de leitura\" \/>\n\t<meta name=\"twitter:data1\" content=\"2 minutos\" \/>\n<script type=\"application\/ld+json\" class=\"yoast-schema-graph\">{\"@context\":\"https:\/\/schema.org\",\"@graph\":[{\"@type\":\"WebPage\",\"@id\":\"https:\/\/statorials.org\/pt\/calculadoras\/\",\"url\":\"https:\/\/statorials.org\/pt\/calculadoras\/\",\"name\":\"Calculadoras\",\"isPartOf\":{\"@id\":\"https:\/\/statorials.org\/pt\/#website\"},\"datePublished\":\"2023-10-05T23:38:58+00:00\",\"dateModified\":\"2023-10-05T23:38:58+00:00\",\"description\":\"Esta p\u00e1gina lista todas as calculadoras estat\u00edsticas dispon\u00edveis na Statology.\",\"breadcrumb\":{\"@id\":\"https:\/\/statorials.org\/pt\/calculadoras\/#breadcrumb\"},\"inLanguage\":\"pt-PT\",\"potentialAction\":[{\"@type\":\"ReadAction\",\"target\":[\"https:\/\/statorials.org\/pt\/calculadoras\/\"]}]},{\"@type\":\"BreadcrumbList\",\"@id\":\"https:\/\/statorials.org\/pt\/calculadoras\/#breadcrumb\",\"itemListElement\":[{\"@type\":\"ListItem\",\"position\":1,\"name\":\"Lar\",\"item\":\"https:\/\/statorials.org\/pt\/\"},{\"@type\":\"ListItem\",\"position\":2,\"name\":\"Calculadoras\"}]},{\"@type\":\"WebSite\",\"@id\":\"https:\/\/statorials.org\/pt\/#website\",\"url\":\"https:\/\/statorials.org\/pt\/\",\"name\":\"Statorials\",\"description\":\"O seu guia para a literacia estat\u00edstica!\",\"potentialAction\":[{\"@type\":\"SearchAction\",\"target\":{\"@type\":\"EntryPoint\",\"urlTemplate\":\"https:\/\/statorials.org\/pt\/?s={search_term_string}\"},\"query-input\":\"required name=search_term_string\"}],\"inLanguage\":\"pt-PT\"}]}<\/script>\n<!-- \/ Yoast SEO plugin. -->","yoast_head_json":{"title":"Calculadoras","description":"Esta p\u00e1gina lista todas as calculadoras estat\u00edsticas dispon\u00edveis na Statology.","robots":{"index":"index","follow":"follow","max-snippet":"max-snippet:-1","max-image-preview":"max-image-preview:large","max-video-preview":"max-video-preview:-1"},"canonical":"https:\/\/statorials.org\/pt\/calculadoras\/","og_locale":"pt_PT","og_type":"article","og_title":"Calculadoras","og_description":"Esta p\u00e1gina lista todas as calculadoras estat\u00edsticas dispon\u00edveis na Statology.","og_url":"https:\/\/statorials.org\/pt\/calculadoras\/","og_site_name":"Statorials","twitter_card":"summary_large_image","twitter_misc":{"Tempo estimado de leitura":"2 minutos"},"schema":{"@context":"https:\/\/schema.org","@graph":[{"@type":"WebPage","@id":"https:\/\/statorials.org\/pt\/calculadoras\/","url":"https:\/\/statorials.org\/pt\/calculadoras\/","name":"Calculadoras","isPartOf":{"@id":"https:\/\/statorials.org\/pt\/#website"},"datePublished":"2023-10-05T23:38:58+00:00","dateModified":"2023-10-05T23:38:58+00:00","description":"Esta p\u00e1gina lista todas as calculadoras estat\u00edsticas dispon\u00edveis na Statology.","breadcrumb":{"@id":"https:\/\/statorials.org\/pt\/calculadoras\/#breadcrumb"},"inLanguage":"pt-PT","potentialAction":[{"@type":"ReadAction","target":["https:\/\/statorials.org\/pt\/calculadoras\/"]}]},{"@type":"BreadcrumbList","@id":"https:\/\/statorials.org\/pt\/calculadoras\/#breadcrumb","itemListElement":[{"@type":"ListItem","position":1,"name":"Lar","item":"https:\/\/statorials.org\/pt\/"},{"@type":"ListItem","position":2,"name":"Calculadoras"}]},{"@type":"WebSite","@id":"https:\/\/statorials.org\/pt\/#website","url":"https:\/\/statorials.org\/pt\/","name":"Statorials","description":"O seu guia para a literacia estat\u00edstica!","potentialAction":[{"@type":"SearchAction","target":{"@type":"EntryPoint","urlTemplate":"https:\/\/statorials.org\/pt\/?s={search_term_string}"},"query-input":"required name=search_term_string"}],"inLanguage":"pt-PT"}]}},"yoast_meta":{"yoast_wpseo_title":"","yoast_wpseo_metadesc":"","yoast_wpseo_canonical":""},"_links":{"self":[{"href":"https:\/\/statorials.org\/pt\/wp-json\/wp\/v2\/pages\/5135","targetHints":{"allow":["GET"]}}],"collection":[{"href":"https:\/\/statorials.org\/pt\/wp-json\/wp\/v2\/pages"}],"about":[{"href":"https:\/\/statorials.org\/pt\/wp-json\/wp\/v2\/types\/page"}],"author":[{"embeddable":true,"href":"https:\/\/statorials.org\/pt\/wp-json\/wp\/v2\/users\/1"}],"replies":[{"embeddable":true,"href":"https:\/\/statorials.org\/pt\/wp-json\/wp\/v2\/comments?post=5135"}],"version-history":[{"count":0,"href":"https:\/\/statorials.org\/pt\/wp-json\/wp\/v2\/pages\/5135\/revisions"}],"wp:attachment":[{"href":"https:\/\/statorials.org\/pt\/wp-json\/wp\/v2\/media?parent=5135"}],"curies":[{"name":"wp","href":"https:\/\/api.w.org\/{rel}","templated":true}]}}