{"id":5136,"date":"2023-10-05T22:06:32","date_gmt":"2023-10-05T22:06:32","guid":{"rendered":"https:\/\/statorials.org\/pt\/tutoriais\/"},"modified":"2023-10-05T22:06:32","modified_gmt":"2023-10-05T22:06:32","slug":"tutoriais","status":"publish","type":"page","link":"https:\/\/statorials.org\/pt\/tutoriais\/","title":{"rendered":"Tutoriais"},"content":{"rendered":"<p><span style=\"color: #000000;\">Esta p\u00e1gina lista todos os tutoriais b\u00e1sicos de estat\u00edstica dispon\u00edveis em Estatologia.<\/span><\/p>\n<p> <span style=\"color: #000000;\"><strong>Introdu\u00e7\u00e3o \u00e0s estat\u00edsticas<\/strong><\/span><br \/> <strong><a href=\"https:\/\/statorials.org\/pt\/por-que-as-estatisticas-sao-importantes\/\">Por que as estat\u00edsticas s\u00e3o importantes?<\/a><br \/> <a href=\"https:\/\/statorials.org\/pt\/estatistica-inferencial-descritiva\/\">Estat\u00edsticas descritivas ou inferenciais<\/a><br \/> <a href=\"https:\/\/statorials.org\/pt\/populacao-vs.-amostra\/\">Popula\u00e7\u00e3o vs. amostra<\/a><br \/> <a href=\"https:\/\/statorials.org\/pt\/estatisticas-vs-parametro\/\">Estat\u00edsticas versus par\u00e2metros<\/a><br \/> <a href=\"https:\/\/statorials.org\/pt\/variaveis-qualitativas-vs.-variaveis-quantitativas\/\">Vari\u00e1veis qualitativas e quantitativas<\/a><br \/><\/strong><\/p>\n<p> <span style=\"color: #000000;\"><strong>Descreva os dados<\/strong><\/span><br \/> <strong><a href=\"https:\/\/statorials.org\/pt\/mede-a-tendencia-central\/\">Medidas de tend\u00eancia central<\/a><br \/> <a href=\"https:\/\/statorials.org\/pt\/meias-estatisticas\/\">SOCS: um acr\u00f4nimo \u00fatil para descrever distribui\u00e7\u00f5es<\/a><br \/><\/strong><\/p>\n<p> <span style=\"color: #000000;\"><strong>Visualiza\u00e7\u00e3o de dados<\/strong><\/span><br \/> <strong><a href=\"https:\/\/statorials.org\/pt\/bigodes-de-caixa\/\">Gr\u00e1ficos de caixa<\/a><br \/> <a href=\"https:\/\/statorials.org\/pt\/diagramas-de-caule-e-folha\/\">Parcelas de caule e folhas<\/a><br \/> <a href=\"https:\/\/statorials.org\/pt\/histograma-de-frequencia-relativa-1\/\">Histograma de frequ\u00eancia relativa<\/a><br \/> <a href=\"https:\/\/statorials.org\/pt\/curvas-de-densidade\/\">Curvas de densidade<\/a><br \/><\/strong><\/p>\n<p> <span style=\"color: #000000;\"><strong>Probabilidade<\/strong><\/span><br \/> <strong><a href=\"https:\/\/statorials.org\/pt\/probabilidade-teorica-1\/\">Probabilidade te\u00f3rica<\/a><br \/> <a href=\"https:\/\/statorials.org\/pt\/probabilidade-posterior\/\">Probabilidade posterior<\/a><br \/> <a href=\"https:\/\/statorials.org\/pt\/interpretar-razoes-de-probabilidade\/\">Como interpretar raz\u00f5es de probabilidade<\/a><br \/> <a href=\"https:\/\/statorials.org\/pt\/lei-dos-grandes-numeros\/\">lei dos grandes n\u00fameros<\/a><br \/> <a href=\"https:\/\/statorials.org\/pt\/operacoes-gerais\/\">Definir opera\u00e7\u00f5es<\/a><br \/> <a href=\"https:\/\/statorials.org\/pt\/regra-geral-de-multiplicacao\/\">A regra geral de multiplica\u00e7\u00e3o<\/a><br \/><\/strong><\/p>\n<p> <span style=\"color: #000000;\"><strong>Design de estudo<\/strong><\/span><br \/> <strong><a href=\"https:\/\/statorials.org\/pt\/respostas-explicativas-das-variaveis\/\">Vari\u00e1veis explicativas e de resposta<\/a><br \/> <a href=\"https:\/\/statorials.org\/pt\/metodos-de-amostragem\/\">M\u00e9todos de amostragem<\/a><br \/> <a href=\"https:\/\/statorials.org\/pt\/amostra-representativa-1\/\">O que \u00e9 uma amostra representativa?<\/a><br \/> <a href=\"https:\/\/statorials.org\/pt\/quadro-de-amostragem\/\">O que \u00e9 uma base de amostragem?<\/a><br \/> <a href=\"https:\/\/statorials.org\/pt\/design-de-pares-correspondentes\/\">Design de pares correspondentes<\/a><br \/> <a href=\"https:\/\/statorials.org\/pt\/pre-teste-design-pos-teste\/\">Design pr\u00e9-teste-p\u00f3s-teste<\/a><br \/> <a href=\"https:\/\/statorials.org\/pt\/projeto-de-parcela-dividida\/\" rel=\"noopener noreferrer\">Projeto de parcelas divididas<\/a><br \/> <a href=\"https:\/\/statorials.org\/pt\/permutar-randomizacao-de-bloco\/\">Randomiza\u00e7\u00e3o de blocos permutados<\/a><br \/> <a href=\"https:\/\/statorials.org\/pt\/amostragem-de-hipercubo-latino\/\">Amostragem de hipercubos latinos<\/a><br \/><\/strong><\/p>\n<p> <span style=\"color: #000000;\"><strong>Vari\u00e1veis aleat\u00f3rias<\/strong><\/span><br \/> <strong><a href=\"https:\/\/statorials.org\/pt\/variaveis-aleatorias\/\">O que s\u00e3o vari\u00e1veis aleat\u00f3rias?<\/a><br \/> <a href=\"https:\/\/statorials.org\/pt\/a-distribuicao-normal\/\">A distribui\u00e7\u00e3o normal<\/a><br \/> <a href=\"https:\/\/statorials.org\/pt\/distribuicao-de-peixe\/\">A distribui\u00e7\u00e3o dos peixes<\/a><br \/> <a href=\"https:\/\/statorials.org\/pt\/distribuicao-geometrica\/\">A distribui\u00e7\u00e3o geom\u00e9trica<\/a><br \/> <a href=\"https:\/\/statorials.org\/pt\/distribuicao-exponencial-1\/\">A distribui\u00e7\u00e3o exponencial<\/a><br \/> <a href=\"https:\/\/statorials.org\/pt\/distribuicao-hipergeometrica-1\/\">A distribui\u00e7\u00e3o hipergeom\u00e9trica<\/a><br \/> <a href=\"https:\/\/statorials.org\/pt\/distribuicao-binomial-negativa-1\/\">A distribui\u00e7\u00e3o binomial negativa<\/a><br \/> <a href=\"https:\/\/statorials.org\/pt\/distribuicao-multinomial-1\/\">A distribui\u00e7\u00e3o multinomial<\/a><br \/><\/strong><\/p>\n<p> <span style=\"color: #000000;\"><strong>Distribui\u00e7\u00f5es de amostragem<\/strong><\/span><br \/> <strong><a href=\"https:\/\/statorials.org\/pt\/distribuicao-amostral-1\/\">O que \u00e9 uma distribui\u00e7\u00e3o amostral?<\/a><br \/> <a href=\"https:\/\/statorials.org\/pt\/teorema-do-limite-central\/\">Teorema do limite central<\/a><br \/><\/strong><\/p>\n<p> <span style=\"color: #000000;\"><strong>Intervalos de confian\u00e7a<\/strong><\/span> <strong><br \/><strong><a href=\"https:\/\/statorials.org\/pt\/intervalos-de-confianca\/\">O que s\u00e3o intervalos de confian\u00e7a?<\/a><br \/> <a href=\"https:\/\/statorials.org\/pt\/intervalo-de-confianca-medio\/\">Intervalo de confian\u00e7a para uma m\u00e9dia<\/a><br \/> <a href=\"https:\/\/statorials.org\/pt\/diferenca-de-intervalo-de-confianca-entre-medias\/\">Intervalo de confian\u00e7a para diferen\u00e7a entre m\u00e9dias<\/a><br \/> <a href=\"https:\/\/statorials.org\/pt\/proporcao-do-intervalo-de-confianca\/\">Intervalo de confian\u00e7a para uma propor\u00e7\u00e3o<\/a><br \/> <a href=\"https:\/\/statorials.org\/pt\/intervalo-de-confianca-diferenca-de-proporcoes\/\">Intervalo de confian\u00e7a para diferen\u00e7a de propor\u00e7\u00f5es<\/a><br \/> <a href=\"https:\/\/statorials.org\/pt\/desvio-padrao-do-intervalo-de-confianca\/\">Intervalo de confian\u00e7a para um desvio padr\u00e3o<\/a><br \/> <a href=\"https:\/\/statorials.org\/pt\/intervalo-de-confianca-para-a-mediana\/\">Intervalo de confian\u00e7a para uma mediana<\/a><br \/> <a href=\"https:\/\/statorials.org\/pt\/coeficiente-de-correlacao-do-intervalo-de-confianca\/\">Intervalo de confian\u00e7a para um coeficiente de correla\u00e7\u00e3o<\/a><br \/><\/strong><\/strong><\/p>\n<p> <span style=\"color: #000000;\"><strong>Testando hip\u00f3teses<\/strong><\/span> <strong><br \/><a href=\"https:\/\/statorials.org\/pt\/um-teste-t-de-amostra\/\">Um teste t de amostra<\/a><br \/> <a href=\"https:\/\/statorials.org\/pt\/teste-suas-duas-amostras\/\">Teste t de duas amostras<\/a><br \/> <a href=\"https:\/\/statorials.org\/pt\/mann-whitney-voce-testa\/\">Teste U de Mann-Whitney<\/a><br \/> <a href=\"https:\/\/statorials.org\/pt\/teste-t-de-amostras-pareadas\/\">Teste t de amostras pareadas<\/a><br \/> <a href=\"https:\/\/statorials.org\/pt\/uma-amostra-de-teste-z\/\">Uma amostra de teste Z<\/a><br \/> <a href=\"https:\/\/statorials.org\/pt\/za-testar-duas-amostras\/\">Teste Z de duas amostras<\/a><br \/> <a href=\"https:\/\/statorials.org\/pt\/um-teste-de-proporcao-z\/\">Teste Z de uma propor\u00e7\u00e3o<\/a><br \/> <a href=\"https:\/\/statorials.org\/pt\/za-testar-duas-proporcoes\/\">Teste Z de duas propor\u00e7\u00f5es<\/a><br \/><\/strong><\/p>\n<p> <span style=\"color: #000000;\"><strong>Valores P e tamanho do efeito<\/strong><\/span><br \/> <strong><a href=\"https:\/\/statorials.org\/pt\/veja-como-interpretar-um-valor-p-de-0000\/\">Como interpretar um valor P de 0,000<\/a><br \/> <a href=\"https:\/\/statorials.org\/pt\/como-calcular-um-valor-pa-a-partir-de-um-teste-manual\/\">Como calcular um valor P a partir de um teste manual<\/a><br \/> <a href=\"https:\/\/statorials.org\/pt\/como-encontrar-z-alfa-2-za-2\/\">Como encontrar Z Alfa\/2 (za\/2)<\/a><br \/> <a href=\"https:\/\/statorials.org\/pt\/tamanho-do-efeito\/\">Tamanho do efeito<\/a><br \/> <a href=\"https:\/\/statorials.org\/pt\/fator-bayesiano\/\">Fator de Bayes<\/a><br \/><\/strong><\/p>\n<p> <span style=\"color: #000000;\"><strong>Testes qui-quadrado<\/strong><\/span> <strong><br \/><strong><a href=\"https:\/\/statorials.org\/pt\/teste-de-qualidade-de-ajuste-do-qui-quadrado\/\">Teste de ajuste qui-quadrado<\/a><br \/> <a href=\"https:\/\/statorials.org\/pt\/teste-de-independencia-do-qui-quadrado\/\">Teste qui-quadrado de independ\u00eancia<\/a><br \/> <a href=\"https:\/\/statorials.org\/pt\/teste-exato-de-pescadores\/\">Teste exato de Fisher<\/a><br \/> <a href=\"https:\/\/statorials.org\/pt\/tamanho-do-efeito-qui-quadrado\/\">Tamanho do efeito para um teste qui-quadrado<\/a><br \/><\/strong><\/strong><\/p>\n<p> <span style=\"color: #000000;\"><strong>Regress\u00e3o<\/strong><\/span> <strong><br \/><a href=\"https:\/\/statorials.org\/pt\/regressao-linear-multipla\/\">Introdu\u00e7\u00e3o \u00e0 regress\u00e3o linear m\u00faltipla<\/a> <span style=\"color: #000000;\">(<\/span> <a href=\"https:\/\/statorials.org\/pt\/regressao-linear-multipla-manualmente\/\" rel=\"noopener noreferrer\">manualmente<\/a> <span style=\"color: #000000;\">)<\/span><br \/> <a href=\"https:\/\/statorials.org\/pt\/teste-de-significancia-da-inclinacao-da-regressao\/\">Testando a signific\u00e2ncia de uma inclina\u00e7\u00e3o de regress\u00e3o<\/a><br \/> <a href=\"https:\/\/statorials.org\/pt\/como-interpretar-coeficientes-de-regressao\/\">Como interpretar coeficientes de regress\u00e3o<\/a><br \/> <a href=\"https:\/\/statorials.org\/pt\/um-guia-simples-para-compreender-o-teste-f-para-significancia-geral-na-regressao\/\">O teste F de signific\u00e2ncia geral na regress\u00e3o<\/a><br \/> <a href=\"https:\/\/statorials.org\/pt\/como-calcular-residuos-na-analise-de-regressao\/\">Como calcular res\u00edduos na an\u00e1lise de regress\u00e3o<\/a><br \/> <a href=\"https:\/\/statorials.org\/pt\/teste-de-breusch-pagao\/\">O teste Breusch-Pagan<\/a><br \/><\/strong><\/p>\n<p> <span style=\"color: #000000;\"><strong>ANOVA<\/strong><\/span><br \/> <strong><a href=\"https:\/\/statorials.org\/pt\/uma-maneira-anova\/\">ANOVA unidirecional<\/a> <span style=\"color: #000000;\">(<\/span> <a href=\"https:\/\/statorials.org\/pt\/one-way-anova-a-la-main\/\">manualmente<\/a> <span style=\"color: #000000;\">)<\/span><br \/> <a href=\"https:\/\/statorials.org\/pt\/anova-bidirecional\/\" rel=\"noopener\">ANOVA bidirecional<\/a> <span style=\"color: #000000;\">(<\/span> <a href=\"https:\/\/statorials.org\/pt\/anova-bidirecional-manualmente\/\">manualmente<\/a> <span style=\"color: #000000;\">)<\/span><br \/> <a href=\"https:\/\/statorials.org\/pt\/anova-de-tres-vias\/\">ANOVA de tr\u00eas vias<\/a><br \/> <a href=\"https:\/\/statorials.org\/pt\/testes-post-hoc-anova\/\">Testes post-hoc ANOVA<\/a><br \/> <a href=\"https:\/\/statorials.org\/pt\/teste-dunnett\/\">Teste de Dunnett para compara\u00e7\u00f5es m\u00faltiplas<\/a><br \/> <a href=\"https:\/\/statorials.org\/pt\/teste-dunn\/\">Teste de Dunn para compara\u00e7\u00f5es m\u00faltiplas<\/a><br \/> <a href=\"https:\/\/statorials.org\/pt\/ancova\/\">ANCOVA<\/a><br \/> <a href=\"https:\/\/statorials.org\/pt\/teste-kruskal-wallis\/\">Teste de Kruskal-Wallis<\/a><br \/> <a href=\"https:\/\/statorials.org\/pt\/teste-de-friedman\/\">Teste de Friedman<\/a><br \/><\/strong><\/p>\n","protected":false},"excerpt":{"rendered":"<p>Esta p\u00e1gina lista todos os tutoriais b\u00e1sicos de estat\u00edstica dispon\u00edveis em Estatologia. Introdu\u00e7\u00e3o \u00e0s estat\u00edsticas Por que as estat\u00edsticas s\u00e3o importantes? Estat\u00edsticas descritivas ou inferenciais Popula\u00e7\u00e3o vs. amostra Estat\u00edsticas versus par\u00e2metros Vari\u00e1veis qualitativas e quantitativas Descreva os dados Medidas de tend\u00eancia central SOCS: um acr\u00f4nimo \u00fatil para descrever distribui\u00e7\u00f5es Visualiza\u00e7\u00e3o de dados Gr\u00e1ficos de caixa [&hellip;]<\/p>\n","protected":false},"author":1,"featured_media":0,"parent":0,"menu_order":0,"comment_status":"closed","ping_status":"closed","template":"","meta":{"footnotes":""},"class_list":["post-5136","page","type-page","status-publish","hentry"],"yoast_head":"<!-- This site is optimized with the Yoast SEO plugin v21.5 - https:\/\/yoast.com\/wordpress\/plugins\/seo\/ -->\n<title>Tutoriais<\/title>\n<meta name=\"robots\" content=\"index, follow, max-snippet:-1, max-image-preview:large, max-video-preview:-1\" \/>\n<link rel=\"canonical\" href=\"https:\/\/statorials.org\/pt\/tutoriais\/\" \/>\n<meta property=\"og:locale\" content=\"pt_PT\" \/>\n<meta property=\"og:type\" content=\"article\" \/>\n<meta property=\"og:title\" content=\"Tutoriais\" \/>\n<meta property=\"og:description\" content=\"Esta p\u00e1gina lista todos os tutoriais b\u00e1sicos de estat\u00edstica dispon\u00edveis em Estatologia. Introdu\u00e7\u00e3o \u00e0s estat\u00edsticas Por que as estat\u00edsticas s\u00e3o importantes? Estat\u00edsticas descritivas ou inferenciais Popula\u00e7\u00e3o vs. amostra Estat\u00edsticas versus par\u00e2metros Vari\u00e1veis qualitativas e quantitativas Descreva os dados Medidas de tend\u00eancia central SOCS: um acr\u00f4nimo \u00fatil para descrever distribui\u00e7\u00f5es Visualiza\u00e7\u00e3o de dados Gr\u00e1ficos de caixa [&hellip;]\" \/>\n<meta property=\"og:url\" content=\"https:\/\/statorials.org\/pt\/tutoriais\/\" \/>\n<meta property=\"og:site_name\" content=\"Statorials\" \/>\n<meta name=\"twitter:card\" content=\"summary_large_image\" \/>\n<meta name=\"twitter:label1\" content=\"Tempo estimado de leitura\" \/>\n\t<meta name=\"twitter:data1\" content=\"2 minutos\" \/>\n<script type=\"application\/ld+json\" class=\"yoast-schema-graph\">{\"@context\":\"https:\/\/schema.org\",\"@graph\":[{\"@type\":\"WebPage\",\"@id\":\"https:\/\/statorials.org\/pt\/tutoriais\/\",\"url\":\"https:\/\/statorials.org\/pt\/tutoriais\/\",\"name\":\"Tutoriais\",\"isPartOf\":{\"@id\":\"https:\/\/statorials.org\/pt\/#website\"},\"datePublished\":\"2023-10-05T22:06:32+00:00\",\"dateModified\":\"2023-10-05T22:06:32+00:00\",\"breadcrumb\":{\"@id\":\"https:\/\/statorials.org\/pt\/tutoriais\/#breadcrumb\"},\"inLanguage\":\"pt-PT\",\"potentialAction\":[{\"@type\":\"ReadAction\",\"target\":[\"https:\/\/statorials.org\/pt\/tutoriais\/\"]}]},{\"@type\":\"BreadcrumbList\",\"@id\":\"https:\/\/statorials.org\/pt\/tutoriais\/#breadcrumb\",\"itemListElement\":[{\"@type\":\"ListItem\",\"position\":1,\"name\":\"Lar\",\"item\":\"https:\/\/statorials.org\/pt\/\"},{\"@type\":\"ListItem\",\"position\":2,\"name\":\"Tutoriais\"}]},{\"@type\":\"WebSite\",\"@id\":\"https:\/\/statorials.org\/pt\/#website\",\"url\":\"https:\/\/statorials.org\/pt\/\",\"name\":\"Statorials\",\"description\":\"O seu guia para a literacia estat\u00edstica!\",\"potentialAction\":[{\"@type\":\"SearchAction\",\"target\":{\"@type\":\"EntryPoint\",\"urlTemplate\":\"https:\/\/statorials.org\/pt\/?s={search_term_string}\"},\"query-input\":\"required name=search_term_string\"}],\"inLanguage\":\"pt-PT\"}]}<\/script>\n<!-- \/ Yoast SEO plugin. -->","yoast_head_json":{"title":"Tutoriais","robots":{"index":"index","follow":"follow","max-snippet":"max-snippet:-1","max-image-preview":"max-image-preview:large","max-video-preview":"max-video-preview:-1"},"canonical":"https:\/\/statorials.org\/pt\/tutoriais\/","og_locale":"pt_PT","og_type":"article","og_title":"Tutoriais","og_description":"Esta p\u00e1gina lista todos os tutoriais b\u00e1sicos de estat\u00edstica dispon\u00edveis em Estatologia. Introdu\u00e7\u00e3o \u00e0s estat\u00edsticas Por que as estat\u00edsticas s\u00e3o importantes? Estat\u00edsticas descritivas ou inferenciais Popula\u00e7\u00e3o vs. amostra Estat\u00edsticas versus par\u00e2metros Vari\u00e1veis qualitativas e quantitativas Descreva os dados Medidas de tend\u00eancia central SOCS: um acr\u00f4nimo \u00fatil para descrever distribui\u00e7\u00f5es Visualiza\u00e7\u00e3o de dados Gr\u00e1ficos de caixa [&hellip;]","og_url":"https:\/\/statorials.org\/pt\/tutoriais\/","og_site_name":"Statorials","twitter_card":"summary_large_image","twitter_misc":{"Tempo estimado de leitura":"2 minutos"},"schema":{"@context":"https:\/\/schema.org","@graph":[{"@type":"WebPage","@id":"https:\/\/statorials.org\/pt\/tutoriais\/","url":"https:\/\/statorials.org\/pt\/tutoriais\/","name":"Tutoriais","isPartOf":{"@id":"https:\/\/statorials.org\/pt\/#website"},"datePublished":"2023-10-05T22:06:32+00:00","dateModified":"2023-10-05T22:06:32+00:00","breadcrumb":{"@id":"https:\/\/statorials.org\/pt\/tutoriais\/#breadcrumb"},"inLanguage":"pt-PT","potentialAction":[{"@type":"ReadAction","target":["https:\/\/statorials.org\/pt\/tutoriais\/"]}]},{"@type":"BreadcrumbList","@id":"https:\/\/statorials.org\/pt\/tutoriais\/#breadcrumb","itemListElement":[{"@type":"ListItem","position":1,"name":"Lar","item":"https:\/\/statorials.org\/pt\/"},{"@type":"ListItem","position":2,"name":"Tutoriais"}]},{"@type":"WebSite","@id":"https:\/\/statorials.org\/pt\/#website","url":"https:\/\/statorials.org\/pt\/","name":"Statorials","description":"O seu guia para a literacia estat\u00edstica!","potentialAction":[{"@type":"SearchAction","target":{"@type":"EntryPoint","urlTemplate":"https:\/\/statorials.org\/pt\/?s={search_term_string}"},"query-input":"required name=search_term_string"}],"inLanguage":"pt-PT"}]}},"yoast_meta":{"yoast_wpseo_title":"","yoast_wpseo_metadesc":"","yoast_wpseo_canonical":""},"_links":{"self":[{"href":"https:\/\/statorials.org\/pt\/wp-json\/wp\/v2\/pages\/5136","targetHints":{"allow":["GET"]}}],"collection":[{"href":"https:\/\/statorials.org\/pt\/wp-json\/wp\/v2\/pages"}],"about":[{"href":"https:\/\/statorials.org\/pt\/wp-json\/wp\/v2\/types\/page"}],"author":[{"embeddable":true,"href":"https:\/\/statorials.org\/pt\/wp-json\/wp\/v2\/users\/1"}],"replies":[{"embeddable":true,"href":"https:\/\/statorials.org\/pt\/wp-json\/wp\/v2\/comments?post=5136"}],"version-history":[{"count":0,"href":"https:\/\/statorials.org\/pt\/wp-json\/wp\/v2\/pages\/5136\/revisions"}],"wp:attachment":[{"href":"https:\/\/statorials.org\/pt\/wp-json\/wp\/v2\/media?parent=5136"}],"curies":[{"name":"wp","href":"https:\/\/api.w.org\/{rel}","templated":true}]}}