{"id":5144,"date":"2023-10-05T04:05:32","date_gmt":"2023-10-05T04:05:32","guid":{"rendered":"https:\/\/statorials.org\/pt\/guias-mongodb\/"},"modified":"2023-10-05T04:05:32","modified_gmt":"2023-10-05T04:05:32","slug":"guias-mongodb","status":"publish","type":"page","link":"https:\/\/statorials.org\/pt\/guias-mongodb\/","title":{"rendered":"Guias do mongodb"},"content":{"rendered":"<p><span style=\"color: #000000;\"><strong>MongoDB<\/strong> \u00e9 um dos bancos de dados <a href=\"https:\/\/en.wikipedia.org\/wiki\/NoSQL\" target=\"_blank\" rel=\"noopener\">NoSQL<\/a> mais populares do mundo.<\/span><\/p>\n<p> <span style=\"color: #000000;\">Esta p\u00e1gina lista todos os tutoriais do MongoDB sobre estat\u00edsticas.<\/span><\/p>\n<p> <strong><span style=\"color: #000000;\">Quest\u00f5es<\/span><\/strong><br \/> <strong><a href=\"https:\/\/statorials.org\/pt\/consulta-semelhante-ao-mongodb\/\" rel=\"noopener\">MongoDB: Como consultar com uma express\u00e3o regular \u201cLike\u201d<\/a><br \/> <a href=\"https:\/\/statorials.org\/pt\/intervalo-de-datas-da-consulta-mongodb\/\">MongoDB: Como consultar com um intervalo de datas<\/a><br \/> <a href=\"https:\/\/statorials.org\/pt\/mongodb-nao-e-nulo\/\">MongoDB: Como procurar por \u201cnot null\u201d em um campo espec\u00edfico<\/a><br \/> <a href=\"https:\/\/statorials.org\/pt\/mongodb-nao-esta\/\">MongoDB: Como usar uma consulta \u201cNO IN\u201d<\/a><br \/> <a href=\"https:\/\/statorials.org\/pt\/mongodb-diferente\/\">MongoDB: Como usar \u201cNot Equal\u201d em consultas<\/a><br \/> <a href=\"https:\/\/statorials.org\/pt\/mongodb-e\/\">MongoDB: Como usar o operador AND em consultas<\/a><br \/> <a href=\"https:\/\/statorials.org\/pt\/mongodb-ou\/\">MongoDB: Como usar o operador OR em consultas<\/a><br \/> <a href=\"https:\/\/statorials.org\/pt\/mongodb-maior-que-menor-que\/\">MongoDB: Como usar maior que e menor que em consultas<\/a><br \/> <a href=\"https:\/\/statorials.org\/pt\/amostra-aleatoria-mongodb\/\">MongoDB: Como selecionar uma amostra aleat\u00f3ria de documentos<\/a><br \/> <a href=\"https:\/\/statorials.org\/pt\/mongodb-como-encontrar-um-documento-por-id\/\">MongoDB: Como procurar um documento por ID<\/a><br \/><\/strong><\/p>\n<p> <strong><span style=\"color: #000000;\">Agrega\u00e7\u00e3o<\/span><\/strong><br \/> <strong><a href=\"https:\/\/statorials.org\/pt\/grupo-mongodb-por-numero\/\" rel=\"noopener\">MongoDB: Como agrupar e contar<\/a><br \/> <a href=\"https:\/\/statorials.org\/pt\/grupo-mongodb-por-soma\/\">MongoDB: Como agrupar e somar<\/a><br \/> <a href=\"https:\/\/statorials.org\/pt\/grupo-mongodb-por-varios-campos\/\">MongoDB: Como agrupar por v\u00e1rios campos<\/a><br \/> <a href=\"https:\/\/statorials.org\/pt\/conta-separada-mongodb\/\">MongoDB: Como contar valores distintos em um campo<\/a><br \/> <a href=\"https:\/\/statorials.org\/pt\/mongodb-varios-campos-distintos\/\">MongoDB: Como selecionar valores distintos de m\u00faltiplos campos<\/a><br \/> <a href=\"https:\/\/statorials.org\/pt\/valor-maximo-do-mongodb\/\">MongoDB: Como encontrar o valor m\u00e1ximo em uma cole\u00e7\u00e3o<\/a><br \/> <a href=\"https:\/\/statorials.org\/pt\/mongodb-medio\/\">MongoDB: Como calcular o valor m\u00e9dio de um campo<\/a><br \/> <a href=\"https:\/\/statorials.org\/pt\/soma-mongodb\/\">MongoDB: Como calcular a soma de um campo<\/a><br \/> <a href=\"https:\/\/statorials.org\/pt\/mongodb-encontra-duplicatas\/\">MongoDB: Como encontrar duplicatas<\/a><br \/> <a href=\"https:\/\/statorials.org\/pt\/mongodb-classificar-por-data\/\">MongoDB: Como classificar por data<\/a><br \/> <a href=\"https:\/\/statorials.org\/pt\/mongodb-classifica-por-varios-campos\/\">MongoDB: Como classificar por v\u00e1rios campos<\/a><br \/><\/strong><\/p>\n<p> <strong><span style=\"color: #000000;\">Opera\u00e7\u00f5es<\/span><\/strong><br \/> <strong><a href=\"https:\/\/statorials.org\/pt\/mongodb-adicionar-campo\/\" rel=\"noopener\">MongoDB: Como adicionar um novo campo<\/a><br \/> <a href=\"https:\/\/statorials.org\/pt\/campo-de-exclusao-do-mongodb\/\">MongoDB: Como excluir um campo<\/a><br \/> <a href=\"https:\/\/statorials.org\/pt\/campo-de-renomeacao-mongodb\/\">MongoDB: Como renomear campos<\/a><br \/> <a href=\"https:\/\/statorials.org\/pt\/campos-da-lista-mongodb\/\">MongoDB: Como listar todos os nomes de campos<\/a><br \/> <a href=\"https:\/\/statorials.org\/pt\/mongodb-verifica-se-o-campo-existe\/\">MongoDB: Como verificar se o campo existe<\/a><br \/> <a href=\"https:\/\/statorials.org\/pt\/mongodb-inserir-se-nao-existir\/\">MongoDB: Como inserir se n\u00e3o existir<\/a><br \/> <a href=\"https:\/\/statorials.org\/pt\/mongodb-contem\/\" rel=\"noopener\">MongoDB: Como verificar se o campo cont\u00e9m uma string<\/a><br \/> <a href=\"https:\/\/statorials.org\/pt\/strings-de-concatenacao-mongodb\/\">MongoDB: Como concatenar strings de dois campos<\/a><br \/> <a href=\"https:\/\/statorials.org\/pt\/string-dividida-do-mongodb\/\">MongoDB: Como dividir uma string em um array de substrings<\/a><br \/> <a href=\"https:\/\/statorials.org\/pt\/substring-mongodb\/\">MongoDB: Como usar a fun\u00e7\u00e3o substring<\/a><br \/> <a href=\"https:\/\/statorials.org\/pt\/comprimento-da-string-mongodb\/\">MongoDB: Como encontrar o comprimento de uma string<\/a><br \/> <a href=\"https:\/\/statorials.org\/pt\/string-de-substituicao-do-mongodb\/\">MongoDB: Como substituir strings<\/a><br \/><\/strong><\/p>\n","protected":false},"excerpt":{"rendered":"<p>MongoDB \u00e9 um dos bancos de dados NoSQL mais populares do mundo. Esta p\u00e1gina lista todos os tutoriais do MongoDB sobre estat\u00edsticas. Quest\u00f5es MongoDB: Como consultar com uma express\u00e3o regular \u201cLike\u201d MongoDB: Como consultar com um intervalo de datas MongoDB: Como procurar por \u201cnot null\u201d em um campo espec\u00edfico MongoDB: Como usar uma consulta \u201cNO [&hellip;]<\/p>\n","protected":false},"author":1,"featured_media":0,"parent":0,"menu_order":0,"comment_status":"closed","ping_status":"closed","template":"","meta":{"footnotes":""},"class_list":["post-5144","page","type-page","status-publish","hentry"],"yoast_head":"<!-- This site is optimized with the Yoast SEO plugin v21.5 - https:\/\/yoast.com\/wordpress\/plugins\/seo\/ -->\n<title>Guias do MongoDB<\/title>\n<meta name=\"robots\" content=\"index, follow, max-snippet:-1, max-image-preview:large, max-video-preview:-1\" \/>\n<link rel=\"canonical\" href=\"https:\/\/statorials.org\/pt\/guias-mongodb\/\" \/>\n<meta property=\"og:locale\" content=\"pt_PT\" \/>\n<meta property=\"og:type\" content=\"article\" \/>\n<meta property=\"og:title\" content=\"Guias do MongoDB\" \/>\n<meta property=\"og:description\" content=\"MongoDB \u00e9 um dos bancos de dados NoSQL mais populares do mundo. Esta p\u00e1gina lista todos os tutoriais do MongoDB sobre estat\u00edsticas. Quest\u00f5es MongoDB: Como consultar com uma express\u00e3o regular \u201cLike\u201d MongoDB: Como consultar com um intervalo de datas MongoDB: Como procurar por \u201cnot null\u201d em um campo espec\u00edfico MongoDB: Como usar uma consulta \u201cNO [&hellip;]\" \/>\n<meta property=\"og:url\" content=\"https:\/\/statorials.org\/pt\/guias-mongodb\/\" \/>\n<meta property=\"og:site_name\" content=\"Statorials\" \/>\n<meta name=\"twitter:card\" content=\"summary_large_image\" \/>\n<meta name=\"twitter:label1\" content=\"Tempo estimado de leitura\" \/>\n\t<meta name=\"twitter:data1\" content=\"1 minuto\" \/>\n<script type=\"application\/ld+json\" class=\"yoast-schema-graph\">{\"@context\":\"https:\/\/schema.org\",\"@graph\":[{\"@type\":\"WebPage\",\"@id\":\"https:\/\/statorials.org\/pt\/guias-mongodb\/\",\"url\":\"https:\/\/statorials.org\/pt\/guias-mongodb\/\",\"name\":\"Guias do MongoDB\",\"isPartOf\":{\"@id\":\"https:\/\/statorials.org\/pt\/#website\"},\"datePublished\":\"2023-10-05T04:05:32+00:00\",\"dateModified\":\"2023-10-05T04:05:32+00:00\",\"breadcrumb\":{\"@id\":\"https:\/\/statorials.org\/pt\/guias-mongodb\/#breadcrumb\"},\"inLanguage\":\"pt-PT\",\"potentialAction\":[{\"@type\":\"ReadAction\",\"target\":[\"https:\/\/statorials.org\/pt\/guias-mongodb\/\"]}]},{\"@type\":\"BreadcrumbList\",\"@id\":\"https:\/\/statorials.org\/pt\/guias-mongodb\/#breadcrumb\",\"itemListElement\":[{\"@type\":\"ListItem\",\"position\":1,\"name\":\"Lar\",\"item\":\"https:\/\/statorials.org\/pt\/\"},{\"@type\":\"ListItem\",\"position\":2,\"name\":\"Guias do mongodb\"}]},{\"@type\":\"WebSite\",\"@id\":\"https:\/\/statorials.org\/pt\/#website\",\"url\":\"https:\/\/statorials.org\/pt\/\",\"name\":\"Statorials\",\"description\":\"O seu guia para a literacia estat\u00edstica!\",\"potentialAction\":[{\"@type\":\"SearchAction\",\"target\":{\"@type\":\"EntryPoint\",\"urlTemplate\":\"https:\/\/statorials.org\/pt\/?s={search_term_string}\"},\"query-input\":\"required name=search_term_string\"}],\"inLanguage\":\"pt-PT\"}]}<\/script>\n<!-- \/ Yoast SEO plugin. -->","yoast_head_json":{"title":"Guias do MongoDB","robots":{"index":"index","follow":"follow","max-snippet":"max-snippet:-1","max-image-preview":"max-image-preview:large","max-video-preview":"max-video-preview:-1"},"canonical":"https:\/\/statorials.org\/pt\/guias-mongodb\/","og_locale":"pt_PT","og_type":"article","og_title":"Guias do MongoDB","og_description":"MongoDB \u00e9 um dos bancos de dados NoSQL mais populares do mundo. Esta p\u00e1gina lista todos os tutoriais do MongoDB sobre estat\u00edsticas. Quest\u00f5es MongoDB: Como consultar com uma express\u00e3o regular \u201cLike\u201d MongoDB: Como consultar com um intervalo de datas MongoDB: Como procurar por \u201cnot null\u201d em um campo espec\u00edfico MongoDB: Como usar uma consulta \u201cNO [&hellip;]","og_url":"https:\/\/statorials.org\/pt\/guias-mongodb\/","og_site_name":"Statorials","twitter_card":"summary_large_image","twitter_misc":{"Tempo estimado de leitura":"1 minuto"},"schema":{"@context":"https:\/\/schema.org","@graph":[{"@type":"WebPage","@id":"https:\/\/statorials.org\/pt\/guias-mongodb\/","url":"https:\/\/statorials.org\/pt\/guias-mongodb\/","name":"Guias do MongoDB","isPartOf":{"@id":"https:\/\/statorials.org\/pt\/#website"},"datePublished":"2023-10-05T04:05:32+00:00","dateModified":"2023-10-05T04:05:32+00:00","breadcrumb":{"@id":"https:\/\/statorials.org\/pt\/guias-mongodb\/#breadcrumb"},"inLanguage":"pt-PT","potentialAction":[{"@type":"ReadAction","target":["https:\/\/statorials.org\/pt\/guias-mongodb\/"]}]},{"@type":"BreadcrumbList","@id":"https:\/\/statorials.org\/pt\/guias-mongodb\/#breadcrumb","itemListElement":[{"@type":"ListItem","position":1,"name":"Lar","item":"https:\/\/statorials.org\/pt\/"},{"@type":"ListItem","position":2,"name":"Guias do mongodb"}]},{"@type":"WebSite","@id":"https:\/\/statorials.org\/pt\/#website","url":"https:\/\/statorials.org\/pt\/","name":"Statorials","description":"O seu guia para a literacia estat\u00edstica!","potentialAction":[{"@type":"SearchAction","target":{"@type":"EntryPoint","urlTemplate":"https:\/\/statorials.org\/pt\/?s={search_term_string}"},"query-input":"required name=search_term_string"}],"inLanguage":"pt-PT"}]}},"yoast_meta":{"yoast_wpseo_title":"","yoast_wpseo_metadesc":"","yoast_wpseo_canonical":""},"_links":{"self":[{"href":"https:\/\/statorials.org\/pt\/wp-json\/wp\/v2\/pages\/5144","targetHints":{"allow":["GET"]}}],"collection":[{"href":"https:\/\/statorials.org\/pt\/wp-json\/wp\/v2\/pages"}],"about":[{"href":"https:\/\/statorials.org\/pt\/wp-json\/wp\/v2\/types\/page"}],"author":[{"embeddable":true,"href":"https:\/\/statorials.org\/pt\/wp-json\/wp\/v2\/users\/1"}],"replies":[{"embeddable":true,"href":"https:\/\/statorials.org\/pt\/wp-json\/wp\/v2\/comments?post=5144"}],"version-history":[{"count":0,"href":"https:\/\/statorials.org\/pt\/wp-json\/wp\/v2\/pages\/5144\/revisions"}],"wp:attachment":[{"href":"https:\/\/statorials.org\/pt\/wp-json\/wp\/v2\/media?parent=5144"}],"curies":[{"name":"wp","href":"https:\/\/api.w.org\/{rel}","templated":true}]}}