{"id":5146,"date":"2023-08-31T10:38:07","date_gmt":"2023-08-31T10:38:07","guid":{"rendered":"https:\/\/statorials.org\/pt\/dr-benjamin-anderson\/"},"modified":"2023-08-31T10:38:07","modified_gmt":"2023-08-31T10:38:07","slug":"dr-benjamin-anderson","status":"publish","type":"page","link":"https:\/\/statorials.org\/pt\/dr-benjamin-anderson\/","title":{"rendered":"Dr. benjamim anderson"},"content":{"rendered":"<p>Bem-vindo ao Statorials, o caminho definitivo para o sucesso baseado em dados. <\/p>\n<p><img decoding=\"async\" loading=\"lazy\" class=\" wp-image-16181 alignleft\" src=\"https:\/\/statorials.org\/wp-content\/uploads\/2023\/08\/Dr.-Benjamin-Anderson.jpg\" alt=\"Benjamim Anderson\" width=\"250\" height=\"250\" srcset=\"https:\/\/statorials.org\/wp-content\/uploads\/2023\/08\/Dr.-Benjamin-Anderson.jpg 300w, https:\/\/statorials.org\/wp-content\/uploads\/2023\/08\/Dr.-Benjamin-Anderson-150x150.jpg 150w\" sizes=\"auto, (max-width: 250px) 100vw, 250px\"><\/p>\n<p> Sou Benjamin Anderson, um professor de estat\u00edstica aposentado que se tornou um educador dedicado em estat\u00edstica. Com experi\u00eancia e conhecimento na \u00e1rea de estat\u00edstica, tenho o compromisso de compartilhar meu conhecimento com os alunos por meio deste blog.<\/p>\n<p> Com uma impressionante forma\u00e7\u00e3o acad\u00eamica em estat\u00edstica, possuo um profundo conhecimento de teorias e metodologias estat\u00edsticas e suas aplica\u00e7\u00f5es pr\u00e1ticas. Ao longo de minha bem-sucedida carreira docente, guiei muitos alunos ao sucesso, nutrindo a paix\u00e3o pela estat\u00edstica e ajudando-os a se destacarem em seus estudos.<\/p>\n<p> Atrav\u00e9s deste blog, ofere\u00e7o aos alunos uma oportunidade \u00fanica de se beneficiarem de minha experi\u00eancia e riqueza de conhecimento. Com foco no aprendizado interativo, Statorials oferece tutoriais abrangentes, exerc\u00edcios envolventes e exemplos da vida real para tornar os conceitos estat\u00edsticos acess\u00edveis.<\/p>\n<p> Minha vasta experi\u00eancia me ajuda a compreender os desafios que os alunos enfrentam e a fornecer-lhes n\u00e3o apenas apoio acad\u00eamico, mas tamb\u00e9m orienta\u00e7\u00e3o, aconselhamento sobre estrat\u00e9gias de estudo e aconselhamento profissional. O objetivo \u00e9 equipar os alunos n\u00e3o apenas com conhecimento estat\u00edstico, mas tamb\u00e9m com habilidades e confian\u00e7a para navegar no mundo em constante mudan\u00e7a da an\u00e1lise de dados.<\/p>\n<p> Invista hoje em seu treinamento em estat\u00edstica e deixe-me capacit\u00e1-lo para abrir as portas para a excel\u00eancia estat\u00edstica!<\/p>\n<p> <strong>Sua professora,<\/strong><br \/> Dr. Benjamim Anderson.<\/p>\n","protected":false},"excerpt":{"rendered":"<p>Bem-vindo ao Statorials, o caminho definitivo para o sucesso baseado em dados. Sou Benjamin Anderson, um professor de estat\u00edstica aposentado que se tornou um educador dedicado em estat\u00edstica. Com experi\u00eancia e conhecimento na \u00e1rea de estat\u00edstica, tenho o compromisso de compartilhar meu conhecimento com os alunos por meio deste blog. Com uma impressionante forma\u00e7\u00e3o acad\u00eamica [&hellip;]<\/p>\n","protected":false},"author":1,"featured_media":0,"parent":0,"menu_order":0,"comment_status":"closed","ping_status":"closed","template":"","meta":{"footnotes":""},"class_list":["post-5146","page","type-page","status-publish","hentry"],"yoast_head":"<!-- This site is optimized with the Yoast SEO plugin v21.5 - https:\/\/yoast.com\/wordpress\/plugins\/seo\/ -->\n<title>Dr. Benjamin Anderson - Estatoriais<\/title>\n<meta name=\"description\" content=\"Ele \u00e9 Benjamin Anderson, um professor aposentado de estat\u00edstica que se tornou um dedicado educador estatorial. Forte de um rico\" \/>\n<meta name=\"robots\" content=\"index, follow, max-snippet:-1, max-image-preview:large, max-video-preview:-1\" \/>\n<link rel=\"canonical\" href=\"https:\/\/statorials.org\/pt\/dr-benjamin-anderson\/\" \/>\n<meta property=\"og:locale\" content=\"pt_PT\" \/>\n<meta property=\"og:type\" content=\"article\" \/>\n<meta property=\"og:title\" content=\"Dr. Benjamin Anderson - Estatoriais\" \/>\n<meta property=\"og:description\" content=\"Ele \u00e9 Benjamin Anderson, um professor aposentado de estat\u00edstica que se tornou um dedicado educador estatorial. Forte de um rico\" \/>\n<meta property=\"og:url\" content=\"https:\/\/statorials.org\/pt\/dr-benjamin-anderson\/\" \/>\n<meta property=\"og:site_name\" content=\"Statorials\" \/>\n<meta property=\"og:image\" content=\"https:\/\/statorials.org\/wp-content\/uploads\/2023\/08\/Dr.-Benjamin-Anderson.jpg\" \/>\n<meta name=\"twitter:card\" content=\"summary_large_image\" \/>\n<meta name=\"twitter:label1\" content=\"Tempo estimado de leitura\" \/>\n\t<meta name=\"twitter:data1\" content=\"1 minuto\" \/>\n<script type=\"application\/ld+json\" class=\"yoast-schema-graph\">{\"@context\":\"https:\/\/schema.org\",\"@graph\":[{\"@type\":\"WebPage\",\"@id\":\"https:\/\/statorials.org\/pt\/dr-benjamin-anderson\/\",\"url\":\"https:\/\/statorials.org\/pt\/dr-benjamin-anderson\/\",\"name\":\"Dr. Benjamin Anderson - Estatoriais\",\"isPartOf\":{\"@id\":\"https:\/\/statorials.org\/pt\/#website\"},\"datePublished\":\"2023-08-31T10:38:07+00:00\",\"dateModified\":\"2023-08-31T10:38:07+00:00\",\"description\":\"Ele \u00e9 Benjamin Anderson, um professor aposentado de estat\u00edstica que se tornou um dedicado educador estatorial. Forte de um rico\",\"breadcrumb\":{\"@id\":\"https:\/\/statorials.org\/pt\/dr-benjamin-anderson\/#breadcrumb\"},\"inLanguage\":\"pt-PT\",\"potentialAction\":[{\"@type\":\"ReadAction\",\"target\":[\"https:\/\/statorials.org\/pt\/dr-benjamin-anderson\/\"]}]},{\"@type\":\"BreadcrumbList\",\"@id\":\"https:\/\/statorials.org\/pt\/dr-benjamin-anderson\/#breadcrumb\",\"itemListElement\":[{\"@type\":\"ListItem\",\"position\":1,\"name\":\"Lar\",\"item\":\"https:\/\/statorials.org\/pt\/\"},{\"@type\":\"ListItem\",\"position\":2,\"name\":\"Dr. benjamim anderson\"}]},{\"@type\":\"WebSite\",\"@id\":\"https:\/\/statorials.org\/pt\/#website\",\"url\":\"https:\/\/statorials.org\/pt\/\",\"name\":\"Statorials\",\"description\":\"O seu guia para a literacia estat\u00edstica!\",\"potentialAction\":[{\"@type\":\"SearchAction\",\"target\":{\"@type\":\"EntryPoint\",\"urlTemplate\":\"https:\/\/statorials.org\/pt\/?s={search_term_string}\"},\"query-input\":\"required name=search_term_string\"}],\"inLanguage\":\"pt-PT\"}]}<\/script>\n<!-- \/ Yoast SEO plugin. -->","yoast_head_json":{"title":"Dr. Benjamin Anderson - Estatoriais","description":"Ele \u00e9 Benjamin Anderson, um professor aposentado de estat\u00edstica que se tornou um dedicado educador estatorial. Forte de um rico","robots":{"index":"index","follow":"follow","max-snippet":"max-snippet:-1","max-image-preview":"max-image-preview:large","max-video-preview":"max-video-preview:-1"},"canonical":"https:\/\/statorials.org\/pt\/dr-benjamin-anderson\/","og_locale":"pt_PT","og_type":"article","og_title":"Dr. Benjamin Anderson - Estatoriais","og_description":"Ele \u00e9 Benjamin Anderson, um professor aposentado de estat\u00edstica que se tornou um dedicado educador estatorial. Forte de um rico","og_url":"https:\/\/statorials.org\/pt\/dr-benjamin-anderson\/","og_site_name":"Statorials","og_image":[{"url":"https:\/\/statorials.org\/wp-content\/uploads\/2023\/08\/Dr.-Benjamin-Anderson.jpg"}],"twitter_card":"summary_large_image","twitter_misc":{"Tempo estimado de leitura":"1 minuto"},"schema":{"@context":"https:\/\/schema.org","@graph":[{"@type":"WebPage","@id":"https:\/\/statorials.org\/pt\/dr-benjamin-anderson\/","url":"https:\/\/statorials.org\/pt\/dr-benjamin-anderson\/","name":"Dr. Benjamin Anderson - Estatoriais","isPartOf":{"@id":"https:\/\/statorials.org\/pt\/#website"},"datePublished":"2023-08-31T10:38:07+00:00","dateModified":"2023-08-31T10:38:07+00:00","description":"Ele \u00e9 Benjamin Anderson, um professor aposentado de estat\u00edstica que se tornou um dedicado educador estatorial. Forte de um rico","breadcrumb":{"@id":"https:\/\/statorials.org\/pt\/dr-benjamin-anderson\/#breadcrumb"},"inLanguage":"pt-PT","potentialAction":[{"@type":"ReadAction","target":["https:\/\/statorials.org\/pt\/dr-benjamin-anderson\/"]}]},{"@type":"BreadcrumbList","@id":"https:\/\/statorials.org\/pt\/dr-benjamin-anderson\/#breadcrumb","itemListElement":[{"@type":"ListItem","position":1,"name":"Lar","item":"https:\/\/statorials.org\/pt\/"},{"@type":"ListItem","position":2,"name":"Dr. benjamim anderson"}]},{"@type":"WebSite","@id":"https:\/\/statorials.org\/pt\/#website","url":"https:\/\/statorials.org\/pt\/","name":"Statorials","description":"O seu guia para a literacia estat\u00edstica!","potentialAction":[{"@type":"SearchAction","target":{"@type":"EntryPoint","urlTemplate":"https:\/\/statorials.org\/pt\/?s={search_term_string}"},"query-input":"required name=search_term_string"}],"inLanguage":"pt-PT"}]}},"yoast_meta":{"yoast_wpseo_title":"","yoast_wpseo_metadesc":"","yoast_wpseo_canonical":""},"_links":{"self":[{"href":"https:\/\/statorials.org\/pt\/wp-json\/wp\/v2\/pages\/5146","targetHints":{"allow":["GET"]}}],"collection":[{"href":"https:\/\/statorials.org\/pt\/wp-json\/wp\/v2\/pages"}],"about":[{"href":"https:\/\/statorials.org\/pt\/wp-json\/wp\/v2\/types\/page"}],"author":[{"embeddable":true,"href":"https:\/\/statorials.org\/pt\/wp-json\/wp\/v2\/users\/1"}],"replies":[{"embeddable":true,"href":"https:\/\/statorials.org\/pt\/wp-json\/wp\/v2\/comments?post=5146"}],"version-history":[{"count":0,"href":"https:\/\/statorials.org\/pt\/wp-json\/wp\/v2\/pages\/5146\/revisions"}],"wp:attachment":[{"href":"https:\/\/statorials.org\/pt\/wp-json\/wp\/v2\/media?parent=5146"}],"curies":[{"name":"wp","href":"https:\/\/api.w.org\/{rel}","templated":true}]}}