{"id":5147,"date":"2023-08-31T10:30:02","date_gmt":"2023-08-31T10:30:02","guid":{"rendered":"https:\/\/statorials.org\/pt\/termos-de-uso\/"},"modified":"2023-10-16T12:08:06","modified_gmt":"2023-10-16T12:08:06","slug":"termos-de-uso","status":"publish","type":"page","link":"https:\/\/statorials.org\/pt\/termos-de-uso\/","title":{"rendered":"Termos de uso"},"content":{"rendered":"<p>Este site \u00e9 um blog de estat\u00edsticas online editado por professores aposentados e n\u00e3o \u00e9 afiliado a nenhuma empresa ou grupo.<\/p>\n<p>O objetivo do Statorials.org \u00e9 fornecer aos alunos uma oportunidade \u00fanica de participar de v\u00e1rios tutoriais abrangentes, exerc\u00edcios envolventes e exemplos do mundo real para tornar os conceitos estat\u00edsticos acess\u00edveis.<\/p>\n<h2>Pol\u00edtica de uso<\/h2>\n<p>Em statorials.org, a privacidade de nossos visitantes \u00e9 extremamente importante para n\u00f3s. Este documento de pol\u00edtica de privacidade descreve os tipos de informa\u00e7\u00f5es pessoais recebidas e coletadas pelo dom\u00ednio e seu uso.<\/p>\n<h3>Coleta de dados<\/h3>\n<h4>1. Coment\u00e1rios<\/h4>\n<p>As informa\u00e7\u00f5es que coletamos dependem de como o usu\u00e1rio comenta no site, mas geralmente incluem o endere\u00e7o IP do comentarista, agente do usu\u00e1rio, referenciador e URL do site (bem como outras informa\u00e7\u00f5es fornecidas diretamente pelo comentarista, como nome, nome de usu\u00e1rio, endere\u00e7o de e-mail e o pr\u00f3prio coment\u00e1rio).<\/p>\n<h4>2. Formul\u00e1rio de contato<\/h4>\n<p>Se voc\u00ea entrar em contato conosco, usaremos seu nome e endere\u00e7o de e-mail para responder \u00e0 sua solicita\u00e7\u00e3o e n\u00e3o compartilharemos essas informa\u00e7\u00f5es com terceiros.<\/p>\n<h4>3. Biscoitos<\/h4>\n<p>O site utiliza cookies para armazenar informa\u00e7\u00f5es sobre as prefer\u00eancias dos visitantes, registrar informa\u00e7\u00f5es espec\u00edficas do usu\u00e1rio sobre quais p\u00e1ginas eles acessam ou visitam e personalizar o conte\u00fado da p\u00e1gina da web com base no tipo de navegador do visitante. ou outras informa\u00e7\u00f5es enviadas pelo visitante ao seu navegador.<\/p>\n<p>Os cookies permitem-nos personalizar conte\u00fados e an\u00fancios, fornecer funcionalidades de redes sociais e analisar o nosso tr\u00e1fego. Tamb\u00e9m podemos compartilhar informa\u00e7\u00f5es sobre o uso do nosso site com nossos parceiros de m\u00eddia social, publicidade e an\u00e1lise, que podem combin\u00e1-las com outras informa\u00e7\u00f5es que voc\u00ea lhes forneceu ou que eles coletaram durante o uso de seus servi\u00e7os.<\/p>\n<h4>4. An\u00e1lise<\/h4>\n<p>Este website utiliza o Google Analytics, um servi\u00e7o de an\u00e1lise web fornecido pela Google Inc. Utiliza \u201ccookies\u201d, ficheiros de texto armazenados no seu computador que permitem uma an\u00e1lise da sua utiliza\u00e7\u00e3o do website. As informa\u00e7\u00f5es geradas pelo cookie sobre o uso deste site s\u00e3o normalmente transmitidas e armazenadas em um servidor do Google nos Estados Unidos.<\/p>\n<p>Voc\u00ea pode impedir o armazenamento de cookies configurando o software do seu navegador para esse fim. No entanto, tenha em aten\u00e7\u00e3o que, neste caso, poder\u00e1 n\u00e3o conseguir utilizar plenamente todas as fun\u00e7\u00f5es deste website.<\/p>\n<h4>5. Registros de seguran\u00e7a<\/h4>\n<p>Endere\u00e7os IP de visitantes, IDs de usu\u00e1rios conectados e nomes de usu\u00e1rios de tentativas de login s\u00e3o registrados condicionalmente para verificar atividades maliciosas e proteger o site contra tipos espec\u00edficos de ataques. Tentativas de login, solicita\u00e7\u00f5es de logout, solicita\u00e7\u00f5es de URL suspeitas, altera\u00e7\u00f5es no conte\u00fado do site e atualiza\u00e7\u00f5es de senha s\u00e3o exemplos de condi\u00e7\u00f5es de login.<\/p>\n<h2>Uso de dados<\/h2>\n<p>O site utiliza os dados recolhidos para diferentes finalidades:<\/p>\n<ul>\n<li>Fornecimento e manuten\u00e7\u00e3o do servi\u00e7o<\/li>\n<li>Para notific\u00e1-lo sobre altera\u00e7\u00f5es em nosso servi\u00e7o<\/li>\n<li>Para permitir que voc\u00ea participe de recursos interativos de nosso Servi\u00e7o quando voc\u00ea decidir faz\u00ea-lo<\/li>\n<li>Fornecer assist\u00eancia e suporte aos clientes<\/li>\n<li>Fornecer an\u00e1lises ou informa\u00e7\u00f5es \u00fateis para melhorar o servi\u00e7o<\/li>\n<li>Monitore o uso do servi\u00e7o<\/li>\n<li>Detecte, previna e resolva problemas t\u00e9cnicos<\/li>\n<\/ul>\n<h2>Seguran\u00e7a de dados<\/h2>\n<p>A seguran\u00e7a das suas informa\u00e7\u00f5es \u00e9 importante para n\u00f3s, mas lembre-se de que nenhum m\u00e9todo de transmiss\u00e3o pela Internet ou m\u00e9todo de armazenamento eletr\u00f4nico \u00e9 100% seguro. Embora nos esforcemos para utilizar meios comercialmente aceit\u00e1veis para proteger as suas informa\u00e7\u00f5es pessoais, n\u00e3o podemos garantir a sua seguran\u00e7a absoluta.<\/p>\n<h2>Contate o editor<\/h2>\n<p>Se desejar entrar em contato com o editor para qualquer tipo de feedback ou solicita\u00e7\u00e3o, voc\u00ea pode enviar suas d\u00favidas aqui: <a href=\"https:\/\/statorials.org\/pt\/contato\/\">Fale Conosco<\/a><\/p>\n","protected":false},"excerpt":{"rendered":"<p>Este site \u00e9 um blog de estat\u00edsticas online editado por professores aposentados e n\u00e3o \u00e9 afiliado a nenhuma empresa ou grupo. O objetivo do Statorials.org \u00e9 fornecer aos alunos uma oportunidade \u00fanica de participar de v\u00e1rios tutoriais abrangentes, exerc\u00edcios envolventes e exemplos do mundo real para tornar os conceitos estat\u00edsticos acess\u00edveis. Pol\u00edtica de uso Em [&hellip;]<\/p>\n","protected":false},"author":1,"featured_media":0,"parent":0,"menu_order":0,"comment_status":"closed","ping_status":"closed","template":"","meta":{"footnotes":""},"class_list":["post-5147","page","type-page","status-publish","hentry"],"yoast_head":"<!-- This site is optimized with the Yoast SEO plugin v21.5 - https:\/\/yoast.com\/wordpress\/plugins\/seo\/ -->\n<title>Termos de Uso - Statorials<\/title>\n<meta name=\"description\" content=\"O objetivo do Statorials.org \u00e9 fornecer aos alunos uma oportunidade \u00fanica de participar de v\u00e1rios tutoriais abrangentes\" \/>\n<meta name=\"robots\" content=\"noindex, nofollow\" \/>\n<meta property=\"og:locale\" content=\"pt_PT\" \/>\n<meta property=\"og:type\" content=\"article\" \/>\n<meta property=\"og:title\" content=\"Termos de Uso - Statorials\" \/>\n<meta property=\"og:description\" content=\"O objetivo do Statorials.org \u00e9 fornecer aos alunos uma oportunidade \u00fanica de participar de v\u00e1rios tutoriais abrangentes\" \/>\n<meta property=\"og:url\" content=\"https:\/\/statorials.org\/pt\/termos-de-uso\/\" \/>\n<meta property=\"og:site_name\" content=\"Statorials\" \/>\n<meta property=\"article:modified_time\" content=\"2023-10-16T12:08:06+00:00\" \/>\n<meta name=\"twitter:card\" content=\"summary_large_image\" \/>\n<meta name=\"twitter:label1\" content=\"Tempo estimado de leitura\" \/>\n\t<meta name=\"twitter:data1\" content=\"4 minutos\" \/>\n<script type=\"application\/ld+json\" class=\"yoast-schema-graph\">{\"@context\":\"https:\/\/schema.org\",\"@graph\":[{\"@type\":\"WebPage\",\"@id\":\"https:\/\/statorials.org\/pt\/termos-de-uso\/\",\"url\":\"https:\/\/statorials.org\/pt\/termos-de-uso\/\",\"name\":\"Termos de Uso - Statorials\",\"isPartOf\":{\"@id\":\"https:\/\/statorials.org\/pt\/#website\"},\"datePublished\":\"2023-08-31T10:30:02+00:00\",\"dateModified\":\"2023-10-16T12:08:06+00:00\",\"description\":\"O objetivo do Statorials.org \u00e9 fornecer aos alunos uma oportunidade \u00fanica de participar de v\u00e1rios tutoriais abrangentes\",\"breadcrumb\":{\"@id\":\"https:\/\/statorials.org\/pt\/termos-de-uso\/#breadcrumb\"},\"inLanguage\":\"pt-PT\",\"potentialAction\":[{\"@type\":\"ReadAction\",\"target\":[\"https:\/\/statorials.org\/pt\/termos-de-uso\/\"]}]},{\"@type\":\"BreadcrumbList\",\"@id\":\"https:\/\/statorials.org\/pt\/termos-de-uso\/#breadcrumb\",\"itemListElement\":[{\"@type\":\"ListItem\",\"position\":1,\"name\":\"Lar\",\"item\":\"https:\/\/statorials.org\/pt\/\"},{\"@type\":\"ListItem\",\"position\":2,\"name\":\"Termos de uso\"}]},{\"@type\":\"WebSite\",\"@id\":\"https:\/\/statorials.org\/pt\/#website\",\"url\":\"https:\/\/statorials.org\/pt\/\",\"name\":\"Statorials\",\"description\":\"O seu guia para a literacia estat\u00edstica!\",\"potentialAction\":[{\"@type\":\"SearchAction\",\"target\":{\"@type\":\"EntryPoint\",\"urlTemplate\":\"https:\/\/statorials.org\/pt\/?s={search_term_string}\"},\"query-input\":\"required name=search_term_string\"}],\"inLanguage\":\"pt-PT\"}]}<\/script>\n<!-- \/ Yoast SEO plugin. -->","yoast_head_json":{"title":"Termos de Uso - Statorials","description":"O objetivo do Statorials.org \u00e9 fornecer aos alunos uma oportunidade \u00fanica de participar de v\u00e1rios tutoriais abrangentes","robots":{"index":"noindex","follow":"nofollow"},"og_locale":"pt_PT","og_type":"article","og_title":"Termos de Uso - Statorials","og_description":"O objetivo do Statorials.org \u00e9 fornecer aos alunos uma oportunidade \u00fanica de participar de v\u00e1rios tutoriais abrangentes","og_url":"https:\/\/statorials.org\/pt\/termos-de-uso\/","og_site_name":"Statorials","article_modified_time":"2023-10-16T12:08:06+00:00","twitter_card":"summary_large_image","twitter_misc":{"Tempo estimado de leitura":"4 minutos"},"schema":{"@context":"https:\/\/schema.org","@graph":[{"@type":"WebPage","@id":"https:\/\/statorials.org\/pt\/termos-de-uso\/","url":"https:\/\/statorials.org\/pt\/termos-de-uso\/","name":"Termos de Uso - Statorials","isPartOf":{"@id":"https:\/\/statorials.org\/pt\/#website"},"datePublished":"2023-08-31T10:30:02+00:00","dateModified":"2023-10-16T12:08:06+00:00","description":"O objetivo do Statorials.org \u00e9 fornecer aos alunos uma oportunidade \u00fanica de participar de v\u00e1rios tutoriais abrangentes","breadcrumb":{"@id":"https:\/\/statorials.org\/pt\/termos-de-uso\/#breadcrumb"},"inLanguage":"pt-PT","potentialAction":[{"@type":"ReadAction","target":["https:\/\/statorials.org\/pt\/termos-de-uso\/"]}]},{"@type":"BreadcrumbList","@id":"https:\/\/statorials.org\/pt\/termos-de-uso\/#breadcrumb","itemListElement":[{"@type":"ListItem","position":1,"name":"Lar","item":"https:\/\/statorials.org\/pt\/"},{"@type":"ListItem","position":2,"name":"Termos de uso"}]},{"@type":"WebSite","@id":"https:\/\/statorials.org\/pt\/#website","url":"https:\/\/statorials.org\/pt\/","name":"Statorials","description":"O seu guia para a literacia estat\u00edstica!","potentialAction":[{"@type":"SearchAction","target":{"@type":"EntryPoint","urlTemplate":"https:\/\/statorials.org\/pt\/?s={search_term_string}"},"query-input":"required name=search_term_string"}],"inLanguage":"pt-PT"}]}},"yoast_meta":{"yoast_wpseo_title":"","yoast_wpseo_metadesc":"","yoast_wpseo_canonical":""},"_links":{"self":[{"href":"https:\/\/statorials.org\/pt\/wp-json\/wp\/v2\/pages\/5147","targetHints":{"allow":["GET"]}}],"collection":[{"href":"https:\/\/statorials.org\/pt\/wp-json\/wp\/v2\/pages"}],"about":[{"href":"https:\/\/statorials.org\/pt\/wp-json\/wp\/v2\/types\/page"}],"author":[{"embeddable":true,"href":"https:\/\/statorials.org\/pt\/wp-json\/wp\/v2\/users\/1"}],"replies":[{"embeddable":true,"href":"https:\/\/statorials.org\/pt\/wp-json\/wp\/v2\/comments?post=5147"}],"version-history":[{"count":3,"href":"https:\/\/statorials.org\/pt\/wp-json\/wp\/v2\/pages\/5147\/revisions"}],"predecessor-version":[{"id":5196,"href":"https:\/\/statorials.org\/pt\/wp-json\/wp\/v2\/pages\/5147\/revisions\/5196"}],"wp:attachment":[{"href":"https:\/\/statorials.org\/pt\/wp-json\/wp\/v2\/media?parent=5147"}],"curies":[{"name":"wp","href":"https:\/\/api.w.org\/{rel}","templated":true}]}}