{"id":5148,"date":"2023-10-09T10:27:36","date_gmt":"2023-10-09T10:27:36","guid":{"rendered":"https:\/\/statorials.org\/pt\/contato\/"},"modified":"2023-10-09T12:59:46","modified_gmt":"2023-10-09T12:59:46","slug":"contato","status":"publish","type":"page","link":"https:\/\/statorials.org\/pt\/contato\/","title":{"rendered":"Contato"},"content":{"rendered":"<p>Estamos sempre felizes em ouvir nossos leitores e estamos aqui para ajud\u00e1-lo com qualquer d\u00favida, sugest\u00e3o ou coment\u00e1rio que voc\u00ea possa ter. N\u00e3o hesite em nos contatar atrav\u00e9s dos dados de contato abaixo:<\/p>\n<p><strong>Informa\u00e7\u00f5es gerais:<\/strong><br \/>\nPara d\u00favidas gerais sobre o conte\u00fado publicado aqui, preencha o formul\u00e1rio abaixo. Faremos o nosso melhor para responder \u00e0 sua mensagem dentro de 24 a 48 horas.<\/p>\n<p><strong>Solicita\u00e7\u00f5es de tutoriais:<\/strong><br \/>\nSe voc\u00ea tiver um t\u00f3pico espec\u00edfico de estat\u00edstica que gostaria que abord\u00e1ssemos em nossos tutoriais ou se houver um conceito que voc\u00ea est\u00e1 lutando para entender, entre em contato conosco atrav\u00e9s do seguinte formul\u00e1rio. Agradecemos sua contribui\u00e7\u00e3o e consideraremos suas sugest\u00f5es para futuros t\u00f3picos de tutoriais.<\/p>\n<p><strong>Relatar problemas:<\/strong><br \/>\nSe voc\u00ea encontrar problemas t\u00e9cnicos ao navegar em nosso site ou notar erros em nossos tutoriais, informe-nos preenchendo o formul\u00e1rio abaixo. Agradecemos sua ajuda para melhorar nossa experi\u00eancia de usu\u00e1rio e garantir a precis\u00e3o de nosso conte\u00fado.<\/p>\n<p><iframe loading=\"lazy\" src=\"https:\/\/docs.google.com\/forms\/d\/e\/1FAIpQLScF6_gze-CD_0bg9ssQ6VJr82w2pYLBIHr-__eTB2CnuRF-tQ\/viewform?embedded=true\" width=\"640\" height=\"791\" frameborder=\"0\" marginwidth=\"0\" marginheight=\"0\">Loading\u2026<\/iframe><\/p>\n","protected":false},"excerpt":{"rendered":"<p>Estamos sempre felizes em ouvir nossos leitores e estamos aqui para ajud\u00e1-lo com qualquer d\u00favida, sugest\u00e3o ou coment\u00e1rio que voc\u00ea possa ter. N\u00e3o hesite em nos contatar atrav\u00e9s dos dados de contato abaixo: Informa\u00e7\u00f5es gerais: Para d\u00favidas gerais sobre o conte\u00fado publicado aqui, preencha o formul\u00e1rio abaixo. Faremos o nosso melhor para responder \u00e0 sua [&hellip;]<\/p>\n","protected":false},"author":1,"featured_media":0,"parent":0,"menu_order":0,"comment_status":"closed","ping_status":"closed","template":"","meta":{"footnotes":""},"class_list":["post-5148","page","type-page","status-publish","hentry"],"yoast_head":"<!-- This site is optimized with the Yoast SEO plugin v21.5 - https:\/\/yoast.com\/wordpress\/plugins\/seo\/ -->\n<title>Contato - Statorials<\/title>\n<meta name=\"description\" content=\"Estamos sempre felizes em ouvir nossos leitores e estamos aqui para ajudar com qualquer d\u00favida, sugest\u00e3o ou curtida\" \/>\n<meta name=\"robots\" content=\"index, follow, max-snippet:-1, max-image-preview:large, max-video-preview:-1\" \/>\n<link rel=\"canonical\" href=\"https:\/\/statorials.org\/pt\/contato\/\" \/>\n<meta property=\"og:locale\" content=\"pt_PT\" \/>\n<meta property=\"og:type\" content=\"article\" \/>\n<meta property=\"og:title\" content=\"Contato - Statorials\" \/>\n<meta property=\"og:description\" content=\"Estamos sempre felizes em ouvir nossos leitores e estamos aqui para ajudar com qualquer d\u00favida, sugest\u00e3o ou curtida\" \/>\n<meta property=\"og:url\" content=\"https:\/\/statorials.org\/pt\/contato\/\" \/>\n<meta property=\"og:site_name\" content=\"Statorials\" \/>\n<meta property=\"article:modified_time\" content=\"2023-10-09T12:59:46+00:00\" \/>\n<meta name=\"twitter:card\" content=\"summary_large_image\" \/>\n<meta name=\"twitter:label1\" content=\"Tempo estimado de leitura\" \/>\n\t<meta name=\"twitter:data1\" content=\"1 minuto\" \/>\n<script type=\"application\/ld+json\" class=\"yoast-schema-graph\">{\"@context\":\"https:\/\/schema.org\",\"@graph\":[{\"@type\":\"WebPage\",\"@id\":\"https:\/\/statorials.org\/pt\/contato\/\",\"url\":\"https:\/\/statorials.org\/pt\/contato\/\",\"name\":\"Contato - Statorials\",\"isPartOf\":{\"@id\":\"https:\/\/statorials.org\/pt\/#website\"},\"datePublished\":\"2023-10-09T10:27:36+00:00\",\"dateModified\":\"2023-10-09T12:59:46+00:00\",\"description\":\"Estamos sempre felizes em ouvir nossos leitores e estamos aqui para ajudar com qualquer d\u00favida, sugest\u00e3o ou curtida\",\"breadcrumb\":{\"@id\":\"https:\/\/statorials.org\/pt\/contato\/#breadcrumb\"},\"inLanguage\":\"pt-PT\",\"potentialAction\":[{\"@type\":\"ReadAction\",\"target\":[\"https:\/\/statorials.org\/pt\/contato\/\"]}]},{\"@type\":\"BreadcrumbList\",\"@id\":\"https:\/\/statorials.org\/pt\/contato\/#breadcrumb\",\"itemListElement\":[{\"@type\":\"ListItem\",\"position\":1,\"name\":\"Lar\",\"item\":\"https:\/\/statorials.org\/pt\/\"},{\"@type\":\"ListItem\",\"position\":2,\"name\":\"Contato\"}]},{\"@type\":\"WebSite\",\"@id\":\"https:\/\/statorials.org\/pt\/#website\",\"url\":\"https:\/\/statorials.org\/pt\/\",\"name\":\"Statorials\",\"description\":\"O seu guia para a literacia estat\u00edstica!\",\"potentialAction\":[{\"@type\":\"SearchAction\",\"target\":{\"@type\":\"EntryPoint\",\"urlTemplate\":\"https:\/\/statorials.org\/pt\/?s={search_term_string}\"},\"query-input\":\"required name=search_term_string\"}],\"inLanguage\":\"pt-PT\"}]}<\/script>\n<!-- \/ Yoast SEO plugin. -->","yoast_head_json":{"title":"Contato - Statorials","description":"Estamos sempre felizes em ouvir nossos leitores e estamos aqui para ajudar com qualquer d\u00favida, sugest\u00e3o ou curtida","robots":{"index":"index","follow":"follow","max-snippet":"max-snippet:-1","max-image-preview":"max-image-preview:large","max-video-preview":"max-video-preview:-1"},"canonical":"https:\/\/statorials.org\/pt\/contato\/","og_locale":"pt_PT","og_type":"article","og_title":"Contato - Statorials","og_description":"Estamos sempre felizes em ouvir nossos leitores e estamos aqui para ajudar com qualquer d\u00favida, sugest\u00e3o ou curtida","og_url":"https:\/\/statorials.org\/pt\/contato\/","og_site_name":"Statorials","article_modified_time":"2023-10-09T12:59:46+00:00","twitter_card":"summary_large_image","twitter_misc":{"Tempo estimado de leitura":"1 minuto"},"schema":{"@context":"https:\/\/schema.org","@graph":[{"@type":"WebPage","@id":"https:\/\/statorials.org\/pt\/contato\/","url":"https:\/\/statorials.org\/pt\/contato\/","name":"Contato - Statorials","isPartOf":{"@id":"https:\/\/statorials.org\/pt\/#website"},"datePublished":"2023-10-09T10:27:36+00:00","dateModified":"2023-10-09T12:59:46+00:00","description":"Estamos sempre felizes em ouvir nossos leitores e estamos aqui para ajudar com qualquer d\u00favida, sugest\u00e3o ou curtida","breadcrumb":{"@id":"https:\/\/statorials.org\/pt\/contato\/#breadcrumb"},"inLanguage":"pt-PT","potentialAction":[{"@type":"ReadAction","target":["https:\/\/statorials.org\/pt\/contato\/"]}]},{"@type":"BreadcrumbList","@id":"https:\/\/statorials.org\/pt\/contato\/#breadcrumb","itemListElement":[{"@type":"ListItem","position":1,"name":"Lar","item":"https:\/\/statorials.org\/pt\/"},{"@type":"ListItem","position":2,"name":"Contato"}]},{"@type":"WebSite","@id":"https:\/\/statorials.org\/pt\/#website","url":"https:\/\/statorials.org\/pt\/","name":"Statorials","description":"O seu guia para a literacia estat\u00edstica!","potentialAction":[{"@type":"SearchAction","target":{"@type":"EntryPoint","urlTemplate":"https:\/\/statorials.org\/pt\/?s={search_term_string}"},"query-input":"required name=search_term_string"}],"inLanguage":"pt-PT"}]}},"yoast_meta":{"yoast_wpseo_title":"","yoast_wpseo_metadesc":"","yoast_wpseo_canonical":""},"_links":{"self":[{"href":"https:\/\/statorials.org\/pt\/wp-json\/wp\/v2\/pages\/5148","targetHints":{"allow":["GET"]}}],"collection":[{"href":"https:\/\/statorials.org\/pt\/wp-json\/wp\/v2\/pages"}],"about":[{"href":"https:\/\/statorials.org\/pt\/wp-json\/wp\/v2\/types\/page"}],"author":[{"embeddable":true,"href":"https:\/\/statorials.org\/pt\/wp-json\/wp\/v2\/users\/1"}],"replies":[{"embeddable":true,"href":"https:\/\/statorials.org\/pt\/wp-json\/wp\/v2\/comments?post=5148"}],"version-history":[{"count":2,"href":"https:\/\/statorials.org\/pt\/wp-json\/wp\/v2\/pages\/5148\/revisions"}],"predecessor-version":[{"id":5159,"href":"https:\/\/statorials.org\/pt\/wp-json\/wp\/v2\/pages\/5148\/revisions\/5159"}],"wp:attachment":[{"href":"https:\/\/statorials.org\/pt\/wp-json\/wp\/v2\/media?parent=5148"}],"curies":[{"name":"wp","href":"https:\/\/api.w.org\/{rel}","templated":true}]}}