{"id":5149,"date":"2023-10-09T02:00:07","date_gmt":"2023-10-09T02:00:07","guid":{"rendered":"https:\/\/statorials.org\/pt\/estatologia-explica-conceitos-de-forma-simples-e-direta-facilitamos-o-aprendizado-de-estatistica\/"},"modified":"2023-10-09T13:11:28","modified_gmt":"2023-10-09T13:11:28","slug":"estatologia-explica-conceitos-de-forma-simples-e-direta-facilitamos-o-aprendizado-de-estatistica","status":"publish","type":"page","link":"https:\/\/statorials.org\/pt\/","title":{"rendered":"Statorials &#8211; O seu guia para a literacia estat\u00edstica!"},"content":{"rendered":"<p><span style=\"color: #000000;\">Aprender estat\u00edsticas pode ser dif\u00edcil. Pode ser frustrante. E mais do que tudo, pode ser confuso. <strong>\u00c9 por isso que estamos aqui para ajud\u00e1-lo.<\/strong><\/span><\/p>\n<p><span style=\"color: #000000;\">Statorials \u00e9 um site que facilita o aprendizado de estat\u00edstica, explicando t\u00f3picos de maneira simples e direta.<\/span> <span style=\"color: #000000;\">Descubra voc\u00ea mesmo lendo nossos recursos:<\/span><\/p>\n<h3><strong><span style=\"color: #000000;\">Tutoriais de estat\u00edstica<\/span><\/strong><\/h3>\n<p><span style=\"color: #000000;\">Aprenda tudo sobre estat\u00edsticas do zero lendo nossos <a href=\"https:\/\/statorials.org\/pt\/tutoriais\/\">tutoriais de estat\u00edstica<\/a> .<\/span><\/p>\n<h3><span style=\"color: #000000;\"><strong>Tutoriais de aprendizado de m\u00e1quina<\/strong><\/span><\/h3>\n<p><span style=\"color: #000000;\">Aprenda os fundamentos do aprendizado de m\u00e1quina com nossos tutoriais de aprendizado de m\u00e1quina.<\/span><\/p>\n<h3><span style=\"color: #000000;\"><strong>Calculadoras on-line<\/strong><\/span><\/h3>\n<p><span style=\"color: #000000;\">Encontre valores p, valores cr\u00edticos e muito mais usando nossas <a href=\"https:\/\/statorials.org\/pt\/calculadoras\/\">calculadoras estat\u00edsticas online<\/a> .<\/span><\/p>\n<h3><strong><span style=\"color: #000000;\">Distribui\u00e7\u00e3o de tabela<\/span><\/strong><\/h3>\n<p><span style=\"color: #000000;\">Encontre valores cr\u00edticos e valores p para v\u00e1rias distribui\u00e7\u00f5es usando nossas <a href=\"https:\/\/statorials.org\/pt\/as-mesas\/\">tabelas de distribui\u00e7\u00e3o<\/a> .<\/span><\/p>\n<h3><strong>Guias do Excel<\/strong><\/h3>\n<p><span style=\"color: #000000;\">Aprenda como realizar testes e fun\u00e7\u00f5es estat\u00edsticas no Excel usando nossos <a href=\"https:\/\/statorials.org\/pt\/guias-do-excel\/\">guias do Excel<\/a> .<\/span><\/p>\n<h3><strong>Guias R<\/strong><\/h3>\n<p><span style=\"color: #000000;\">Aprenda como realizar testes estat\u00edsticos em R usando nossos <a href=\"https:\/\/statorials.org\/pt\/guias\/\">guias R.<\/a><\/span><\/p>\n<h3><span style=\"color: #000000;\"><strong>Guias Python<\/strong><\/span><\/h3>\n<p><span style=\"color: #000000;\">Aprenda como realizar testes estat\u00edsticos em Python usando nossos <a href=\"https:\/\/statorials.org\/pt\/guias-python\/\" rel=\"noopener noreferrer\">guias Python<\/a> .<\/span><\/p>\n<h3><span style=\"color: #000000;\"><strong>Guias do Planilhas Google<\/strong><\/span><\/h3>\n<p><span style=\"color: #000000;\">Aprenda como realizar testes estat\u00edsticos no Planilhas Google usando nossos <a href=\"https:\/\/statorials.org\/pt\/guias-do-planilhas-google\/\" rel=\"noopener noreferrer\">guias do Planilhas Google<\/a> .<\/span><\/p>\n<h3><strong>Guias SPSS<\/strong><\/h3>\n<p><span style=\"color: #000000;\">Aprenda como criar gr\u00e1ficos e realizar testes estat\u00edsticos no SPSS usando nossos <a href=\"https:\/\/statorials.org\/pt\/guias-spss\/\">guias SPSS<\/a> .<\/span><\/p>\n<h3><strong>Guias de estat\u00edsticas<\/strong><\/h3>\n<p><span style=\"color: #000000;\">Aprenda como criar gr\u00e1ficos e realizar testes estat\u00edsticos no Stata usando nossos <a href=\"https:\/\/statorials.org\/pt\/guias-de-estatisticas\/\" rel=\"noopener\">guias do Stata<\/a> .<\/span><\/p>\n<h3><strong>Guia TI-84<\/strong><\/h3>\n<p><span style=\"color: #000000;\">Aprenda como realizar testes estat\u00edsticos em uma calculadora TI-84 usando nossos <a href=\"https:\/\/statorials.org\/pt\/guias-ti-84\/\">guias TI-84<\/a> .<\/span><\/p>\n","protected":false},"excerpt":{"rendered":"<p>Aprender estat\u00edsticas pode ser dif\u00edcil. Pode ser frustrante. E mais do que tudo, pode ser confuso. \u00c9 por isso que estamos aqui para ajud\u00e1-lo. Statorials \u00e9 um site que facilita o aprendizado de estat\u00edstica, explicando t\u00f3picos de maneira simples e direta. Descubra voc\u00ea mesmo lendo nossos recursos: Tutoriais de estat\u00edstica Aprenda tudo sobre estat\u00edsticas do [&hellip;]<\/p>\n","protected":false},"author":1,"featured_media":0,"parent":0,"menu_order":0,"comment_status":"closed","ping_status":"closed","template":"","meta":{"footnotes":""},"class_list":["post-5149","page","type-page","status-publish","hentry"],"yoast_head":"<!-- This site is optimized with the Yoast SEO plugin v21.5 - https:\/\/yoast.com\/wordpress\/plugins\/seo\/ -->\n<title>Bem-vindo \u00e0 Estatologia<\/title>\n<meta name=\"description\" content=\"Statology \u00e9 um site que facilita o aprendizado de estat\u00edstica, explicando conceitos de maneira simples e direta.\" \/>\n<meta name=\"robots\" content=\"index, follow, max-snippet:-1, max-image-preview:large, max-video-preview:-1\" \/>\n<link rel=\"canonical\" href=\"https:\/\/statorials.org\/pt\/\" \/>\n<meta property=\"og:locale\" content=\"pt_PT\" \/>\n<meta property=\"og:type\" content=\"article\" \/>\n<meta property=\"og:title\" content=\"Bem-vindo \u00e0 Estatologia\" \/>\n<meta property=\"og:description\" content=\"Statology \u00e9 um site que facilita o aprendizado de estat\u00edstica, explicando conceitos de maneira simples e direta.\" \/>\n<meta property=\"og:url\" content=\"https:\/\/statorials.org\/pt\/\" \/>\n<meta property=\"og:site_name\" content=\"Statorials\" \/>\n<meta property=\"article:modified_time\" content=\"2023-10-09T13:11:28+00:00\" \/>\n<meta name=\"twitter:card\" content=\"summary_large_image\" \/>\n<meta name=\"twitter:label1\" content=\"Tempo estimado de leitura\" \/>\n\t<meta name=\"twitter:data1\" content=\"1 minuto\" \/>\n<script type=\"application\/ld+json\" class=\"yoast-schema-graph\">{\"@context\":\"https:\/\/schema.org\",\"@graph\":[{\"@type\":\"WebPage\",\"@id\":\"https:\/\/statorials.org\/pt\/\",\"url\":\"https:\/\/statorials.org\/pt\/\",\"name\":\"Bem-vindo \u00e0 Estatologia\",\"isPartOf\":{\"@id\":\"https:\/\/statorials.org\/pt\/#website\"},\"datePublished\":\"2023-10-09T02:00:07+00:00\",\"dateModified\":\"2023-10-09T13:11:28+00:00\",\"description\":\"Statology \u00e9 um site que facilita o aprendizado de estat\u00edstica, explicando conceitos de maneira simples e direta.\",\"breadcrumb\":{\"@id\":\"https:\/\/statorials.org\/pt\/#breadcrumb\"},\"inLanguage\":\"pt-PT\",\"potentialAction\":[{\"@type\":\"ReadAction\",\"target\":[\"https:\/\/statorials.org\/pt\/\"]}]},{\"@type\":\"BreadcrumbList\",\"@id\":\"https:\/\/statorials.org\/pt\/#breadcrumb\",\"itemListElement\":[{\"@type\":\"ListItem\",\"position\":1,\"name\":\"Lar\",\"item\":\"https:\/\/statorials.org\/pt\/\"},{\"@type\":\"ListItem\",\"position\":2,\"name\":\"Statorials &#8211; O seu guia para a literacia estat\u00edstica!\"}]},{\"@type\":\"WebSite\",\"@id\":\"https:\/\/statorials.org\/pt\/#website\",\"url\":\"https:\/\/statorials.org\/pt\/\",\"name\":\"Statorials\",\"description\":\"O seu guia para a literacia estat\u00edstica!\",\"potentialAction\":[{\"@type\":\"SearchAction\",\"target\":{\"@type\":\"EntryPoint\",\"urlTemplate\":\"https:\/\/statorials.org\/pt\/?s={search_term_string}\"},\"query-input\":\"required name=search_term_string\"}],\"inLanguage\":\"pt-PT\"}]}<\/script>\n<!-- \/ Yoast SEO plugin. -->","yoast_head_json":{"title":"Bem-vindo \u00e0 Estatologia","description":"Statology \u00e9 um site que facilita o aprendizado de estat\u00edstica, explicando conceitos de maneira simples e direta.","robots":{"index":"index","follow":"follow","max-snippet":"max-snippet:-1","max-image-preview":"max-image-preview:large","max-video-preview":"max-video-preview:-1"},"canonical":"https:\/\/statorials.org\/pt\/","og_locale":"pt_PT","og_type":"article","og_title":"Bem-vindo \u00e0 Estatologia","og_description":"Statology \u00e9 um site que facilita o aprendizado de estat\u00edstica, explicando conceitos de maneira simples e direta.","og_url":"https:\/\/statorials.org\/pt\/","og_site_name":"Statorials","article_modified_time":"2023-10-09T13:11:28+00:00","twitter_card":"summary_large_image","twitter_misc":{"Tempo estimado de leitura":"1 minuto"},"schema":{"@context":"https:\/\/schema.org","@graph":[{"@type":"WebPage","@id":"https:\/\/statorials.org\/pt\/","url":"https:\/\/statorials.org\/pt\/","name":"Bem-vindo \u00e0 Estatologia","isPartOf":{"@id":"https:\/\/statorials.org\/pt\/#website"},"datePublished":"2023-10-09T02:00:07+00:00","dateModified":"2023-10-09T13:11:28+00:00","description":"Statology \u00e9 um site que facilita o aprendizado de estat\u00edstica, explicando conceitos de maneira simples e direta.","breadcrumb":{"@id":"https:\/\/statorials.org\/pt\/#breadcrumb"},"inLanguage":"pt-PT","potentialAction":[{"@type":"ReadAction","target":["https:\/\/statorials.org\/pt\/"]}]},{"@type":"BreadcrumbList","@id":"https:\/\/statorials.org\/pt\/#breadcrumb","itemListElement":[{"@type":"ListItem","position":1,"name":"Lar","item":"https:\/\/statorials.org\/pt\/"},{"@type":"ListItem","position":2,"name":"Statorials &#8211; O seu guia para a literacia estat\u00edstica!"}]},{"@type":"WebSite","@id":"https:\/\/statorials.org\/pt\/#website","url":"https:\/\/statorials.org\/pt\/","name":"Statorials","description":"O seu guia para a literacia estat\u00edstica!","potentialAction":[{"@type":"SearchAction","target":{"@type":"EntryPoint","urlTemplate":"https:\/\/statorials.org\/pt\/?s={search_term_string}"},"query-input":"required name=search_term_string"}],"inLanguage":"pt-PT"}]}},"yoast_meta":{"yoast_wpseo_title":"","yoast_wpseo_metadesc":"","yoast_wpseo_canonical":""},"_links":{"self":[{"href":"https:\/\/statorials.org\/pt\/wp-json\/wp\/v2\/pages\/5149","targetHints":{"allow":["GET"]}}],"collection":[{"href":"https:\/\/statorials.org\/pt\/wp-json\/wp\/v2\/pages"}],"about":[{"href":"https:\/\/statorials.org\/pt\/wp-json\/wp\/v2\/types\/page"}],"author":[{"embeddable":true,"href":"https:\/\/statorials.org\/pt\/wp-json\/wp\/v2\/users\/1"}],"replies":[{"embeddable":true,"href":"https:\/\/statorials.org\/pt\/wp-json\/wp\/v2\/comments?post=5149"}],"version-history":[{"count":3,"href":"https:\/\/statorials.org\/pt\/wp-json\/wp\/v2\/pages\/5149\/revisions"}],"predecessor-version":[{"id":5165,"href":"https:\/\/statorials.org\/pt\/wp-json\/wp\/v2\/pages\/5149\/revisions\/5165"}],"wp:attachment":[{"href":"https:\/\/statorials.org\/pt\/wp-json\/wp\/v2\/media?parent=5149"}],"curies":[{"name":"wp","href":"https:\/\/api.w.org\/{rel}","templated":true}]}}