{"id":5151,"date":"2023-07-12T15:10:31","date_gmt":"2023-07-12T15:10:31","guid":{"rendered":"https:\/\/statorials.org\/pt\/guias-de-estatisticas\/"},"modified":"2023-07-12T15:10:31","modified_gmt":"2023-07-12T15:10:31","slug":"guias-de-estatisticas","status":"publish","type":"page","link":"https:\/\/statorials.org\/pt\/guias-de-estatisticas\/","title":{"rendered":"Guias de estat\u00edsticas"},"content":{"rendered":"<p><span style=\"color: #000000;\">Esta p\u00e1gina lista todos os tutoriais Stata dispon\u00edveis em Estatologia.<\/span><\/p>\n<p> <strong><span style=\"color: #000000;\">Correla\u00e7\u00f5es<br \/><\/span><\/strong> <strong><a href=\"https:\/\/statorials.org\/pt\/matriz-de-correlacao-estatistica\/\">Como criar uma matriz de correla\u00e7\u00e3o no Stata<\/a><br \/> <a href=\"https:\/\/statorials.org\/pt\/correlacoes-estatisticas\/\">Correla\u00e7\u00f5es no Stata: Pearson, Spearman e Kendall<\/a><\/strong><\/p>\n<p> <strong><span style=\"color: #000000;\">Visualiza\u00e7\u00f5es<\/span><br \/> <a href=\"https:\/\/statorials.org\/pt\/estatisticas-de-grafico-de-caule-e-folha\/\">Como criar um gr\u00e1fico de caule e folha no Stata<\/a><br \/> <a href=\"https:\/\/statorials.org\/pt\/estatisticas-de-graficos-de-caixa\/\">Como criar e editar gr\u00e1ficos de caixa no Stata<\/a><br \/> <a href=\"https:\/\/statorials.org\/pt\/nuvens-de-pontos-de-estatisticas\/\">Como criar e editar gr\u00e1ficos de dispers\u00e3o no Stata<\/a><br \/> <a href=\"https:\/\/statorials.org\/pt\/histogramas-estatisticos\/\">Como criar e editar histogramas no Stata<\/a><br \/> <a href=\"https:\/\/statorials.org\/pt\/graficos-de-pizza-de-estatisticas\/\">Como criar e editar gr\u00e1ficos de pizza no Stata<\/a><br \/><\/strong><\/p>\n<p> <span style=\"color: #000000;\"><strong>Testando hip\u00f3teses<\/strong><\/span><br \/> <strong><a href=\"https:\/\/statorials.org\/pt\/uma-amostra-de-estatisticas-de-teste-t\/\">Como realizar um teste t de uma amostra no Stata<\/a><br \/> <a href=\"https:\/\/statorials.org\/pt\/estatisticas-de-teste-t-de-duas-amostras\/\">Como realizar um teste t de duas amostras no Stata<\/a><br \/> <a href=\"https:\/\/statorials.org\/pt\/estatisticas-do-teste-t-de-welchs\/\">Como realizar o teste t de Welch no Stata<\/a><br \/> <a href=\"https:\/\/statorials.org\/pt\/mann-whitney-voce-testa-estatisticas\/\">Como realizar um teste U de Mann-Whitney no Stata<\/a><br \/> Como realizar um teste t pareado no Stata<br \/> <a href=\"https:\/\/statorials.org\/pt\/estatisticas-de-teste-de-classificacao-de-sinal-de-wilcoxon\/\">Como realizar um teste de classifica\u00e7\u00e3o sinalizada de Wilcoxon no Stata<\/a><br \/> <a href=\"https:\/\/statorials.org\/pt\/teste-estatistico-de-levenes\/\">Como realizar o teste Levene no Stata<\/a><br \/> <a href=\"https:\/\/statorials.org\/pt\/estatistica-de-teste-de-normalidade\/\">Como testar a normalidade no Stata<\/a><br \/><\/strong><\/p>\n<p> <strong><span style=\"color: #000000;\">Regress\u00e3o<\/span><\/strong><br \/> <strong><a href=\"https:\/\/statorials.org\/pt\/estatistica-de-regressao-linear-simples\/\">Como realizar regress\u00e3o linear simples no Stata<\/a><br \/> <a href=\"https:\/\/statorials.org\/pt\/estatisticas-de-regressao-linear-multipla\/\">Como realizar regress\u00e3o linear m\u00faltipla no Stata<\/a><br \/> <a href=\"https:\/\/statorials.org\/pt\/estatisticas-de-regressao-quadratica\/\">Como realizar regress\u00e3o quadr\u00e1tica no Stata<\/a><br \/> <a href=\"https:\/\/statorials.org\/pt\/estatisticas-de-regressao-logistica\/\">Como realizar regress\u00e3o log\u00edstica no Stata<\/a><br \/> <a href=\"https:\/\/statorials.org\/pt\/estatisticas-de-regressao-quantilica\/\">Como realizar regress\u00e3o quant\u00edlica no Stata<\/a><br \/> <a href=\"https:\/\/statorials.org\/pt\/estatisticas-de-regressao-hierarquica\/\">Como realizar regress\u00e3o hier\u00e1rquica no Stata<\/a><br \/> <a href=\"https:\/\/statorials.org\/pt\/estatisticas-de-curva-de-rocha\/\">Como criar e interpretar uma curva ROC no Stata<\/a><br \/> <a href=\"https:\/\/statorials.org\/pt\/estatisticas-robustas-de-erro-padrao\/\">Como usar erros padr\u00e3o robustos em regress\u00e3o no Stata<\/a><br \/> <a href=\"https:\/\/statorials.org\/pt\/teste-de-estatistica-paga-de-breusch\/\">Como realizar um teste Breusch-Pagan no Stata<\/a><br \/> <a href=\"https:\/\/statorials.org\/pt\/valores-previstos-estatisticas-de-regressao-de-residuos\/\">Como obter valores previstos e res\u00edduos no Stata<\/a><br \/> <a href=\"https:\/\/statorials.org\/pt\/alguns-graficos-de-estatisticas\/\">Como criar e interpretar gr\u00e1ficos QQ no Stata<\/a><br \/> <a href=\"https:\/\/statorials.org\/pt\/estatisticas-de-multicolinearidade\/\">Como testar a multicolinearidade no Stata<\/a><br \/><\/strong><\/p>\n<p> <strong><span style=\"color: #000000;\">ANOVA<\/span><\/strong><br \/> <strong><a href=\"https:\/\/statorials.org\/pt\/uma-maneira-anova-estatistica\/\">Como realizar ANOVA unidirecional no Stata<\/a><br \/> <a href=\"https:\/\/statorials.org\/pt\/estatisticas-do-teste-kruskal-wallis\/\">Como realizar um teste de Kruskal-Wallis no Stata<\/a><\/strong><br \/> <strong><a href=\"https:\/\/statorials.org\/pt\/anova-estatistica-bidirecional\/\">Como realizar uma ANOVA bidirecional no Stata<\/a><\/strong><br \/> <strong><a href=\"https:\/\/statorials.org\/pt\/medicoes-repetidas-anova-stata\/\">Como realizar uma ANOVA de medidas repetidas no Stata<\/a><br \/> <a href=\"https:\/\/statorials.org\/pt\/estatistica-de-teste-de-friedman\/\">Como realizar o teste de Friedman no Stata<\/a><br \/> <a href=\"https:\/\/statorials.org\/pt\/estado-de-manova\/\">Como realizar uma MANOVA no Stata<\/a><br \/><\/strong><\/p>\n<p> <strong><span style=\"color: #000000;\">Testes qui-quadrado<\/span><\/strong><br \/> <strong><a href=\"https:\/\/statorials.org\/pt\/teste-estatistico-mcnemar\/\">Como realizar o teste de McNemar no Stata<\/a><br \/> <a href=\"https:\/\/statorials.org\/pt\/teste-estatistico-exato-dos-pescadores\/\">Como realizar o teste exato de Fisher no Stata<\/a><br \/> <a href=\"https:\/\/statorials.org\/pt\/qualidade-qui-quadrado-de-ajuste-de-estatisticas\/\">Como realizar um teste de qualidade de ajuste qui-quadrado no Stata<\/a><br \/> <a href=\"https:\/\/statorials.org\/pt\/teste-qui-quadrado-de-independencia-estatistica\/\">Como realizar um teste qui-quadrado de independ\u00eancia no Stata<\/a><br \/><\/strong><\/p>\n","protected":false},"excerpt":{"rendered":"<p>Esta p\u00e1gina lista todos os tutoriais Stata dispon\u00edveis em Estatologia. Correla\u00e7\u00f5es Como criar uma matriz de correla\u00e7\u00e3o no Stata Correla\u00e7\u00f5es no Stata: Pearson, Spearman e Kendall Visualiza\u00e7\u00f5es Como criar um gr\u00e1fico de caule e folha no Stata Como criar e editar gr\u00e1ficos de caixa no Stata Como criar e editar gr\u00e1ficos de dispers\u00e3o no Stata [&hellip;]<\/p>\n","protected":false},"author":1,"featured_media":0,"parent":0,"menu_order":0,"comment_status":"closed","ping_status":"closed","template":"","meta":{"footnotes":""},"class_list":["post-5151","page","type-page","status-publish","hentry"],"yoast_head":"<!-- This site is optimized with the Yoast SEO plugin v21.5 - https:\/\/yoast.com\/wordpress\/plugins\/seo\/ -->\n<title>Guias de estat\u00edsticas<\/title>\n<meta name=\"robots\" content=\"index, follow, max-snippet:-1, max-image-preview:large, max-video-preview:-1\" \/>\n<link rel=\"canonical\" href=\"https:\/\/statorials.org\/pt\/guias-de-estatisticas\/\" \/>\n<meta property=\"og:locale\" content=\"pt_PT\" \/>\n<meta property=\"og:type\" content=\"article\" \/>\n<meta property=\"og:title\" content=\"Guias de estat\u00edsticas\" \/>\n<meta property=\"og:description\" content=\"Esta p\u00e1gina lista todos os tutoriais Stata dispon\u00edveis em Estatologia. Correla\u00e7\u00f5es Como criar uma matriz de correla\u00e7\u00e3o no Stata Correla\u00e7\u00f5es no Stata: Pearson, Spearman e Kendall Visualiza\u00e7\u00f5es Como criar um gr\u00e1fico de caule e folha no Stata Como criar e editar gr\u00e1ficos de caixa no Stata Como criar e editar gr\u00e1ficos de dispers\u00e3o no Stata [&hellip;]\" \/>\n<meta property=\"og:url\" content=\"https:\/\/statorials.org\/pt\/guias-de-estatisticas\/\" \/>\n<meta property=\"og:site_name\" content=\"Statorials\" \/>\n<meta name=\"twitter:card\" content=\"summary_large_image\" \/>\n<meta name=\"twitter:label1\" content=\"Tempo estimado de leitura\" \/>\n\t<meta name=\"twitter:data1\" content=\"2 minutos\" \/>\n<script type=\"application\/ld+json\" class=\"yoast-schema-graph\">{\"@context\":\"https:\/\/schema.org\",\"@graph\":[{\"@type\":\"WebPage\",\"@id\":\"https:\/\/statorials.org\/pt\/guias-de-estatisticas\/\",\"url\":\"https:\/\/statorials.org\/pt\/guias-de-estatisticas\/\",\"name\":\"Guias de estat\u00edsticas\",\"isPartOf\":{\"@id\":\"https:\/\/statorials.org\/pt\/#website\"},\"datePublished\":\"2023-07-12T15:10:31+00:00\",\"dateModified\":\"2023-07-12T15:10:31+00:00\",\"breadcrumb\":{\"@id\":\"https:\/\/statorials.org\/pt\/guias-de-estatisticas\/#breadcrumb\"},\"inLanguage\":\"pt-PT\",\"potentialAction\":[{\"@type\":\"ReadAction\",\"target\":[\"https:\/\/statorials.org\/pt\/guias-de-estatisticas\/\"]}]},{\"@type\":\"BreadcrumbList\",\"@id\":\"https:\/\/statorials.org\/pt\/guias-de-estatisticas\/#breadcrumb\",\"itemListElement\":[{\"@type\":\"ListItem\",\"position\":1,\"name\":\"Lar\",\"item\":\"https:\/\/statorials.org\/pt\/\"},{\"@type\":\"ListItem\",\"position\":2,\"name\":\"Guias de estat\u00edsticas\"}]},{\"@type\":\"WebSite\",\"@id\":\"https:\/\/statorials.org\/pt\/#website\",\"url\":\"https:\/\/statorials.org\/pt\/\",\"name\":\"Statorials\",\"description\":\"O seu guia para a literacia estat\u00edstica!\",\"potentialAction\":[{\"@type\":\"SearchAction\",\"target\":{\"@type\":\"EntryPoint\",\"urlTemplate\":\"https:\/\/statorials.org\/pt\/?s={search_term_string}\"},\"query-input\":\"required name=search_term_string\"}],\"inLanguage\":\"pt-PT\"}]}<\/script>\n<!-- \/ Yoast SEO plugin. -->","yoast_head_json":{"title":"Guias de estat\u00edsticas","robots":{"index":"index","follow":"follow","max-snippet":"max-snippet:-1","max-image-preview":"max-image-preview:large","max-video-preview":"max-video-preview:-1"},"canonical":"https:\/\/statorials.org\/pt\/guias-de-estatisticas\/","og_locale":"pt_PT","og_type":"article","og_title":"Guias de estat\u00edsticas","og_description":"Esta p\u00e1gina lista todos os tutoriais Stata dispon\u00edveis em Estatologia. Correla\u00e7\u00f5es Como criar uma matriz de correla\u00e7\u00e3o no Stata Correla\u00e7\u00f5es no Stata: Pearson, Spearman e Kendall Visualiza\u00e7\u00f5es Como criar um gr\u00e1fico de caule e folha no Stata Como criar e editar gr\u00e1ficos de caixa no Stata Como criar e editar gr\u00e1ficos de dispers\u00e3o no Stata [&hellip;]","og_url":"https:\/\/statorials.org\/pt\/guias-de-estatisticas\/","og_site_name":"Statorials","twitter_card":"summary_large_image","twitter_misc":{"Tempo estimado de leitura":"2 minutos"},"schema":{"@context":"https:\/\/schema.org","@graph":[{"@type":"WebPage","@id":"https:\/\/statorials.org\/pt\/guias-de-estatisticas\/","url":"https:\/\/statorials.org\/pt\/guias-de-estatisticas\/","name":"Guias de estat\u00edsticas","isPartOf":{"@id":"https:\/\/statorials.org\/pt\/#website"},"datePublished":"2023-07-12T15:10:31+00:00","dateModified":"2023-07-12T15:10:31+00:00","breadcrumb":{"@id":"https:\/\/statorials.org\/pt\/guias-de-estatisticas\/#breadcrumb"},"inLanguage":"pt-PT","potentialAction":[{"@type":"ReadAction","target":["https:\/\/statorials.org\/pt\/guias-de-estatisticas\/"]}]},{"@type":"BreadcrumbList","@id":"https:\/\/statorials.org\/pt\/guias-de-estatisticas\/#breadcrumb","itemListElement":[{"@type":"ListItem","position":1,"name":"Lar","item":"https:\/\/statorials.org\/pt\/"},{"@type":"ListItem","position":2,"name":"Guias de estat\u00edsticas"}]},{"@type":"WebSite","@id":"https:\/\/statorials.org\/pt\/#website","url":"https:\/\/statorials.org\/pt\/","name":"Statorials","description":"O seu guia para a literacia estat\u00edstica!","potentialAction":[{"@type":"SearchAction","target":{"@type":"EntryPoint","urlTemplate":"https:\/\/statorials.org\/pt\/?s={search_term_string}"},"query-input":"required name=search_term_string"}],"inLanguage":"pt-PT"}]}},"yoast_meta":{"yoast_wpseo_title":"","yoast_wpseo_metadesc":"","yoast_wpseo_canonical":""},"_links":{"self":[{"href":"https:\/\/statorials.org\/pt\/wp-json\/wp\/v2\/pages\/5151","targetHints":{"allow":["GET"]}}],"collection":[{"href":"https:\/\/statorials.org\/pt\/wp-json\/wp\/v2\/pages"}],"about":[{"href":"https:\/\/statorials.org\/pt\/wp-json\/wp\/v2\/types\/page"}],"author":[{"embeddable":true,"href":"https:\/\/statorials.org\/pt\/wp-json\/wp\/v2\/users\/1"}],"replies":[{"embeddable":true,"href":"https:\/\/statorials.org\/pt\/wp-json\/wp\/v2\/comments?post=5151"}],"version-history":[{"count":0,"href":"https:\/\/statorials.org\/pt\/wp-json\/wp\/v2\/pages\/5151\/revisions"}],"wp:attachment":[{"href":"https:\/\/statorials.org\/pt\/wp-json\/wp\/v2\/media?parent=5151"}],"curies":[{"name":"wp","href":"https:\/\/api.w.org\/{rel}","templated":true}]}}