{"id":5152,"date":"2023-07-12T14:01:08","date_gmt":"2023-07-12T14:01:08","guid":{"rendered":"https:\/\/statorials.org\/pt\/guias-ti-84\/"},"modified":"2023-07-12T14:01:08","modified_gmt":"2023-07-12T14:01:08","slug":"guias-ti-84","status":"publish","type":"page","link":"https:\/\/statorials.org\/pt\/guias-ti-84\/","title":{"rendered":"Guia ti-84"},"content":{"rendered":"<p><span style=\"color: #000000;\">Esta p\u00e1gina lista todos os tutoriais da calculadora TI-84 dispon\u00edveis em Statorials.<\/span><\/p>\n<p> <span style=\"color: #000000;\"><strong>Estat\u00edsticas descritivas<\/strong><\/span><br \/> <strong><a href=\"https:\/\/statorials.org\/pt\/curriculo-de-cinco-numeros-ti-84\/\">Como encontrar um resumo de cinco d\u00edgitos em uma calculadora TI-84<\/a><br \/> <a href=\"https:\/\/statorials.org\/pt\/intervalo-interquartil-ti-84\/\">Como encontrar o intervalo interquartil em uma calculadora TI-84<\/a><br \/> <a href=\"https:\/\/statorials.org\/pt\/coeficiente-de-variacao-ti-84\/\">Como encontrar o coeficiente de varia\u00e7\u00e3o em uma calculadora TI-84<\/a><br \/> <a href=\"https:\/\/statorials.org\/pt\/variancia-amostral-ti-84\/\">Como encontrar a varia\u00e7\u00e3o de uma amostra em uma calculadora TI-84<\/a><br \/> <a href=\"https:\/\/statorials.org\/pt\/produto-escalar-ti-84\/\">Como calcular um produto escalar em uma calculadora TI-84<\/a><br \/> <a href=\"https:\/\/statorials.org\/pt\/frequencia-relativa-ti-84\/\">Como calcular a frequ\u00eancia relativa em uma calculadora TI-84<\/a><br \/> <a href=\"https:\/\/statorials.org\/pt\/desvio-medio-absoluto-ti-84\/\">Como encontrar o desvio m\u00e9dio absoluto em uma calculadora TI-84<\/a><br \/><\/strong><\/p>\n<p> <span style=\"color: #000000;\"><strong>Distribui\u00e7\u00f5es de probabilidade<\/strong><\/span><br \/> <strong><a href=\"https:\/\/statorials.org\/pt\/calculadora-de-probabilidades-normais-ti-84\/\">Como calcular probabilidades normais em uma calculadora TI-84<\/a><br \/> <a href=\"https:\/\/statorials.org\/pt\/calculadora-de-probabilidades-binomiais-ti-84\/\">Como calcular probabilidades binomiais em uma calculadora TI-84<\/a><br \/> <a href=\"https:\/\/statorials.org\/pt\/calculadora-de-probabilidades-de-peixe-ti-84\/\">Como calcular probabilidades de Poisson em uma calculadora TI-84<\/a><br \/> <a href=\"https:\/\/statorials.org\/pt\/geometpdf-geometcdf-ti-84\/\">Como usar geometpdf() e geometcdf() em uma calculadora TI-84<\/a><br \/> <a href=\"https:\/\/statorials.org\/pt\/calculadora-de-pontuacao-z-ti-84\/\">Como calcular pontua\u00e7\u00f5es Z em uma calculadora TI-84<\/a><br \/> <a href=\"https:\/\/statorials.org\/pt\/percentil-de-pontuacao-z-ti-84\/\">Como encontrar percentis de pontua\u00e7\u00f5es Z em uma calculadora TI-84<\/a><br \/> <a href=\"https:\/\/statorials.org\/pt\/como-encontrar-o-valor-critico-t-em-uma-calculadora-ti-84\/\">Como encontrar o valor cr\u00edtico T em uma calculadora TI-84<\/a><br \/> <a href=\"https:\/\/statorials.org\/pt\/calculadora-de-valor-critico-z-ti-84\/\">Como encontrar o valor cr\u00edtico de Z em uma calculadora TI-84<\/a><br \/> <a href=\"https:\/\/statorials.org\/pt\/teorema-do-limite-central-ti-84\/\">Como aplicar o teorema do limite central na calculadora TI-84<\/a><br \/> <a href=\"https:\/\/statorials.org\/pt\/valor-esperado-ti-84\/\">Como encontrar o valor esperado de uma distribui\u00e7\u00e3o de probabilidade em uma calculadora TI-84<\/a><br \/><\/strong><\/p>\n<p> <span style=\"color: #000000;\"><strong>Testando hip\u00f3teses<\/strong><\/span><br \/> <strong><a href=\"https:\/\/statorials.org\/pt\/uma-amostra-de-teste-t-calculadora-ti-84\/\">Como realizar um teste t de uma amostra em uma calculadora TI-84<\/a><br \/> <a href=\"https:\/\/statorials.org\/pt\/duas-amostras-teste-t-calculadora-ti-84\/\">Como realizar um teste t de duas amostras em uma calculadora TI-84<\/a><br \/> Como realizar um teste T pareado em uma calculadora TI-84<\/strong><\/p>\n<p> <span style=\"color: #000000;\"><strong>Intervalos de confian\u00e7a<\/strong><\/span><br \/> <strong><a href=\"https:\/\/statorials.org\/pt\/calculadora-de-intervalos-de-confianca-ti-84\/\">Como calcular intervalos de confian\u00e7a em uma calculadora TI-84<\/a><br \/> <a href=\"https:\/\/statorials.org\/pt\/margem-de-erro-ti-84\/\">Como encontrar a margem de erro em uma calculadora TI-84<\/a><br \/><\/strong><\/p>\n<p> <span style=\"color: #000000;\"><strong>Regress\u00e3o<\/strong><\/span><br \/> <strong><a href=\"https:\/\/statorials.org\/pt\/calculadora-de-coeficiente-de-correlacao-ti-84\/\">Como calcular um coeficiente de correla\u00e7\u00e3o em uma calculadora TI-84<\/a><br \/> <a href=\"https:\/\/statorials.org\/pt\/calculadora-de-regressao-linear-ti-84\/\">Como realizar a regress\u00e3o linear em uma calculadora TI-84<\/a><br \/> <a href=\"https:\/\/statorials.org\/pt\/linha-ti-84-best-fit\/\">Como encontrar e tra\u00e7ar a linha de melhor ajuste na calculadora TI-84<\/a><br \/> <a href=\"https:\/\/statorials.org\/pt\/calculadora-de-regressao-quadratica-ti-84\/\">Como realizar a regress\u00e3o quadr\u00e1tica em uma calculadora TI-84<\/a><br \/> <a href=\"https:\/\/statorials.org\/pt\/regressao-exponencial-ti-84\/\">Como realizar a regress\u00e3o exponencial em uma calculadora TI-84<\/a><br \/> <a href=\"https:\/\/statorials.org\/pt\/regressao-logaritmica-ti-84\/\">Como realizar a regress\u00e3o logar\u00edtmica em uma calculadora TI-84<\/a><br \/> <a href=\"https:\/\/statorials.org\/pt\/grafico-residual-ti-84\/\">Como criar um gr\u00e1fico residual em uma calculadora TI-84<\/a><br \/><\/strong><\/p>\n<p> <span style=\"color: #000000;\"><strong>ANOVA<\/strong><\/span><br \/> <strong><a href=\"https:\/\/statorials.org\/pt\/calculadora-anova-ti-84\/\">Como realizar ANOVA unidirecional em uma calculadora TI-84<\/a><br \/><\/strong><\/p>\n<p> <span style=\"color: #000000;\"><strong>Testes qui-quadrado<\/strong><\/span><br \/> <strong><a href=\"https:\/\/statorials.org\/pt\/calculadora-de-qualidade-de-ajuste-de-qui-quadrado-ti-84\/\">Teste de ajuste qui-quadrado em uma calculadora TI-84<\/a><br \/> <a href=\"https:\/\/statorials.org\/pt\/teste-qui-quadrado-independencia-calculadora-ti-84\/\">Teste de independ\u00eancia qui-quadrado em uma calculadora TI-84<\/a><br \/><\/strong><\/p>\n","protected":false},"excerpt":{"rendered":"<p>Esta p\u00e1gina lista todos os tutoriais da calculadora TI-84 dispon\u00edveis em Statorials. Estat\u00edsticas descritivas Como encontrar um resumo de cinco d\u00edgitos em uma calculadora TI-84 Como encontrar o intervalo interquartil em uma calculadora TI-84 Como encontrar o coeficiente de varia\u00e7\u00e3o em uma calculadora TI-84 Como encontrar a varia\u00e7\u00e3o de uma amostra em uma calculadora TI-84 [&hellip;]<\/p>\n","protected":false},"author":1,"featured_media":0,"parent":0,"menu_order":0,"comment_status":"closed","ping_status":"closed","template":"","meta":{"footnotes":""},"class_list":["post-5152","page","type-page","status-publish","hentry"],"yoast_head":"<!-- This site is optimized with the Yoast SEO plugin v21.5 - https:\/\/yoast.com\/wordpress\/plugins\/seo\/ -->\n<title>Guia TI-84<\/title>\n<meta name=\"description\" content=\"Esta p\u00e1gina lista todos os tutoriais da calculadora TI-84 dispon\u00edveis em Statology.\" \/>\n<meta name=\"robots\" content=\"index, follow, max-snippet:-1, max-image-preview:large, max-video-preview:-1\" \/>\n<link rel=\"canonical\" href=\"https:\/\/statorials.org\/pt\/guias-ti-84\/\" \/>\n<meta property=\"og:locale\" content=\"pt_PT\" \/>\n<meta property=\"og:type\" content=\"article\" \/>\n<meta property=\"og:title\" content=\"Guia TI-84\" \/>\n<meta property=\"og:description\" content=\"Esta p\u00e1gina lista todos os tutoriais da calculadora TI-84 dispon\u00edveis em Statology.\" \/>\n<meta property=\"og:url\" content=\"https:\/\/statorials.org\/pt\/guias-ti-84\/\" \/>\n<meta property=\"og:site_name\" content=\"Statorials\" \/>\n<meta name=\"twitter:card\" content=\"summary_large_image\" \/>\n<meta name=\"twitter:label1\" content=\"Tempo estimado de leitura\" \/>\n\t<meta name=\"twitter:data1\" content=\"2 minutos\" \/>\n<script type=\"application\/ld+json\" class=\"yoast-schema-graph\">{\"@context\":\"https:\/\/schema.org\",\"@graph\":[{\"@type\":\"WebPage\",\"@id\":\"https:\/\/statorials.org\/pt\/guias-ti-84\/\",\"url\":\"https:\/\/statorials.org\/pt\/guias-ti-84\/\",\"name\":\"Guia TI-84\",\"isPartOf\":{\"@id\":\"https:\/\/statorials.org\/pt\/#website\"},\"datePublished\":\"2023-07-12T14:01:08+00:00\",\"dateModified\":\"2023-07-12T14:01:08+00:00\",\"description\":\"Esta p\u00e1gina lista todos os tutoriais da calculadora TI-84 dispon\u00edveis em Statology.\",\"breadcrumb\":{\"@id\":\"https:\/\/statorials.org\/pt\/guias-ti-84\/#breadcrumb\"},\"inLanguage\":\"pt-PT\",\"potentialAction\":[{\"@type\":\"ReadAction\",\"target\":[\"https:\/\/statorials.org\/pt\/guias-ti-84\/\"]}]},{\"@type\":\"BreadcrumbList\",\"@id\":\"https:\/\/statorials.org\/pt\/guias-ti-84\/#breadcrumb\",\"itemListElement\":[{\"@type\":\"ListItem\",\"position\":1,\"name\":\"Lar\",\"item\":\"https:\/\/statorials.org\/pt\/\"},{\"@type\":\"ListItem\",\"position\":2,\"name\":\"Guia ti-84\"}]},{\"@type\":\"WebSite\",\"@id\":\"https:\/\/statorials.org\/pt\/#website\",\"url\":\"https:\/\/statorials.org\/pt\/\",\"name\":\"Statorials\",\"description\":\"O seu guia para a literacia estat\u00edstica!\",\"potentialAction\":[{\"@type\":\"SearchAction\",\"target\":{\"@type\":\"EntryPoint\",\"urlTemplate\":\"https:\/\/statorials.org\/pt\/?s={search_term_string}\"},\"query-input\":\"required name=search_term_string\"}],\"inLanguage\":\"pt-PT\"}]}<\/script>\n<!-- \/ Yoast SEO plugin. -->","yoast_head_json":{"title":"Guia TI-84","description":"Esta p\u00e1gina lista todos os tutoriais da calculadora TI-84 dispon\u00edveis em Statology.","robots":{"index":"index","follow":"follow","max-snippet":"max-snippet:-1","max-image-preview":"max-image-preview:large","max-video-preview":"max-video-preview:-1"},"canonical":"https:\/\/statorials.org\/pt\/guias-ti-84\/","og_locale":"pt_PT","og_type":"article","og_title":"Guia TI-84","og_description":"Esta p\u00e1gina lista todos os tutoriais da calculadora TI-84 dispon\u00edveis em Statology.","og_url":"https:\/\/statorials.org\/pt\/guias-ti-84\/","og_site_name":"Statorials","twitter_card":"summary_large_image","twitter_misc":{"Tempo estimado de leitura":"2 minutos"},"schema":{"@context":"https:\/\/schema.org","@graph":[{"@type":"WebPage","@id":"https:\/\/statorials.org\/pt\/guias-ti-84\/","url":"https:\/\/statorials.org\/pt\/guias-ti-84\/","name":"Guia TI-84","isPartOf":{"@id":"https:\/\/statorials.org\/pt\/#website"},"datePublished":"2023-07-12T14:01:08+00:00","dateModified":"2023-07-12T14:01:08+00:00","description":"Esta p\u00e1gina lista todos os tutoriais da calculadora TI-84 dispon\u00edveis em Statology.","breadcrumb":{"@id":"https:\/\/statorials.org\/pt\/guias-ti-84\/#breadcrumb"},"inLanguage":"pt-PT","potentialAction":[{"@type":"ReadAction","target":["https:\/\/statorials.org\/pt\/guias-ti-84\/"]}]},{"@type":"BreadcrumbList","@id":"https:\/\/statorials.org\/pt\/guias-ti-84\/#breadcrumb","itemListElement":[{"@type":"ListItem","position":1,"name":"Lar","item":"https:\/\/statorials.org\/pt\/"},{"@type":"ListItem","position":2,"name":"Guia ti-84"}]},{"@type":"WebSite","@id":"https:\/\/statorials.org\/pt\/#website","url":"https:\/\/statorials.org\/pt\/","name":"Statorials","description":"O seu guia para a literacia estat\u00edstica!","potentialAction":[{"@type":"SearchAction","target":{"@type":"EntryPoint","urlTemplate":"https:\/\/statorials.org\/pt\/?s={search_term_string}"},"query-input":"required name=search_term_string"}],"inLanguage":"pt-PT"}]}},"yoast_meta":{"yoast_wpseo_title":"","yoast_wpseo_metadesc":"","yoast_wpseo_canonical":""},"_links":{"self":[{"href":"https:\/\/statorials.org\/pt\/wp-json\/wp\/v2\/pages\/5152","targetHints":{"allow":["GET"]}}],"collection":[{"href":"https:\/\/statorials.org\/pt\/wp-json\/wp\/v2\/pages"}],"about":[{"href":"https:\/\/statorials.org\/pt\/wp-json\/wp\/v2\/types\/page"}],"author":[{"embeddable":true,"href":"https:\/\/statorials.org\/pt\/wp-json\/wp\/v2\/users\/1"}],"replies":[{"embeddable":true,"href":"https:\/\/statorials.org\/pt\/wp-json\/wp\/v2\/comments?post=5152"}],"version-history":[{"count":0,"href":"https:\/\/statorials.org\/pt\/wp-json\/wp\/v2\/pages\/5152\/revisions"}],"wp:attachment":[{"href":"https:\/\/statorials.org\/pt\/wp-json\/wp\/v2\/media?parent=5152"}],"curies":[{"name":"wp","href":"https:\/\/api.w.org\/{rel}","templated":true}]}}