{"id":5153,"date":"2023-07-12T13:39:31","date_gmt":"2023-07-12T13:39:31","guid":{"rendered":"https:\/\/statorials.org\/pt\/guias-spss\/"},"modified":"2023-07-12T13:39:31","modified_gmt":"2023-07-12T13:39:31","slug":"guias-spss","status":"publish","type":"page","link":"https:\/\/statorials.org\/pt\/guias-spss\/","title":{"rendered":"Guias spss"},"content":{"rendered":"<p><span style=\"color: #000000;\">Esta p\u00e1gina lista todos os tutoriais do SPSS dispon\u00edveis em Estatologia.<\/span><\/p>\n<p> <strong><span style=\"color: #000000;\">Estat\u00edsticas descritivas<\/span><\/strong> <strong><br \/><a href=\"https:\/\/statorials.org\/pt\/estatisticas-descritivas-spss\/\">Como calcular estat\u00edsticas descritivas para vari\u00e1veis no SPSS<\/a><br \/> <a href=\"https:\/\/statorials.org\/pt\/pontuacao-z-spss\/\">Como calcular pontua\u00e7\u00f5es Z no SPSS<\/a><br \/> <a href=\"https:\/\/statorials.org\/pt\/cinco-numeros-retomam-spss\/\">Como calcular um resumo de cinco d\u00edgitos no SPSS<\/a><br \/> <a href=\"https:\/\/statorials.org\/pt\/coeficiente-de-variacao-spss\/\">Como calcular o coeficiente de varia\u00e7\u00e3o no SPSS<\/a><br \/> Como identificar outliers no SPSS<br \/> <a href=\"https:\/\/statorials.org\/pt\/distancia-mahalanobis-spss\/\">Como calcular a dist\u00e2ncia de Mahalanobis no SPSS<\/a><br \/><\/strong><\/p>\n<p> <strong><span style=\"color: #000000;\">Correla\u00e7\u00e3o e covari\u00e2ncia<\/span><\/strong> <strong><br \/><a href=\"https:\/\/statorials.org\/pt\/matriz-de-correlacao-spss\/\">Como criar uma matriz de correla\u00e7\u00e3o no SPSS<\/a><br \/> <a href=\"https:\/\/statorials.org\/pt\/correlacao-parcial-spss\/\">Como calcular a correla\u00e7\u00e3o parcial no SPSS<\/a><br \/> <a href=\"https:\/\/statorials.org\/pt\/matriz-de-covariancia-spss\/\">Como criar uma matriz de covari\u00e2ncia no SPSS<\/a><br \/><\/strong><\/p>\n<p> <strong><span style=\"color: #000000;\">Visualiza\u00e7\u00f5es<\/span><\/strong> <strong><br \/><a href=\"https:\/\/statorials.org\/pt\/diagrama-de-caule-e-folha-spss\/\">Como criar um gr\u00e1fico de caule e folha no SPSS<\/a><br \/> <a href=\"https:\/\/statorials.org\/pt\/boxplots-spss\/\">Como criar e interpretar box plots no SPSS<\/a><br \/> <a href=\"https:\/\/statorials.org\/pt\/spss-nuvens-de-pontos\/\">Como criar e interpretar gr\u00e1ficos de dispers\u00e3o no SPSS<\/a><br \/> <a href=\"https:\/\/statorials.org\/pt\/histogramas-spss\/\">Como criar histogramas no SPSS<\/a><br \/> <a href=\"https:\/\/statorials.org\/pt\/graficos-de-pizza-spss\/\">Como criar gr\u00e1ficos de pizza no SPSS<\/a><br \/><\/strong><\/p>\n<p> <strong><span style=\"color: #000000;\">Testando hip\u00f3teses<\/span><\/strong> <strong><br \/><a href=\"https:\/\/statorials.org\/pt\/uma-amostra-teste-t-spss\/\">Como realizar um teste t de uma amostra no SPSS<\/a><br \/> <a href=\"https:\/\/statorials.org\/pt\/duas-amostras-teste-t-spss\/\">Como realizar um teste t de duas amostras no SPSS<\/a><br \/> <a href=\"https:\/\/statorials.org\/pt\/mann-whitney-voce-testa-spss\/\">Como realizar um teste U de Mann-Whitney no SPSS<\/a><br \/> <a href=\"https:\/\/statorials.org\/pt\/amostras-pareadas-teste-t-spss\/\">Como realizar um teste t de amostras pareadas no SPSS<\/a><br \/> <a href=\"https:\/\/statorials.org\/pt\/teste-de-classificacao-de-sinal-de-wilcoxon-spss\/\">Como realizar um teste de classifica\u00e7\u00e3o assinada de Wilcoxon no SPSS<\/a><br \/> <a href=\"https:\/\/statorials.org\/pt\/teste-levenes-spss\/\">Como realizar o teste Levene no SPSS<\/a><br \/> <a href=\"https:\/\/statorials.org\/pt\/teste-de-normalidade-spss\/\">Como testar a normalidade no SPSS<\/a><br \/> <a href=\"https:\/\/statorials.org\/pt\/sig-tem-2-caudas\/\">Como interpretar Sig. Valores (frente e verso) no SPSS<\/a><br \/><\/strong><\/p>\n<p> <strong><span style=\"color: #000000;\">Regress\u00e3o<\/span><\/strong> <strong><br \/><a href=\"https:\/\/statorials.org\/pt\/spss-regressao-linear-simples\/\">Como realizar regress\u00e3o linear simples no SPSS<\/a><br \/> <a href=\"https:\/\/statorials.org\/pt\/regressao-linear-multipla-spss\/\">Como realizar regress\u00e3o linear m\u00faltipla no SPSS<\/a><br \/> <a href=\"https:\/\/statorials.org\/pt\/regressao-quadratica-spss\/\">Como realizar regress\u00e3o quadr\u00e1tica no SPSS<\/a><br \/> <a href=\"https:\/\/statorials.org\/pt\/regressao-logistica-spss\/\">Como realizar regress\u00e3o log\u00edstica no SPSS<\/a><br \/> <a href=\"https:\/\/statorials.org\/pt\/curva-de-rocha-spss\/\">Como criar e interpretar uma curva ROC no SPSS<\/a><br \/> <a href=\"https:\/\/statorials.org\/pt\/alguns-graficos-spss\/\">Como criar e interpretar gr\u00e1ficos QQ no SPSS<\/a><br \/> <a href=\"https:\/\/statorials.org\/pt\/multicolinearidade-spss\/\">Como testar a multicolinearidade no SPSS<\/a><br \/><\/strong><\/p>\n<p> <strong><span style=\"color: #000000;\">ANOVA<\/span><\/strong> <strong><br \/><a href=\"https:\/\/statorials.org\/pt\/unidirecional-anova-spss\/\">Como realizar ANOVA unidirecional no SPSS<\/a><br \/> <a href=\"https:\/\/statorials.org\/pt\/teste-kruskal-wallis-spss\/\">Como realizar um teste Kruskal-Wallis no SPSS<\/a><br \/> <a href=\"https:\/\/statorials.org\/pt\/anova-spss-bidirecional\/\">Como realizar uma ANOVA bidirecional no SPSS<\/a><br \/> <a href=\"https:\/\/statorials.org\/pt\/medicoes-repetidas-anova-spss\/\">Como realizar ANOVA de medidas repetidas no SPSS<\/a><br \/> <a href=\"https:\/\/statorials.org\/pt\/teste-spss-de-friedman\/\">Como realizar o teste de Friedman no SPSS<\/a><br \/> <a href=\"https:\/\/statorials.org\/pt\/manova-spss\/\">Como realizar uma MANOVA no SPSS<\/a><br \/><\/strong><\/p>\n<p> <strong><span style=\"color: #000000;\">Testes qui-quadrado<\/span><\/strong> <strong><br \/><a href=\"https:\/\/statorials.org\/pt\/teste-mcnemars-spss\/\">Como realizar o teste McNemar no SPSS<\/a><br \/> <a href=\"https:\/\/statorials.org\/pt\/teste-spss-exato-para-pescadores\/\">Como realizar o teste exato de Fisher no SPSS<\/a><br \/> <a href=\"https:\/\/statorials.org\/pt\/teste-qui-quadrado-de-qualidade-de-ajuste-spss\/\">Como realizar um teste de qualidade de ajuste do qui quadrado no SPSS<\/a><br \/> <a href=\"https:\/\/statorials.org\/pt\/teste-de-independencia-chi-quadrado-spss\/\">Como realizar um teste de independ\u00eancia qui-quadrado no SPSS<\/a><br \/><\/strong><\/p>\n","protected":false},"excerpt":{"rendered":"<p>Esta p\u00e1gina lista todos os tutoriais do SPSS dispon\u00edveis em Estatologia. Estat\u00edsticas descritivas Como calcular estat\u00edsticas descritivas para vari\u00e1veis no SPSS Como calcular pontua\u00e7\u00f5es Z no SPSS Como calcular um resumo de cinco d\u00edgitos no SPSS Como calcular o coeficiente de varia\u00e7\u00e3o no SPSS Como identificar outliers no SPSS Como calcular a dist\u00e2ncia de Mahalanobis [&hellip;]<\/p>\n","protected":false},"author":1,"featured_media":0,"parent":0,"menu_order":0,"comment_status":"closed","ping_status":"closed","template":"","meta":{"footnotes":""},"class_list":["post-5153","page","type-page","status-publish","hentry"],"yoast_head":"<!-- This site is optimized with the Yoast SEO plugin v21.5 - https:\/\/yoast.com\/wordpress\/plugins\/seo\/ -->\n<title>Guias SPSS<\/title>\n<meta name=\"description\" content=\"Esta p\u00e1gina lista todos os tutoriais do SPSS dispon\u00edveis em Estatologia.\" \/>\n<meta name=\"robots\" content=\"index, follow, max-snippet:-1, max-image-preview:large, max-video-preview:-1\" \/>\n<link rel=\"canonical\" href=\"https:\/\/statorials.org\/pt\/guias-spss\/\" \/>\n<meta property=\"og:locale\" content=\"pt_PT\" \/>\n<meta property=\"og:type\" content=\"article\" \/>\n<meta property=\"og:title\" content=\"Guias SPSS\" \/>\n<meta property=\"og:description\" content=\"Esta p\u00e1gina lista todos os tutoriais do SPSS dispon\u00edveis em Estatologia.\" \/>\n<meta property=\"og:url\" content=\"https:\/\/statorials.org\/pt\/guias-spss\/\" \/>\n<meta property=\"og:site_name\" content=\"Statorials\" \/>\n<meta name=\"twitter:card\" content=\"summary_large_image\" \/>\n<meta name=\"twitter:label1\" content=\"Tempo estimado de leitura\" \/>\n\t<meta name=\"twitter:data1\" content=\"2 minutos\" \/>\n<script type=\"application\/ld+json\" class=\"yoast-schema-graph\">{\"@context\":\"https:\/\/schema.org\",\"@graph\":[{\"@type\":\"WebPage\",\"@id\":\"https:\/\/statorials.org\/pt\/guias-spss\/\",\"url\":\"https:\/\/statorials.org\/pt\/guias-spss\/\",\"name\":\"Guias SPSS\",\"isPartOf\":{\"@id\":\"https:\/\/statorials.org\/pt\/#website\"},\"datePublished\":\"2023-07-12T13:39:31+00:00\",\"dateModified\":\"2023-07-12T13:39:31+00:00\",\"description\":\"Esta p\u00e1gina lista todos os tutoriais do SPSS dispon\u00edveis em Estatologia.\",\"breadcrumb\":{\"@id\":\"https:\/\/statorials.org\/pt\/guias-spss\/#breadcrumb\"},\"inLanguage\":\"pt-PT\",\"potentialAction\":[{\"@type\":\"ReadAction\",\"target\":[\"https:\/\/statorials.org\/pt\/guias-spss\/\"]}]},{\"@type\":\"BreadcrumbList\",\"@id\":\"https:\/\/statorials.org\/pt\/guias-spss\/#breadcrumb\",\"itemListElement\":[{\"@type\":\"ListItem\",\"position\":1,\"name\":\"Lar\",\"item\":\"https:\/\/statorials.org\/pt\/\"},{\"@type\":\"ListItem\",\"position\":2,\"name\":\"Guias spss\"}]},{\"@type\":\"WebSite\",\"@id\":\"https:\/\/statorials.org\/pt\/#website\",\"url\":\"https:\/\/statorials.org\/pt\/\",\"name\":\"Statorials\",\"description\":\"O seu guia para a literacia estat\u00edstica!\",\"potentialAction\":[{\"@type\":\"SearchAction\",\"target\":{\"@type\":\"EntryPoint\",\"urlTemplate\":\"https:\/\/statorials.org\/pt\/?s={search_term_string}\"},\"query-input\":\"required name=search_term_string\"}],\"inLanguage\":\"pt-PT\"}]}<\/script>\n<!-- \/ Yoast SEO plugin. -->","yoast_head_json":{"title":"Guias SPSS","description":"Esta p\u00e1gina lista todos os tutoriais do SPSS dispon\u00edveis em Estatologia.","robots":{"index":"index","follow":"follow","max-snippet":"max-snippet:-1","max-image-preview":"max-image-preview:large","max-video-preview":"max-video-preview:-1"},"canonical":"https:\/\/statorials.org\/pt\/guias-spss\/","og_locale":"pt_PT","og_type":"article","og_title":"Guias SPSS","og_description":"Esta p\u00e1gina lista todos os tutoriais do SPSS dispon\u00edveis em Estatologia.","og_url":"https:\/\/statorials.org\/pt\/guias-spss\/","og_site_name":"Statorials","twitter_card":"summary_large_image","twitter_misc":{"Tempo estimado de leitura":"2 minutos"},"schema":{"@context":"https:\/\/schema.org","@graph":[{"@type":"WebPage","@id":"https:\/\/statorials.org\/pt\/guias-spss\/","url":"https:\/\/statorials.org\/pt\/guias-spss\/","name":"Guias SPSS","isPartOf":{"@id":"https:\/\/statorials.org\/pt\/#website"},"datePublished":"2023-07-12T13:39:31+00:00","dateModified":"2023-07-12T13:39:31+00:00","description":"Esta p\u00e1gina lista todos os tutoriais do SPSS dispon\u00edveis em Estatologia.","breadcrumb":{"@id":"https:\/\/statorials.org\/pt\/guias-spss\/#breadcrumb"},"inLanguage":"pt-PT","potentialAction":[{"@type":"ReadAction","target":["https:\/\/statorials.org\/pt\/guias-spss\/"]}]},{"@type":"BreadcrumbList","@id":"https:\/\/statorials.org\/pt\/guias-spss\/#breadcrumb","itemListElement":[{"@type":"ListItem","position":1,"name":"Lar","item":"https:\/\/statorials.org\/pt\/"},{"@type":"ListItem","position":2,"name":"Guias spss"}]},{"@type":"WebSite","@id":"https:\/\/statorials.org\/pt\/#website","url":"https:\/\/statorials.org\/pt\/","name":"Statorials","description":"O seu guia para a literacia estat\u00edstica!","potentialAction":[{"@type":"SearchAction","target":{"@type":"EntryPoint","urlTemplate":"https:\/\/statorials.org\/pt\/?s={search_term_string}"},"query-input":"required name=search_term_string"}],"inLanguage":"pt-PT"}]}},"yoast_meta":{"yoast_wpseo_title":"","yoast_wpseo_metadesc":"","yoast_wpseo_canonical":""},"_links":{"self":[{"href":"https:\/\/statorials.org\/pt\/wp-json\/wp\/v2\/pages\/5153","targetHints":{"allow":["GET"]}}],"collection":[{"href":"https:\/\/statorials.org\/pt\/wp-json\/wp\/v2\/pages"}],"about":[{"href":"https:\/\/statorials.org\/pt\/wp-json\/wp\/v2\/types\/page"}],"author":[{"embeddable":true,"href":"https:\/\/statorials.org\/pt\/wp-json\/wp\/v2\/users\/1"}],"replies":[{"embeddable":true,"href":"https:\/\/statorials.org\/pt\/wp-json\/wp\/v2\/comments?post=5153"}],"version-history":[{"count":0,"href":"https:\/\/statorials.org\/pt\/wp-json\/wp\/v2\/pages\/5153\/revisions"}],"wp:attachment":[{"href":"https:\/\/statorials.org\/pt\/wp-json\/wp\/v2\/media?parent=5153"}],"curies":[{"name":"wp","href":"https:\/\/api.w.org\/{rel}","templated":true}]}}