{"id":5136,"date":"2023-10-05T23:38:58","date_gmt":"2023-10-05T23:38:58","guid":{"rendered":"https:\/\/statorials.org\/tr\/hesap-makineleri\/"},"modified":"2023-10-05T23:38:58","modified_gmt":"2023-10-05T23:38:58","slug":"hesap-makineleri","status":"publish","type":"page","link":"https:\/\/statorials.org\/tr\/hesap-makineleri\/","title":{"rendered":"Hesap makineleri"},"content":{"rendered":"<p><span style=\"color: #000000;\">Bu sayfa Statorialsde mevcut olan t\u00fcm hesaplay\u0131c\u0131lar\u0131 listeler.<\/span><\/p>\n<h2> <span style=\"color: #000000;\"><strong>\u0130statistik hesap makineleri<\/strong><\/span><\/h2>\n<p> <span style=\"color: #000000;\"><strong>Da\u011f\u0131t\u0131m<\/strong><\/span><br \/> <strong><a href=\"https:\/\/statorials.org\/tr\/binom-standart-sapma-hesaplayicisi\/\">Binom Standart Sapma Hesaplay\u0131c\u0131s\u0131<\/a><br \/> <a href=\"https:\/\/statorials.org\/tr\/balik-dagitim-hesaplayicisi\/\">Bal\u0131k Da\u011f\u0131t\u0131m\u0131 Hesaplay\u0131c\u0131s\u0131<\/a><br \/> <a href=\"https:\/\/statorials.org\/tr\/geometrik-dagilim-hesaplayicisi\/\">Geometrik Da\u011f\u0131l\u0131m Hesaplay\u0131c\u0131<\/a><br \/> <a href=\"https:\/\/statorials.org\/tr\/hipergeometrik-dagilim-hesaplayicisi\/\">Hipergeometrik Da\u011f\u0131l\u0131m Hesaplay\u0131c\u0131<\/a><br \/> <a href=\"https:\/\/statorials.org\/tr\/negatif-binom-dagilim-hesaplayicisi\/\" rel=\"noopener\">Negatif Binom Da\u011f\u0131l\u0131m\u0131 Hesaplay\u0131c\u0131<\/a><br \/> <a href=\"https:\/\/statorials.org\/tr\/cok-terimli-dagilim-hesaplayicisi\/\">\u00c7ok Terimli Da\u011f\u0131t\u0131m Hesaplay\u0131c\u0131<\/a><br \/> <a href=\"https:\/\/statorials.org\/tr\/f-dagitim-hesaplayicisi\/\">F Da\u011f\u0131t\u0131m Hesaplay\u0131c\u0131<\/a><br \/> <a href=\"https:\/\/statorials.org\/tr\/normal-dagilim-veri-kumesi-olusturucu\/\">Normal Da\u011f\u0131t\u0131m Veri K\u00fcmesi Olu\u015fturucu<\/a><br \/> <a href=\"https:\/\/statorials.org\/tr\/sureklilik-duzeltme-hesaplayicisi\/\">S\u00fcreklilik d\u00fczeltme hesaplay\u0131c\u0131s\u0131<\/a><br \/> <a href=\"https:\/\/statorials.org\/tr\/z-puani-hesaplayiciyi-karsilastirin\/\">Z Puan\u0131 Hesaplay\u0131c\u0131y\u0131 Kar\u015f\u0131la\u015ft\u0131r\u0131n<\/a><br \/><\/strong><\/p>\n<p> <span style=\"color: #000000;\"><strong>Kritik puan ve P de\u011feri<\/strong><\/span><br \/> <strong>T puan\u0131 &#8211; P de\u011feri hesaplay\u0131c\u0131s\u0131<br \/> <a href=\"https:\/\/statorials.org\/tr\/ki-kare-p-degeri-hesaplayici\/\">P-De\u011feri Ki-Kare Skor Hesaplay\u0131c\u0131<\/a><br \/> <a href=\"https:\/\/statorials.org\/tr\/z-puani-kesme-hesaplayicisi\/\">Z Puan\u0131 E\u015fik Hesaplay\u0131c\u0131<\/a><br \/> <a href=\"https:\/\/statorials.org\/tr\/hizli-normal-cdf-hesaplayici\/\">Normal CDF Hesaplay\u0131c\u0131<\/a><br \/><\/strong><\/p>\n<p> <span style=\"color: #000000;\"><strong>Kritik de\u011fer ara\u015ft\u0131rmas\u0131<\/strong><\/span> <strong><br \/><a href=\"https:\/\/statorials.org\/tr\/ki-kare-kritik-deger-hesaplayicisi\/\">Ki Kare Kritik De\u011fer Hesaplay\u0131c\u0131<\/a><br \/> <a href=\"https:\/\/statorials.org\/tr\/z-puani-hesaplayicinin-solundaki-alan\/\">Z puan\u0131 hesaplay\u0131c\u0131n\u0131n solundaki alan<\/a><br \/> <a href=\"https:\/\/statorials.org\/tr\/z-puani-hesaplayicinin-sagindaki-alan\/\">Z puan\u0131 hesaplay\u0131c\u0131s\u0131n\u0131n sa\u011f\u0131ndaki alan<\/a><\/strong><\/p>\n<p> <span style=\"color: #000000;\"><strong>Zaman serisi<\/strong><\/span><br \/> <strong><a href=\"https:\/\/statorials.org\/tr\/mse-hesap-makinesi\/\">MSE hesaplay\u0131c\u0131s\u0131<\/a><br \/> <a href=\"https:\/\/statorials.org\/tr\/rmse-hesaplayici\/\">RMSE Hesaplay\u0131c\u0131<\/a><br \/> <a href=\"https:\/\/statorials.org\/tr\/kart-hesap-makinesi\/\">MAPE hesaplay\u0131c\u0131s\u0131<\/a><br \/><\/strong><\/p>\n<p> <span style=\"color: #000000;\"><strong>ANOVA<\/strong><\/span><br \/> <strong><a href=\"https:\/\/statorials.org\/tr\/tek-yonlu-danova-hesaplayicisi\/\">Tek y\u00f6nl\u00fc ANOVA hesaplay\u0131c\u0131<\/a><br \/> <a href=\"https:\/\/statorials.org\/tr\/anova-tek-yonlu-tekrarlanan-olcum-hesaplayicisi\/\">Tek Y\u00f6nl\u00fc Tekrarlanan \u00d6l\u00e7\u00fcmler ANOVA Hesaplay\u0131c\u0131<\/a><br \/> <a href=\"https:\/\/statorials.org\/tr\/kruskal-wallis-testi-hesaplayici\/\">Kruskal-Wallis Hesap Makinesi<\/a><br \/> <a href=\"https:\/\/statorials.org\/tr\/friedman-testi-hesaplayicisi\/\">Friedman Testi Hesaplay\u0131c\u0131<\/a><br \/> <a href=\"https:\/\/statorials.org\/tr\/bartletts-testi-hesaplayici\/\">Bartlett Testi Hesaplay\u0131c\u0131<\/a><br \/><\/strong><\/p>\n<p> <span style=\"color: #000000;\"><strong>Regresyon<\/strong><\/span><br \/> <strong><a href=\"https:\/\/statorials.org\/tr\/dogrusal-regresyon-hesaplayicisi\/\">Do\u011frusal Regresyon Hesaplay\u0131c\u0131<\/a><br \/> <a href=\"https:\/\/statorials.org\/tr\/ikinci-dereceden-regresyon-hesaplayicisi\/\">\u0130kinci Dereceden Regresyon Hesaplay\u0131c\u0131<\/a><br \/> <a href=\"https:\/\/statorials.org\/tr\/tahmin-araligi-hesaplayicisi\/\">Tahmin Aral\u0131\u011f\u0131 Hesaplay\u0131c\u0131<\/a><br \/> <a href=\"https:\/\/statorials.org\/tr\/kalinti-hesaplayici\/\">Kal\u0131nt\u0131 hesaplay\u0131c\u0131<\/a><br \/> <a href=\"https:\/\/statorials.org\/tr\/normallestirilmis-kalinti-hesaplayici\/\">Standartla\u015ft\u0131r\u0131lm\u0131\u015f kal\u0131nt\u0131 hesaplay\u0131c\u0131<\/a><br \/> <a href=\"https:\/\/statorials.org\/tr\/hesap-makinesi-xxx\/\">Do\u011frusal Regresyon i\u00e7in Sxx Hesaplay\u0131c\u0131<\/a><br \/> <a href=\"https:\/\/statorials.org\/tr\/hesap-makinesi\/\">Do\u011frusal Regresyon i\u00e7in Sxy Hesaplay\u0131c\u0131<\/a><br \/><\/strong><\/p>\n<p> <span style=\"color: #000000;\"><strong>\u00d6zet istatistikler<\/strong><\/span><br \/> <strong><a href=\"https:\/\/statorials.org\/tr\/normalizasyon-hesaplayicisi\/\">Normalle\u015ftirme hesaplay\u0131c\u0131s\u0131<\/a><br \/> <a href=\"https:\/\/statorials.org\/tr\/bagil-frekans-hesaplayici\/\">Ba\u011f\u0131l frekans hesaplay\u0131c\u0131<\/a><br \/> <a href=\"https:\/\/statorials.org\/tr\/kumulatif-frekans-hesaplayici\/\">K\u00fcm\u00fclatif Frekans Hesaplay\u0131c\u0131<\/a><br \/> <a href=\"https:\/\/statorials.org\/tr\/sinif-genisligi-hesaplayici\/\">S\u0131n\u0131f Geni\u015fli\u011fi Hesaplay\u0131c\u0131<\/a><br \/> <a href=\"https:\/\/statorials.org\/tr\">\u00c7arp\u0131kl\u0131k ve Bas\u0131kl\u0131k Hesaplay\u0131c\u0131s\u0131<\/a><br \/> <a href=\"https:\/\/statorials.org\/tr\/basparmak-kurallari-hesaplayicisi\/\">Ba\u015fparmak Hesaplay\u0131c\u0131 Kurallar\u0131<\/a><br \/> <a href=\"https:\/\/statorials.org\/tr\/aykiri-deger-hesaplayicisi\/\">Ayk\u0131r\u0131 De\u011fer Hesaplay\u0131c\u0131<\/a><br \/> <a href=\"https:\/\/statorials.org\/tr\/medyan-mutlak-sapma-hesaplayicisi\/\">Mutlak Medyan Sapma Hesaplay\u0131c\u0131<\/a><br \/><\/strong><\/p>\n<p> <span style=\"color: #000000;\"><strong>G\u00fcvenilirlik aral\u0131\u011f\u0131<\/strong><\/span><br \/> <strong>Ortalama hesaplay\u0131c\u0131 i\u00e7in g\u00fcven aral\u0131\u011f\u0131<br \/> <a href=\"https:\/\/statorials.org\/tr\/guven-araligi-hesaplayicisi-ortalamalar-arasindaki-fark\/\">Ortalamalar Hesaplay\u0131c\u0131 Aras\u0131ndaki Fark i\u00e7in G\u00fcven Aral\u0131\u011f\u0131<\/a><br \/> Oran hesaplay\u0131c\u0131 i\u00e7in g\u00fcven aral\u0131\u011f\u0131<br \/> <a href=\"https:\/\/statorials.org\/tr\/guven-araligi-hesaplayicisi-oranlar-farki\/\">Oranlar hesaplay\u0131c\u0131s\u0131ndaki fark i\u00e7in g\u00fcven aral\u0131\u011f\u0131<\/a><br \/> <a href=\"https:\/\/statorials.org\/tr\">Standart sapma hesaplay\u0131c\u0131s\u0131 i\u00e7in g\u00fcven aral\u0131\u011f\u0131<\/a><br \/> <a href=\"https:\/\/statorials.org\/tr\/guven-araligi-korelasyon-katsayisi-hesaplayicisi\/\">Korelasyon katsay\u0131s\u0131 hesaplay\u0131c\u0131s\u0131 i\u00e7in g\u00fcven aral\u0131\u011f\u0131<\/a><br \/> <a href=\"https:\/\/statorials.org\/tr\/oranti-hesaplayicisinin-standart-hatasi\/\">Oran hesaplay\u0131c\u0131n\u0131n standart hatas\u0131<\/a><br \/><\/strong><\/p>\n<p> <span style=\"color: #000000;\"><strong>Ki-kare testleri<\/strong><\/span><br \/> <strong><a href=\"https:\/\/statorials.org\/tr\/ki-kare-uyum-iyiligi-testi-hesaplayicisi\/\">Ki-kare uyum iyili\u011fi testi hesaplay\u0131c\u0131s\u0131<\/a><br \/> <a href=\"https:\/\/statorials.org\/tr\/ki-kare-bagimsizlik-testi-hesaplayicisi\/\">Ba\u011f\u0131ms\u0131zl\u0131k hesaplay\u0131c\u0131s\u0131n\u0131n ki-kare testi<\/a><br \/> <a href=\"https:\/\/statorials.org\/tr\/balikcilar-kesin-test-hesaplayicisi\/\">Fisher&#8217;\u0131n Kesin Test Hesaplay\u0131c\u0131s\u0131<\/a><br \/><\/strong><\/p>\n<p> <span style=\"color: #000000;\"><strong>Hipotez testi<\/strong><\/span><br \/> <strong><a href=\"https:\/\/statorials.org\/tr\/ornek-bir-t-testi-hesaplayicisi\/\">Bir t-testi hesaplay\u0131c\u0131 \u00f6rne\u011fi<\/a><br \/> <a href=\"https:\/\/statorials.org\/tr\/ta-test-hesap-makinesi-iki-ornek\/\">\u0130ki \u00f6rnekli t testi hesaplay\u0131c\u0131s\u0131<\/a><br \/> <a href=\"https:\/\/statorials.org\/tr\/welchs-t-testi-hesaplayicisi\/\">Welch&#8217;in t-testi hesaplay\u0131c\u0131s\u0131<\/a><br \/> <a href=\"https:\/\/statorials.org\/tr\/eslestirilmis-ornekler-t-testi-hesaplayicisi\/\">E\u015fle\u015ftirilmi\u015f \u00d6rnekler t-Testi Hesaplay\u0131c\u0131<\/a><br \/> <a href=\"https:\/\/statorials.org\/tr\/wilcoxon-isaret-yerlestirme-testi-hesaplayicisi\/\">Wilcoxon \u0130mzal\u0131 Yer Testi Hesaplay\u0131c\u0131s\u0131<\/a><br \/> <a href=\"https:\/\/statorials.org\/tr\/a-z-testi-oranti-hesaplayicisi\/\">Tek Oranl\u0131 Z Testi Hesaplay\u0131c\u0131s\u0131<\/a><br \/> <a href=\"https:\/\/statorials.org\/tr\/za-iki-oran-testi-hesaplayicisi\/\">\u0130ki Oranl\u0131 Z Testi Hesaplay\u0131c\u0131<\/a><br \/><\/strong> <strong><a href=\"https:\/\/statorials.org\/tr\/mann-whitney-u-test-hesaplayicisi\/\">Mann-Whitney U Testi Hesaplay\u0131c\u0131<\/a><br \/> <a href=\"https:\/\/statorials.org\/tr\/mcnemars-test-hesaplayicisi\/\">McNemar Test Hesaplay\u0131c\u0131<\/a><br \/> <a href=\"https:\/\/statorials.org\/tr\/karar-kurali-hesaplayicisi\/\">Karar Kurallar\u0131 Hesaplay\u0131c\u0131<\/a><br \/> <a href=\"https:\/\/statorials.org\/tr\/grup-varyansi-hesaplayicisi\/\">Paketlenmi\u015f Bo\u015fluk Hesaplay\u0131c\u0131<\/a><br \/><\/strong><\/p>\n<p> <span style=\"color: #000000;\"><strong>Grafik olu\u015fturucular<\/strong><\/span><br \/><strong><a href=\"https:\/\/statorials.org\/tr\/kutu-grafigi-olusturucu\/\" target=\"_blank\" rel=\"noopener\">Kutu \u00c7izimi Olu\u015fturucu<\/a><br \/> <a href=\"https:\/\/statorials.org\/tr\/nokta-bulutu-olusturucu\/\" target=\"_blank\" rel=\"noopener\">Nokta bulutu olu\u015fturucu<\/a><br \/> <a href=\"https:\/\/statorials.org\/tr\/kok-ve-yaprak-diyagrami-olusturucu\/\" target=\"_blank\" rel=\"noopener\">K\u00f6k ve Yaprak Grafi\u011fi Olu\u015fturucu<\/a><br \/><\/strong><\/p>\n<h2> <span style=\"color: #000000;\"><strong>\u00c7e\u015fitli Hesap Makineleri<\/strong><\/span><\/h2>\n<p> <strong><a href=\"https:\/\/statorials.org\/tr\/kda-hesap-makinesi\/\">KDA hesaplay\u0131c\u0131<\/a><br \/> <a href=\"https:\/\/statorials.org\/tr\/uc-olay-icin-olasilik-hesaplayicisi\/\">\u00dc\u00e7 Olay Olas\u0131l\u0131\u011f\u0131 Hesaplay\u0131c\u0131s\u0131<\/a><br \/><\/strong><\/p>\n","protected":false},"excerpt":{"rendered":"<p>Bu sayfa Statorialsde mevcut olan t\u00fcm hesaplay\u0131c\u0131lar\u0131 listeler. \u0130statistik hesap makineleri Da\u011f\u0131t\u0131m Binom Standart Sapma Hesaplay\u0131c\u0131s\u0131 Bal\u0131k Da\u011f\u0131t\u0131m\u0131 Hesaplay\u0131c\u0131s\u0131 Geometrik Da\u011f\u0131l\u0131m Hesaplay\u0131c\u0131 Hipergeometrik Da\u011f\u0131l\u0131m Hesaplay\u0131c\u0131 Negatif Binom Da\u011f\u0131l\u0131m\u0131 Hesaplay\u0131c\u0131 \u00c7ok Terimli Da\u011f\u0131t\u0131m Hesaplay\u0131c\u0131 F Da\u011f\u0131t\u0131m Hesaplay\u0131c\u0131 Normal Da\u011f\u0131t\u0131m Veri K\u00fcmesi Olu\u015fturucu S\u00fcreklilik d\u00fczeltme hesaplay\u0131c\u0131s\u0131 Z Puan\u0131 Hesaplay\u0131c\u0131y\u0131 Kar\u015f\u0131la\u015ft\u0131r\u0131n Kritik puan ve P de\u011feri T puan\u0131 [&hellip;]<\/p>\n","protected":false},"author":1,"featured_media":0,"parent":0,"menu_order":0,"comment_status":"closed","ping_status":"closed","template":"","meta":{"footnotes":""},"class_list":["post-5136","page","type-page","status-publish","hentry"],"yoast_head":"<!-- This site is optimized with the Yoast SEO plugin v21.3 - https:\/\/yoast.com\/wordpress\/plugins\/seo\/ -->\n<title>Hesap makineleri<\/title>\n<meta name=\"description\" content=\"Bu sayfa Statorials&#039;de mevcut olan t\u00fcm istatistiksel hesaplay\u0131c\u0131lar\u0131 listeler.\" \/>\n<meta name=\"robots\" content=\"index, follow, max-snippet:-1, max-image-preview:large, max-video-preview:-1\" \/>\n<link rel=\"canonical\" href=\"https:\/\/statorials.org\/tr\/hesap-makineleri\/\" \/>\n<meta property=\"og:locale\" content=\"tr_TR\" \/>\n<meta property=\"og:type\" content=\"article\" \/>\n<meta property=\"og:title\" content=\"Hesap makineleri\" \/>\n<meta property=\"og:description\" content=\"Bu sayfa Statorials&#039;de mevcut olan t\u00fcm istatistiksel hesaplay\u0131c\u0131lar\u0131 listeler.\" \/>\n<meta property=\"og:url\" content=\"https:\/\/statorials.org\/tr\/hesap-makineleri\/\" \/>\n<meta property=\"og:site_name\" content=\"Statorials\" \/>\n<meta name=\"twitter:card\" content=\"summary_large_image\" \/>\n<meta name=\"twitter:label1\" content=\"Tahmini okuma s\u00fcresi\" \/>\n\t<meta name=\"twitter:data1\" content=\"2 dakika\" \/>\n<script type=\"application\/ld+json\" class=\"yoast-schema-graph\">{\"@context\":\"https:\/\/schema.org\",\"@graph\":[{\"@type\":\"WebPage\",\"@id\":\"https:\/\/statorials.org\/tr\/hesap-makineleri\/\",\"url\":\"https:\/\/statorials.org\/tr\/hesap-makineleri\/\",\"name\":\"Hesap makineleri\",\"isPartOf\":{\"@id\":\"https:\/\/statorials.org\/tr\/#website\"},\"datePublished\":\"2023-10-05T23:38:58+00:00\",\"dateModified\":\"2023-10-05T23:38:58+00:00\",\"description\":\"Bu sayfa Statorials&#39;de mevcut olan t\u00fcm istatistiksel hesaplay\u0131c\u0131lar\u0131 listeler.\",\"breadcrumb\":{\"@id\":\"https:\/\/statorials.org\/tr\/hesap-makineleri\/#breadcrumb\"},\"inLanguage\":\"tr\",\"potentialAction\":[{\"@type\":\"ReadAction\",\"target\":[\"https:\/\/statorials.org\/tr\/hesap-makineleri\/\"]}]},{\"@type\":\"BreadcrumbList\",\"@id\":\"https:\/\/statorials.org\/tr\/hesap-makineleri\/#breadcrumb\",\"itemListElement\":[{\"@type\":\"ListItem\",\"position\":1,\"name\":\"Ev\",\"item\":\"https:\/\/statorials.org\/tr\/\"},{\"@type\":\"ListItem\",\"position\":2,\"name\":\"Hesap makineleri\"}]},{\"@type\":\"WebSite\",\"@id\":\"https:\/\/statorials.org\/tr\/#website\",\"url\":\"https:\/\/statorials.org\/tr\/\",\"name\":\"Statorials\",\"description\":\"\u0130statistik okuryazarl\u0131\u011f\u0131 rehberiniz!\",\"potentialAction\":[{\"@type\":\"SearchAction\",\"target\":{\"@type\":\"EntryPoint\",\"urlTemplate\":\"https:\/\/statorials.org\/tr\/?s={search_term_string}\"},\"query-input\":\"required name=search_term_string\"}],\"inLanguage\":\"tr\"}]}<\/script>\n<!-- \/ Yoast SEO plugin. -->","yoast_head_json":{"title":"Hesap makineleri","description":"Bu sayfa Statorials&#39;de mevcut olan t\u00fcm istatistiksel hesaplay\u0131c\u0131lar\u0131 listeler.","robots":{"index":"index","follow":"follow","max-snippet":"max-snippet:-1","max-image-preview":"max-image-preview:large","max-video-preview":"max-video-preview:-1"},"canonical":"https:\/\/statorials.org\/tr\/hesap-makineleri\/","og_locale":"tr_TR","og_type":"article","og_title":"Hesap makineleri","og_description":"Bu sayfa Statorials&#39;de mevcut olan t\u00fcm istatistiksel hesaplay\u0131c\u0131lar\u0131 listeler.","og_url":"https:\/\/statorials.org\/tr\/hesap-makineleri\/","og_site_name":"Statorials","twitter_card":"summary_large_image","twitter_misc":{"Tahmini okuma s\u00fcresi":"2 dakika"},"schema":{"@context":"https:\/\/schema.org","@graph":[{"@type":"WebPage","@id":"https:\/\/statorials.org\/tr\/hesap-makineleri\/","url":"https:\/\/statorials.org\/tr\/hesap-makineleri\/","name":"Hesap makineleri","isPartOf":{"@id":"https:\/\/statorials.org\/tr\/#website"},"datePublished":"2023-10-05T23:38:58+00:00","dateModified":"2023-10-05T23:38:58+00:00","description":"Bu sayfa Statorials&#39;de mevcut olan t\u00fcm istatistiksel hesaplay\u0131c\u0131lar\u0131 listeler.","breadcrumb":{"@id":"https:\/\/statorials.org\/tr\/hesap-makineleri\/#breadcrumb"},"inLanguage":"tr","potentialAction":[{"@type":"ReadAction","target":["https:\/\/statorials.org\/tr\/hesap-makineleri\/"]}]},{"@type":"BreadcrumbList","@id":"https:\/\/statorials.org\/tr\/hesap-makineleri\/#breadcrumb","itemListElement":[{"@type":"ListItem","position":1,"name":"Ev","item":"https:\/\/statorials.org\/tr\/"},{"@type":"ListItem","position":2,"name":"Hesap makineleri"}]},{"@type":"WebSite","@id":"https:\/\/statorials.org\/tr\/#website","url":"https:\/\/statorials.org\/tr\/","name":"Statorials","description":"\u0130statistik okuryazarl\u0131\u011f\u0131 rehberiniz!","potentialAction":[{"@type":"SearchAction","target":{"@type":"EntryPoint","urlTemplate":"https:\/\/statorials.org\/tr\/?s={search_term_string}"},"query-input":"required name=search_term_string"}],"inLanguage":"tr"}]}},"yoast_meta":{"yoast_wpseo_title":"","yoast_wpseo_metadesc":"","yoast_wpseo_canonical":""},"_links":{"self":[{"href":"https:\/\/statorials.org\/tr\/wp-json\/wp\/v2\/pages\/5136","targetHints":{"allow":["GET"]}}],"collection":[{"href":"https:\/\/statorials.org\/tr\/wp-json\/wp\/v2\/pages"}],"about":[{"href":"https:\/\/statorials.org\/tr\/wp-json\/wp\/v2\/types\/page"}],"author":[{"embeddable":true,"href":"https:\/\/statorials.org\/tr\/wp-json\/wp\/v2\/users\/1"}],"replies":[{"embeddable":true,"href":"https:\/\/statorials.org\/tr\/wp-json\/wp\/v2\/comments?post=5136"}],"version-history":[{"count":0,"href":"https:\/\/statorials.org\/tr\/wp-json\/wp\/v2\/pages\/5136\/revisions"}],"wp:attachment":[{"href":"https:\/\/statorials.org\/tr\/wp-json\/wp\/v2\/media?parent=5136"}],"curies":[{"name":"wp","href":"https:\/\/api.w.org\/{rel}","templated":true}]}}