{"id":5137,"date":"2023-10-05T22:06:32","date_gmt":"2023-10-05T22:06:32","guid":{"rendered":"https:\/\/statorials.org\/tr\/ogreticiler\/"},"modified":"2023-10-05T22:06:32","modified_gmt":"2023-10-05T22:06:32","slug":"ogreticiler","status":"publish","type":"page","link":"https:\/\/statorials.org\/tr\/ogreticiler\/","title":{"rendered":"\u00d6\u011freticiler"},"content":{"rendered":"<p><span style=\"color: #000000;\">Bu sayfa Statorialsde mevcut olan t\u00fcm temel istatistik e\u011fitimlerini listeler.<\/span><\/p>\n<p> <span style=\"color: #000000;\"><strong>\u0130statisti\u011fe Giri\u015f<\/strong><\/span><br \/> <strong><a href=\"https:\/\/statorials.org\/tr\/istatistikler-neden-onemlidir\/\">\u0130statistikler neden \u00f6nemlidir?<\/a><br \/> <a href=\"https:\/\/statorials.org\/tr\/tanimlayici-cikarimsal-istatistikler\/\">Tan\u0131mlay\u0131c\u0131 veya \u00e7\u0131kar\u0131msal istatistikler<\/a><br \/> <a href=\"https:\/\/statorials.org\/tr\/populasyon-ve-ornek\/\">N\u00fcfus vs. \u00f6rnek<\/a><br \/> <a href=\"https:\/\/statorials.org\/tr\/istatistik-ve-parametre\/\">\u0130statistikler ve parametreler<\/a><br \/> <a href=\"https:\/\/statorials.org\/tr\/niteliksel-degiskenler-ve-niceliksel-degiskenler\/\">Niteliksel ve niceliksel de\u011fi\u015fkenler<\/a><br \/><\/strong><\/p>\n<p> <span style=\"color: #000000;\"><strong>Verileri a\u00e7\u0131klay\u0131n<\/strong><\/span><br \/> <strong><a href=\"https:\/\/statorials.org\/tr\/merkezi-egilimi-olcer\/\">Merkezi e\u011filim \u00f6l\u00e7\u00fcmleri<\/a><br \/> <a href=\"https:\/\/statorials.org\/tr\/istatistik-corap\/\">SOCS: da\u011f\u0131l\u0131mlar\u0131 tan\u0131mlamak i\u00e7in kullan\u0131\u015fl\u0131 bir k\u0131saltma<\/a><br \/><\/strong><\/p>\n<p> <span style=\"color: #000000;\"><strong>Veri goruntuleme<\/strong><\/span><br \/> <strong><a href=\"https:\/\/statorials.org\/tr\/kutu-biyiklari\/\">Kutu grafikleri<\/a><br \/> <a href=\"https:\/\/statorials.org\/tr\/kok-ve-yaprak-diyagramlari\/\">K\u00f6k ve yaprak grafikleri<\/a><br \/> <a href=\"https:\/\/statorials.org\/tr\/bagil-frekans-histogrami-1\/\">G\u00f6receli frekans histogram\u0131<\/a><br \/> <a href=\"https:\/\/statorials.org\/tr\/yogunluk-egrileri\/\">Yo\u011funluk e\u011frileri<\/a><br \/><\/strong><\/p>\n<p> <span style=\"color: #000000;\"><strong>Olas\u0131l\u0131k<\/strong><\/span><br \/> <strong><a href=\"https:\/\/statorials.org\/tr\/teorik-olasilik-1\/\">Teorik olas\u0131l\u0131k<\/a><br \/> <a href=\"https:\/\/statorials.org\/tr\/arka-olasilik\/\">Arka olas\u0131l\u0131k<\/a><br \/> <a href=\"https:\/\/statorials.org\/tr\/oran-oranlarini-yorumlama\/\">Oran oranlar\u0131 nas\u0131l yorumlan\u0131r?<\/a><br \/> <a href=\"https:\/\/statorials.org\/tr\/buyuk-sayilar-kanunu\/\">b\u00fcy\u00fck say\u0131lar kanunu<\/a><br \/> <a href=\"https:\/\/statorials.org\/tr\/genel-operasyonlar\/\">\u0130\u015flemleri tan\u0131mlay\u0131n<\/a><br \/> <a href=\"https:\/\/statorials.org\/tr\/carpma-isleminin-genel-kurali\/\">\u00c7arpman\u0131n genel kural\u0131<\/a><br \/><\/strong><\/p>\n<p> <span style=\"color: #000000;\"><strong>\u00c7al\u0131\u015fma tasar\u0131m\u0131<\/strong><\/span><br \/> <strong><a href=\"https:\/\/statorials.org\/tr\/degiskenleri-aciklayici-yanitlar\/\">A\u00e7\u0131klay\u0131c\u0131 ve yan\u0131t de\u011fi\u015fkenleri<\/a><br \/> <a href=\"https:\/\/statorials.org\/tr\/ornekleme-yontemleri\/\">\u00d6rnekleme y\u00f6ntemleri<\/a><br \/> <a href=\"https:\/\/statorials.org\/tr\/temsili-ornek-1\/\">Temsili \u00f6rnek nedir?<\/a><br \/> <a href=\"https:\/\/statorials.org\/tr\/ornekleme-cercevesi\/\">\u00d6rnekleme \u00e7er\u00e7evesi nedir?<\/a><br \/> <a href=\"https:\/\/statorials.org\/tr\/eslesen-ciftler-tasarimi\/\">E\u015fle\u015fen \u00c7ift Tasar\u0131m\u0131<\/a><br \/> <a href=\"https:\/\/statorials.org\/tr\/on-test-son-test-tasarimi\/\">\u00d6n test-son test tasar\u0131m\u0131<\/a><br \/> <a href=\"https:\/\/statorials.org\/tr\/bolunmus-parseller-tasarimi\/\" rel=\"noopener noreferrer\">B\u00f6l\u00fcnm\u00fc\u015f parsellerin tasar\u0131m\u0131<\/a><br \/> <a href=\"https:\/\/statorials.org\/tr\/izin-blok-rastgelelestirmesi\/\">Perm\u00fctasyonlu bloklar\u0131n rastgelele\u015ftirilmesi<\/a><br \/> <a href=\"https:\/\/statorials.org\/tr\/latince-hiperkup-orneklemesi\/\">Latin hiperk\u00fcplerini \u00f6rnekleme<\/a><br \/><\/strong><\/p>\n<p> <span style=\"color: #000000;\"><strong>Rastgele de\u011fi\u015fkenler<\/strong><\/span><br \/> <strong><a href=\"https:\/\/statorials.org\/tr\/rastgele-degiskenler\/\">Rastgele de\u011fi\u015fkenler nelerdir?<\/a><br \/> Normal da\u011f\u0131l\u0131m<br \/> <a href=\"https:\/\/statorials.org\/tr\/balik-dagitimi\/\">Bal\u0131k da\u011f\u0131t\u0131m\u0131<\/a><br \/> <a href=\"https:\/\/statorials.org\/tr\/geometrik-dagilim\/\">Geometrik da\u011f\u0131l\u0131m<\/a><br \/> <a href=\"https:\/\/statorials.org\/tr\/ustel-dagilim-1\/\">\u00dcstel da\u011f\u0131l\u0131m<\/a><br \/> <a href=\"https:\/\/statorials.org\/tr\/hipergeometrik-dagilim-1\/\">Hipergeometrik da\u011f\u0131l\u0131m<\/a><br \/> <a href=\"https:\/\/statorials.org\/tr\/negatif-1-binom-dagilimi\/\">Negatif binom da\u011f\u0131l\u0131m\u0131<\/a><br \/> <a href=\"https:\/\/statorials.org\/tr\/cok-terimli-dagilim-1\/\">\u00c7ok terimli da\u011f\u0131l\u0131m<\/a><br \/><\/strong><\/p>\n<p> <span style=\"color: #000000;\"><strong>\u00d6rnekleme da\u011f\u0131l\u0131mlar\u0131<\/strong><\/span><br \/> <strong><a href=\"https:\/\/statorials.org\/tr\/ornekleme-dagilimi-1\/\">\u00d6rnekleme da\u011f\u0131l\u0131m\u0131 nedir?<\/a><br \/> <a href=\"https:\/\/statorials.org\/tr\/merkezi-limit-teoremi\/\">Merkezi Limit Teoremi<\/a><br \/><\/strong><\/p>\n<p> <span style=\"color: #000000;\"><strong>G\u00fcvenilirlik aral\u0131\u011f\u0131<\/strong><\/span> <strong><br \/><strong><a href=\"https:\/\/statorials.org\/tr\/guvenilirlik-araligi\/\">G\u00fcven aral\u0131klar\u0131 nedir?<\/a><br \/> <a href=\"https:\/\/statorials.org\/tr\/ortalama-guven-araligi\/\">Bir ortalama i\u00e7in g\u00fcven aral\u0131\u011f\u0131<\/a><br \/> <a href=\"https:\/\/statorials.org\/tr\/ortalamalar-arasindaki-guven-araligi-farki\/\">Ortalamalar aras\u0131ndaki fark i\u00e7in g\u00fcven aral\u0131\u011f\u0131<\/a><br \/> <a href=\"https:\/\/statorials.org\/tr\/guven-araligi-orani\/\">Bir orant\u0131 i\u00e7in g\u00fcven aral\u0131\u011f\u0131<\/a><br \/> <a href=\"https:\/\/statorials.org\/tr\/orantilarin-guven-araligi-farki\/\">Oranlardaki fark i\u00e7in g\u00fcven aral\u0131\u011f\u0131<\/a><br \/> <a href=\"https:\/\/statorials.org\/tr\/guven-araligi-standart-sapmasi\/\">Bir standart sapma i\u00e7in g\u00fcven aral\u0131\u011f\u0131<\/a><br \/> <a href=\"https:\/\/statorials.org\/tr\/medyan-icin-guven-araligi\/\">Medyan i\u00e7in g\u00fcven aral\u0131\u011f\u0131<\/a><br \/> <a href=\"https:\/\/statorials.org\/tr\/guven-araligi-korelasyon-katsayisi\/\">Korelasyon katsay\u0131s\u0131 i\u00e7in g\u00fcven aral\u0131\u011f\u0131<\/a><br \/><\/strong><\/strong><\/p>\n<p> <span style=\"color: #000000;\"><strong>Hipotez testi<\/strong><\/span> <strong><br \/><a href=\"https:\/\/statorials.org\/tr\/ornek-t-testi\/\">\u00d6rnek bir t testi<\/a><br \/> <a href=\"https:\/\/statorials.org\/tr\/iki-orneginizi-test-edin\/\">\u0130ki \u00f6rnekli t testi<\/a><br \/> <a href=\"https:\/\/statorials.org\/tr\/mann-whitney-seni-test-ediyor\/\">Mann-Whitney U testi<\/a><br \/> <a href=\"https:\/\/statorials.org\/tr\/eslestirilmis-ornekler-t-testi\/\">E\u015fle\u015ftirilmi\u015f \u00f6rnekler t testi<\/a><br \/> <a href=\"https:\/\/statorials.org\/tr\/ornek-z-testi\/\">\u00d6rnek bir Z testi<\/a><br \/> <a href=\"https:\/\/statorials.org\/tr\/iki-numuneyi-test-edin\/\">\u0130ki \u00f6rnekli Z testi<\/a><br \/> <a href=\"https:\/\/statorials.org\/tr\/oranti-z-testi\/\">Tek oranl\u0131 Z testi<\/a><br \/> <a href=\"https:\/\/statorials.org\/tr\/za-iki-orani-test-edin\/\">\u0130ki oranl\u0131 Z testi<\/a><br \/><\/strong><\/p>\n<p> <span style=\"color: #000000;\"><strong>P de\u011ferleri ve etki b\u00fcy\u00fckl\u00fc\u011f\u00fc<\/strong><\/span><br \/> <strong><a href=\"https:\/\/statorials.org\/tr\/0000-p-degerinin-nasil-yorumlanacagi-asagida-aciklanmistir\/\">0,000 P de\u011feri nas\u0131l yorumlan\u0131r?<\/a><br \/> <a href=\"https:\/\/statorials.org\/tr\/el-testinden-pa-degeri-nasil-hesaplanir\/\">Manuel testten P de\u011feri nas\u0131l hesaplan\u0131r?<\/a><br \/> <a href=\"https:\/\/statorials.org\/tr\/z-alfa-2-za-2-nasil-bulunur\/\">Z Alpha\/2 (za\/2) nas\u0131l bulunur?<\/a><br \/> <a href=\"https:\/\/statorials.org\/tr\/etki-boyutu\/\">Etki boyutu<\/a><br \/> <a href=\"https:\/\/statorials.org\/tr\/bayes-faktoru\/\">Bayes fakt\u00f6r\u00fc<\/a><br \/><\/strong><\/p>\n<p> <span style=\"color: #000000;\"><strong>Ki-kare testleri<\/strong><\/span> <strong><br \/><strong><a href=\"https:\/\/statorials.org\/tr\/ki-kare-uyum-iyiligi-testi\/\">Ki-kare uyum iyili\u011fi testi<\/a><br \/> <a href=\"https:\/\/statorials.org\/tr\/ki-kare-bagimsizlik-testi\/\">Ki-kare ba\u011f\u0131ms\u0131zl\u0131k testi<\/a><br \/> <a href=\"https:\/\/statorials.org\/tr\/balikcilarin-kesin-testi\/\">Fisher&#8217;in kesin testi<\/a><br \/> <a href=\"https:\/\/statorials.org\/tr\/ki-kare-etki-boyutu\/\">Ki-kare testi i\u00e7in etki b\u00fcy\u00fckl\u00fc\u011f\u00fc<\/a><br \/><\/strong><\/strong><\/p>\n<p> <span style=\"color: #000000;\"><strong>Regresyon<\/strong><\/span> <strong><br \/><a href=\"https:\/\/statorials.org\/tr\/coklu-dogrusal-regresyon\/\">\u00c7oklu do\u011frusal regresyona giri\u015f<\/a> <span style=\"color: #000000;\">(<\/span> <a href=\"https:\/\/statorials.org\/tr\/elle-coklu-dogrusal-regresyon\/\" rel=\"noopener noreferrer\">elle<\/a> <span style=\"color: #000000;\">)<\/span><br \/> <a href=\"https:\/\/statorials.org\/tr\/regresyon-egimi-anlamlilik-testi\/\">Regresyon e\u011fiminin \u00f6nemini test etme<\/a><br \/> <a href=\"https:\/\/statorials.org\/tr\/regresyon-katsayilari-nasil-yorumlanir\/\">Regresyon katsay\u0131lar\u0131 nas\u0131l yorumlan\u0131r?<\/a><br \/> <a href=\"https:\/\/statorials.org\/tr\/regresyonda-genel-anlamlilik-icin-f-testini-anlamaya-yonelik-basit-bir-kilavuz\/\">Regresyonda genel anlaml\u0131l\u0131\u011f\u0131n F testi<\/a><br \/> <a href=\"https:\/\/statorials.org\/tr\/regresyon-analizinde-artiklar-nasil-hesaplanir\/\">Regresyon analizinde art\u0131klar nas\u0131l hesaplan\u0131r?<\/a><br \/> <a href=\"https:\/\/statorials.org\/tr\/pagan-breusch-testi\/\">Breusch-Pagan testi<\/a><br \/><\/strong><\/p>\n<p> <span style=\"color: #000000;\"><strong>ANOVA<\/strong><\/span><br \/> <strong><a href=\"https:\/\/statorials.org\/tr\/tek-yonlu-anova\/\">Tek y\u00f6nl\u00fc ANOVA<\/a> <span style=\"color: #000000;\">(<\/span> <a href=\"https:\/\/statorials.org\/tr\/tek-yonlu-anova-a-la-main\/\">elle<\/a> <span style=\"color: #000000;\">)<\/span><br \/> <a href=\"https:\/\/statorials.org\/tr\/iki-yonlu-anova\/\" rel=\"noopener\">\u0130ki y\u00f6nl\u00fc ANOVA<\/a> <span style=\"color: #000000;\">(<\/span> <a href=\"https:\/\/statorials.org\/tr\/elle-cift-yonlu-anova\/\">elle<\/a> <span style=\"color: #000000;\">)<\/span><br \/> <a href=\"https:\/\/statorials.org\/tr\/uc-yollu-anova\/\">\u00dc\u00e7 y\u00f6nl\u00fc ANOVA<\/a><br \/> <a href=\"https:\/\/statorials.org\/tr\/post-hoc-anova-testleri\/\">ANOVA post-hoc testleri<\/a><br \/> <a href=\"https:\/\/statorials.org\/tr\/dunnett-testi\/\">\u00c7oklu kar\u015f\u0131la\u015ft\u0131rmalar i\u00e7in Dunnett testi<\/a><br \/> <a href=\"https:\/\/statorials.org\/tr\/bilmiyorum-testi\/\">\u00c7oklu kar\u015f\u0131la\u015ft\u0131rmalar i\u00e7in Dunn testi<\/a><br \/> <a href=\"https:\/\/statorials.org\/tr\/hamsi\/\">AN\u00c7OVA<\/a><br \/> <a href=\"https:\/\/statorials.org\/tr\/kruskal-wallis-testi\/\">Kruskal-Wallis testi<\/a><br \/> <a href=\"https:\/\/statorials.org\/tr\/kizarmis-adam-testi\/\">Friedman testi<\/a><br \/><\/strong><\/p>\n","protected":false},"excerpt":{"rendered":"<p>Bu sayfa Statorialsde mevcut olan t\u00fcm temel istatistik e\u011fitimlerini listeler. \u0130statisti\u011fe Giri\u015f \u0130statistikler neden \u00f6nemlidir? Tan\u0131mlay\u0131c\u0131 veya \u00e7\u0131kar\u0131msal istatistikler N\u00fcfus vs. \u00f6rnek \u0130statistikler ve parametreler Niteliksel ve niceliksel de\u011fi\u015fkenler Verileri a\u00e7\u0131klay\u0131n Merkezi e\u011filim \u00f6l\u00e7\u00fcmleri SOCS: da\u011f\u0131l\u0131mlar\u0131 tan\u0131mlamak i\u00e7in kullan\u0131\u015fl\u0131 bir k\u0131saltma Veri goruntuleme Kutu grafikleri K\u00f6k ve yaprak grafikleri G\u00f6receli frekans histogram\u0131 Yo\u011funluk e\u011frileri Olas\u0131l\u0131k [&hellip;]<\/p>\n","protected":false},"author":1,"featured_media":0,"parent":0,"menu_order":0,"comment_status":"closed","ping_status":"closed","template":"","meta":{"footnotes":""},"class_list":["post-5137","page","type-page","status-publish","hentry"],"yoast_head":"<!-- This site is optimized with the Yoast SEO plugin v21.3 - https:\/\/yoast.com\/wordpress\/plugins\/seo\/ -->\n<title>\u00d6\u011freticiler<\/title>\n<meta name=\"robots\" content=\"index, follow, max-snippet:-1, max-image-preview:large, max-video-preview:-1\" \/>\n<link rel=\"canonical\" href=\"https:\/\/statorials.org\/tr\/ogreticiler\/\" \/>\n<meta property=\"og:locale\" content=\"tr_TR\" \/>\n<meta property=\"og:type\" content=\"article\" \/>\n<meta property=\"og:title\" content=\"\u00d6\u011freticiler\" \/>\n<meta property=\"og:description\" content=\"Bu sayfa Statorialsde mevcut olan t\u00fcm temel istatistik e\u011fitimlerini listeler. \u0130statisti\u011fe Giri\u015f \u0130statistikler neden \u00f6nemlidir? Tan\u0131mlay\u0131c\u0131 veya \u00e7\u0131kar\u0131msal istatistikler N\u00fcfus vs. \u00f6rnek \u0130statistikler ve parametreler Niteliksel ve niceliksel de\u011fi\u015fkenler Verileri a\u00e7\u0131klay\u0131n Merkezi e\u011filim \u00f6l\u00e7\u00fcmleri SOCS: da\u011f\u0131l\u0131mlar\u0131 tan\u0131mlamak i\u00e7in kullan\u0131\u015fl\u0131 bir k\u0131saltma Veri goruntuleme Kutu grafikleri K\u00f6k ve yaprak grafikleri G\u00f6receli frekans histogram\u0131 Yo\u011funluk e\u011frileri Olas\u0131l\u0131k [&hellip;]\" \/>\n<meta property=\"og:url\" content=\"https:\/\/statorials.org\/tr\/ogreticiler\/\" \/>\n<meta property=\"og:site_name\" content=\"Statorials\" \/>\n<meta name=\"twitter:card\" content=\"summary_large_image\" \/>\n<meta name=\"twitter:label1\" content=\"Tahmini okuma s\u00fcresi\" \/>\n\t<meta name=\"twitter:data1\" content=\"2 dakika\" \/>\n<script type=\"application\/ld+json\" class=\"yoast-schema-graph\">{\"@context\":\"https:\/\/schema.org\",\"@graph\":[{\"@type\":\"WebPage\",\"@id\":\"https:\/\/statorials.org\/tr\/ogreticiler\/\",\"url\":\"https:\/\/statorials.org\/tr\/ogreticiler\/\",\"name\":\"\u00d6\u011freticiler\",\"isPartOf\":{\"@id\":\"https:\/\/statorials.org\/tr\/#website\"},\"datePublished\":\"2023-10-05T22:06:32+00:00\",\"dateModified\":\"2023-10-05T22:06:32+00:00\",\"breadcrumb\":{\"@id\":\"https:\/\/statorials.org\/tr\/ogreticiler\/#breadcrumb\"},\"inLanguage\":\"tr\",\"potentialAction\":[{\"@type\":\"ReadAction\",\"target\":[\"https:\/\/statorials.org\/tr\/ogreticiler\/\"]}]},{\"@type\":\"BreadcrumbList\",\"@id\":\"https:\/\/statorials.org\/tr\/ogreticiler\/#breadcrumb\",\"itemListElement\":[{\"@type\":\"ListItem\",\"position\":1,\"name\":\"Ev\",\"item\":\"https:\/\/statorials.org\/tr\/\"},{\"@type\":\"ListItem\",\"position\":2,\"name\":\"\u00d6\u011freticiler\"}]},{\"@type\":\"WebSite\",\"@id\":\"https:\/\/statorials.org\/tr\/#website\",\"url\":\"https:\/\/statorials.org\/tr\/\",\"name\":\"Statorials\",\"description\":\"\u0130statistik okuryazarl\u0131\u011f\u0131 rehberiniz!\",\"potentialAction\":[{\"@type\":\"SearchAction\",\"target\":{\"@type\":\"EntryPoint\",\"urlTemplate\":\"https:\/\/statorials.org\/tr\/?s={search_term_string}\"},\"query-input\":\"required name=search_term_string\"}],\"inLanguage\":\"tr\"}]}<\/script>\n<!-- \/ Yoast SEO plugin. -->","yoast_head_json":{"title":"\u00d6\u011freticiler","robots":{"index":"index","follow":"follow","max-snippet":"max-snippet:-1","max-image-preview":"max-image-preview:large","max-video-preview":"max-video-preview:-1"},"canonical":"https:\/\/statorials.org\/tr\/ogreticiler\/","og_locale":"tr_TR","og_type":"article","og_title":"\u00d6\u011freticiler","og_description":"Bu sayfa Statorialsde mevcut olan t\u00fcm temel istatistik e\u011fitimlerini listeler. \u0130statisti\u011fe Giri\u015f \u0130statistikler neden \u00f6nemlidir? Tan\u0131mlay\u0131c\u0131 veya \u00e7\u0131kar\u0131msal istatistikler N\u00fcfus vs. \u00f6rnek \u0130statistikler ve parametreler Niteliksel ve niceliksel de\u011fi\u015fkenler Verileri a\u00e7\u0131klay\u0131n Merkezi e\u011filim \u00f6l\u00e7\u00fcmleri SOCS: da\u011f\u0131l\u0131mlar\u0131 tan\u0131mlamak i\u00e7in kullan\u0131\u015fl\u0131 bir k\u0131saltma Veri goruntuleme Kutu grafikleri K\u00f6k ve yaprak grafikleri G\u00f6receli frekans histogram\u0131 Yo\u011funluk e\u011frileri Olas\u0131l\u0131k [&hellip;]","og_url":"https:\/\/statorials.org\/tr\/ogreticiler\/","og_site_name":"Statorials","twitter_card":"summary_large_image","twitter_misc":{"Tahmini okuma s\u00fcresi":"2 dakika"},"schema":{"@context":"https:\/\/schema.org","@graph":[{"@type":"WebPage","@id":"https:\/\/statorials.org\/tr\/ogreticiler\/","url":"https:\/\/statorials.org\/tr\/ogreticiler\/","name":"\u00d6\u011freticiler","isPartOf":{"@id":"https:\/\/statorials.org\/tr\/#website"},"datePublished":"2023-10-05T22:06:32+00:00","dateModified":"2023-10-05T22:06:32+00:00","breadcrumb":{"@id":"https:\/\/statorials.org\/tr\/ogreticiler\/#breadcrumb"},"inLanguage":"tr","potentialAction":[{"@type":"ReadAction","target":["https:\/\/statorials.org\/tr\/ogreticiler\/"]}]},{"@type":"BreadcrumbList","@id":"https:\/\/statorials.org\/tr\/ogreticiler\/#breadcrumb","itemListElement":[{"@type":"ListItem","position":1,"name":"Ev","item":"https:\/\/statorials.org\/tr\/"},{"@type":"ListItem","position":2,"name":"\u00d6\u011freticiler"}]},{"@type":"WebSite","@id":"https:\/\/statorials.org\/tr\/#website","url":"https:\/\/statorials.org\/tr\/","name":"Statorials","description":"\u0130statistik okuryazarl\u0131\u011f\u0131 rehberiniz!","potentialAction":[{"@type":"SearchAction","target":{"@type":"EntryPoint","urlTemplate":"https:\/\/statorials.org\/tr\/?s={search_term_string}"},"query-input":"required name=search_term_string"}],"inLanguage":"tr"}]}},"yoast_meta":{"yoast_wpseo_title":"","yoast_wpseo_metadesc":"","yoast_wpseo_canonical":""},"_links":{"self":[{"href":"https:\/\/statorials.org\/tr\/wp-json\/wp\/v2\/pages\/5137","targetHints":{"allow":["GET"]}}],"collection":[{"href":"https:\/\/statorials.org\/tr\/wp-json\/wp\/v2\/pages"}],"about":[{"href":"https:\/\/statorials.org\/tr\/wp-json\/wp\/v2\/types\/page"}],"author":[{"embeddable":true,"href":"https:\/\/statorials.org\/tr\/wp-json\/wp\/v2\/users\/1"}],"replies":[{"embeddable":true,"href":"https:\/\/statorials.org\/tr\/wp-json\/wp\/v2\/comments?post=5137"}],"version-history":[{"count":0,"href":"https:\/\/statorials.org\/tr\/wp-json\/wp\/v2\/pages\/5137\/revisions"}],"wp:attachment":[{"href":"https:\/\/statorials.org\/tr\/wp-json\/wp\/v2\/media?parent=5137"}],"curies":[{"name":"wp","href":"https:\/\/api.w.org\/{rel}","templated":true}]}}