{"id":5138,"date":"2023-10-05T19:36:35","date_gmt":"2023-10-05T19:36:35","guid":{"rendered":"https:\/\/statorials.org\/tr\/masalar\/"},"modified":"2023-10-05T19:36:35","modified_gmt":"2023-10-05T19:36:35","slug":"masalar","status":"publish","type":"page","link":"https:\/\/statorials.org\/tr\/masalar\/","title":{"rendered":"Masalar"},"content":{"rendered":"<p><span style=\"color: #000000;\">Bu sayfada Statorialsde mevcut olan t\u00fcm kritik de\u011fer tablolar\u0131n\u0131n yan\u0131 s\u0131ra bu tablolar\u0131n nas\u0131l kullan\u0131laca\u011f\u0131na ili\u015fkin \u00e7e\u015fitli e\u011fitimler listelenmektedir.<\/span><\/p>\n<h3> <span style=\"color: #000000;\"><strong>Kritik de\u011fer tablolar\u0131 nas\u0131l kullan\u0131l\u0131r?<\/strong><\/span><\/h3>\n<p> <strong><a href=\"https:\/\/statorials.org\/tr\/f-dagitim-tablosundan-p-degerini-nasil-bulacaginiz-asagida-aciklanmistir\/\">F da\u011f\u0131t\u0131m tablosundan P de\u011feri nas\u0131l bulunur?<\/a><br \/> <a href=\"https:\/\/statorials.org\/tr\/t-dagilim-tablosunun-p-degerini-nasil-bulacaginiz-asagida-aciklanmistir\/\">T da\u011f\u0131t\u0131m tablosundan P de\u011feri nas\u0131l bulunur?<\/a><br \/> <a href=\"https:\/\/statorials.org\/tr\/ki-kare-dagilim-tablosunun-p-degeri-nasil-bulunur\/\">Ki kare da\u011f\u0131l\u0131m tablosundan P de\u011feri nas\u0131l bulunur?<\/a><br \/> <a href=\"https:\/\/statorials.org\/tr\/binom-dagilim-tablosu-nasil-okunur\/\">Binom da\u011f\u0131l\u0131m tablosu nas\u0131l okunur<\/a><br \/> <a href=\"https:\/\/statorials.org\/tr\/dagitim-tablosu-f-nasil-okunur\/\">F da\u011f\u0131t\u0131m panosu nas\u0131l okunur<\/a><br \/> <a href=\"https:\/\/statorials.org\/tr\/t-dagitim-tablosu-nasil-okunur\/\">Da\u011f\u0131t\u0131m tablosu t nas\u0131l okunur<\/a><br \/> <a href=\"https:\/\/statorials.org\/tr\/ki-kare-dagilim-tablosu-nasil-okunur\/\">Ki kare da\u011f\u0131l\u0131m tablosu nas\u0131l okunur?<\/a><br \/> <a href=\"https:\/\/statorials.org\/tr\/z-tablosu-nasil-kullanilir\/\">Z tablosu nas\u0131l kullan\u0131l\u0131r?<\/a><br \/><\/strong><\/p>\n","protected":false},"excerpt":{"rendered":"<p>Bu sayfada Statorialsde mevcut olan t\u00fcm kritik de\u011fer tablolar\u0131n\u0131n yan\u0131 s\u0131ra bu tablolar\u0131n nas\u0131l kullan\u0131laca\u011f\u0131na ili\u015fkin \u00e7e\u015fitli e\u011fitimler listelenmektedir. Kritik de\u011fer tablolar\u0131 nas\u0131l kullan\u0131l\u0131r? F da\u011f\u0131t\u0131m tablosundan P de\u011feri nas\u0131l bulunur? T da\u011f\u0131t\u0131m tablosundan P de\u011feri nas\u0131l bulunur? Ki kare da\u011f\u0131l\u0131m tablosundan P de\u011feri nas\u0131l bulunur? Binom da\u011f\u0131l\u0131m tablosu nas\u0131l okunur F da\u011f\u0131t\u0131m panosu nas\u0131l [&hellip;]<\/p>\n","protected":false},"author":1,"featured_media":0,"parent":0,"menu_order":0,"comment_status":"closed","ping_status":"closed","template":"","meta":{"footnotes":""},"class_list":["post-5138","page","type-page","status-publish","hentry"],"yoast_head":"<!-- This site is optimized with the Yoast SEO plugin v21.3 - https:\/\/yoast.com\/wordpress\/plugins\/seo\/ -->\n<title>Masalar<\/title>\n<meta name=\"robots\" content=\"index, follow, max-snippet:-1, max-image-preview:large, max-video-preview:-1\" \/>\n<link rel=\"canonical\" href=\"https:\/\/statorials.org\/tr\/masalar\/\" \/>\n<meta property=\"og:locale\" content=\"tr_TR\" \/>\n<meta property=\"og:type\" content=\"article\" \/>\n<meta property=\"og:title\" content=\"Masalar\" \/>\n<meta property=\"og:description\" content=\"Bu sayfada Statorialsde mevcut olan t\u00fcm kritik de\u011fer tablolar\u0131n\u0131n yan\u0131 s\u0131ra bu tablolar\u0131n nas\u0131l kullan\u0131laca\u011f\u0131na ili\u015fkin \u00e7e\u015fitli e\u011fitimler listelenmektedir. Kritik de\u011fer tablolar\u0131 nas\u0131l kullan\u0131l\u0131r? F da\u011f\u0131t\u0131m tablosundan P de\u011feri nas\u0131l bulunur? T da\u011f\u0131t\u0131m tablosundan P de\u011feri nas\u0131l bulunur? Ki kare da\u011f\u0131l\u0131m tablosundan P de\u011feri nas\u0131l bulunur? Binom da\u011f\u0131l\u0131m tablosu nas\u0131l okunur F da\u011f\u0131t\u0131m panosu nas\u0131l [&hellip;]\" \/>\n<meta property=\"og:url\" content=\"https:\/\/statorials.org\/tr\/masalar\/\" \/>\n<meta property=\"og:site_name\" content=\"Statorials\" \/>\n<meta name=\"twitter:card\" content=\"summary_large_image\" \/>\n<meta name=\"twitter:label1\" content=\"Tahmini okuma s\u00fcresi\" \/>\n\t<meta name=\"twitter:data1\" content=\"1 dakika\" \/>\n<script type=\"application\/ld+json\" class=\"yoast-schema-graph\">{\"@context\":\"https:\/\/schema.org\",\"@graph\":[{\"@type\":\"WebPage\",\"@id\":\"https:\/\/statorials.org\/tr\/masalar\/\",\"url\":\"https:\/\/statorials.org\/tr\/masalar\/\",\"name\":\"Masalar\",\"isPartOf\":{\"@id\":\"https:\/\/statorials.org\/tr\/#website\"},\"datePublished\":\"2023-10-05T19:36:35+00:00\",\"dateModified\":\"2023-10-05T19:36:35+00:00\",\"breadcrumb\":{\"@id\":\"https:\/\/statorials.org\/tr\/masalar\/#breadcrumb\"},\"inLanguage\":\"tr\",\"potentialAction\":[{\"@type\":\"ReadAction\",\"target\":[\"https:\/\/statorials.org\/tr\/masalar\/\"]}]},{\"@type\":\"BreadcrumbList\",\"@id\":\"https:\/\/statorials.org\/tr\/masalar\/#breadcrumb\",\"itemListElement\":[{\"@type\":\"ListItem\",\"position\":1,\"name\":\"Ev\",\"item\":\"https:\/\/statorials.org\/tr\/\"},{\"@type\":\"ListItem\",\"position\":2,\"name\":\"Masalar\"}]},{\"@type\":\"WebSite\",\"@id\":\"https:\/\/statorials.org\/tr\/#website\",\"url\":\"https:\/\/statorials.org\/tr\/\",\"name\":\"Statorials\",\"description\":\"\u0130statistik okuryazarl\u0131\u011f\u0131 rehberiniz!\",\"potentialAction\":[{\"@type\":\"SearchAction\",\"target\":{\"@type\":\"EntryPoint\",\"urlTemplate\":\"https:\/\/statorials.org\/tr\/?s={search_term_string}\"},\"query-input\":\"required name=search_term_string\"}],\"inLanguage\":\"tr\"}]}<\/script>\n<!-- \/ Yoast SEO plugin. -->","yoast_head_json":{"title":"Masalar","robots":{"index":"index","follow":"follow","max-snippet":"max-snippet:-1","max-image-preview":"max-image-preview:large","max-video-preview":"max-video-preview:-1"},"canonical":"https:\/\/statorials.org\/tr\/masalar\/","og_locale":"tr_TR","og_type":"article","og_title":"Masalar","og_description":"Bu sayfada Statorialsde mevcut olan t\u00fcm kritik de\u011fer tablolar\u0131n\u0131n yan\u0131 s\u0131ra bu tablolar\u0131n nas\u0131l kullan\u0131laca\u011f\u0131na ili\u015fkin \u00e7e\u015fitli e\u011fitimler listelenmektedir. Kritik de\u011fer tablolar\u0131 nas\u0131l kullan\u0131l\u0131r? F da\u011f\u0131t\u0131m tablosundan P de\u011feri nas\u0131l bulunur? T da\u011f\u0131t\u0131m tablosundan P de\u011feri nas\u0131l bulunur? Ki kare da\u011f\u0131l\u0131m tablosundan P de\u011feri nas\u0131l bulunur? Binom da\u011f\u0131l\u0131m tablosu nas\u0131l okunur F da\u011f\u0131t\u0131m panosu nas\u0131l [&hellip;]","og_url":"https:\/\/statorials.org\/tr\/masalar\/","og_site_name":"Statorials","twitter_card":"summary_large_image","twitter_misc":{"Tahmini okuma s\u00fcresi":"1 dakika"},"schema":{"@context":"https:\/\/schema.org","@graph":[{"@type":"WebPage","@id":"https:\/\/statorials.org\/tr\/masalar\/","url":"https:\/\/statorials.org\/tr\/masalar\/","name":"Masalar","isPartOf":{"@id":"https:\/\/statorials.org\/tr\/#website"},"datePublished":"2023-10-05T19:36:35+00:00","dateModified":"2023-10-05T19:36:35+00:00","breadcrumb":{"@id":"https:\/\/statorials.org\/tr\/masalar\/#breadcrumb"},"inLanguage":"tr","potentialAction":[{"@type":"ReadAction","target":["https:\/\/statorials.org\/tr\/masalar\/"]}]},{"@type":"BreadcrumbList","@id":"https:\/\/statorials.org\/tr\/masalar\/#breadcrumb","itemListElement":[{"@type":"ListItem","position":1,"name":"Ev","item":"https:\/\/statorials.org\/tr\/"},{"@type":"ListItem","position":2,"name":"Masalar"}]},{"@type":"WebSite","@id":"https:\/\/statorials.org\/tr\/#website","url":"https:\/\/statorials.org\/tr\/","name":"Statorials","description":"\u0130statistik okuryazarl\u0131\u011f\u0131 rehberiniz!","potentialAction":[{"@type":"SearchAction","target":{"@type":"EntryPoint","urlTemplate":"https:\/\/statorials.org\/tr\/?s={search_term_string}"},"query-input":"required name=search_term_string"}],"inLanguage":"tr"}]}},"yoast_meta":{"yoast_wpseo_title":"","yoast_wpseo_metadesc":"","yoast_wpseo_canonical":""},"_links":{"self":[{"href":"https:\/\/statorials.org\/tr\/wp-json\/wp\/v2\/pages\/5138","targetHints":{"allow":["GET"]}}],"collection":[{"href":"https:\/\/statorials.org\/tr\/wp-json\/wp\/v2\/pages"}],"about":[{"href":"https:\/\/statorials.org\/tr\/wp-json\/wp\/v2\/types\/page"}],"author":[{"embeddable":true,"href":"https:\/\/statorials.org\/tr\/wp-json\/wp\/v2\/users\/1"}],"replies":[{"embeddable":true,"href":"https:\/\/statorials.org\/tr\/wp-json\/wp\/v2\/comments?post=5138"}],"version-history":[{"count":0,"href":"https:\/\/statorials.org\/tr\/wp-json\/wp\/v2\/pages\/5138\/revisions"}],"wp:attachment":[{"href":"https:\/\/statorials.org\/tr\/wp-json\/wp\/v2\/media?parent=5138"}],"curies":[{"name":"wp","href":"https:\/\/api.w.org\/{rel}","templated":true}]}}