{"id":5143,"date":"2023-10-05T07:33:31","date_gmt":"2023-10-05T07:33:31","guid":{"rendered":"https:\/\/statorials.org\/tr\/makine-ogrenimi-egitimleri\/"},"modified":"2023-10-05T07:33:31","modified_gmt":"2023-10-05T07:33:31","slug":"makine-ogrenimi-egitimleri","status":"publish","type":"page","link":"https:\/\/statorials.org\/tr\/makine-ogrenimi-egitimleri\/","title":{"rendered":"Makine \u00f6\u011frenimi e\u011fitimleri"},"content":{"rendered":"<p><span style=\"color: #000000;\">Bu sayfa Statorialsde mevcut olan t\u00fcm makine \u00f6\u011frenimi e\u011fitimlerini listeler.<\/span><\/p>\n<p> <span style=\"color: #000000;\"><strong>Makine \u00d6\u011frenimine Giri\u015f<\/strong><\/span><br \/> <strong><a href=\"https:\/\/statorials.org\/tr\/denetimli-ve-denetimsiz-ogrenme\/\">Denetimli veya denetimsiz \u00f6\u011frenme<\/a><br \/> <a href=\"https:\/\/statorials.org\/tr\/regresyon-ve-siniflandirma\/\">Regresyon ve s\u0131n\u0131fland\u0131rma algoritmalar\u0131<\/a><br \/> <a href=\"https:\/\/statorials.org\/tr\/onyargi-varyansi-uzlasmasi\/\">\u00d6nyarg\u0131-varyans de\u011fi\u015fimi<\/a><\/strong><\/p>\n<p> <span style=\"color: #000000;\"><strong>Do\u011frusal regresyon<\/strong><\/span><br \/> <strong><a href=\"https:\/\/statorials.org\/tr\/dogrusal-regresyon-1\/\">Basit do\u011frusal regresyon<\/a><\/strong> <span style=\"color: #000000;\">( <a href=\"https:\/\/statorials.org\/tr\/rde-basit-dogrusal-regresyon\/\">R<\/a> , <a href=\"https:\/\/statorials.org\/tr\/pythonda-basit-dogrusal-regresyon\/\">Python<\/a> )<br \/><\/span> <strong><a href=\"https:\/\/statorials.org\/tr\/coklu-dogrusal-regresyon\/\">\u00c7oklu do\u011frusal regresyon<\/a><\/strong> <span style=\"color: #000000;\">( <a href=\"https:\/\/statorials.org\/tr\/coklu-dogrusal-regresyon-r\/\">R<\/a> , <a href=\"https:\/\/statorials.org\/tr\/dogrusal-regresyon-pitonu\/\">Python<\/a> )<br \/><\/span><\/p>\n<p> <span style=\"color: #000000;\"><strong>s\u0131n\u0131fland\u0131rma<\/strong><\/span><br \/> <strong><a href=\"https:\/\/statorials.org\/tr\/lojistik-regresyon-1\/\">Lojistik regresyon<\/a><\/strong> <span style=\"color: #000000;\">(R, <a href=\"https:\/\/statorials.org\/tr\/lojistik-regresyon-pitonu\/\">Python<\/a> )<\/span><br \/> <strong><a href=\"https:\/\/statorials.org\/tr\/dogrusal-diskriminant-analizi\/\">Do\u011frusal diskriminant analizi<\/a><\/strong> <span style=\"color: #000000;\">( R , <a href=\"https:\/\/statorials.org\/tr\/pythonda-dogrusal-diskriminant-analizi\/\">Python<\/a> )<\/span><br \/> <strong><a href=\"https:\/\/statorials.org\/tr\/ikinci-dereceden-diskriminant-analizi\/\">\u0130kinci dereceden diskriminant analizi<\/a><\/strong> <span style=\"color: #000000;\">( <a href=\"https:\/\/statorials.org\/tr\/rde-ikinci-dereceden-diskriminant-analizi\/\">R<\/a> , <a href=\"https:\/\/statorials.org\/tr\/pythonda-ikinci-dereceden-diskriminant-analizi\/\">Python<\/a> )<\/span><\/p>\n<p> <span style=\"color: #000000;\"><strong>Model yeterlili\u011fi nas\u0131l de\u011ferlendirilir?<\/strong><\/span><br \/> <strong><a href=\"https:\/\/statorials.org\/tr\/makine-ogrenimi-asiri-uyumu\/\">A\u015f\u0131r\u0131 uyum nedir?<\/a><br \/> <a href=\"https:\/\/statorials.org\/tr\/tek-bir-capraz-dogrulama-birakin\/\">Birini D\u0131\u015far\u0131da B\u0131rakma \u00c7apraz Do\u011frulama<\/a><\/strong> <span style=\"color: #000000;\">( <a href=\"https:\/\/statorials.org\/tr\/rde-capraz-dogrulamayi-disarida-birakin\/\">R<\/a> , <a href=\"https:\/\/statorials.org\/tr\/pythonda-capraz-dogrulamadan-birinin-cikmasina-izin-ver\/\">Python<\/a> )<\/span><br \/> <strong><a href=\"https:\/\/statorials.org\/tr\/k-kat-capraz-dogrulama\/\">K-Katlama \u00e7apraz do\u011frulama<\/a><\/strong> <span style=\"color: #000000;\">( <a href=\"https:\/\/statorials.org\/tr\/rde-k-kat-capraz-dogrulama\/\">R<\/a> , <a href=\"https:\/\/statorials.org\/tr\/pythonda-k-katlama-capraz-dogrulama\/\">Python<\/a> )<\/span><\/p>\n<p> <strong><span style=\"color: #000000;\">Model se\u00e7imi<br \/><\/span> <a href=\"https:\/\/statorials.org\/tr\/alt-kumelerin-en-iyi-secimi\/\">En iyi alt k\u00fcme se\u00e7imi<\/a><br \/> <a href=\"https:\/\/statorials.org\/tr\/asamalara-gore-secim\/\">Ad\u0131m ad\u0131m se\u00e7im<\/a><\/strong> <span style=\"color: #000000;\">( <a href=\"https:\/\/statorials.org\/tr\/adim-adim-regresyon-r\/\">R<\/a> )<\/span><\/p>\n<p> <span style=\"color: #000000;\"><strong>D\u00fczenleme<\/strong><\/span><br \/> <strong><a href=\"https:\/\/statorials.org\/tr\/sirtin-gerilemesi\/\">Ridge Regresyon<\/a><\/strong> <span style=\"color: #000000;\">( <a href=\"https:\/\/statorials.org\/tr\/rde-tepe-regresyonu\/\">R<\/a> , <a href=\"https:\/\/statorials.org\/tr\/pythonda-kret-regresyonu\/\">Python<\/a> )<\/span><br \/> <strong><a href=\"https:\/\/statorials.org\/tr\/kement-regresyonu\/\">Kement Regresyon<\/a><\/strong> <span style=\"color: #000000;\">( <a href=\"https:\/\/statorials.org\/tr\/rde-kement-regresyonu\/\">R<\/a> , <a href=\"https:\/\/statorials.org\/tr\/pythonda-kement-regresyonu\/\">Python<\/a> )<\/span><\/p>\n<p> <strong><span style=\"color: #000000;\">Boyutsal k\u00fc\u00e7\u00fcltme<br \/><\/span> <a href=\"https:\/\/statorials.org\/tr\/temel-bilesenler-regresyonu\/\">Temel bile\u015fen regresyonu<\/a><\/strong> <span style=\"color: #000000;\"><a href=\"https:\/\/statorials.org\/tr\/rde-temel-bilesenler-regresyonu\/\">(R<\/a> , <a href=\"https:\/\/statorials.org\/tr\/pythonda-ana-bilesenlerin-regresyonu\/\">Python<\/a> )<\/span><br \/> <strong><a href=\"https:\/\/statorials.org\/tr\/kismi-en-kucuk-kareler\/\">K\u0131smi en k\u00fc\u00e7\u00fck kareler<\/a><\/strong> <span style=\"color: #000000;\">( <a href=\"https:\/\/statorials.org\/tr\/rde-kismi-en-kucuk-kareler\/\">R<\/a> , <a href=\"https:\/\/statorials.org\/tr\/pythonda-en-az-kismi-kenarlar\/\">Python<\/a> )<\/span><\/p>\n<p> <strong><span style=\"color: #000000;\">Geli\u015fmi\u015f regresyon modelleri<\/span><br \/> <a href=\"https:\/\/statorials.org\/tr\/polinom-regresyonu-1\/\">Polinom regresyonu<\/a><\/strong> <span style=\"color: #000000;\">( <a href=\"https:\/\/statorials.org\/tr\/polinom-regresyon-r\/\" target=\"_blank\" rel=\"noopener noreferrer\">R<\/a> , <a href=\"https:\/\/statorials.org\/tr\/polinom-regresyon-pitonu\/\" target=\"_blank\" rel=\"noopener noreferrer\">Python<\/a> )<\/span><br \/> <strong><a href=\"https:\/\/statorials.org\/tr\/cok-degiskenli-uyarlanabilir-regresyon-egrileri\/\" rel=\"noopener noreferrer\">\u00c7ok de\u011fi\u015fkenli uyarlanabilir regresyon e\u011frileri<\/a><\/strong> <span style=\"color: #000000;\">( <a href=\"https:\/\/statorials.org\/tr\/rde-cok-degiskenli-uyarlanabilir-regresyon-egrileri\/\">R<\/a> , Python)<\/span><\/p>\n<p> <span style=\"color: #000000;\"><strong>A\u011fa\u00e7 tabanl\u0131 y\u00f6ntemler<\/strong><\/span><br \/> <strong><a href=\"https:\/\/statorials.org\/tr\/siniflandirma-ve-regresyon-agaclari\/\">S\u0131n\u0131fland\u0131rma ve regresyon a\u011fa\u00e7lar\u0131<\/a><\/strong> <span style=\"color: #000000;\">( <a href=\"https:\/\/statorials.org\/tr\/rde-siniflandirma-ve-regresyon-agaclari\/\">R<\/a> )<\/span><br \/> <strong><a href=\"https:\/\/statorials.org\/tr\/torbalama-makine-ogrenimi\/\">Torbalama<\/a><\/strong> <span style=\"color: #000000;\">( <a href=\"https:\/\/statorials.org\/tr\/rde-torbalama\/\">R<\/a> )<\/span><br \/> <strong><a href=\"https:\/\/statorials.org\/tr\/rastgele-matkaplar\/\">Rastgele ormanlar<\/a><\/strong> <span style=\"color: #000000;\">( <a href=\"https:\/\/statorials.org\/tr\/rde-rastgele-matkap\/\">R<\/a> )<\/span><br \/> <strong><a href=\"https:\/\/statorials.org\/tr\/makine-ogrenimini-artirin\/\">Artt\u0131rma<\/a><\/strong> <span style=\"color: #000000;\">( <a href=\"https:\/\/statorials.org\/tr\/rde-xgboost\/\">R<\/a> )<\/span><\/p>\n<p> <span style=\"color: #000000;\"><strong>Denetimsiz \u00f6\u011frenme<\/strong><\/span> <strong><br \/><a href=\"https:\/\/statorials.org\/tr\/rde-temel-bilesen-analizi\/\" rel=\"noopener noreferrer\">R&#8217;de temel bile\u015fen analizi<\/a><br \/> <a href=\"https:\/\/statorials.org\/tr\/k-rde-gruplama-anlamina-gelir\/\">K-R&#8217;de K\u00fcmeleme Anlam\u0131na Gelir<\/a><br \/> <a href=\"https:\/\/statorials.org\/tr\/rdeki-k-medoidler\/\">R&#8217;de k\u00fcmelenen K-Medoidler<\/a><br \/><\/strong><\/p>\n","protected":false},"excerpt":{"rendered":"<p>Bu sayfa Statorialsde mevcut olan t\u00fcm makine \u00f6\u011frenimi e\u011fitimlerini listeler. Makine \u00d6\u011frenimine Giri\u015f Denetimli veya denetimsiz \u00f6\u011frenme Regresyon ve s\u0131n\u0131fland\u0131rma algoritmalar\u0131 \u00d6nyarg\u0131-varyans de\u011fi\u015fimi Do\u011frusal regresyon Basit do\u011frusal regresyon ( R , Python ) \u00c7oklu do\u011frusal regresyon ( R , Python ) s\u0131n\u0131fland\u0131rma Lojistik regresyon (R, Python ) Do\u011frusal diskriminant analizi ( R , Python ) [&hellip;]<\/p>\n","protected":false},"author":1,"featured_media":0,"parent":0,"menu_order":0,"comment_status":"closed","ping_status":"closed","template":"","meta":{"footnotes":""},"class_list":["post-5143","page","type-page","status-publish","hentry"],"yoast_head":"<!-- This site is optimized with the Yoast SEO plugin v21.3 - https:\/\/yoast.com\/wordpress\/plugins\/seo\/ -->\n<title>Makine \u00f6\u011frenimi e\u011fitimleri<\/title>\n<meta name=\"robots\" content=\"index, follow, max-snippet:-1, max-image-preview:large, max-video-preview:-1\" \/>\n<link rel=\"canonical\" href=\"https:\/\/statorials.org\/tr\/makine-ogrenimi-egitimleri\/\" \/>\n<meta property=\"og:locale\" content=\"tr_TR\" \/>\n<meta property=\"og:type\" content=\"article\" \/>\n<meta property=\"og:title\" content=\"Makine \u00f6\u011frenimi e\u011fitimleri\" \/>\n<meta property=\"og:description\" content=\"Bu sayfa Statorialsde mevcut olan t\u00fcm makine \u00f6\u011frenimi e\u011fitimlerini listeler. Makine \u00d6\u011frenimine Giri\u015f Denetimli veya denetimsiz \u00f6\u011frenme Regresyon ve s\u0131n\u0131fland\u0131rma algoritmalar\u0131 \u00d6nyarg\u0131-varyans de\u011fi\u015fimi Do\u011frusal regresyon Basit do\u011frusal regresyon ( R , Python ) \u00c7oklu do\u011frusal regresyon ( R , Python ) s\u0131n\u0131fland\u0131rma Lojistik regresyon (R, Python ) Do\u011frusal diskriminant analizi ( R , Python ) [&hellip;]\" \/>\n<meta property=\"og:url\" content=\"https:\/\/statorials.org\/tr\/makine-ogrenimi-egitimleri\/\" \/>\n<meta property=\"og:site_name\" content=\"Statorials\" \/>\n<meta name=\"twitter:card\" content=\"summary_large_image\" \/>\n<meta name=\"twitter:label1\" content=\"Tahmini okuma s\u00fcresi\" \/>\n\t<meta name=\"twitter:data1\" content=\"1 dakika\" \/>\n<script type=\"application\/ld+json\" class=\"yoast-schema-graph\">{\"@context\":\"https:\/\/schema.org\",\"@graph\":[{\"@type\":\"WebPage\",\"@id\":\"https:\/\/statorials.org\/tr\/makine-ogrenimi-egitimleri\/\",\"url\":\"https:\/\/statorials.org\/tr\/makine-ogrenimi-egitimleri\/\",\"name\":\"Makine \u00f6\u011frenimi e\u011fitimleri\",\"isPartOf\":{\"@id\":\"https:\/\/statorials.org\/tr\/#website\"},\"datePublished\":\"2023-10-05T07:33:31+00:00\",\"dateModified\":\"2023-10-05T07:33:31+00:00\",\"breadcrumb\":{\"@id\":\"https:\/\/statorials.org\/tr\/makine-ogrenimi-egitimleri\/#breadcrumb\"},\"inLanguage\":\"tr\",\"potentialAction\":[{\"@type\":\"ReadAction\",\"target\":[\"https:\/\/statorials.org\/tr\/makine-ogrenimi-egitimleri\/\"]}]},{\"@type\":\"BreadcrumbList\",\"@id\":\"https:\/\/statorials.org\/tr\/makine-ogrenimi-egitimleri\/#breadcrumb\",\"itemListElement\":[{\"@type\":\"ListItem\",\"position\":1,\"name\":\"Ev\",\"item\":\"https:\/\/statorials.org\/tr\/\"},{\"@type\":\"ListItem\",\"position\":2,\"name\":\"Makine \u00f6\u011frenimi e\u011fitimleri\"}]},{\"@type\":\"WebSite\",\"@id\":\"https:\/\/statorials.org\/tr\/#website\",\"url\":\"https:\/\/statorials.org\/tr\/\",\"name\":\"Statorials\",\"description\":\"\u0130statistik okuryazarl\u0131\u011f\u0131 rehberiniz!\",\"potentialAction\":[{\"@type\":\"SearchAction\",\"target\":{\"@type\":\"EntryPoint\",\"urlTemplate\":\"https:\/\/statorials.org\/tr\/?s={search_term_string}\"},\"query-input\":\"required name=search_term_string\"}],\"inLanguage\":\"tr\"}]}<\/script>\n<!-- \/ Yoast SEO plugin. -->","yoast_head_json":{"title":"Makine \u00f6\u011frenimi e\u011fitimleri","robots":{"index":"index","follow":"follow","max-snippet":"max-snippet:-1","max-image-preview":"max-image-preview:large","max-video-preview":"max-video-preview:-1"},"canonical":"https:\/\/statorials.org\/tr\/makine-ogrenimi-egitimleri\/","og_locale":"tr_TR","og_type":"article","og_title":"Makine \u00f6\u011frenimi e\u011fitimleri","og_description":"Bu sayfa Statorialsde mevcut olan t\u00fcm makine \u00f6\u011frenimi e\u011fitimlerini listeler. Makine \u00d6\u011frenimine Giri\u015f Denetimli veya denetimsiz \u00f6\u011frenme Regresyon ve s\u0131n\u0131fland\u0131rma algoritmalar\u0131 \u00d6nyarg\u0131-varyans de\u011fi\u015fimi Do\u011frusal regresyon Basit do\u011frusal regresyon ( R , Python ) \u00c7oklu do\u011frusal regresyon ( R , Python ) s\u0131n\u0131fland\u0131rma Lojistik regresyon (R, Python ) Do\u011frusal diskriminant analizi ( R , Python ) [&hellip;]","og_url":"https:\/\/statorials.org\/tr\/makine-ogrenimi-egitimleri\/","og_site_name":"Statorials","twitter_card":"summary_large_image","twitter_misc":{"Tahmini okuma s\u00fcresi":"1 dakika"},"schema":{"@context":"https:\/\/schema.org","@graph":[{"@type":"WebPage","@id":"https:\/\/statorials.org\/tr\/makine-ogrenimi-egitimleri\/","url":"https:\/\/statorials.org\/tr\/makine-ogrenimi-egitimleri\/","name":"Makine \u00f6\u011frenimi e\u011fitimleri","isPartOf":{"@id":"https:\/\/statorials.org\/tr\/#website"},"datePublished":"2023-10-05T07:33:31+00:00","dateModified":"2023-10-05T07:33:31+00:00","breadcrumb":{"@id":"https:\/\/statorials.org\/tr\/makine-ogrenimi-egitimleri\/#breadcrumb"},"inLanguage":"tr","potentialAction":[{"@type":"ReadAction","target":["https:\/\/statorials.org\/tr\/makine-ogrenimi-egitimleri\/"]}]},{"@type":"BreadcrumbList","@id":"https:\/\/statorials.org\/tr\/makine-ogrenimi-egitimleri\/#breadcrumb","itemListElement":[{"@type":"ListItem","position":1,"name":"Ev","item":"https:\/\/statorials.org\/tr\/"},{"@type":"ListItem","position":2,"name":"Makine \u00f6\u011frenimi e\u011fitimleri"}]},{"@type":"WebSite","@id":"https:\/\/statorials.org\/tr\/#website","url":"https:\/\/statorials.org\/tr\/","name":"Statorials","description":"\u0130statistik okuryazarl\u0131\u011f\u0131 rehberiniz!","potentialAction":[{"@type":"SearchAction","target":{"@type":"EntryPoint","urlTemplate":"https:\/\/statorials.org\/tr\/?s={search_term_string}"},"query-input":"required name=search_term_string"}],"inLanguage":"tr"}]}},"yoast_meta":{"yoast_wpseo_title":"","yoast_wpseo_metadesc":"","yoast_wpseo_canonical":""},"_links":{"self":[{"href":"https:\/\/statorials.org\/tr\/wp-json\/wp\/v2\/pages\/5143","targetHints":{"allow":["GET"]}}],"collection":[{"href":"https:\/\/statorials.org\/tr\/wp-json\/wp\/v2\/pages"}],"about":[{"href":"https:\/\/statorials.org\/tr\/wp-json\/wp\/v2\/types\/page"}],"author":[{"embeddable":true,"href":"https:\/\/statorials.org\/tr\/wp-json\/wp\/v2\/users\/1"}],"replies":[{"embeddable":true,"href":"https:\/\/statorials.org\/tr\/wp-json\/wp\/v2\/comments?post=5143"}],"version-history":[{"count":0,"href":"https:\/\/statorials.org\/tr\/wp-json\/wp\/v2\/pages\/5143\/revisions"}],"wp:attachment":[{"href":"https:\/\/statorials.org\/tr\/wp-json\/wp\/v2\/media?parent=5143"}],"curies":[{"name":"wp","href":"https:\/\/api.w.org\/{rel}","templated":true}]}}