{"id":5145,"date":"2023-10-05T04:05:32","date_gmt":"2023-10-05T04:05:32","guid":{"rendered":"https:\/\/statorials.org\/tr\/mongodb-kilavuzlari\/"},"modified":"2023-10-05T04:05:32","modified_gmt":"2023-10-05T04:05:32","slug":"mongodb-kilavuzlari","status":"publish","type":"page","link":"https:\/\/statorials.org\/tr\/mongodb-kilavuzlari\/","title":{"rendered":"Mongodb k\u0131lavuzlar\u0131"},"content":{"rendered":"<p><span style=\"color: #000000;\"><strong>MongoDB<\/strong> d\u00fcnyan\u0131n en pop\u00fcler <a href=\"https:\/\/en.wikipedia.org\/wiki\/NoSQL\" target=\"_blank\" rel=\"noopener\">NoSQL<\/a> veritabanlar\u0131ndan biridir.<\/span><\/p>\n<p> <span style=\"color: #000000;\">Bu sayfa istatistiklerle ilgili t\u00fcm MongoDB e\u011fitimlerini listeler.<\/span><\/p>\n<p> <strong><span style=\"color: #000000;\">Sorular<\/span><\/strong><br \/> <strong><a href=\"https:\/\/statorials.org\/tr\/mongodba-benzer-sorgu\/\" rel=\"noopener\">MongoDB: &#8220;Be\u011fen&#8221; normal ifadesiyle nas\u0131l sorgulama yap\u0131l\u0131r?<\/a><br \/> <a href=\"https:\/\/statorials.org\/tr\/mongodb-sorgu-tarih-araligi\/\">MongoDB: Bir tarih aral\u0131\u011f\u0131yla sorgulama nas\u0131l yap\u0131l\u0131r<\/a><br \/> <a href=\"https:\/\/statorials.org\/tr\/mongodb-bos-degil\/\">MongoDB: Belirli bir alanda &#8220;bo\u015f de\u011fil&#8221; nas\u0131l aran\u0131r<\/a><br \/> <a href=\"https:\/\/statorials.org\/tr\/mongodb-iceride-degil\/\">MongoDB: \u201cNO IN\u201d sorgusu nas\u0131l kullan\u0131l\u0131r?<\/a><br \/> <a href=\"https:\/\/statorials.org\/tr\/mongodb-farkli\/\">MongoDB: Sorgularda &#8220;E\u015fit De\u011fil&#8221; nas\u0131l kullan\u0131l\u0131r?<\/a><br \/> <a href=\"https:\/\/statorials.org\/tr\/mongodb-ve\/\">MongoDB: Sorgularda AND operat\u00f6r\u00fc nas\u0131l kullan\u0131l\u0131r?<\/a><br \/> <a href=\"https:\/\/statorials.org\/tr\/mongodb-veya\/\">MongoDB: OR operat\u00f6r\u00fc sorgularda nas\u0131l kullan\u0131l\u0131r?<\/a><br \/> <a href=\"https:\/\/statorials.org\/tr\/mongodb-buyukten-kucuge\/\">MongoDB: Sorgularda b\u00fcy\u00fckt\u00fcr ve k\u00fc\u00e7\u00fckt\u00fcr nas\u0131l kullan\u0131l\u0131r?<\/a><br \/> <a href=\"https:\/\/statorials.org\/tr\/mongodb-rastgele-ornegi\/\">MongoDB: Rastgele bir belge \u00f6rne\u011fi nas\u0131l se\u00e7ilir?<\/a><br \/> <a href=\"https:\/\/statorials.org\/tr\/mongodb-kimlige-gore-bir-belge-nasil-bulunur\/\">MongoDB: Kimli\u011fe g\u00f6re bir belge nas\u0131l aran\u0131r?<\/a><br \/><\/strong><\/p>\n<p> <strong><span style=\"color: #000000;\">Toplama<\/span><\/strong><br \/> <strong><a href=\"https:\/\/statorials.org\/tr\/mongodb-numarasina-gore-grup\/\" rel=\"noopener\">MongoDB: Nas\u0131l grupland\u0131r\u0131l\u0131r ve say\u0131l\u0131r?<\/a><br \/> <a href=\"https:\/\/statorials.org\/tr\/toplama-gore-mongodb-grubu\/\">MongoDB: Nas\u0131l grupland\u0131r\u0131l\u0131r ve toplan\u0131r?<\/a><br \/> <a href=\"https:\/\/statorials.org\/tr\/birden-fazla-alana-gore-mongodb-grubu\/\">MongoDB: Birden fazla alana g\u00f6re nas\u0131l grupland\u0131r\u0131l\u0131r<\/a><br \/> <a href=\"https:\/\/statorials.org\/tr\/mongodb-ayri-hesap\/\">MongoDB: Bir alandaki farkl\u0131 de\u011ferler nas\u0131l say\u0131l\u0131r?<\/a><br \/> <a href=\"https:\/\/statorials.org\/tr\/mongodb-birden-fazla-farkli-alan\/\">MongoDB: Birden fazla alandan farkl\u0131 de\u011ferler nas\u0131l se\u00e7ilir<\/a><br \/> <a href=\"https:\/\/statorials.org\/tr\/maksimum-mongodb-degeri\/\">MongoDB: Bir koleksiyondaki maksimum de\u011fer nas\u0131l bulunur?<\/a><br \/> <a href=\"https:\/\/statorials.org\/tr\/ortalama-mongodb\/\">MongoDB: Bir alan\u0131n ortalama de\u011feri nas\u0131l hesaplan\u0131r<\/a><br \/> <a href=\"https:\/\/statorials.org\/tr\/toplam-mongodb\/\">MongoDB: Bir alan\u0131n toplam\u0131 nas\u0131l hesaplan\u0131r<\/a><br \/> <a href=\"https:\/\/statorials.org\/tr\/mongodb-kopyalari-bulur\/\">MongoDB: Kopyalar nas\u0131l bulunur?<\/a><br \/> <a href=\"https:\/\/statorials.org\/tr\/mongodb-tarihe-gore-sirala\/\">MongoDB: Tarihe g\u00f6re nas\u0131l s\u0131ralan\u0131r<\/a><br \/> <a href=\"https:\/\/statorials.org\/tr\/mongodb-birden-fazla-alana-gore-siralama\/\">MongoDB: Birden fazla alana g\u00f6re nas\u0131l s\u0131ralama yap\u0131l\u0131r<\/a><br \/><\/strong><\/p>\n<p> <strong><span style=\"color: #000000;\">Operasyonlar<\/span><\/strong><br \/> <strong><a href=\"https:\/\/statorials.org\/tr\/mongodb-alan-ekleme\/\" rel=\"noopener\">MongoDB: Yeni bir alan nas\u0131l eklenir<\/a><br \/> <a href=\"https:\/\/statorials.org\/tr\/mongodb-silme-alani\/\">MongoDB: Bir alan nas\u0131l silinir<\/a><br \/> <a href=\"https:\/\/statorials.org\/tr\/mongodb-yeniden-adlandirma-alani\/\">MongoDB: Alanlar nas\u0131l yeniden adland\u0131r\u0131l\u0131r<\/a><br \/> <a href=\"https:\/\/statorials.org\/tr\/mongodb-liste-alanlari\/\">MongoDB: T\u00fcm alan adlar\u0131 nas\u0131l listelenir<\/a><br \/> <a href=\"https:\/\/statorials.org\/tr\/mongodb-alanin-mevcut-olup-olmadigini-kontrol-eder\/\">MongoDB: Alan\u0131n mevcut olup olmad\u0131\u011f\u0131 nas\u0131l kontrol edilir<\/a><br \/> <a href=\"https:\/\/statorials.org\/tr\/eger-mevcut-degilse-mongodb-ekle\/\">MongoDB: Mevcut de\u011filse nas\u0131l eklenir?<\/a><br \/> <a href=\"https:\/\/statorials.org\/tr\/mongodb-sunlari-icerir\/\" rel=\"noopener\">MongoDB: Alan\u0131n bir dize i\u00e7erip i\u00e7ermedi\u011fi nas\u0131l kontrol edilir<\/a><br \/> <a href=\"https:\/\/statorials.org\/tr\/mongodb-birlestirme-dizeleri\/\">MongoDB: \u0130ki alan\u0131n dizeleri nas\u0131l birle\u015ftirilir<\/a><br \/> <a href=\"https:\/\/statorials.org\/tr\/mongodb-bolunmus-dize\/\">MongoDB: Bir dizeyi bir alt dize dizisine nas\u0131l b\u00f6lebilirim?<\/a><br \/> <a href=\"https:\/\/statorials.org\/tr\/mongodb-alt-dizesi\/\">MongoDB: Alt dize i\u015flevi nas\u0131l kullan\u0131l\u0131r?<\/a><br \/> <a href=\"https:\/\/statorials.org\/tr\/mongodb-dize-uzunlugu\/\">MongoDB: Bir dizenin uzunlu\u011fu nas\u0131l bulunur?<\/a><br \/> <a href=\"https:\/\/statorials.org\/tr\/mongodb-degistirme-dizesi\/\">MongoDB: Dizeler nas\u0131l de\u011fi\u015ftirilir?<\/a><br \/><\/strong><\/p>\n","protected":false},"excerpt":{"rendered":"<p>MongoDB d\u00fcnyan\u0131n en pop\u00fcler NoSQL veritabanlar\u0131ndan biridir. Bu sayfa istatistiklerle ilgili t\u00fcm MongoDB e\u011fitimlerini listeler. Sorular MongoDB: &#8220;Be\u011fen&#8221; normal ifadesiyle nas\u0131l sorgulama yap\u0131l\u0131r? MongoDB: Bir tarih aral\u0131\u011f\u0131yla sorgulama nas\u0131l yap\u0131l\u0131r MongoDB: Belirli bir alanda &#8220;bo\u015f de\u011fil&#8221; nas\u0131l aran\u0131r MongoDB: \u201cNO IN\u201d sorgusu nas\u0131l kullan\u0131l\u0131r? MongoDB: Sorgularda &#8220;E\u015fit De\u011fil&#8221; nas\u0131l kullan\u0131l\u0131r? MongoDB: Sorgularda AND operat\u00f6r\u00fc nas\u0131l [&hellip;]<\/p>\n","protected":false},"author":1,"featured_media":0,"parent":0,"menu_order":0,"comment_status":"closed","ping_status":"closed","template":"","meta":{"footnotes":""},"class_list":["post-5145","page","type-page","status-publish","hentry"],"yoast_head":"<!-- This site is optimized with the Yoast SEO plugin v21.3 - https:\/\/yoast.com\/wordpress\/plugins\/seo\/ -->\n<title>MongoDB K\u0131lavuzlar\u0131<\/title>\n<meta name=\"robots\" content=\"index, follow, max-snippet:-1, max-image-preview:large, max-video-preview:-1\" \/>\n<link rel=\"canonical\" href=\"https:\/\/statorials.org\/tr\/mongodb-kilavuzlari\/\" \/>\n<meta property=\"og:locale\" content=\"tr_TR\" \/>\n<meta property=\"og:type\" content=\"article\" \/>\n<meta property=\"og:title\" content=\"MongoDB K\u0131lavuzlar\u0131\" \/>\n<meta property=\"og:description\" content=\"MongoDB d\u00fcnyan\u0131n en pop\u00fcler NoSQL veritabanlar\u0131ndan biridir. Bu sayfa istatistiklerle ilgili t\u00fcm MongoDB e\u011fitimlerini listeler. Sorular MongoDB: &#8220;Be\u011fen&#8221; normal ifadesiyle nas\u0131l sorgulama yap\u0131l\u0131r? MongoDB: Bir tarih aral\u0131\u011f\u0131yla sorgulama nas\u0131l yap\u0131l\u0131r MongoDB: Belirli bir alanda &#8220;bo\u015f de\u011fil&#8221; nas\u0131l aran\u0131r MongoDB: \u201cNO IN\u201d sorgusu nas\u0131l kullan\u0131l\u0131r? MongoDB: Sorgularda &#8220;E\u015fit De\u011fil&#8221; nas\u0131l kullan\u0131l\u0131r? MongoDB: Sorgularda AND operat\u00f6r\u00fc nas\u0131l [&hellip;]\" \/>\n<meta property=\"og:url\" content=\"https:\/\/statorials.org\/tr\/mongodb-kilavuzlari\/\" \/>\n<meta property=\"og:site_name\" content=\"Statorials\" \/>\n<meta name=\"twitter:card\" content=\"summary_large_image\" \/>\n<meta name=\"twitter:label1\" content=\"Tahmini okuma s\u00fcresi\" \/>\n\t<meta name=\"twitter:data1\" content=\"2 dakika\" \/>\n<script type=\"application\/ld+json\" class=\"yoast-schema-graph\">{\"@context\":\"https:\/\/schema.org\",\"@graph\":[{\"@type\":\"WebPage\",\"@id\":\"https:\/\/statorials.org\/tr\/mongodb-kilavuzlari\/\",\"url\":\"https:\/\/statorials.org\/tr\/mongodb-kilavuzlari\/\",\"name\":\"MongoDB K\u0131lavuzlar\u0131\",\"isPartOf\":{\"@id\":\"https:\/\/statorials.org\/tr\/#website\"},\"datePublished\":\"2023-10-05T04:05:32+00:00\",\"dateModified\":\"2023-10-05T04:05:32+00:00\",\"breadcrumb\":{\"@id\":\"https:\/\/statorials.org\/tr\/mongodb-kilavuzlari\/#breadcrumb\"},\"inLanguage\":\"tr\",\"potentialAction\":[{\"@type\":\"ReadAction\",\"target\":[\"https:\/\/statorials.org\/tr\/mongodb-kilavuzlari\/\"]}]},{\"@type\":\"BreadcrumbList\",\"@id\":\"https:\/\/statorials.org\/tr\/mongodb-kilavuzlari\/#breadcrumb\",\"itemListElement\":[{\"@type\":\"ListItem\",\"position\":1,\"name\":\"Ev\",\"item\":\"https:\/\/statorials.org\/tr\/\"},{\"@type\":\"ListItem\",\"position\":2,\"name\":\"Mongodb k\u0131lavuzlar\u0131\"}]},{\"@type\":\"WebSite\",\"@id\":\"https:\/\/statorials.org\/tr\/#website\",\"url\":\"https:\/\/statorials.org\/tr\/\",\"name\":\"Statorials\",\"description\":\"\u0130statistik okuryazarl\u0131\u011f\u0131 rehberiniz!\",\"potentialAction\":[{\"@type\":\"SearchAction\",\"target\":{\"@type\":\"EntryPoint\",\"urlTemplate\":\"https:\/\/statorials.org\/tr\/?s={search_term_string}\"},\"query-input\":\"required name=search_term_string\"}],\"inLanguage\":\"tr\"}]}<\/script>\n<!-- \/ Yoast SEO plugin. -->","yoast_head_json":{"title":"MongoDB K\u0131lavuzlar\u0131","robots":{"index":"index","follow":"follow","max-snippet":"max-snippet:-1","max-image-preview":"max-image-preview:large","max-video-preview":"max-video-preview:-1"},"canonical":"https:\/\/statorials.org\/tr\/mongodb-kilavuzlari\/","og_locale":"tr_TR","og_type":"article","og_title":"MongoDB K\u0131lavuzlar\u0131","og_description":"MongoDB d\u00fcnyan\u0131n en pop\u00fcler NoSQL veritabanlar\u0131ndan biridir. Bu sayfa istatistiklerle ilgili t\u00fcm MongoDB e\u011fitimlerini listeler. Sorular MongoDB: &#8220;Be\u011fen&#8221; normal ifadesiyle nas\u0131l sorgulama yap\u0131l\u0131r? MongoDB: Bir tarih aral\u0131\u011f\u0131yla sorgulama nas\u0131l yap\u0131l\u0131r MongoDB: Belirli bir alanda &#8220;bo\u015f de\u011fil&#8221; nas\u0131l aran\u0131r MongoDB: \u201cNO IN\u201d sorgusu nas\u0131l kullan\u0131l\u0131r? MongoDB: Sorgularda &#8220;E\u015fit De\u011fil&#8221; nas\u0131l kullan\u0131l\u0131r? MongoDB: Sorgularda AND operat\u00f6r\u00fc nas\u0131l [&hellip;]","og_url":"https:\/\/statorials.org\/tr\/mongodb-kilavuzlari\/","og_site_name":"Statorials","twitter_card":"summary_large_image","twitter_misc":{"Tahmini okuma s\u00fcresi":"2 dakika"},"schema":{"@context":"https:\/\/schema.org","@graph":[{"@type":"WebPage","@id":"https:\/\/statorials.org\/tr\/mongodb-kilavuzlari\/","url":"https:\/\/statorials.org\/tr\/mongodb-kilavuzlari\/","name":"MongoDB K\u0131lavuzlar\u0131","isPartOf":{"@id":"https:\/\/statorials.org\/tr\/#website"},"datePublished":"2023-10-05T04:05:32+00:00","dateModified":"2023-10-05T04:05:32+00:00","breadcrumb":{"@id":"https:\/\/statorials.org\/tr\/mongodb-kilavuzlari\/#breadcrumb"},"inLanguage":"tr","potentialAction":[{"@type":"ReadAction","target":["https:\/\/statorials.org\/tr\/mongodb-kilavuzlari\/"]}]},{"@type":"BreadcrumbList","@id":"https:\/\/statorials.org\/tr\/mongodb-kilavuzlari\/#breadcrumb","itemListElement":[{"@type":"ListItem","position":1,"name":"Ev","item":"https:\/\/statorials.org\/tr\/"},{"@type":"ListItem","position":2,"name":"Mongodb k\u0131lavuzlar\u0131"}]},{"@type":"WebSite","@id":"https:\/\/statorials.org\/tr\/#website","url":"https:\/\/statorials.org\/tr\/","name":"Statorials","description":"\u0130statistik okuryazarl\u0131\u011f\u0131 rehberiniz!","potentialAction":[{"@type":"SearchAction","target":{"@type":"EntryPoint","urlTemplate":"https:\/\/statorials.org\/tr\/?s={search_term_string}"},"query-input":"required name=search_term_string"}],"inLanguage":"tr"}]}},"yoast_meta":{"yoast_wpseo_title":"","yoast_wpseo_metadesc":"","yoast_wpseo_canonical":""},"_links":{"self":[{"href":"https:\/\/statorials.org\/tr\/wp-json\/wp\/v2\/pages\/5145","targetHints":{"allow":["GET"]}}],"collection":[{"href":"https:\/\/statorials.org\/tr\/wp-json\/wp\/v2\/pages"}],"about":[{"href":"https:\/\/statorials.org\/tr\/wp-json\/wp\/v2\/types\/page"}],"author":[{"embeddable":true,"href":"https:\/\/statorials.org\/tr\/wp-json\/wp\/v2\/users\/1"}],"replies":[{"embeddable":true,"href":"https:\/\/statorials.org\/tr\/wp-json\/wp\/v2\/comments?post=5145"}],"version-history":[{"count":0,"href":"https:\/\/statorials.org\/tr\/wp-json\/wp\/v2\/pages\/5145\/revisions"}],"wp:attachment":[{"href":"https:\/\/statorials.org\/tr\/wp-json\/wp\/v2\/media?parent=5145"}],"curies":[{"name":"wp","href":"https:\/\/api.w.org\/{rel}","templated":true}]}}