{"id":5147,"date":"2023-10-12T01:38:07","date_gmt":"2023-10-12T01:38:07","guid":{"rendered":"https:\/\/statorials.org\/tr\/doktor-benjamin-anderson\/"},"modified":"2023-10-12T04:28:41","modified_gmt":"2023-10-12T04:28:41","slug":"doktor-benjamin-anderson","status":"publish","type":"page","link":"https:\/\/statorials.org\/tr\/doktor-benjamin-anderson\/","title":{"rendered":"Dr.benjamin anderson"},"content":{"rendered":"<p>Veriye dayal\u0131 ba\u015far\u0131ya giden nihai yol olan Statorials&#8217;e ho\u015f geldiniz.<\/p>\n<p><img loading=\"lazy\" decoding=\"async\" class=\" wp-image-16181 alignleft\" src=\"https:\/\/statorials.org\/wp-content\/uploads\/2023\/08\/Dr.-Benjamin-Anderson.jpg\" sizes=\"auto, (max-width: 250px) 100vw, 250px\" srcset=\"https:\/\/statorials.org\/wp-content\/uploads\/2023\/08\/Dr.-Benjamin-Anderson.jpg 300w, https:\/\/statorials.org\/wp-content\/uploads\/2023\/08\/Dr.-Benjamin-Anderson-150x150.jpg 150w\" alt=\"Benjamin Anderson\" width=\"250\" height=\"250\" \/><\/p>\n<p>Ben Benjamin Anderson, emekli bir istatistik profes\u00f6r\u00fc ve Statoryal e\u011fitimcili\u011fine d\u00f6n\u00fc\u015ft\u00fcm. \u0130statistik alan\u0131ndaki deneyimim ve uzmanl\u0131\u011f\u0131mla bilgilerimi bu blog arac\u0131l\u0131\u011f\u0131yla \u00f6\u011frencilerle payla\u015fmaya kararl\u0131y\u0131m.<\/p>\n<p>\u0130statistik alan\u0131nda etkileyici bir akademik ge\u00e7mi\u015fe sahip oldu\u011fum i\u00e7in istatistiksel teoriler, metodolojiler ve bunlar\u0131n pratik uygulamalar\u0131 hakk\u0131nda derin bir anlay\u0131\u015fa sahibim. Ba\u015far\u0131l\u0131 \u00f6\u011fretmenlik kariyerim boyunca bir\u00e7ok \u00f6\u011frenciye ba\u015far\u0131ya rehberlik ettim, istatistik tutkusunu besledim ve \u00e7al\u0131\u015fmalar\u0131nda ba\u015far\u0131l\u0131 olmalar\u0131na yard\u0131mc\u0131 oldum.<\/p>\n<p>Bu blog arac\u0131l\u0131\u011f\u0131yla \u00f6\u011frencilere uzmanl\u0131\u011f\u0131mdan ve bilgi birikimimden yararlanmalar\u0131 i\u00e7in e\u015fsiz bir f\u0131rsat sunuyorum. Etkile\u015fimli \u00f6\u011frenmeye odaklanan Statorials, istatistiksel kavramlar\u0131 eri\u015filebilir k\u0131lmak i\u00e7in kapsaml\u0131 e\u011fitimler, ilgi \u00e7ekici al\u0131\u015ft\u0131rmalar ve ger\u00e7ek hayattan \u00f6rnekler sunar.<\/p>\n<p>Kapsaml\u0131 deneyimim, \u00f6\u011frencilerin kar\u015f\u0131la\u015ft\u0131\u011f\u0131 zorluklar\u0131 anlamama yard\u0131mc\u0131 oluyor ve onlara yaln\u0131zca akademik destek sa\u011flamakla kalm\u0131yor, ayn\u0131 zamanda mentorluk, \u00e7al\u0131\u015fma stratejileri konusunda tavsiyeler ve kariyer tavsiyeleri de sa\u011fl\u0131yor. Ama\u00e7, \u00f6\u011frencileri yaln\u0131zca istatistiksel bilgiyle de\u011fil, ayn\u0131 zamanda s\u00fcrekli de\u011fi\u015fen veri analizi d\u00fcnyas\u0131nda gezinmek i\u00e7in gerekli beceri ve \u00f6zg\u00fcvenle donatmakt\u0131r.<\/p>\n<p>Bug\u00fcn istatistik e\u011fitiminize yat\u0131r\u0131m yap\u0131n ve istatistiksel m\u00fckemmelli\u011fin kap\u0131lar\u0131n\u0131 a\u00e7man\u0131za izin verin!<\/p>\n<p><strong>\u00d6\u011fretmenin,<\/strong><br \/>\nDr.Benjamin Anderson.<\/p>\n","protected":false},"excerpt":{"rendered":"<p>Veriye dayal\u0131 ba\u015far\u0131ya giden nihai yol olan Statorials&#8217;e ho\u015f geldiniz. Ben Benjamin Anderson, emekli bir istatistik profes\u00f6r\u00fc ve Statoryal e\u011fitimcili\u011fine d\u00f6n\u00fc\u015ft\u00fcm. \u0130statistik alan\u0131ndaki deneyimim ve uzmanl\u0131\u011f\u0131mla bilgilerimi bu blog arac\u0131l\u0131\u011f\u0131yla \u00f6\u011frencilerle payla\u015fmaya kararl\u0131y\u0131m. \u0130statistik alan\u0131nda etkileyici bir akademik ge\u00e7mi\u015fe sahip oldu\u011fum i\u00e7in istatistiksel teoriler, metodolojiler ve bunlar\u0131n pratik uygulamalar\u0131 hakk\u0131nda derin bir anlay\u0131\u015fa sahibim. Ba\u015far\u0131l\u0131 [&hellip;]<\/p>\n","protected":false},"author":1,"featured_media":0,"parent":0,"menu_order":0,"comment_status":"closed","ping_status":"closed","template":"","meta":{"footnotes":""},"class_list":["post-5147","page","type-page","status-publish","hentry"],"yoast_head":"<!-- This site is optimized with the Yoast SEO plugin v21.3 - https:\/\/yoast.com\/wordpress\/plugins\/seo\/ -->\n<title>Dr. Benjamin Anderson - Statorials<\/title>\n<meta name=\"description\" content=\"Kendisi, emekli bir istatistik profes\u00f6r\u00fc olan ve kendini Statorials e\u011fitimcisine adam\u0131\u015f olan Benjamin Anderson&#039;d\u0131r. Zenginin g\u00fc\u00e7l\u00fcs\u00fc\" \/>\n<meta name=\"robots\" content=\"index, follow, max-snippet:-1, max-image-preview:large, max-video-preview:-1\" \/>\n<link rel=\"canonical\" href=\"https:\/\/statorials.org\/tr\/doktor-benjamin-anderson\/\" \/>\n<meta property=\"og:locale\" content=\"tr_TR\" \/>\n<meta property=\"og:type\" content=\"article\" \/>\n<meta property=\"og:title\" content=\"Dr. Benjamin Anderson - Statorials\" \/>\n<meta property=\"og:description\" content=\"Kendisi, emekli bir istatistik profes\u00f6r\u00fc olan ve kendini Statorials e\u011fitimcisine adam\u0131\u015f olan Benjamin Anderson&#039;d\u0131r. Zenginin g\u00fc\u00e7l\u00fcs\u00fc\" \/>\n<meta property=\"og:url\" content=\"https:\/\/statorials.org\/tr\/doktor-benjamin-anderson\/\" \/>\n<meta property=\"og:site_name\" content=\"Statorials\" \/>\n<meta property=\"article:modified_time\" content=\"2023-10-12T04:28:41+00:00\" \/>\n<meta property=\"og:image\" content=\"https:\/\/statorials.org\/wp-content\/uploads\/2023\/08\/Dr.-Benjamin-Anderson.jpg\" \/>\n<meta name=\"twitter:card\" content=\"summary_large_image\" \/>\n<meta name=\"twitter:label1\" content=\"Tahmini okuma s\u00fcresi\" \/>\n\t<meta name=\"twitter:data1\" content=\"1 dakika\" \/>\n<script type=\"application\/ld+json\" class=\"yoast-schema-graph\">{\"@context\":\"https:\/\/schema.org\",\"@graph\":[{\"@type\":\"WebPage\",\"@id\":\"https:\/\/statorials.org\/tr\/doktor-benjamin-anderson\/\",\"url\":\"https:\/\/statorials.org\/tr\/doktor-benjamin-anderson\/\",\"name\":\"Dr. Benjamin Anderson - Statorials\",\"isPartOf\":{\"@id\":\"https:\/\/statorials.org\/tr\/#website\"},\"datePublished\":\"2023-10-12T01:38:07+00:00\",\"dateModified\":\"2023-10-12T04:28:41+00:00\",\"description\":\"Kendisi, emekli bir istatistik profes\u00f6r\u00fc olan ve kendini Statorials e\u011fitimcisine adam\u0131\u015f olan Benjamin Anderson'd\u0131r. Zenginin g\u00fc\u00e7l\u00fcs\u00fc\",\"breadcrumb\":{\"@id\":\"https:\/\/statorials.org\/tr\/doktor-benjamin-anderson\/#breadcrumb\"},\"inLanguage\":\"tr\",\"potentialAction\":[{\"@type\":\"ReadAction\",\"target\":[\"https:\/\/statorials.org\/tr\/doktor-benjamin-anderson\/\"]}]},{\"@type\":\"BreadcrumbList\",\"@id\":\"https:\/\/statorials.org\/tr\/doktor-benjamin-anderson\/#breadcrumb\",\"itemListElement\":[{\"@type\":\"ListItem\",\"position\":1,\"name\":\"Ev\",\"item\":\"https:\/\/statorials.org\/tr\/\"},{\"@type\":\"ListItem\",\"position\":2,\"name\":\"Dr.benjamin anderson\"}]},{\"@type\":\"WebSite\",\"@id\":\"https:\/\/statorials.org\/tr\/#website\",\"url\":\"https:\/\/statorials.org\/tr\/\",\"name\":\"Statorials\",\"description\":\"\u0130statistik okuryazarl\u0131\u011f\u0131 rehberiniz!\",\"potentialAction\":[{\"@type\":\"SearchAction\",\"target\":{\"@type\":\"EntryPoint\",\"urlTemplate\":\"https:\/\/statorials.org\/tr\/?s={search_term_string}\"},\"query-input\":\"required name=search_term_string\"}],\"inLanguage\":\"tr\"}]}<\/script>\n<!-- \/ Yoast SEO plugin. -->","yoast_head_json":{"title":"Dr. Benjamin Anderson - Statorials","description":"Kendisi, emekli bir istatistik profes\u00f6r\u00fc olan ve kendini Statorials e\u011fitimcisine adam\u0131\u015f olan Benjamin Anderson'd\u0131r. Zenginin g\u00fc\u00e7l\u00fcs\u00fc","robots":{"index":"index","follow":"follow","max-snippet":"max-snippet:-1","max-image-preview":"max-image-preview:large","max-video-preview":"max-video-preview:-1"},"canonical":"https:\/\/statorials.org\/tr\/doktor-benjamin-anderson\/","og_locale":"tr_TR","og_type":"article","og_title":"Dr. Benjamin Anderson - Statorials","og_description":"Kendisi, emekli bir istatistik profes\u00f6r\u00fc olan ve kendini Statorials e\u011fitimcisine adam\u0131\u015f olan Benjamin Anderson'd\u0131r. Zenginin g\u00fc\u00e7l\u00fcs\u00fc","og_url":"https:\/\/statorials.org\/tr\/doktor-benjamin-anderson\/","og_site_name":"Statorials","article_modified_time":"2023-10-12T04:28:41+00:00","og_image":[{"url":"https:\/\/statorials.org\/wp-content\/uploads\/2023\/08\/Dr.-Benjamin-Anderson.jpg"}],"twitter_card":"summary_large_image","twitter_misc":{"Tahmini okuma s\u00fcresi":"1 dakika"},"schema":{"@context":"https:\/\/schema.org","@graph":[{"@type":"WebPage","@id":"https:\/\/statorials.org\/tr\/doktor-benjamin-anderson\/","url":"https:\/\/statorials.org\/tr\/doktor-benjamin-anderson\/","name":"Dr. Benjamin Anderson - Statorials","isPartOf":{"@id":"https:\/\/statorials.org\/tr\/#website"},"datePublished":"2023-10-12T01:38:07+00:00","dateModified":"2023-10-12T04:28:41+00:00","description":"Kendisi, emekli bir istatistik profes\u00f6r\u00fc olan ve kendini Statorials e\u011fitimcisine adam\u0131\u015f olan Benjamin Anderson'd\u0131r. Zenginin g\u00fc\u00e7l\u00fcs\u00fc","breadcrumb":{"@id":"https:\/\/statorials.org\/tr\/doktor-benjamin-anderson\/#breadcrumb"},"inLanguage":"tr","potentialAction":[{"@type":"ReadAction","target":["https:\/\/statorials.org\/tr\/doktor-benjamin-anderson\/"]}]},{"@type":"BreadcrumbList","@id":"https:\/\/statorials.org\/tr\/doktor-benjamin-anderson\/#breadcrumb","itemListElement":[{"@type":"ListItem","position":1,"name":"Ev","item":"https:\/\/statorials.org\/tr\/"},{"@type":"ListItem","position":2,"name":"Dr.benjamin anderson"}]},{"@type":"WebSite","@id":"https:\/\/statorials.org\/tr\/#website","url":"https:\/\/statorials.org\/tr\/","name":"Statorials","description":"\u0130statistik okuryazarl\u0131\u011f\u0131 rehberiniz!","potentialAction":[{"@type":"SearchAction","target":{"@type":"EntryPoint","urlTemplate":"https:\/\/statorials.org\/tr\/?s={search_term_string}"},"query-input":"required name=search_term_string"}],"inLanguage":"tr"}]}},"yoast_meta":{"yoast_wpseo_title":"","yoast_wpseo_metadesc":"","yoast_wpseo_canonical":""},"_links":{"self":[{"href":"https:\/\/statorials.org\/tr\/wp-json\/wp\/v2\/pages\/5147","targetHints":{"allow":["GET"]}}],"collection":[{"href":"https:\/\/statorials.org\/tr\/wp-json\/wp\/v2\/pages"}],"about":[{"href":"https:\/\/statorials.org\/tr\/wp-json\/wp\/v2\/types\/page"}],"author":[{"embeddable":true,"href":"https:\/\/statorials.org\/tr\/wp-json\/wp\/v2\/users\/1"}],"replies":[{"embeddable":true,"href":"https:\/\/statorials.org\/tr\/wp-json\/wp\/v2\/comments?post=5147"}],"version-history":[{"count":1,"href":"https:\/\/statorials.org\/tr\/wp-json\/wp\/v2\/pages\/5147\/revisions"}],"predecessor-version":[{"id":5161,"href":"https:\/\/statorials.org\/tr\/wp-json\/wp\/v2\/pages\/5147\/revisions\/5161"}],"wp:attachment":[{"href":"https:\/\/statorials.org\/tr\/wp-json\/wp\/v2\/media?parent=5147"}],"curies":[{"name":"wp","href":"https:\/\/api.w.org\/{rel}","templated":true}]}}