{"id":5148,"date":"2023-08-31T10:30:02","date_gmt":"2023-08-31T10:30:02","guid":{"rendered":"https:\/\/statorials.org\/tr\/kullanim-sartlari\/"},"modified":"2023-10-12T04:28:17","modified_gmt":"2023-10-12T04:28:17","slug":"kullanim-sartlari","status":"publish","type":"page","link":"https:\/\/statorials.org\/tr\/kullanim-sartlari\/","title":{"rendered":"Kullan\u0131m \u015fartlar\u0131"},"content":{"rendered":"<p>Bu site emekli profes\u00f6rler taraf\u0131ndan d\u00fczenlenen \u00e7evrimi\u00e7i bir istatistik blogudur ve herhangi bir \u015firket veya gruba ba\u011fl\u0131 de\u011fildir.<\/p>\n<p>Statorials.org&#8217;un amac\u0131, \u00f6\u011frencilere istatistiksel kavramlar\u0131 eri\u015filebilir k\u0131lmak i\u00e7in \u00e7e\u015fitli kapsaml\u0131 e\u011fitimlere, ilgi \u00e7ekici al\u0131\u015ft\u0131rmalara ve ger\u00e7ek d\u00fcnyadan \u00f6rneklere kat\u0131lma konusunda e\u015fsiz bir f\u0131rsat sunmakt\u0131r.<\/p>\n<h2>Kullan\u0131m Politikas\u0131<\/h2>\n<p>Statorials.org&#8217;da ziyaret\u00e7ilerimizin gizlili\u011fi bizim i\u00e7in son derece \u00f6nemlidir. Bu gizlilik politikas\u0131 belgesi, alan ad\u0131 taraf\u0131ndan al\u0131nan ve toplanan ki\u015fisel bilgi t\u00fcrlerini ve bunlar\u0131n kullan\u0131m\u0131n\u0131 a\u00e7\u0131klamaktad\u0131r.<\/p>\n<h3>Veri toplama<\/h3>\n<h4>1. Yorumlar<\/h4>\n<p>Toplad\u0131\u011f\u0131m\u0131z bilgiler, kullan\u0131c\u0131n\u0131n sitede nas\u0131l yorum yapt\u0131\u011f\u0131na ba\u011fl\u0131d\u0131r, ancak genellikle yorum yapan\u0131n IP adresini, kullan\u0131c\u0131 arac\u0131s\u0131n\u0131, y\u00f6nlendireni ve site URL&#8217;sini (ayr\u0131ca ad\u0131, kullan\u0131c\u0131 ad\u0131, e-posta adresi gibi yorumcu taraf\u0131ndan do\u011frudan sa\u011flanan di\u011fer bilgileri) i\u00e7erir. ve yorumun kendisi).<\/p>\n<h4>2. \u0130leti\u015fim formu<\/h4>\n<p>Bizimle ileti\u015fime ge\u00e7meniz halinde, talebinize yan\u0131t vermek i\u00e7in ad\u0131n\u0131z\u0131 ve e-posta adresinizi kullanaca\u011f\u0131z ve bu bilgileri \u00fc\u00e7\u00fcnc\u00fc taraflarla payla\u015fmayaca\u011f\u0131z.<\/p>\n<h4>3. \u00c7erezler<\/h4>\n<p>Site, ziyaret\u00e7ilerin tercihleri hakk\u0131nda bilgi depolamak, hangi sayfalara eri\u015ftikleri veya ziyaret ettikleri hakk\u0131nda kullan\u0131c\u0131ya \u00f6zel bilgileri kaydetmek ve web sayfas\u0131 i\u00e7eri\u011fini ziyaret\u00e7inin taray\u0131c\u0131 t\u00fcr\u00fcne g\u00f6re ki\u015fiselle\u015ftirmek i\u00e7in \u00e7erezleri kullan\u0131r. veya ziyaret\u00e7inin taray\u0131c\u0131s\u0131na g\u00f6nderdi\u011fi di\u011fer bilgiler.<\/p>\n<p>\u00c7erezler, i\u00e7eri\u011fi ve reklamlar\u0131 ki\u015fiselle\u015ftirmemize, sosyal medya \u00f6zellikleri sunmam\u0131za ve trafi\u011fimizi analiz etmemize olanak tan\u0131r. Ayr\u0131ca sitemizi kullan\u0131m\u0131n\u0131za ili\u015fkin bilgileri sosyal medya, reklam ve analiz ortaklar\u0131m\u0131zla payla\u015fabiliriz; bu ortaklar, bu bilgileri sizin onlara sa\u011flad\u0131\u011f\u0131n\u0131z veya hizmetlerini kullanman\u0131z s\u0131ras\u0131nda toplad\u0131klar\u0131 di\u011fer bilgilerle birle\u015ftirebilirler.<\/p>\n<h4>4. Analitik<\/h4>\n<p>Bu web sitesi, Google Inc. taraf\u0131ndan sa\u011flanan bir web analiz hizmeti olan Google Analytics&#8217;i kullan\u0131r. Web sitesini kullan\u0131m\u0131n\u0131z\u0131n analizini sa\u011flayan, bilgisayar\u0131n\u0131zda saklanan metin dosyalar\u0131 olan &#8220;\u00e7erezleri&#8221; kullan\u0131r. Bu web sitesini kullan\u0131m\u0131n\u0131z hakk\u0131nda \u00e7erez taraf\u0131ndan olu\u015fturulan bilgiler normalde Amerika Birle\u015fik Devletleri&#8217;ndeki bir Google sunucusuna iletilir ve orada saklan\u0131r.<\/p>\n<p>Taray\u0131c\u0131 yaz\u0131l\u0131m\u0131n\u0131z\u0131 bu amaca g\u00f6re yap\u0131land\u0131rarak \u00e7erezlerin saklanmas\u0131n\u0131 engelleyebilirsiniz. Ancak bu durumda bu web sitesinin t\u00fcm fonksiyonlar\u0131n\u0131 tam olarak kullanamayabilece\u011finizi l\u00fctfen unutmay\u0131n.<\/p>\n<h4>5. G\u00fcvenlik g\u00fcnl\u00fckleri<\/h4>\n<p>Ziyaret\u00e7i IP adresleri, oturum a\u00e7m\u0131\u015f kullan\u0131c\u0131 kimlikleri ve oturum a\u00e7ma giri\u015fimlerinin kullan\u0131c\u0131 adlar\u0131, k\u00f6t\u00fc ama\u00e7l\u0131 etkinlikleri kontrol etmek ve siteyi belirli sald\u0131r\u0131 t\u00fcrlerine kar\u015f\u0131 korumak i\u00e7in ko\u015fullu olarak g\u00fcnl\u00fc\u011fe kaydedilir. Oturum a\u00e7ma giri\u015fimleri, oturum kapatma istekleri, \u015f\u00fcpheli URL istekleri, site i\u00e7eri\u011findeki de\u011fi\u015fiklikler ve \u015fifre g\u00fcncellemeleri, oturum a\u00e7ma ko\u015fullar\u0131na \u00f6rnektir.<\/p>\n<h2>Veri kullan\u0131m\u0131<\/h2>\n<p>Site, toplanan verileri farkl\u0131 ama\u00e7larla kullan\u0131r:<\/p>\n<ul>\n<li>Hizmetin sa\u011flanmas\u0131 ve s\u00fcrd\u00fcr\u00fclmesi<\/li>\n<li>Hizmetimizdeki de\u011fi\u015fiklikleri size bildirmek i\u00e7in<\/li>\n<li>Tercih etti\u011finizde Hizmetimizin etkile\u015fimli \u00f6zelliklerine kat\u0131lman\u0131z\u0131 sa\u011flamak i\u00e7in<\/li>\n<li>M\u00fc\u015fterilere yard\u0131m ve destek sa\u011flamak<\/li>\n<li>Hizmeti geli\u015ftirmek i\u00e7in analiz veya faydal\u0131 bilgiler sa\u011flay\u0131n<\/li>\n<li>Hizmet kullan\u0131m\u0131n\u0131 izleyin<\/li>\n<li>Teknik sorunlar\u0131 tespit edin, \u00f6nleyin ve giderin<\/li>\n<\/ul>\n<h2>Veri g\u00fcvenli\u011fi<\/h2>\n<p>Bilgilerinizin g\u00fcvenli\u011fi bizim i\u00e7in \u00f6nemlidir, ancak \u0130nternet \u00fczerinden hi\u00e7bir iletim y\u00f6nteminin veya elektronik depolama y\u00f6nteminin %100 g\u00fcvenli olmad\u0131\u011f\u0131n\u0131 unutmay\u0131n. Ki\u015fisel bilgilerinizi korumak i\u00e7in ticari olarak kabul edilebilir ara\u00e7lar\u0131 kullanmaya \u00e7al\u0131\u015fsak da, mutlak g\u00fcvenli\u011fini garanti edemeyiz.<\/p>\n<h2>Yay\u0131nc\u0131yla ileti\u015fime ge\u00e7in<\/h2>\n<p>Herhangi bir geri bildirim veya talep i\u00e7in edit\u00f6rle ileti\u015fime ge\u00e7mek isterseniz sorular\u0131n\u0131z\u0131 buradan g\u00f6nderebilirsiniz: <a href=\"https:\/\/statorials.org\/tr\/temas-etmek\/\">Bize Ula\u015f\u0131n<\/a><\/p>\n","protected":false},"excerpt":{"rendered":"<p>Bu site emekli profes\u00f6rler taraf\u0131ndan d\u00fczenlenen \u00e7evrimi\u00e7i bir istatistik blogudur ve herhangi bir \u015firket veya gruba ba\u011fl\u0131 de\u011fildir. Statorials.org&#8217;un amac\u0131, \u00f6\u011frencilere istatistiksel kavramlar\u0131 eri\u015filebilir k\u0131lmak i\u00e7in \u00e7e\u015fitli kapsaml\u0131 e\u011fitimlere, ilgi \u00e7ekici al\u0131\u015ft\u0131rmalara ve ger\u00e7ek d\u00fcnyadan \u00f6rneklere kat\u0131lma konusunda e\u015fsiz bir f\u0131rsat sunmakt\u0131r. Kullan\u0131m Politikas\u0131 Statorials.org&#8217;da ziyaret\u00e7ilerimizin gizlili\u011fi bizim i\u00e7in son derece \u00f6nemlidir. Bu gizlilik politikas\u0131 [&hellip;]<\/p>\n","protected":false},"author":1,"featured_media":0,"parent":0,"menu_order":0,"comment_status":"closed","ping_status":"closed","template":"","meta":{"footnotes":""},"class_list":["post-5148","page","type-page","status-publish","hentry"],"yoast_head":"<!-- This site is optimized with the Yoast SEO plugin v21.3 - https:\/\/yoast.com\/wordpress\/plugins\/seo\/ -->\n<title>Kullan\u0131m Ko\u015fullar\u0131 - Statorials<\/title>\n<meta name=\"description\" content=\"Statorials.org&#039;un amac\u0131 \u00f6\u011frencilere \u00e7e\u015fitli kapsaml\u0131 e\u011fitimlere kat\u0131lmalar\u0131 i\u00e7in e\u015fsiz bir f\u0131rsat sunmakt\u0131r.\" \/>\n<meta name=\"robots\" content=\"noindex, nofollow\" \/>\n<meta property=\"og:locale\" content=\"tr_TR\" \/>\n<meta property=\"og:type\" content=\"article\" \/>\n<meta property=\"og:title\" content=\"Kullan\u0131m Ko\u015fullar\u0131 - Statorials\" \/>\n<meta property=\"og:description\" content=\"Statorials.org&#039;un amac\u0131 \u00f6\u011frencilere \u00e7e\u015fitli kapsaml\u0131 e\u011fitimlere kat\u0131lmalar\u0131 i\u00e7in e\u015fsiz bir f\u0131rsat sunmakt\u0131r.\" \/>\n<meta property=\"og:url\" content=\"https:\/\/statorials.org\/tr\/kullanim-sartlari\/\" \/>\n<meta property=\"og:site_name\" content=\"Statorials\" \/>\n<meta property=\"article:modified_time\" content=\"2023-10-12T04:28:17+00:00\" \/>\n<meta name=\"twitter:card\" content=\"summary_large_image\" \/>\n<meta name=\"twitter:label1\" content=\"Tahmini okuma s\u00fcresi\" \/>\n\t<meta name=\"twitter:data1\" content=\"2 dakika\" \/>\n<script type=\"application\/ld+json\" class=\"yoast-schema-graph\">{\"@context\":\"https:\/\/schema.org\",\"@graph\":[{\"@type\":\"WebPage\",\"@id\":\"https:\/\/statorials.org\/tr\/kullanim-sartlari\/\",\"url\":\"https:\/\/statorials.org\/tr\/kullanim-sartlari\/\",\"name\":\"Kullan\u0131m Ko\u015fullar\u0131 - Statorials\",\"isPartOf\":{\"@id\":\"https:\/\/statorials.org\/tr\/#website\"},\"datePublished\":\"2023-08-31T10:30:02+00:00\",\"dateModified\":\"2023-10-12T04:28:17+00:00\",\"description\":\"Statorials.org'un amac\u0131 \u00f6\u011frencilere \u00e7e\u015fitli kapsaml\u0131 e\u011fitimlere kat\u0131lmalar\u0131 i\u00e7in e\u015fsiz bir f\u0131rsat sunmakt\u0131r.\",\"breadcrumb\":{\"@id\":\"https:\/\/statorials.org\/tr\/kullanim-sartlari\/#breadcrumb\"},\"inLanguage\":\"tr\",\"potentialAction\":[{\"@type\":\"ReadAction\",\"target\":[\"https:\/\/statorials.org\/tr\/kullanim-sartlari\/\"]}]},{\"@type\":\"BreadcrumbList\",\"@id\":\"https:\/\/statorials.org\/tr\/kullanim-sartlari\/#breadcrumb\",\"itemListElement\":[{\"@type\":\"ListItem\",\"position\":1,\"name\":\"Ev\",\"item\":\"https:\/\/statorials.org\/tr\/\"},{\"@type\":\"ListItem\",\"position\":2,\"name\":\"Kullan\u0131m \u015fartlar\u0131\"}]},{\"@type\":\"WebSite\",\"@id\":\"https:\/\/statorials.org\/tr\/#website\",\"url\":\"https:\/\/statorials.org\/tr\/\",\"name\":\"Statorials\",\"description\":\"\u0130statistik okuryazarl\u0131\u011f\u0131 rehberiniz!\",\"potentialAction\":[{\"@type\":\"SearchAction\",\"target\":{\"@type\":\"EntryPoint\",\"urlTemplate\":\"https:\/\/statorials.org\/tr\/?s={search_term_string}\"},\"query-input\":\"required name=search_term_string\"}],\"inLanguage\":\"tr\"}]}<\/script>\n<!-- \/ Yoast SEO plugin. -->","yoast_head_json":{"title":"Kullan\u0131m Ko\u015fullar\u0131 - Statorials","description":"Statorials.org'un amac\u0131 \u00f6\u011frencilere \u00e7e\u015fitli kapsaml\u0131 e\u011fitimlere kat\u0131lmalar\u0131 i\u00e7in e\u015fsiz bir f\u0131rsat sunmakt\u0131r.","robots":{"index":"noindex","follow":"nofollow"},"og_locale":"tr_TR","og_type":"article","og_title":"Kullan\u0131m Ko\u015fullar\u0131 - Statorials","og_description":"Statorials.org'un amac\u0131 \u00f6\u011frencilere \u00e7e\u015fitli kapsaml\u0131 e\u011fitimlere kat\u0131lmalar\u0131 i\u00e7in e\u015fsiz bir f\u0131rsat sunmakt\u0131r.","og_url":"https:\/\/statorials.org\/tr\/kullanim-sartlari\/","og_site_name":"Statorials","article_modified_time":"2023-10-12T04:28:17+00:00","twitter_card":"summary_large_image","twitter_misc":{"Tahmini okuma s\u00fcresi":"2 dakika"},"schema":{"@context":"https:\/\/schema.org","@graph":[{"@type":"WebPage","@id":"https:\/\/statorials.org\/tr\/kullanim-sartlari\/","url":"https:\/\/statorials.org\/tr\/kullanim-sartlari\/","name":"Kullan\u0131m Ko\u015fullar\u0131 - Statorials","isPartOf":{"@id":"https:\/\/statorials.org\/tr\/#website"},"datePublished":"2023-08-31T10:30:02+00:00","dateModified":"2023-10-12T04:28:17+00:00","description":"Statorials.org'un amac\u0131 \u00f6\u011frencilere \u00e7e\u015fitli kapsaml\u0131 e\u011fitimlere kat\u0131lmalar\u0131 i\u00e7in e\u015fsiz bir f\u0131rsat sunmakt\u0131r.","breadcrumb":{"@id":"https:\/\/statorials.org\/tr\/kullanim-sartlari\/#breadcrumb"},"inLanguage":"tr","potentialAction":[{"@type":"ReadAction","target":["https:\/\/statorials.org\/tr\/kullanim-sartlari\/"]}]},{"@type":"BreadcrumbList","@id":"https:\/\/statorials.org\/tr\/kullanim-sartlari\/#breadcrumb","itemListElement":[{"@type":"ListItem","position":1,"name":"Ev","item":"https:\/\/statorials.org\/tr\/"},{"@type":"ListItem","position":2,"name":"Kullan\u0131m \u015fartlar\u0131"}]},{"@type":"WebSite","@id":"https:\/\/statorials.org\/tr\/#website","url":"https:\/\/statorials.org\/tr\/","name":"Statorials","description":"\u0130statistik okuryazarl\u0131\u011f\u0131 rehberiniz!","potentialAction":[{"@type":"SearchAction","target":{"@type":"EntryPoint","urlTemplate":"https:\/\/statorials.org\/tr\/?s={search_term_string}"},"query-input":"required name=search_term_string"}],"inLanguage":"tr"}]}},"yoast_meta":{"yoast_wpseo_title":"","yoast_wpseo_metadesc":"","yoast_wpseo_canonical":""},"_links":{"self":[{"href":"https:\/\/statorials.org\/tr\/wp-json\/wp\/v2\/pages\/5148","targetHints":{"allow":["GET"]}}],"collection":[{"href":"https:\/\/statorials.org\/tr\/wp-json\/wp\/v2\/pages"}],"about":[{"href":"https:\/\/statorials.org\/tr\/wp-json\/wp\/v2\/types\/page"}],"author":[{"embeddable":true,"href":"https:\/\/statorials.org\/tr\/wp-json\/wp\/v2\/users\/1"}],"replies":[{"embeddable":true,"href":"https:\/\/statorials.org\/tr\/wp-json\/wp\/v2\/comments?post=5148"}],"version-history":[{"count":1,"href":"https:\/\/statorials.org\/tr\/wp-json\/wp\/v2\/pages\/5148\/revisions"}],"predecessor-version":[{"id":5160,"href":"https:\/\/statorials.org\/tr\/wp-json\/wp\/v2\/pages\/5148\/revisions\/5160"}],"wp:attachment":[{"href":"https:\/\/statorials.org\/tr\/wp-json\/wp\/v2\/media?parent=5148"}],"curies":[{"name":"wp","href":"https:\/\/api.w.org\/{rel}","templated":true}]}}