{"id":5149,"date":"2023-10-11T10:27:36","date_gmt":"2023-10-11T10:27:36","guid":{"rendered":"https:\/\/statorials.org\/tr\/temas-etmek\/"},"modified":"2023-10-12T04:32:26","modified_gmt":"2023-10-12T04:32:26","slug":"temas-etmek","status":"publish","type":"page","link":"https:\/\/statorials.org\/tr\/temas-etmek\/","title":{"rendered":"Temas etmek"},"content":{"rendered":"<p>Okuyucular\u0131m\u0131zdan haber almaktan her zaman mutluluk duyar\u0131z ve sorular\u0131n\u0131z, \u00f6nerileriniz veya yorumlar\u0131n\u0131z konusunda size yard\u0131mc\u0131 olmak i\u00e7in buraday\u0131z. A\u015fa\u011f\u0131daki ileti\u015fim bilgilerini kullanarak bizimle ileti\u015fime ge\u00e7mekten \u00e7ekinmeyin:<\/p>\n<p><strong>Genel bilgi:<\/strong><br \/>\nBurada yay\u0131nlanan i\u00e7eriklerle ilgili genel sorular\u0131n\u0131z i\u00e7in l\u00fctfen a\u015fa\u011f\u0131daki formu doldurun. Mesaj\u0131n\u0131za 24-48 saat i\u00e7inde yan\u0131t vermek i\u00e7in elimizden geleni yapaca\u011f\u0131z.<\/p>\n<p><strong>\u00d6\u011fretici istekleri:<\/strong><br \/>\nE\u011fitimlerimizde ele almam\u0131z\u0131 istedi\u011finiz belirli bir istatistik konusu varsa veya anlamakta zorland\u0131\u011f\u0131n\u0131z bir kavram varsa, l\u00fctfen a\u015fa\u011f\u0131daki form arac\u0131l\u0131\u011f\u0131yla bizimle ileti\u015fime ge\u00e7in. Katk\u0131lar\u0131n\u0131z\u0131 takdir ediyoruz ve gelecekteki e\u011fitim konular\u0131 i\u00e7in \u00f6nerilerinizi dikkate alaca\u011f\u0131z.<\/p>\n<p><strong>Sorunlar\u0131 bildirin:<\/strong><br \/>\nWeb sitemizde gezinirken teknik sorunlarla kar\u015f\u0131la\u015f\u0131rsan\u0131z veya e\u011fitimlerimizde hatalar fark ederseniz, l\u00fctfen a\u015fa\u011f\u0131daki formu doldurarak bize bildirin. Kullan\u0131c\u0131 deneyimimizi iyile\u015ftirme ve i\u00e7eri\u011fimizin do\u011frulu\u011funu sa\u011flama konusundaki yard\u0131m\u0131n\u0131z i\u00e7in te\u015fekk\u00fcr ederiz.<\/p>\n<p><iframe loading=\"lazy\" src=\"https:\/\/docs.google.com\/forms\/d\/e\/1FAIpQLSea0-F9urK_M0H9QkEyGSRuz_U5tSfMyRSgV5UWom7wm8p22g\/viewform?embedded=true\" width=\"640\" height=\"791\" frameborder=\"0\" marginwidth=\"0\" marginheight=\"0\">Loading\u2026<\/iframe><\/p>\n","protected":false},"excerpt":{"rendered":"<p>Okuyucular\u0131m\u0131zdan haber almaktan her zaman mutluluk duyar\u0131z ve sorular\u0131n\u0131z, \u00f6nerileriniz veya yorumlar\u0131n\u0131z konusunda size yard\u0131mc\u0131 olmak i\u00e7in buraday\u0131z. A\u015fa\u011f\u0131daki ileti\u015fim bilgilerini kullanarak bizimle ileti\u015fime ge\u00e7mekten \u00e7ekinmeyin: Genel bilgi: Burada yay\u0131nlanan i\u00e7eriklerle ilgili genel sorular\u0131n\u0131z i\u00e7in l\u00fctfen a\u015fa\u011f\u0131daki formu doldurun. Mesaj\u0131n\u0131za 24-48 saat i\u00e7inde yan\u0131t vermek i\u00e7in elimizden geleni yapaca\u011f\u0131z. \u00d6\u011fretici istekleri: E\u011fitimlerimizde ele almam\u0131z\u0131 istedi\u011finiz [&hellip;]<\/p>\n","protected":false},"author":1,"featured_media":0,"parent":0,"menu_order":0,"comment_status":"closed","ping_status":"closed","template":"","meta":{"footnotes":""},"class_list":["post-5149","page","type-page","status-publish","hentry"],"yoast_head":"<!-- This site is optimized with the Yoast SEO plugin v21.3 - https:\/\/yoast.com\/wordpress\/plugins\/seo\/ -->\n<title>Temas etmek - Statorials<\/title>\n<meta name=\"description\" content=\"Okuyucular\u0131m\u0131zdan haber almaktan her zaman mutluluk duyar\u0131z ve her t\u00fcrl\u00fc soru, \u00f6neri veya be\u011feni konusunda yard\u0131mc\u0131 olmak i\u00e7in buraday\u0131z\" \/>\n<meta name=\"robots\" content=\"index, follow, max-snippet:-1, max-image-preview:large, max-video-preview:-1\" \/>\n<link rel=\"canonical\" href=\"https:\/\/statorials.org\/tr\/temas-etmek\/\" \/>\n<meta property=\"og:locale\" content=\"tr_TR\" \/>\n<meta property=\"og:type\" content=\"article\" \/>\n<meta property=\"og:title\" content=\"Temas etmek - Statorials\" \/>\n<meta property=\"og:description\" content=\"Okuyucular\u0131m\u0131zdan haber almaktan her zaman mutluluk duyar\u0131z ve her t\u00fcrl\u00fc soru, \u00f6neri veya be\u011feni konusunda yard\u0131mc\u0131 olmak i\u00e7in buraday\u0131z\" \/>\n<meta property=\"og:url\" content=\"https:\/\/statorials.org\/tr\/temas-etmek\/\" \/>\n<meta property=\"og:site_name\" content=\"Statorials\" \/>\n<meta property=\"article:modified_time\" content=\"2023-10-12T04:32:26+00:00\" \/>\n<meta name=\"twitter:card\" content=\"summary_large_image\" \/>\n<meta name=\"twitter:label1\" content=\"Tahmini okuma s\u00fcresi\" \/>\n\t<meta name=\"twitter:data1\" content=\"1 dakika\" \/>\n<script type=\"application\/ld+json\" class=\"yoast-schema-graph\">{\"@context\":\"https:\/\/schema.org\",\"@graph\":[{\"@type\":\"WebPage\",\"@id\":\"https:\/\/statorials.org\/tr\/temas-etmek\/\",\"url\":\"https:\/\/statorials.org\/tr\/temas-etmek\/\",\"name\":\"Temas etmek - Statorials\",\"isPartOf\":{\"@id\":\"https:\/\/statorials.org\/tr\/#website\"},\"datePublished\":\"2023-10-11T10:27:36+00:00\",\"dateModified\":\"2023-10-12T04:32:26+00:00\",\"description\":\"Okuyucular\u0131m\u0131zdan haber almaktan her zaman mutluluk duyar\u0131z ve her t\u00fcrl\u00fc soru, \u00f6neri veya be\u011feni konusunda yard\u0131mc\u0131 olmak i\u00e7in buraday\u0131z\",\"breadcrumb\":{\"@id\":\"https:\/\/statorials.org\/tr\/temas-etmek\/#breadcrumb\"},\"inLanguage\":\"tr\",\"potentialAction\":[{\"@type\":\"ReadAction\",\"target\":[\"https:\/\/statorials.org\/tr\/temas-etmek\/\"]}]},{\"@type\":\"BreadcrumbList\",\"@id\":\"https:\/\/statorials.org\/tr\/temas-etmek\/#breadcrumb\",\"itemListElement\":[{\"@type\":\"ListItem\",\"position\":1,\"name\":\"Ev\",\"item\":\"https:\/\/statorials.org\/tr\/\"},{\"@type\":\"ListItem\",\"position\":2,\"name\":\"Temas etmek\"}]},{\"@type\":\"WebSite\",\"@id\":\"https:\/\/statorials.org\/tr\/#website\",\"url\":\"https:\/\/statorials.org\/tr\/\",\"name\":\"Statorials\",\"description\":\"\u0130statistik okuryazarl\u0131\u011f\u0131 rehberiniz!\",\"potentialAction\":[{\"@type\":\"SearchAction\",\"target\":{\"@type\":\"EntryPoint\",\"urlTemplate\":\"https:\/\/statorials.org\/tr\/?s={search_term_string}\"},\"query-input\":\"required name=search_term_string\"}],\"inLanguage\":\"tr\"}]}<\/script>\n<!-- \/ Yoast SEO plugin. -->","yoast_head_json":{"title":"Temas etmek - Statorials","description":"Okuyucular\u0131m\u0131zdan haber almaktan her zaman mutluluk duyar\u0131z ve her t\u00fcrl\u00fc soru, \u00f6neri veya be\u011feni konusunda yard\u0131mc\u0131 olmak i\u00e7in buraday\u0131z","robots":{"index":"index","follow":"follow","max-snippet":"max-snippet:-1","max-image-preview":"max-image-preview:large","max-video-preview":"max-video-preview:-1"},"canonical":"https:\/\/statorials.org\/tr\/temas-etmek\/","og_locale":"tr_TR","og_type":"article","og_title":"Temas etmek - Statorials","og_description":"Okuyucular\u0131m\u0131zdan haber almaktan her zaman mutluluk duyar\u0131z ve her t\u00fcrl\u00fc soru, \u00f6neri veya be\u011feni konusunda yard\u0131mc\u0131 olmak i\u00e7in buraday\u0131z","og_url":"https:\/\/statorials.org\/tr\/temas-etmek\/","og_site_name":"Statorials","article_modified_time":"2023-10-12T04:32:26+00:00","twitter_card":"summary_large_image","twitter_misc":{"Tahmini okuma s\u00fcresi":"1 dakika"},"schema":{"@context":"https:\/\/schema.org","@graph":[{"@type":"WebPage","@id":"https:\/\/statorials.org\/tr\/temas-etmek\/","url":"https:\/\/statorials.org\/tr\/temas-etmek\/","name":"Temas etmek - Statorials","isPartOf":{"@id":"https:\/\/statorials.org\/tr\/#website"},"datePublished":"2023-10-11T10:27:36+00:00","dateModified":"2023-10-12T04:32:26+00:00","description":"Okuyucular\u0131m\u0131zdan haber almaktan her zaman mutluluk duyar\u0131z ve her t\u00fcrl\u00fc soru, \u00f6neri veya be\u011feni konusunda yard\u0131mc\u0131 olmak i\u00e7in buraday\u0131z","breadcrumb":{"@id":"https:\/\/statorials.org\/tr\/temas-etmek\/#breadcrumb"},"inLanguage":"tr","potentialAction":[{"@type":"ReadAction","target":["https:\/\/statorials.org\/tr\/temas-etmek\/"]}]},{"@type":"BreadcrumbList","@id":"https:\/\/statorials.org\/tr\/temas-etmek\/#breadcrumb","itemListElement":[{"@type":"ListItem","position":1,"name":"Ev","item":"https:\/\/statorials.org\/tr\/"},{"@type":"ListItem","position":2,"name":"Temas etmek"}]},{"@type":"WebSite","@id":"https:\/\/statorials.org\/tr\/#website","url":"https:\/\/statorials.org\/tr\/","name":"Statorials","description":"\u0130statistik okuryazarl\u0131\u011f\u0131 rehberiniz!","potentialAction":[{"@type":"SearchAction","target":{"@type":"EntryPoint","urlTemplate":"https:\/\/statorials.org\/tr\/?s={search_term_string}"},"query-input":"required name=search_term_string"}],"inLanguage":"tr"}]}},"yoast_meta":{"yoast_wpseo_title":"","yoast_wpseo_metadesc":"","yoast_wpseo_canonical":""},"_links":{"self":[{"href":"https:\/\/statorials.org\/tr\/wp-json\/wp\/v2\/pages\/5149","targetHints":{"allow":["GET"]}}],"collection":[{"href":"https:\/\/statorials.org\/tr\/wp-json\/wp\/v2\/pages"}],"about":[{"href":"https:\/\/statorials.org\/tr\/wp-json\/wp\/v2\/types\/page"}],"author":[{"embeddable":true,"href":"https:\/\/statorials.org\/tr\/wp-json\/wp\/v2\/users\/1"}],"replies":[{"embeddable":true,"href":"https:\/\/statorials.org\/tr\/wp-json\/wp\/v2\/comments?post=5149"}],"version-history":[{"count":2,"href":"https:\/\/statorials.org\/tr\/wp-json\/wp\/v2\/pages\/5149\/revisions"}],"predecessor-version":[{"id":5163,"href":"https:\/\/statorials.org\/tr\/wp-json\/wp\/v2\/pages\/5149\/revisions\/5163"}],"wp:attachment":[{"href":"https:\/\/statorials.org\/tr\/wp-json\/wp\/v2\/media?parent=5149"}],"curies":[{"name":"wp","href":"https:\/\/api.w.org\/{rel}","templated":true}]}}