{"id":5150,"date":"2023-10-12T01:18:07","date_gmt":"2023-10-12T01:18:07","guid":{"rendered":"https:\/\/statorials.org\/tr\/statoloji-kavramlari-basit-ve-dogrudan-bir-sekilde-acikliyor-istatistikleri-ogrenmeyi-kolaylastiriyoruz\/"},"modified":"2023-10-12T04:44:05","modified_gmt":"2023-10-12T04:44:05","slug":"statorials-kavramlari-basit-ve-dogrudan-bir-sekilde-acikliyor-istatistikleri-ogrenmeyi-kolaylastiriyoruz","status":"publish","type":"page","link":"https:\/\/statorials.org\/tr\/","title":{"rendered":"Statorials &#8211; \u0130statistik okuryazarl\u0131\u011f\u0131 rehberiniz!"},"content":{"rendered":"<p><span style=\"color: #000000;\">\u0130statistikleri \u00f6\u011frenmek zor olabilir. Sinir bozucu olabilir. Ve her \u015feyden \u00f6nemlisi kafa kar\u0131\u015ft\u0131r\u0131c\u0131 olabilir. <strong>Bu y\u00fczden size yard\u0131m etmek i\u00e7in buraday\u0131z.<\/strong><\/span><\/p>\n<p><span style=\"color: #000000;\">Statorials, konular\u0131 basit ve anla\u015f\u0131l\u0131r bir \u015fekilde a\u00e7\u0131klayarak istatistikleri \u00f6\u011frenmeyi kolayla\u015ft\u0131ran bir sitedir.<\/span> <span style=\"color: #000000;\">Kaynaklar\u0131m\u0131z\u0131 okuyarak kendiniz \u00f6\u011frenin:<\/span><\/p>\n<h3><strong><span style=\"color: #000000;\">\u0130statistik e\u011fitimleri<\/span><\/strong><\/h3>\n<p><span style=\"color: #000000;\"><a href=\"https:\/\/statorials.org\/tr\/ogreticiler\/\">\u0130statistik e\u011fitimlerimizi<\/a> okuyarak istatistiklerle ilgili her \u015feyi s\u0131f\u0131rdan \u00f6\u011frenin.<\/span><\/p>\n<h3><span style=\"color: #000000;\"><strong>Makine \u00f6\u011frenimi e\u011fitimleri<\/strong><\/span><\/h3>\n<p><span style=\"color: #000000;\">Makine \u00f6\u011frenimi e\u011fitimlerimizle makine \u00f6\u011freniminin temellerini \u00f6\u011frenin.<\/span><\/p>\n<h3><span style=\"color: #000000;\"><strong>\u00c7evrimi\u00e7i hesap makineleri<\/strong><\/span><\/h3>\n<p><span style=\"color: #000000;\"><a href=\"https:\/\/statorials.org\/tr\/hesap-makineleri\/\">\u00c7evrimi\u00e7i istatistiksel hesaplay\u0131c\u0131lar\u0131m\u0131z\u0131<\/a> kullanarak p de\u011ferlerini, kritik de\u011ferleri ve daha fazlas\u0131n\u0131 bulun.<\/span><\/p>\n<h3><strong><span style=\"color: #000000;\">Tablo da\u011f\u0131t\u0131m\u0131<\/span><\/strong><\/h3>\n<p><span style=\"color: #000000;\"><a href=\"https:\/\/statorials.org\/tr\/masalar\/\">Da\u011f\u0131t\u0131m tablolar\u0131m\u0131z\u0131<\/a> kullanarak \u00e7e\u015fitli da\u011f\u0131t\u0131mlar i\u00e7in kritik de\u011ferleri ve p de\u011ferlerini bulun.<\/span><\/p>\n<h3><strong>Excel K\u0131lavuzlar\u0131<\/strong><\/h3>\n<p><span style=\"color: #000000;\"><a href=\"https:\/\/statorials.org\/tr\/excel-kilavuzlari\/\">Excel k\u0131lavuzlar\u0131m\u0131z\u0131<\/a> kullanarak Excel&#8217;de testleri ve istatistiksel i\u015flevleri nas\u0131l ger\u00e7ekle\u015ftirece\u011finizi \u00f6\u011frenin.<\/span><\/p>\n<h3><strong>R K\u0131lavuzlar\u0131<\/strong><\/h3>\n<p><span style=\"color: #000000;\"><a href=\"https:\/\/statorials.org\/tr\/kilavuzlar\/\">R k\u0131lavuzlar\u0131m\u0131z\u0131 kullanarak R&#8217;de istatistiksel testlerin nas\u0131l ger\u00e7ekle\u015ftirilece\u011fini \u00f6\u011frenin.<\/a><\/span><\/p>\n<h3><span style=\"color: #000000;\"><strong>Python K\u0131lavuzlar\u0131<\/strong><\/span><\/h3>\n<p><span style=\"color: #000000;\"><a href=\"https:\/\/statorials.org\/tr\/piton-kilavuzlari\/\" rel=\"noopener noreferrer\">Python k\u0131lavuzlar\u0131m\u0131z\u0131<\/a> kullanarak Python&#8217;da istatistiksel testlerin nas\u0131l ger\u00e7ekle\u015ftirilece\u011fini \u00f6\u011frenin.<\/span><\/p>\n<h3><span style=\"color: #000000;\"><strong>Google E-Tablolar K\u0131lavuzlar\u0131<\/strong><\/span><\/h3>\n<p><span style=\"color: #000000;\"><a href=\"https:\/\/statorials.org\/tr\/google-e-tablolar-kilavuzlari\/\" rel=\"noopener noreferrer\">Google E-Tablolar k\u0131lavuzlar\u0131m\u0131z\u0131<\/a> kullanarak Google E-Tablolar&#8217;da istatistiksel testlerin nas\u0131l ger\u00e7ekle\u015ftirilece\u011fini \u00f6\u011frenin.<\/span><\/p>\n<h3><strong>SPSS K\u0131lavuzlar\u0131<\/strong><\/h3>\n<p><span style=\"color: #000000;\"><a href=\"https:\/\/statorials.org\/tr\/spss-kilavuzlari\/\">SPSS k\u0131lavuzlar\u0131m\u0131z\u0131<\/a> kullanarak SPSS&#8217;de nas\u0131l grafik olu\u015fturaca\u011f\u0131n\u0131z\u0131 ve istatistiksel testler ger\u00e7ekle\u015ftirece\u011finizi \u00f6\u011frenin.<\/span><\/p>\n<h3><strong>\u0130statistik k\u0131lavuzlar\u0131<\/strong><\/h3>\n<p><span style=\"color: #000000;\"><a href=\"https:\/\/statorials.org\/tr\/istatistik-kilavuzlari\/\" rel=\"noopener\">Stata k\u0131lavuzlar\u0131m\u0131z\u0131<\/a> kullanarak Stata&#8217;da nas\u0131l grafik olu\u015fturaca\u011f\u0131n\u0131z\u0131 ve istatistiksel testler ger\u00e7ekle\u015ftirece\u011finizi \u00f6\u011frenin.<\/span><\/p>\n<h3><strong>TI-84 K\u0131lavuzu<\/strong><\/h3>\n<p><span style=\"color: #000000;\"><a href=\"https:\/\/statorials.org\/tr\/ti-84-kilavuzlari\/\">TI-84 k\u0131lavuzlar\u0131m\u0131z\u0131<\/a> kullanarak TI-84 hesap makinesinde istatistiksel testlerin nas\u0131l ger\u00e7ekle\u015ftirilece\u011fini \u00f6\u011frenin.<\/span><\/p>\n","protected":false},"excerpt":{"rendered":"<p>\u0130statistikleri \u00f6\u011frenmek zor olabilir. Sinir bozucu olabilir. Ve her \u015feyden \u00f6nemlisi kafa kar\u0131\u015ft\u0131r\u0131c\u0131 olabilir. Bu y\u00fczden size yard\u0131m etmek i\u00e7in buraday\u0131z. Statorials, konular\u0131 basit ve anla\u015f\u0131l\u0131r bir \u015fekilde a\u00e7\u0131klayarak istatistikleri \u00f6\u011frenmeyi kolayla\u015ft\u0131ran bir sitedir. Kaynaklar\u0131m\u0131z\u0131 okuyarak kendiniz \u00f6\u011frenin: \u0130statistik e\u011fitimleri \u0130statistik e\u011fitimlerimizi okuyarak istatistiklerle ilgili her \u015feyi s\u0131f\u0131rdan \u00f6\u011frenin. Makine \u00f6\u011frenimi e\u011fitimleri Makine \u00f6\u011frenimi e\u011fitimlerimizle [&hellip;]<\/p>\n","protected":false},"author":1,"featured_media":0,"parent":0,"menu_order":0,"comment_status":"closed","ping_status":"closed","template":"","meta":{"footnotes":""},"class_list":["post-5150","page","type-page","status-publish","hentry"],"yoast_head":"<!-- This site is optimized with the Yoast SEO plugin v21.3 - https:\/\/yoast.com\/wordpress\/plugins\/seo\/ -->\n<title>Statorials - \u0130statistik okuryazarl\u0131\u011f\u0131 rehberiniz!<\/title>\n<meta name=\"description\" content=\"Statorials, kavramlar\u0131 basit ve anla\u015f\u0131l\u0131r bir \u015fekilde a\u00e7\u0131klayarak istatistik \u00f6\u011frenmeyi kolayla\u015ft\u0131ran bir web sitesidir.\" \/>\n<meta name=\"robots\" content=\"index, follow, max-snippet:-1, max-image-preview:large, max-video-preview:-1\" \/>\n<link rel=\"canonical\" href=\"https:\/\/statorials.org\/tr\/\" \/>\n<meta property=\"og:locale\" content=\"tr_TR\" \/>\n<meta property=\"og:type\" content=\"article\" \/>\n<meta property=\"og:title\" content=\"Statorials - \u0130statistik okuryazarl\u0131\u011f\u0131 rehberiniz!\" \/>\n<meta property=\"og:description\" content=\"Statorials, kavramlar\u0131 basit ve anla\u015f\u0131l\u0131r bir \u015fekilde a\u00e7\u0131klayarak istatistik \u00f6\u011frenmeyi kolayla\u015ft\u0131ran bir web sitesidir.\" \/>\n<meta property=\"og:url\" content=\"https:\/\/statorials.org\/tr\/\" \/>\n<meta property=\"og:site_name\" content=\"Statorials\" \/>\n<meta property=\"article:modified_time\" content=\"2023-10-12T04:44:05+00:00\" \/>\n<meta name=\"twitter:card\" content=\"summary_large_image\" \/>\n<meta name=\"twitter:label1\" content=\"Tahmini okuma s\u00fcresi\" \/>\n\t<meta name=\"twitter:data1\" content=\"1 dakika\" \/>\n<script type=\"application\/ld+json\" class=\"yoast-schema-graph\">{\"@context\":\"https:\/\/schema.org\",\"@graph\":[{\"@type\":\"WebPage\",\"@id\":\"https:\/\/statorials.org\/tr\/\",\"url\":\"https:\/\/statorials.org\/tr\/\",\"name\":\"Statorials - \u0130statistik okuryazarl\u0131\u011f\u0131 rehberiniz!\",\"isPartOf\":{\"@id\":\"https:\/\/statorials.org\/tr\/#website\"},\"datePublished\":\"2023-10-12T01:18:07+00:00\",\"dateModified\":\"2023-10-12T04:44:05+00:00\",\"description\":\"Statorials, kavramlar\u0131 basit ve anla\u015f\u0131l\u0131r bir \u015fekilde a\u00e7\u0131klayarak istatistik \u00f6\u011frenmeyi kolayla\u015ft\u0131ran bir web sitesidir.\",\"breadcrumb\":{\"@id\":\"https:\/\/statorials.org\/tr\/#breadcrumb\"},\"inLanguage\":\"tr\",\"potentialAction\":[{\"@type\":\"ReadAction\",\"target\":[\"https:\/\/statorials.org\/tr\/\"]}]},{\"@type\":\"BreadcrumbList\",\"@id\":\"https:\/\/statorials.org\/tr\/#breadcrumb\",\"itemListElement\":[{\"@type\":\"ListItem\",\"position\":1,\"name\":\"Ev\",\"item\":\"https:\/\/statorials.org\/tr\/\"},{\"@type\":\"ListItem\",\"position\":2,\"name\":\"Statorials &#8211; \u0130statistik okuryazarl\u0131\u011f\u0131 rehberiniz!\"}]},{\"@type\":\"WebSite\",\"@id\":\"https:\/\/statorials.org\/tr\/#website\",\"url\":\"https:\/\/statorials.org\/tr\/\",\"name\":\"Statorials\",\"description\":\"\u0130statistik okuryazarl\u0131\u011f\u0131 rehberiniz!\",\"potentialAction\":[{\"@type\":\"SearchAction\",\"target\":{\"@type\":\"EntryPoint\",\"urlTemplate\":\"https:\/\/statorials.org\/tr\/?s={search_term_string}\"},\"query-input\":\"required name=search_term_string\"}],\"inLanguage\":\"tr\"}]}<\/script>\n<!-- \/ Yoast SEO plugin. -->","yoast_head_json":{"title":"Statorials - \u0130statistik okuryazarl\u0131\u011f\u0131 rehberiniz!","description":"Statorials, kavramlar\u0131 basit ve anla\u015f\u0131l\u0131r bir \u015fekilde a\u00e7\u0131klayarak istatistik \u00f6\u011frenmeyi kolayla\u015ft\u0131ran bir web sitesidir.","robots":{"index":"index","follow":"follow","max-snippet":"max-snippet:-1","max-image-preview":"max-image-preview:large","max-video-preview":"max-video-preview:-1"},"canonical":"https:\/\/statorials.org\/tr\/","og_locale":"tr_TR","og_type":"article","og_title":"Statorials - \u0130statistik okuryazarl\u0131\u011f\u0131 rehberiniz!","og_description":"Statorials, kavramlar\u0131 basit ve anla\u015f\u0131l\u0131r bir \u015fekilde a\u00e7\u0131klayarak istatistik \u00f6\u011frenmeyi kolayla\u015ft\u0131ran bir web sitesidir.","og_url":"https:\/\/statorials.org\/tr\/","og_site_name":"Statorials","article_modified_time":"2023-10-12T04:44:05+00:00","twitter_card":"summary_large_image","twitter_misc":{"Tahmini okuma s\u00fcresi":"1 dakika"},"schema":{"@context":"https:\/\/schema.org","@graph":[{"@type":"WebPage","@id":"https:\/\/statorials.org\/tr\/","url":"https:\/\/statorials.org\/tr\/","name":"Statorials - \u0130statistik okuryazarl\u0131\u011f\u0131 rehberiniz!","isPartOf":{"@id":"https:\/\/statorials.org\/tr\/#website"},"datePublished":"2023-10-12T01:18:07+00:00","dateModified":"2023-10-12T04:44:05+00:00","description":"Statorials, kavramlar\u0131 basit ve anla\u015f\u0131l\u0131r bir \u015fekilde a\u00e7\u0131klayarak istatistik \u00f6\u011frenmeyi kolayla\u015ft\u0131ran bir web sitesidir.","breadcrumb":{"@id":"https:\/\/statorials.org\/tr\/#breadcrumb"},"inLanguage":"tr","potentialAction":[{"@type":"ReadAction","target":["https:\/\/statorials.org\/tr\/"]}]},{"@type":"BreadcrumbList","@id":"https:\/\/statorials.org\/tr\/#breadcrumb","itemListElement":[{"@type":"ListItem","position":1,"name":"Ev","item":"https:\/\/statorials.org\/tr\/"},{"@type":"ListItem","position":2,"name":"Statorials &#8211; \u0130statistik okuryazarl\u0131\u011f\u0131 rehberiniz!"}]},{"@type":"WebSite","@id":"https:\/\/statorials.org\/tr\/#website","url":"https:\/\/statorials.org\/tr\/","name":"Statorials","description":"\u0130statistik okuryazarl\u0131\u011f\u0131 rehberiniz!","potentialAction":[{"@type":"SearchAction","target":{"@type":"EntryPoint","urlTemplate":"https:\/\/statorials.org\/tr\/?s={search_term_string}"},"query-input":"required name=search_term_string"}],"inLanguage":"tr"}]}},"yoast_meta":{"yoast_wpseo_title":"","yoast_wpseo_metadesc":"","yoast_wpseo_canonical":""},"_links":{"self":[{"href":"https:\/\/statorials.org\/tr\/wp-json\/wp\/v2\/pages\/5150","targetHints":{"allow":["GET"]}}],"collection":[{"href":"https:\/\/statorials.org\/tr\/wp-json\/wp\/v2\/pages"}],"about":[{"href":"https:\/\/statorials.org\/tr\/wp-json\/wp\/v2\/types\/page"}],"author":[{"embeddable":true,"href":"https:\/\/statorials.org\/tr\/wp-json\/wp\/v2\/users\/1"}],"replies":[{"embeddable":true,"href":"https:\/\/statorials.org\/tr\/wp-json\/wp\/v2\/comments?post=5150"}],"version-history":[{"count":2,"href":"https:\/\/statorials.org\/tr\/wp-json\/wp\/v2\/pages\/5150\/revisions"}],"predecessor-version":[{"id":5186,"href":"https:\/\/statorials.org\/tr\/wp-json\/wp\/v2\/pages\/5150\/revisions\/5186"}],"wp:attachment":[{"href":"https:\/\/statorials.org\/tr\/wp-json\/wp\/v2\/media?parent=5150"}],"curies":[{"name":"wp","href":"https:\/\/api.w.org\/{rel}","templated":true}]}}