{"id":5152,"date":"2023-07-12T15:10:31","date_gmt":"2023-07-12T15:10:31","guid":{"rendered":"https:\/\/statorials.org\/tr\/istatistik-kilavuzlari\/"},"modified":"2023-07-12T15:10:31","modified_gmt":"2023-07-12T15:10:31","slug":"istatistik-kilavuzlari","status":"publish","type":"page","link":"https:\/\/statorials.org\/tr\/istatistik-kilavuzlari\/","title":{"rendered":"I\u0307statistik k\u0131lavuzlar\u0131"},"content":{"rendered":"<p><span style=\"color: #000000;\">Bu sayfa Statalogy&#8217;de mevcut olan t\u00fcm Stata e\u011fitimlerini listeler.<\/span><\/p>\n<p> <strong><span style=\"color: #000000;\">Korelasyonlar<br \/><\/span><\/strong> <strong><a href=\"https:\/\/statorials.org\/tr\/istatistik-korelasyon-matrisi\/\">Stata&#8217;da korelasyon matrisi nas\u0131l olu\u015fturulur<\/a><br \/> <a href=\"https:\/\/statorials.org\/tr\/istatistiksel-korelasyonlar\/\">Stata&#8217;daki Korelasyonlar: Pearson, Spearman ve Kendall<\/a><\/strong><\/p>\n<p> <strong><span style=\"color: #000000;\">G\u00f6rselle\u015ftirmeler<\/span><br \/> <a href=\"https:\/\/statorials.org\/tr\/kok-ve-yaprak-grafigi-durumu\/\">Stata&#8217;da K\u00f6k ve Yaprak Grafi\u011fi Nas\u0131l Olu\u015fturulur<\/a><br \/> <a href=\"https:\/\/statorials.org\/tr\/kutu-grafigi-durumu\/\">Stata&#8217;da Kutu Grafikleri Nas\u0131l Olu\u015fturulur ve D\u00fczenlenir<\/a><br \/> <a href=\"https:\/\/statorials.org\/tr\/stata-noktasi-bulutlari\/\">Stata&#8217;da Da\u011f\u0131l\u0131m Grafikleri Nas\u0131l Olu\u015fturulur ve D\u00fczenlenir<\/a><br \/> <a href=\"https:\/\/statorials.org\/tr\/durum-histogramlari\/\">Stata&#8217;da histogramlar nas\u0131l olu\u015fturulur ve d\u00fczenlenir?<\/a><br \/> <a href=\"https:\/\/statorials.org\/tr\/stata-pasta-grafikleri\/\">Stata&#8217;da Pasta Grafikleri Nas\u0131l Olu\u015fturulur ve D\u00fczenlenir<\/a><br \/><\/strong><\/p>\n<p> <span style=\"color: #000000;\"><strong>Hipotez testi<\/strong><\/span><br \/> <strong><a href=\"https:\/\/statorials.org\/tr\/bir-ornek-t-testi-durumu\/\">Stata&#8217;da tek \u00f6rnekli t testi nas\u0131l yap\u0131l\u0131r?<\/a><br \/> <a href=\"https:\/\/statorials.org\/tr\/iki-ornek-t-testi-durumu\/\">Stata&#8217;da iki \u00f6rnekli t testi nas\u0131l yap\u0131l\u0131r?<\/a><br \/> <a href=\"https:\/\/statorials.org\/tr\/welchs-t-test-durumu\/\">Welch&#8217;in t-testi Stata&#8217;da nas\u0131l ger\u00e7ekle\u015ftirilir?<\/a><br \/> <a href=\"https:\/\/statorials.org\/tr\/mann-whitney-durumunu-test-ettin\/\">Stata&#8217;da Mann-Whitney U testi nas\u0131l yap\u0131l\u0131r?<\/a><br \/> Stata&#8217;da e\u015fle\u015ftirilmi\u015f t testi nas\u0131l yap\u0131l\u0131r?<br \/> <a href=\"https:\/\/statorials.org\/tr\/wilcoxon-isaret-siralamasi-test-durumu\/\">Stata&#8217;da Wilcoxon imzal\u0131 s\u0131ralama testi nas\u0131l yap\u0131l\u0131r?<\/a><br \/> <a href=\"https:\/\/statorials.org\/tr\/levenes-durum-testi\/\">Stata&#8217;da Levene testi nas\u0131l yap\u0131l\u0131r?<\/a><br \/> <a href=\"https:\/\/statorials.org\/tr\/normallik-testi-istatistigi\/\">Stata&#8217;da normallik nas\u0131l test edilir<\/a><br \/><\/strong><\/p>\n<p> <strong><span style=\"color: #000000;\">Regresyon<\/span><\/strong><br \/> <strong><a href=\"https:\/\/statorials.org\/tr\/basit-dogrusal-regresyon-istatistigi\/\">Stata&#8217;da basit do\u011frusal regresyon nas\u0131l ger\u00e7ekle\u015ftirilir<\/a><br \/> <a href=\"https:\/\/statorials.org\/tr\/coklu-dogrusal-regresyon-istatistikleri\/\">Stata&#8217;da \u00e7oklu do\u011frusal regresyon nas\u0131l ger\u00e7ekle\u015ftirilir<\/a><br \/> <a href=\"https:\/\/statorials.org\/tr\/ikinci-dereceden-regresyon-istatistikleri\/\">Stata&#8217;da ikinci dereceden regresyon nas\u0131l ger\u00e7ekle\u015ftirilir?<\/a><br \/> <a href=\"https:\/\/statorials.org\/tr\/lojistik-regresyon-istatistikleri\/\">Stata&#8217;da lojistik regresyon nas\u0131l ger\u00e7ekle\u015ftirilir?<\/a><br \/> <a href=\"https:\/\/statorials.org\/tr\/niceliksel-regresyon-durumu\/\">Stata&#8217;da kantil regresyon nas\u0131l ger\u00e7ekle\u015ftirilir?<\/a><br \/> <a href=\"https:\/\/statorials.org\/tr\/hiyerarsik-regresyon-istatistikleri\/\">Stata&#8217;da hiyerar\u015fik regresyon nas\u0131l ger\u00e7ekle\u015ftirilir?<\/a><br \/> <a href=\"https:\/\/statorials.org\/tr\/kaya-egrisi-durumu\/\">Stata&#8217;da ROC e\u011frisi nas\u0131l olu\u015fturulur ve yorumlan\u0131r<\/a><br \/> <a href=\"https:\/\/statorials.org\/tr\/saglam-standart-hata-istatistikleri\/\">Stata&#8217;da regresyonda sa\u011flam standart hatalar nas\u0131l kullan\u0131l\u0131r?<\/a><br \/> <a href=\"https:\/\/statorials.org\/tr\/breusch-pagan-stata-testi\/\">Stata&#8217;da Breusch-Pagan testi nas\u0131l yap\u0131l\u0131r?<\/a><br \/> <a href=\"https:\/\/statorials.org\/tr\/tahmin-edilen-degerler-artiklar-regresyon-durumu\/\">Stata&#8217;da tahmini de\u011ferler ve art\u0131klar nas\u0131l elde edilir<\/a><br \/> <a href=\"https:\/\/statorials.org\/tr\/bazi-stata-grafikleri\/\">Stata&#8217;da QQ grafikleri nas\u0131l olu\u015fturulur ve yorumlan\u0131r<\/a><br \/> <a href=\"https:\/\/statorials.org\/tr\/coklu-baglanti-istatistikleri\/\">Stata&#8217;da \u00e7oklu ba\u011flant\u0131 nas\u0131l test edilir<\/a><br \/><\/strong><\/p>\n<p> <strong><span style=\"color: #000000;\">ANOVA<\/span><\/strong><br \/> <strong><a href=\"https:\/\/statorials.org\/tr\/tek-yonlu-anova-durumu\/\">Stata&#8217;da tek y\u00f6nl\u00fc ANOVA nas\u0131l ger\u00e7ekle\u015ftirilir?<\/a><br \/> <a href=\"https:\/\/statorials.org\/tr\/kruskal-wallis-test-durumu\/\">Stata&#8217;da Kruskal-Wallis testi nas\u0131l yap\u0131l\u0131r?<\/a><\/strong><br \/> <strong><a href=\"https:\/\/statorials.org\/tr\/iki-yonlu-anova-durumu\/\">Stata&#8217;da iki y\u00f6nl\u00fc ANOVA nas\u0131l ger\u00e7ekle\u015ftirilir?<\/a><\/strong><br \/> <strong><a href=\"https:\/\/statorials.org\/tr\/tekrarlanan-olcumler-anova-durumu\/\">Stata&#8217;da Tekrarlanan \u00d6l\u00e7\u00fcmler ANOVA Nas\u0131l Ger\u00e7ekle\u015ftirilir<\/a><br \/> <a href=\"https:\/\/statorials.org\/tr\/friedman-test-istatistigi\/\">Stata&#8217;da Friedman testi nas\u0131l yap\u0131l\u0131r?<\/a><br \/> <a href=\"https:\/\/statorials.org\/tr\/manova-durumu\/\">Stata&#8217;da MANOVA nas\u0131l yap\u0131l\u0131r?<\/a><br \/><\/strong><\/p>\n<p> <strong><span style=\"color: #000000;\">Ki-kare testleri<\/span><\/strong><br \/> <strong><a href=\"https:\/\/statorials.org\/tr\/mcnemar-durum-testi\/\">Stata&#8217;da McNemar testi nas\u0131l yap\u0131l\u0131r?<\/a><br \/> <a href=\"https:\/\/statorials.org\/tr\/balikcilarin-kesin-durum-testi\/\">Fisher&#8217;in kesin testi Stata&#8217;da nas\u0131l yap\u0131l\u0131r?<\/a><br \/> <a href=\"https:\/\/statorials.org\/tr\/uyum-durumunun-ki-kare-kalitesi\/\">Stata&#8217;da ki-kare uyum iyili\u011fi testi nas\u0131l yap\u0131l\u0131r?<\/a><br \/> <a href=\"https:\/\/statorials.org\/tr\/bagimsizlik-statusunun-ki-kare-testi\/\">Stata&#8217;da ki-kare ba\u011f\u0131ms\u0131zl\u0131k testi nas\u0131l yap\u0131l\u0131r?<\/a><br \/><\/strong><\/p>\n","protected":false},"excerpt":{"rendered":"<p>Bu sayfa Statalogy&#8217;de mevcut olan t\u00fcm Stata e\u011fitimlerini listeler. Korelasyonlar Stata&#8217;da korelasyon matrisi nas\u0131l olu\u015fturulur Stata&#8217;daki Korelasyonlar: Pearson, Spearman ve Kendall G\u00f6rselle\u015ftirmeler Stata&#8217;da K\u00f6k ve Yaprak Grafi\u011fi Nas\u0131l Olu\u015fturulur Stata&#8217;da Kutu Grafikleri Nas\u0131l Olu\u015fturulur ve D\u00fczenlenir Stata&#8217;da Da\u011f\u0131l\u0131m Grafikleri Nas\u0131l Olu\u015fturulur ve D\u00fczenlenir Stata&#8217;da histogramlar nas\u0131l olu\u015fturulur ve d\u00fczenlenir? Stata&#8217;da Pasta Grafikleri Nas\u0131l Olu\u015fturulur ve [&hellip;]<\/p>\n","protected":false},"author":1,"featured_media":0,"parent":0,"menu_order":0,"comment_status":"closed","ping_status":"closed","template":"","meta":{"footnotes":""},"class_list":["post-5152","page","type-page","status-publish","hentry"],"yoast_head":"<!-- This site is optimized with the Yoast SEO plugin v21.3 - https:\/\/yoast.com\/wordpress\/plugins\/seo\/ -->\n<title>\u0130statistik k\u0131lavuzlar\u0131<\/title>\n<meta name=\"robots\" content=\"index, follow, max-snippet:-1, max-image-preview:large, max-video-preview:-1\" \/>\n<link rel=\"canonical\" href=\"https:\/\/statorials.org\/tr\/istatistik-kilavuzlari\/\" \/>\n<meta property=\"og:locale\" content=\"tr_TR\" \/>\n<meta property=\"og:type\" content=\"article\" \/>\n<meta property=\"og:title\" content=\"\u0130statistik k\u0131lavuzlar\u0131\" \/>\n<meta property=\"og:description\" content=\"Bu sayfa Statalogy&#8217;de mevcut olan t\u00fcm Stata e\u011fitimlerini listeler. Korelasyonlar Stata&#8217;da korelasyon matrisi nas\u0131l olu\u015fturulur Stata&#8217;daki Korelasyonlar: Pearson, Spearman ve Kendall G\u00f6rselle\u015ftirmeler Stata&#8217;da K\u00f6k ve Yaprak Grafi\u011fi Nas\u0131l Olu\u015fturulur Stata&#8217;da Kutu Grafikleri Nas\u0131l Olu\u015fturulur ve D\u00fczenlenir Stata&#8217;da Da\u011f\u0131l\u0131m Grafikleri Nas\u0131l Olu\u015fturulur ve D\u00fczenlenir Stata&#8217;da histogramlar nas\u0131l olu\u015fturulur ve d\u00fczenlenir? Stata&#8217;da Pasta Grafikleri Nas\u0131l Olu\u015fturulur ve [&hellip;]\" \/>\n<meta property=\"og:url\" content=\"https:\/\/statorials.org\/tr\/istatistik-kilavuzlari\/\" \/>\n<meta property=\"og:site_name\" content=\"Statorials\" \/>\n<meta name=\"twitter:card\" content=\"summary_large_image\" \/>\n<meta name=\"twitter:label1\" content=\"Tahmini okuma s\u00fcresi\" \/>\n\t<meta name=\"twitter:data1\" content=\"2 dakika\" \/>\n<script type=\"application\/ld+json\" class=\"yoast-schema-graph\">{\"@context\":\"https:\/\/schema.org\",\"@graph\":[{\"@type\":\"WebPage\",\"@id\":\"https:\/\/statorials.org\/tr\/istatistik-kilavuzlari\/\",\"url\":\"https:\/\/statorials.org\/tr\/istatistik-kilavuzlari\/\",\"name\":\"\u0130statistik k\u0131lavuzlar\u0131\",\"isPartOf\":{\"@id\":\"https:\/\/statorials.org\/tr\/#website\"},\"datePublished\":\"2023-07-12T15:10:31+00:00\",\"dateModified\":\"2023-07-12T15:10:31+00:00\",\"breadcrumb\":{\"@id\":\"https:\/\/statorials.org\/tr\/istatistik-kilavuzlari\/#breadcrumb\"},\"inLanguage\":\"tr\",\"potentialAction\":[{\"@type\":\"ReadAction\",\"target\":[\"https:\/\/statorials.org\/tr\/istatistik-kilavuzlari\/\"]}]},{\"@type\":\"BreadcrumbList\",\"@id\":\"https:\/\/statorials.org\/tr\/istatistik-kilavuzlari\/#breadcrumb\",\"itemListElement\":[{\"@type\":\"ListItem\",\"position\":1,\"name\":\"Ev\",\"item\":\"https:\/\/statorials.org\/tr\/\"},{\"@type\":\"ListItem\",\"position\":2,\"name\":\"I\u0307statistik k\u0131lavuzlar\u0131\"}]},{\"@type\":\"WebSite\",\"@id\":\"https:\/\/statorials.org\/tr\/#website\",\"url\":\"https:\/\/statorials.org\/tr\/\",\"name\":\"Statorials\",\"description\":\"\u0130statistik okuryazarl\u0131\u011f\u0131 rehberiniz!\",\"potentialAction\":[{\"@type\":\"SearchAction\",\"target\":{\"@type\":\"EntryPoint\",\"urlTemplate\":\"https:\/\/statorials.org\/tr\/?s={search_term_string}\"},\"query-input\":\"required name=search_term_string\"}],\"inLanguage\":\"tr\"}]}<\/script>\n<!-- \/ Yoast SEO plugin. -->","yoast_head_json":{"title":"\u0130statistik k\u0131lavuzlar\u0131","robots":{"index":"index","follow":"follow","max-snippet":"max-snippet:-1","max-image-preview":"max-image-preview:large","max-video-preview":"max-video-preview:-1"},"canonical":"https:\/\/statorials.org\/tr\/istatistik-kilavuzlari\/","og_locale":"tr_TR","og_type":"article","og_title":"\u0130statistik k\u0131lavuzlar\u0131","og_description":"Bu sayfa Statalogy&#8217;de mevcut olan t\u00fcm Stata e\u011fitimlerini listeler. Korelasyonlar Stata&#8217;da korelasyon matrisi nas\u0131l olu\u015fturulur Stata&#8217;daki Korelasyonlar: Pearson, Spearman ve Kendall G\u00f6rselle\u015ftirmeler Stata&#8217;da K\u00f6k ve Yaprak Grafi\u011fi Nas\u0131l Olu\u015fturulur Stata&#8217;da Kutu Grafikleri Nas\u0131l Olu\u015fturulur ve D\u00fczenlenir Stata&#8217;da Da\u011f\u0131l\u0131m Grafikleri Nas\u0131l Olu\u015fturulur ve D\u00fczenlenir Stata&#8217;da histogramlar nas\u0131l olu\u015fturulur ve d\u00fczenlenir? Stata&#8217;da Pasta Grafikleri Nas\u0131l Olu\u015fturulur ve [&hellip;]","og_url":"https:\/\/statorials.org\/tr\/istatistik-kilavuzlari\/","og_site_name":"Statorials","twitter_card":"summary_large_image","twitter_misc":{"Tahmini okuma s\u00fcresi":"2 dakika"},"schema":{"@context":"https:\/\/schema.org","@graph":[{"@type":"WebPage","@id":"https:\/\/statorials.org\/tr\/istatistik-kilavuzlari\/","url":"https:\/\/statorials.org\/tr\/istatistik-kilavuzlari\/","name":"\u0130statistik k\u0131lavuzlar\u0131","isPartOf":{"@id":"https:\/\/statorials.org\/tr\/#website"},"datePublished":"2023-07-12T15:10:31+00:00","dateModified":"2023-07-12T15:10:31+00:00","breadcrumb":{"@id":"https:\/\/statorials.org\/tr\/istatistik-kilavuzlari\/#breadcrumb"},"inLanguage":"tr","potentialAction":[{"@type":"ReadAction","target":["https:\/\/statorials.org\/tr\/istatistik-kilavuzlari\/"]}]},{"@type":"BreadcrumbList","@id":"https:\/\/statorials.org\/tr\/istatistik-kilavuzlari\/#breadcrumb","itemListElement":[{"@type":"ListItem","position":1,"name":"Ev","item":"https:\/\/statorials.org\/tr\/"},{"@type":"ListItem","position":2,"name":"I\u0307statistik k\u0131lavuzlar\u0131"}]},{"@type":"WebSite","@id":"https:\/\/statorials.org\/tr\/#website","url":"https:\/\/statorials.org\/tr\/","name":"Statorials","description":"\u0130statistik okuryazarl\u0131\u011f\u0131 rehberiniz!","potentialAction":[{"@type":"SearchAction","target":{"@type":"EntryPoint","urlTemplate":"https:\/\/statorials.org\/tr\/?s={search_term_string}"},"query-input":"required name=search_term_string"}],"inLanguage":"tr"}]}},"yoast_meta":{"yoast_wpseo_title":"","yoast_wpseo_metadesc":"","yoast_wpseo_canonical":""},"_links":{"self":[{"href":"https:\/\/statorials.org\/tr\/wp-json\/wp\/v2\/pages\/5152","targetHints":{"allow":["GET"]}}],"collection":[{"href":"https:\/\/statorials.org\/tr\/wp-json\/wp\/v2\/pages"}],"about":[{"href":"https:\/\/statorials.org\/tr\/wp-json\/wp\/v2\/types\/page"}],"author":[{"embeddable":true,"href":"https:\/\/statorials.org\/tr\/wp-json\/wp\/v2\/users\/1"}],"replies":[{"embeddable":true,"href":"https:\/\/statorials.org\/tr\/wp-json\/wp\/v2\/comments?post=5152"}],"version-history":[{"count":0,"href":"https:\/\/statorials.org\/tr\/wp-json\/wp\/v2\/pages\/5152\/revisions"}],"wp:attachment":[{"href":"https:\/\/statorials.org\/tr\/wp-json\/wp\/v2\/media?parent=5152"}],"curies":[{"name":"wp","href":"https:\/\/api.w.org\/{rel}","templated":true}]}}