{"id":5153,"date":"2023-07-12T14:01:08","date_gmt":"2023-07-12T14:01:08","guid":{"rendered":"https:\/\/statorials.org\/tr\/ti-84-kilavuzlari\/"},"modified":"2023-07-12T14:01:08","modified_gmt":"2023-07-12T14:01:08","slug":"ti-84-kilavuzlari","status":"publish","type":"page","link":"https:\/\/statorials.org\/tr\/ti-84-kilavuzlari\/","title":{"rendered":"Ti-84 k\u0131lavuzu"},"content":{"rendered":"<p><span style=\"color: #000000;\">Bu sayfa Statorialsde mevcut olan t\u00fcm TI-84 hesap makinesi e\u011fitimlerini listeler.<\/span><\/p>\n<p> <span style=\"color: #000000;\"><strong>Tan\u0131mlay\u0131c\u0131 istatistikler<\/strong><\/span><br \/> <strong><a href=\"https:\/\/statorials.org\/tr\/bes-numara-ozgecmis-ti-84\/\">TI-84 Hesap Makinesinde Be\u015f Haneli \u00d6zet Nas\u0131l Bulunur?<\/a><br \/> <a href=\"https:\/\/statorials.org\/tr\/ceyrekler-arasi-aralik-ti-84\/\">TI-84 Hesap Makinesinde \u00c7eyrekler Aras\u0131 Aral\u0131\u011f\u0131 Nas\u0131l Bulunur?<\/a><br \/> <a href=\"https:\/\/statorials.org\/tr\/varyasyon-katsayisi-ti-84\/\">TI-84 Hesap Makinesinde Varyasyon Katsay\u0131s\u0131 Nas\u0131l Bulunur?<\/a><br \/> <a href=\"https:\/\/statorials.org\/tr\/ornek-varyans-ti-84\/\">TI-84 Hesap Makinesinde Bir Numunenin Varyans\u0131 Nas\u0131l Bulunur?<\/a><br \/> <a href=\"https:\/\/statorials.org\/tr\/nokta-carpim-ti-84\/\">TI-84 Hesap Makinesinde Nokta \u00c7arp\u0131m\u0131 Nas\u0131l Hesaplan\u0131r<\/a><br \/> <a href=\"https:\/\/statorials.org\/tr\/bagil-frekans-ti-84\/\">TI-84 Hesap Makinesinde Ba\u011f\u0131l Frekans Nas\u0131l Hesaplan\u0131r?<\/a><br \/> <a href=\"https:\/\/statorials.org\/tr\/mutlak-ortalama-sapma-ti-84\/\">TI-84 Hesap Makinesinde Ortalama Mutlak Sapma Nas\u0131l Bulunur?<\/a><br \/><\/strong><\/p>\n<p> <span style=\"color: #000000;\"><strong>Olas\u0131l\u0131k da\u011f\u0131l\u0131mlar\u0131<\/strong><\/span><br \/> <strong><a href=\"https:\/\/statorials.org\/tr\/normal-olasiliklar-ti-84-hesaplayicisi\/\">TI-84 Hesap Makinesinde Normal Olas\u0131l\u0131klar Nas\u0131l Hesaplan\u0131r?<\/a><br \/> <a href=\"https:\/\/statorials.org\/tr\/binom-olasiliklari-ti-84-hesaplayicisi\/\">TI-84 Hesap Makinesinde Binom Olas\u0131l\u0131klar\u0131 Nas\u0131l Hesaplan\u0131r?<\/a><br \/> <a href=\"https:\/\/statorials.org\/tr\/balik-olasiliklari-ti-84-hesaplayici\/\">TI-84 Hesap Makinesinde Poisson Olas\u0131l\u0131klar\u0131 Nas\u0131l Hesaplan\u0131r?<\/a><br \/> <a href=\"https:\/\/statorials.org\/tr\/geometpdf-geometcdf-ti-84\/\">TI-84 hesap makinesinde geometpdf() ve geometcdf() nas\u0131l kullan\u0131l\u0131r?<\/a><br \/> <a href=\"https:\/\/statorials.org\/tr\/z-puani-ti-84-hesaplayici\/\">TI-84 Hesap Makinesinde Z Puanlar\u0131 Nas\u0131l Hesaplan\u0131r?<\/a><br \/> <a href=\"https:\/\/statorials.org\/tr\/z-puaninin-yuzdelik-dilimi-ti-84\/\">TI-84 Hesap Makinesinde Z Puanlar\u0131ndan Y\u00fczdelik De\u011ferler Nas\u0131l Bulunur?<\/a><br \/> <a href=\"https:\/\/statorials.org\/tr\/ti-84-hesap-makinesinde-kritik-deger-t-nasil-bulunur\/\">TI-84 Hesap Makinesinde Kritik De\u011fer T Nas\u0131l Bulunur?<\/a><br \/> <a href=\"https:\/\/statorials.org\/tr\/z-kritik-deger-hesaplayicisi-ti-84\/\">TI-84 Hesap Makinesinde Kritik Z De\u011feri Nas\u0131l Bulunur?<\/a><br \/> <a href=\"https:\/\/statorials.org\/tr\/merkezi-limit-teoremi-ti-84\/\">TI-84 Hesap Makinesinde Merkezi Limit Teoremi Nas\u0131l Uygulan\u0131r?<\/a><br \/> <a href=\"https:\/\/statorials.org\/tr\/beklenen-deger-ti-84\/\">TI-84 Hesap Makinesinde Olas\u0131l\u0131k Da\u011f\u0131l\u0131m\u0131n\u0131n Beklenen De\u011feri Nas\u0131l Bulunur?<\/a><br \/><\/strong><\/p>\n<p> <span style=\"color: #000000;\"><strong>Hipotez testi<\/strong><\/span><br \/> <strong><a href=\"https:\/\/statorials.org\/tr\/ornek-bir-t-testi-ti-84-hesap-makinesi\/\">TI-84 Hesap Makinesinde Tek \u00d6rnekli t-Testi Nas\u0131l Ger\u00e7ekle\u015ftirilir<\/a><br \/> <a href=\"https:\/\/statorials.org\/tr\/iki-ornek-t-testi-ti-84-hesap-makinesi\/\">TI-84 Hesap Makinesinde \u0130ki \u00d6rnekli t-Testi Nas\u0131l Ger\u00e7ekle\u015ftirilir<\/a><br \/> TI-84 Hesap Makinesinde E\u015fle\u015ftirilmi\u015f T Testi Nas\u0131l Ger\u00e7ekle\u015ftirilir<\/strong><\/p>\n<p> <span style=\"color: #000000;\"><strong>G\u00fcvenilirlik aral\u0131\u011f\u0131<\/strong><\/span><br \/> <strong><a href=\"https:\/\/statorials.org\/tr\/guven-araliklari-ti-84-hesaplayici\/\">TI-84 Hesap Makinesinde G\u00fcven Aral\u0131klar\u0131 Nas\u0131l Hesaplan\u0131r?<\/a><br \/> <a href=\"https:\/\/statorials.org\/tr\/hata-payi-ti-84\/\">TI-84 Hesap Makinesinde Hata Marj\u0131 Nas\u0131l Bulunur?<\/a><br \/><\/strong><\/p>\n<p> <span style=\"color: #000000;\"><strong>Regresyon<\/strong><\/span><br \/> <strong><a href=\"https:\/\/statorials.org\/tr\/korelasyon-katsayisi-ti-84-hesaplayicisi\/\">TI-84 Hesap Makinesinde Korelasyon Katsay\u0131s\u0131 Nas\u0131l Hesaplan\u0131r?<\/a><br \/> <a href=\"https:\/\/statorials.org\/tr\/dogrusal-regresyon-hesaplayicisi-ti-84\/\">TI-84 Hesap Makinesinde Do\u011frusal Regresyon Nas\u0131l Ger\u00e7ekle\u015ftirilir<\/a><br \/> <a href=\"https:\/\/statorials.org\/tr\/ti-84-en-uygun-seri\/\">TI-84 Hesaplay\u0131c\u0131da En \u0130yi Uyum \u00c7izgisi Nas\u0131l Bulunur ve \u00c7izilir<\/a><br \/> <a href=\"https:\/\/statorials.org\/tr\/ti-84-ikinci-dereceden-regresyon-hesaplayicisi\/\">TI-84 Hesap Makinesinde \u0130kinci Dereceden Regresyon Nas\u0131l Ger\u00e7ekle\u015ftirilir<\/a><br \/> <a href=\"https:\/\/statorials.org\/tr\/ustel-regresyon-ti-84\/\">TI-84 Hesap Makinesinde \u00dcstel Regresyon Nas\u0131l Ger\u00e7ekle\u015ftirilir<\/a><br \/> <a href=\"https:\/\/statorials.org\/tr\/logaritmik-regresyon-ti-84\/\">TI-84 Hesap Makinesinde Logaritmik Regresyon Nas\u0131l Ger\u00e7ekle\u015ftirilir<\/a><br \/> <a href=\"https:\/\/statorials.org\/tr\/kalan-arsa-ti-84\/\">TI-84 Hesap Makinesinde Art\u0131k Grafik Nas\u0131l Olu\u015fturulur<\/a><br \/><\/strong><\/p>\n<p> <span style=\"color: #000000;\"><strong>ANOVA<\/strong><\/span><br \/> <strong><a href=\"https:\/\/statorials.org\/tr\/anova-ti-84-hesap-makinesi\/\">TI-84 Hesap Makinesinde Tek Y\u00f6nl\u00fc ANOVA Nas\u0131l Ger\u00e7ekle\u015ftirilir<\/a><br \/><\/strong><\/p>\n<p> <span style=\"color: #000000;\"><strong>Ki-kare testleri<\/strong><\/span><br \/> <strong><a href=\"https:\/\/statorials.org\/tr\/ki-kare-ayari-kalite-hesaplayici-ti-84\/\">TI-84 hesap makinesinde ki-kare uyum testi<\/a><br \/> <a href=\"https:\/\/statorials.org\/tr\/ki-kare-testi-bagimsizlik-ti-84-hesap-makinesi\/\">TI-84 hesap makinesinde ki-kare ba\u011f\u0131ms\u0131zl\u0131k testi<\/a><br \/><\/strong><\/p>\n","protected":false},"excerpt":{"rendered":"<p>Bu sayfa Statorialsde mevcut olan t\u00fcm TI-84 hesap makinesi e\u011fitimlerini listeler. Tan\u0131mlay\u0131c\u0131 istatistikler TI-84 Hesap Makinesinde Be\u015f Haneli \u00d6zet Nas\u0131l Bulunur? TI-84 Hesap Makinesinde \u00c7eyrekler Aras\u0131 Aral\u0131\u011f\u0131 Nas\u0131l Bulunur? TI-84 Hesap Makinesinde Varyasyon Katsay\u0131s\u0131 Nas\u0131l Bulunur? TI-84 Hesap Makinesinde Bir Numunenin Varyans\u0131 Nas\u0131l Bulunur? TI-84 Hesap Makinesinde Nokta \u00c7arp\u0131m\u0131 Nas\u0131l Hesaplan\u0131r TI-84 Hesap Makinesinde Ba\u011f\u0131l [&hellip;]<\/p>\n","protected":false},"author":1,"featured_media":0,"parent":0,"menu_order":0,"comment_status":"closed","ping_status":"closed","template":"","meta":{"footnotes":""},"class_list":["post-5153","page","type-page","status-publish","hentry"],"yoast_head":"<!-- This site is optimized with the Yoast SEO plugin v21.3 - https:\/\/yoast.com\/wordpress\/plugins\/seo\/ -->\n<title>TI-84 K\u0131lavuzu<\/title>\n<meta name=\"description\" content=\"Bu sayfa Statolojide mevcut olan t\u00fcm TI-84 hesap makinesi e\u011fitimlerini listeler.\" \/>\n<meta name=\"robots\" content=\"index, follow, max-snippet:-1, max-image-preview:large, max-video-preview:-1\" \/>\n<link rel=\"canonical\" href=\"https:\/\/statorials.org\/tr\/ti-84-kilavuzlari\/\" \/>\n<meta property=\"og:locale\" content=\"tr_TR\" \/>\n<meta property=\"og:type\" content=\"article\" \/>\n<meta property=\"og:title\" content=\"TI-84 K\u0131lavuzu\" \/>\n<meta property=\"og:description\" content=\"Bu sayfa Statolojide mevcut olan t\u00fcm TI-84 hesap makinesi e\u011fitimlerini listeler.\" \/>\n<meta property=\"og:url\" content=\"https:\/\/statorials.org\/tr\/ti-84-kilavuzlari\/\" \/>\n<meta property=\"og:site_name\" content=\"Statorials\" \/>\n<meta name=\"twitter:card\" content=\"summary_large_image\" \/>\n<meta name=\"twitter:label1\" content=\"Tahmini okuma s\u00fcresi\" \/>\n\t<meta name=\"twitter:data1\" content=\"2 dakika\" \/>\n<script type=\"application\/ld+json\" class=\"yoast-schema-graph\">{\"@context\":\"https:\/\/schema.org\",\"@graph\":[{\"@type\":\"WebPage\",\"@id\":\"https:\/\/statorials.org\/tr\/ti-84-kilavuzlari\/\",\"url\":\"https:\/\/statorials.org\/tr\/ti-84-kilavuzlari\/\",\"name\":\"TI-84 K\u0131lavuzu\",\"isPartOf\":{\"@id\":\"https:\/\/statorials.org\/tr\/#website\"},\"datePublished\":\"2023-07-12T14:01:08+00:00\",\"dateModified\":\"2023-07-12T14:01:08+00:00\",\"description\":\"Bu sayfa Statolojide mevcut olan t\u00fcm TI-84 hesap makinesi e\u011fitimlerini listeler.\",\"breadcrumb\":{\"@id\":\"https:\/\/statorials.org\/tr\/ti-84-kilavuzlari\/#breadcrumb\"},\"inLanguage\":\"tr\",\"potentialAction\":[{\"@type\":\"ReadAction\",\"target\":[\"https:\/\/statorials.org\/tr\/ti-84-kilavuzlari\/\"]}]},{\"@type\":\"BreadcrumbList\",\"@id\":\"https:\/\/statorials.org\/tr\/ti-84-kilavuzlari\/#breadcrumb\",\"itemListElement\":[{\"@type\":\"ListItem\",\"position\":1,\"name\":\"Ev\",\"item\":\"https:\/\/statorials.org\/tr\/\"},{\"@type\":\"ListItem\",\"position\":2,\"name\":\"Ti-84 k\u0131lavuzu\"}]},{\"@type\":\"WebSite\",\"@id\":\"https:\/\/statorials.org\/tr\/#website\",\"url\":\"https:\/\/statorials.org\/tr\/\",\"name\":\"Statorials\",\"description\":\"\u0130statistik okuryazarl\u0131\u011f\u0131 rehberiniz!\",\"potentialAction\":[{\"@type\":\"SearchAction\",\"target\":{\"@type\":\"EntryPoint\",\"urlTemplate\":\"https:\/\/statorials.org\/tr\/?s={search_term_string}\"},\"query-input\":\"required name=search_term_string\"}],\"inLanguage\":\"tr\"}]}<\/script>\n<!-- \/ Yoast SEO plugin. -->","yoast_head_json":{"title":"TI-84 K\u0131lavuzu","description":"Bu sayfa Statolojide mevcut olan t\u00fcm TI-84 hesap makinesi e\u011fitimlerini listeler.","robots":{"index":"index","follow":"follow","max-snippet":"max-snippet:-1","max-image-preview":"max-image-preview:large","max-video-preview":"max-video-preview:-1"},"canonical":"https:\/\/statorials.org\/tr\/ti-84-kilavuzlari\/","og_locale":"tr_TR","og_type":"article","og_title":"TI-84 K\u0131lavuzu","og_description":"Bu sayfa Statolojide mevcut olan t\u00fcm TI-84 hesap makinesi e\u011fitimlerini listeler.","og_url":"https:\/\/statorials.org\/tr\/ti-84-kilavuzlari\/","og_site_name":"Statorials","twitter_card":"summary_large_image","twitter_misc":{"Tahmini okuma s\u00fcresi":"2 dakika"},"schema":{"@context":"https:\/\/schema.org","@graph":[{"@type":"WebPage","@id":"https:\/\/statorials.org\/tr\/ti-84-kilavuzlari\/","url":"https:\/\/statorials.org\/tr\/ti-84-kilavuzlari\/","name":"TI-84 K\u0131lavuzu","isPartOf":{"@id":"https:\/\/statorials.org\/tr\/#website"},"datePublished":"2023-07-12T14:01:08+00:00","dateModified":"2023-07-12T14:01:08+00:00","description":"Bu sayfa Statolojide mevcut olan t\u00fcm TI-84 hesap makinesi e\u011fitimlerini listeler.","breadcrumb":{"@id":"https:\/\/statorials.org\/tr\/ti-84-kilavuzlari\/#breadcrumb"},"inLanguage":"tr","potentialAction":[{"@type":"ReadAction","target":["https:\/\/statorials.org\/tr\/ti-84-kilavuzlari\/"]}]},{"@type":"BreadcrumbList","@id":"https:\/\/statorials.org\/tr\/ti-84-kilavuzlari\/#breadcrumb","itemListElement":[{"@type":"ListItem","position":1,"name":"Ev","item":"https:\/\/statorials.org\/tr\/"},{"@type":"ListItem","position":2,"name":"Ti-84 k\u0131lavuzu"}]},{"@type":"WebSite","@id":"https:\/\/statorials.org\/tr\/#website","url":"https:\/\/statorials.org\/tr\/","name":"Statorials","description":"\u0130statistik okuryazarl\u0131\u011f\u0131 rehberiniz!","potentialAction":[{"@type":"SearchAction","target":{"@type":"EntryPoint","urlTemplate":"https:\/\/statorials.org\/tr\/?s={search_term_string}"},"query-input":"required name=search_term_string"}],"inLanguage":"tr"}]}},"yoast_meta":{"yoast_wpseo_title":"","yoast_wpseo_metadesc":"","yoast_wpseo_canonical":""},"_links":{"self":[{"href":"https:\/\/statorials.org\/tr\/wp-json\/wp\/v2\/pages\/5153","targetHints":{"allow":["GET"]}}],"collection":[{"href":"https:\/\/statorials.org\/tr\/wp-json\/wp\/v2\/pages"}],"about":[{"href":"https:\/\/statorials.org\/tr\/wp-json\/wp\/v2\/types\/page"}],"author":[{"embeddable":true,"href":"https:\/\/statorials.org\/tr\/wp-json\/wp\/v2\/users\/1"}],"replies":[{"embeddable":true,"href":"https:\/\/statorials.org\/tr\/wp-json\/wp\/v2\/comments?post=5153"}],"version-history":[{"count":0,"href":"https:\/\/statorials.org\/tr\/wp-json\/wp\/v2\/pages\/5153\/revisions"}],"wp:attachment":[{"href":"https:\/\/statorials.org\/tr\/wp-json\/wp\/v2\/media?parent=5153"}],"curies":[{"name":"wp","href":"https:\/\/api.w.org\/{rel}","templated":true}]}}