{"id":5154,"date":"2023-07-12T13:39:31","date_gmt":"2023-07-12T13:39:31","guid":{"rendered":"https:\/\/statorials.org\/tr\/spss-kilavuzlari\/"},"modified":"2023-07-12T13:39:31","modified_gmt":"2023-07-12T13:39:31","slug":"spss-kilavuzlari","status":"publish","type":"page","link":"https:\/\/statorials.org\/tr\/spss-kilavuzlari\/","title":{"rendered":"Spss k\u0131lavuzlar\u0131"},"content":{"rendered":"<p><span style=\"color: #000000;\">Bu sayfa Statorialsde mevcut olan t\u00fcm SPSS e\u011fitimlerini listeler.<\/span><\/p>\n<p> <strong><span style=\"color: #000000;\">Tan\u0131mlay\u0131c\u0131 istatistikler<\/span><\/strong> <strong><br \/><a href=\"https:\/\/statorials.org\/tr\/spss-tanimlayici-istatistikler\/\">SPSS&#8217;de de\u011fi\u015fkenler i\u00e7in tan\u0131mlay\u0131c\u0131 istatistikler nas\u0131l hesaplan\u0131r?<\/a><br \/> <a href=\"https:\/\/statorials.org\/tr\/z-puanlari-spss\/\">SPSS&#8217;de Z Puanlar\u0131 Nas\u0131l Hesaplan\u0131r?<\/a><br \/> <a href=\"https:\/\/statorials.org\/tr\/bes-sayi-spsse-devam-ediyor\/\">SPSS&#8217;de be\u015f basamakl\u0131 \u00f6zet nas\u0131l hesaplan\u0131r<\/a><br \/> <a href=\"https:\/\/statorials.org\/tr\/spss-varyasyon-katsayisi\/\">SPSS&#8217;de De\u011fi\u015fim Katsay\u0131s\u0131 Nas\u0131l Hesaplan\u0131r?<\/a><br \/> <a href=\"https:\/\/statorials.org\/tr\/spss-aykiri-degerleri\/\">SPSS&#8217;de ayk\u0131r\u0131 de\u011ferler nas\u0131l belirlenir<\/a><br \/> <a href=\"https:\/\/statorials.org\/tr\/mahalanobis-mesafe-spss\/\">SPSS&#8217;de Mahalanobis Mesafesi Nas\u0131l Hesaplan\u0131r?<\/a><br \/><\/strong><\/p>\n<p> <strong><span style=\"color: #000000;\">Korelasyon ve kovaryans<\/span><\/strong> <strong><br \/><a href=\"https:\/\/statorials.org\/tr\/spss-korelasyon-matrisi\/\">SPSS&#8217;de Korelasyon Matrisi Nas\u0131l Olu\u015fturulur<\/a><br \/> <a href=\"https:\/\/statorials.org\/tr\/spss-kismi-korelasyon\/\">SPSS&#8217;de k\u0131smi korelasyon nas\u0131l hesaplan\u0131r<\/a><br \/> <a href=\"https:\/\/statorials.org\/tr\/spss-kovaryans-matrisi\/\">SPSS&#8217;de Kovaryans Matrisi Nas\u0131l Olu\u015fturulur<\/a><br \/><\/strong><\/p>\n<p> <strong><span style=\"color: #000000;\">G\u00f6rselle\u015ftirmeler<\/span><\/strong> <strong><br \/><a href=\"https:\/\/statorials.org\/tr\/spss-kok-ve-yaprak-diyagrami\/\">SPSS&#8217;de K\u00f6k ve Yaprak Grafi\u011fi Nas\u0131l Olu\u015fturulur<\/a><br \/> <a href=\"https:\/\/statorials.org\/tr\/spss-kutu-grafikleri\/\">SPSS&#8217;de Kutu Grafikleri Nas\u0131l Olu\u015fturulur ve Yorumlan\u0131r<\/a><br \/> <a href=\"https:\/\/statorials.org\/tr\/spss-nokta-bulutlari\/\">SPSS&#8217;de Da\u011f\u0131l\u0131m Grafikleri Nas\u0131l Olu\u015fturulur ve Yorumlan\u0131r<\/a><br \/> <a href=\"https:\/\/statorials.org\/tr\/spss-histogramlari\/\">SPSS&#8217;de Histogramlar Nas\u0131l Olu\u015fturulur<\/a><br \/> <a href=\"https:\/\/statorials.org\/tr\/spss-pasta-grafikleri\/\">SPSS&#8217;de Pasta Grafikleri Nas\u0131l Olu\u015fturulur<\/a><br \/><\/strong><\/p>\n<p> <strong><span style=\"color: #000000;\">Hipotez testi<\/span><\/strong> <strong><br \/><a href=\"https:\/\/statorials.org\/tr\/bir-ornek-t-testi-spss\/\">SPSS&#8217;de tek \u00f6rnek t testi nas\u0131l yap\u0131l\u0131r<\/a><br \/> <a href=\"https:\/\/statorials.org\/tr\/iki-ornek-t-testi-spss\/\">SPSS&#8217;de iki \u00f6rnekli t testi nas\u0131l yap\u0131l\u0131r<\/a><br \/> <a href=\"https:\/\/statorials.org\/tr\/mann-whitney-spssyi-test-ediyorsun\/\">SPSS&#8217;de Mann-Whitney U Testi Nas\u0131l Yap\u0131l\u0131r?<\/a><br \/> <a href=\"https:\/\/statorials.org\/tr\/eslestirilmis-ornekler-t-testi-spss\/\">SPSS&#8217;de e\u015fle\u015ftirilmi\u015f \u00f6rnekler t testi nas\u0131l yap\u0131l\u0131r?<\/a><br \/> <a href=\"https:\/\/statorials.org\/tr\/wilcoxon-isaret-siralamasi-testi-spss\/\">SPSS&#8217;de Wilcoxon \u0130\u015faretli S\u0131ralama Testi Nas\u0131l Ger\u00e7ekle\u015ftirilir<\/a><br \/> <a href=\"https:\/\/statorials.org\/tr\/levenes-spss-testi\/\">SPSS&#8217;de Levene Testi Nas\u0131l Yap\u0131l\u0131r?<\/a><br \/> <a href=\"https:\/\/statorials.org\/tr\/spss-normallik-testi\/\">SPSS&#8217;de normallik nas\u0131l test edilir<\/a><br \/> <a href=\"https:\/\/statorials.org\/tr\/sigin-2-kuyrugu-var\/\">Sig nas\u0131l yorumlan\u0131r? SPSS&#8217;deki de\u011ferler (iki tarafl\u0131)<\/a><br \/><\/strong><\/p>\n<p> <strong><span style=\"color: #000000;\">Regresyon<\/span><\/strong> <strong><br \/><a href=\"https:\/\/statorials.org\/tr\/spss-basit-dogrusal-regresyon\/\">SPSS&#8217;de basit do\u011frusal regresyon nas\u0131l ger\u00e7ekle\u015ftirilir<\/a><br \/> <a href=\"https:\/\/statorials.org\/tr\/spss-coklu-dogrusal-regresyon\/\">SPSS&#8217;de \u00e7oklu do\u011frusal regresyon nas\u0131l ger\u00e7ekle\u015ftirilir<\/a><br \/> <a href=\"https:\/\/statorials.org\/tr\/spss-ikinci-dereceden-regresyon\/\">SPSS&#8217;de ikinci dereceden regresyon nas\u0131l ger\u00e7ekle\u015ftirilir?<\/a><br \/> <a href=\"https:\/\/statorials.org\/tr\/spss-lojistik-regresyon\/\">SPSS&#8217;de lojistik regresyon nas\u0131l yap\u0131l\u0131r<\/a><br \/> <a href=\"https:\/\/statorials.org\/tr\/spss-kaya-egrisi\/\">SPSS&#8217;de ROC E\u011frisi Nas\u0131l Olu\u015fturulur ve Yorumlan\u0131r<\/a><br \/> <a href=\"https:\/\/statorials.org\/tr\/bazi-spss-grafikleri\/\">SPSS&#8217;de QQ Grafikleri Nas\u0131l Olu\u015fturulur ve Yorumlan\u0131r<\/a><br \/> <a href=\"https:\/\/statorials.org\/tr\/coklu-baglanti-spss\/\">SPSS&#8217;de \u00c7oklu Ba\u011flant\u0131 Testi Nas\u0131l Yap\u0131l\u0131r?<\/a><br \/><\/strong><\/p>\n<p> <strong><span style=\"color: #000000;\">ANOVA<\/span><\/strong> <strong><br \/><a href=\"https:\/\/statorials.org\/tr\/tek-yonlu-anova-spss\/\">SPSS&#8217;de Tek Y\u00f6nl\u00fc ANOVA Nas\u0131l Ger\u00e7ekle\u015ftirilir<\/a><br \/> <a href=\"https:\/\/statorials.org\/tr\/kruskal-wallis-testi-spss\/\">SPSS&#8217;de Kruskal-Wallis Testi Nas\u0131l Yap\u0131l\u0131r?<\/a><br \/> <a href=\"https:\/\/statorials.org\/tr\/iki-yonlu-anova-spss\/\">SPSS&#8217;de \u0130ki Y\u00f6nl\u00fc ANOVA Nas\u0131l Ger\u00e7ekle\u015ftirilir<\/a><br \/> <a href=\"https:\/\/statorials.org\/tr\/tekrarlanan-olcumler-anova-spss\/\">SPSS&#8217;de Tekrarlanan \u00d6l\u00e7\u00fcmler ANOVA Nas\u0131l Ger\u00e7ekle\u015ftirilir<\/a><br \/> <a href=\"https:\/\/statorials.org\/tr\/friedman-spss-testi\/\">SPSS&#8217;de Friedman Testi Nas\u0131l Yap\u0131l\u0131r?<\/a><br \/> <a href=\"https:\/\/statorials.org\/tr\/manova-spss\/\">SPSS&#8217;de MANOVA Nas\u0131l Ger\u00e7ekle\u015ftirilir<\/a><br \/><\/strong><\/p>\n<p> <strong><span style=\"color: #000000;\">Ki-kare testleri<\/span><\/strong> <strong><br \/><a href=\"https:\/\/statorials.org\/tr\/mcnemars-spss-testi\/\">SPSS&#8217;de McNemar Testi Nas\u0131l Yap\u0131l\u0131r?<\/a><br \/> <a href=\"https:\/\/statorials.org\/tr\/balikcilar-icin-kesin-spss-testi\/\">SPSS&#8217;de Fisher&#8217;in Kesin Testi Nas\u0131l Yap\u0131l\u0131r?<\/a><br \/> <a href=\"https:\/\/statorials.org\/tr\/ayarlama-spss-kalitesinin-ki-kare-testi\/\">SPSS&#8217;de Ki Kare Uyum \u0130yili\u011fi Testi Nas\u0131l Yap\u0131l\u0131r?<\/a><br \/> <a href=\"https:\/\/statorials.org\/tr\/ki-kare-spss-bagimsizlik-testi\/\">SPSS&#8217;de Ki-Kare Ba\u011f\u0131ms\u0131zl\u0131k Testi Nas\u0131l Yap\u0131l\u0131r?<\/a><br \/><\/strong><\/p>\n","protected":false},"excerpt":{"rendered":"<p>Bu sayfa Statorialsde mevcut olan t\u00fcm SPSS e\u011fitimlerini listeler. Tan\u0131mlay\u0131c\u0131 istatistikler SPSS&#8217;de de\u011fi\u015fkenler i\u00e7in tan\u0131mlay\u0131c\u0131 istatistikler nas\u0131l hesaplan\u0131r? SPSS&#8217;de Z Puanlar\u0131 Nas\u0131l Hesaplan\u0131r? SPSS&#8217;de be\u015f basamakl\u0131 \u00f6zet nas\u0131l hesaplan\u0131r SPSS&#8217;de De\u011fi\u015fim Katsay\u0131s\u0131 Nas\u0131l Hesaplan\u0131r? SPSS&#8217;de ayk\u0131r\u0131 de\u011ferler nas\u0131l belirlenir SPSS&#8217;de Mahalanobis Mesafesi Nas\u0131l Hesaplan\u0131r? Korelasyon ve kovaryans SPSS&#8217;de Korelasyon Matrisi Nas\u0131l Olu\u015fturulur SPSS&#8217;de k\u0131smi korelasyon [&hellip;]<\/p>\n","protected":false},"author":1,"featured_media":0,"parent":0,"menu_order":0,"comment_status":"closed","ping_status":"closed","template":"","meta":{"footnotes":""},"class_list":["post-5154","page","type-page","status-publish","hentry"],"yoast_head":"<!-- This site is optimized with the Yoast SEO plugin v21.3 - https:\/\/yoast.com\/wordpress\/plugins\/seo\/ -->\n<title>SPSS K\u0131lavuzlar\u0131<\/title>\n<meta name=\"description\" content=\"Bu sayfa Statolojide mevcut olan t\u00fcm SPSS e\u011fitimlerini listeler.\" \/>\n<meta name=\"robots\" content=\"index, follow, max-snippet:-1, max-image-preview:large, max-video-preview:-1\" \/>\n<link rel=\"canonical\" href=\"https:\/\/statorials.org\/tr\/spss-kilavuzlari\/\" \/>\n<meta property=\"og:locale\" content=\"tr_TR\" \/>\n<meta property=\"og:type\" content=\"article\" \/>\n<meta property=\"og:title\" content=\"SPSS K\u0131lavuzlar\u0131\" \/>\n<meta property=\"og:description\" content=\"Bu sayfa Statolojide mevcut olan t\u00fcm SPSS e\u011fitimlerini listeler.\" \/>\n<meta property=\"og:url\" content=\"https:\/\/statorials.org\/tr\/spss-kilavuzlari\/\" \/>\n<meta property=\"og:site_name\" content=\"Statorials\" \/>\n<meta name=\"twitter:card\" content=\"summary_large_image\" \/>\n<meta name=\"twitter:label1\" content=\"Tahmini okuma s\u00fcresi\" \/>\n\t<meta name=\"twitter:data1\" content=\"2 dakika\" \/>\n<script type=\"application\/ld+json\" class=\"yoast-schema-graph\">{\"@context\":\"https:\/\/schema.org\",\"@graph\":[{\"@type\":\"WebPage\",\"@id\":\"https:\/\/statorials.org\/tr\/spss-kilavuzlari\/\",\"url\":\"https:\/\/statorials.org\/tr\/spss-kilavuzlari\/\",\"name\":\"SPSS K\u0131lavuzlar\u0131\",\"isPartOf\":{\"@id\":\"https:\/\/statorials.org\/tr\/#website\"},\"datePublished\":\"2023-07-12T13:39:31+00:00\",\"dateModified\":\"2023-07-12T13:39:31+00:00\",\"description\":\"Bu sayfa Statolojide mevcut olan t\u00fcm SPSS e\u011fitimlerini listeler.\",\"breadcrumb\":{\"@id\":\"https:\/\/statorials.org\/tr\/spss-kilavuzlari\/#breadcrumb\"},\"inLanguage\":\"tr\",\"potentialAction\":[{\"@type\":\"ReadAction\",\"target\":[\"https:\/\/statorials.org\/tr\/spss-kilavuzlari\/\"]}]},{\"@type\":\"BreadcrumbList\",\"@id\":\"https:\/\/statorials.org\/tr\/spss-kilavuzlari\/#breadcrumb\",\"itemListElement\":[{\"@type\":\"ListItem\",\"position\":1,\"name\":\"Ev\",\"item\":\"https:\/\/statorials.org\/tr\/\"},{\"@type\":\"ListItem\",\"position\":2,\"name\":\"Spss k\u0131lavuzlar\u0131\"}]},{\"@type\":\"WebSite\",\"@id\":\"https:\/\/statorials.org\/tr\/#website\",\"url\":\"https:\/\/statorials.org\/tr\/\",\"name\":\"Statorials\",\"description\":\"\u0130statistik okuryazarl\u0131\u011f\u0131 rehberiniz!\",\"potentialAction\":[{\"@type\":\"SearchAction\",\"target\":{\"@type\":\"EntryPoint\",\"urlTemplate\":\"https:\/\/statorials.org\/tr\/?s={search_term_string}\"},\"query-input\":\"required name=search_term_string\"}],\"inLanguage\":\"tr\"}]}<\/script>\n<!-- \/ Yoast SEO plugin. -->","yoast_head_json":{"title":"SPSS K\u0131lavuzlar\u0131","description":"Bu sayfa Statolojide mevcut olan t\u00fcm SPSS e\u011fitimlerini listeler.","robots":{"index":"index","follow":"follow","max-snippet":"max-snippet:-1","max-image-preview":"max-image-preview:large","max-video-preview":"max-video-preview:-1"},"canonical":"https:\/\/statorials.org\/tr\/spss-kilavuzlari\/","og_locale":"tr_TR","og_type":"article","og_title":"SPSS K\u0131lavuzlar\u0131","og_description":"Bu sayfa Statolojide mevcut olan t\u00fcm SPSS e\u011fitimlerini listeler.","og_url":"https:\/\/statorials.org\/tr\/spss-kilavuzlari\/","og_site_name":"Statorials","twitter_card":"summary_large_image","twitter_misc":{"Tahmini okuma s\u00fcresi":"2 dakika"},"schema":{"@context":"https:\/\/schema.org","@graph":[{"@type":"WebPage","@id":"https:\/\/statorials.org\/tr\/spss-kilavuzlari\/","url":"https:\/\/statorials.org\/tr\/spss-kilavuzlari\/","name":"SPSS K\u0131lavuzlar\u0131","isPartOf":{"@id":"https:\/\/statorials.org\/tr\/#website"},"datePublished":"2023-07-12T13:39:31+00:00","dateModified":"2023-07-12T13:39:31+00:00","description":"Bu sayfa Statolojide mevcut olan t\u00fcm SPSS e\u011fitimlerini listeler.","breadcrumb":{"@id":"https:\/\/statorials.org\/tr\/spss-kilavuzlari\/#breadcrumb"},"inLanguage":"tr","potentialAction":[{"@type":"ReadAction","target":["https:\/\/statorials.org\/tr\/spss-kilavuzlari\/"]}]},{"@type":"BreadcrumbList","@id":"https:\/\/statorials.org\/tr\/spss-kilavuzlari\/#breadcrumb","itemListElement":[{"@type":"ListItem","position":1,"name":"Ev","item":"https:\/\/statorials.org\/tr\/"},{"@type":"ListItem","position":2,"name":"Spss k\u0131lavuzlar\u0131"}]},{"@type":"WebSite","@id":"https:\/\/statorials.org\/tr\/#website","url":"https:\/\/statorials.org\/tr\/","name":"Statorials","description":"\u0130statistik okuryazarl\u0131\u011f\u0131 rehberiniz!","potentialAction":[{"@type":"SearchAction","target":{"@type":"EntryPoint","urlTemplate":"https:\/\/statorials.org\/tr\/?s={search_term_string}"},"query-input":"required name=search_term_string"}],"inLanguage":"tr"}]}},"yoast_meta":{"yoast_wpseo_title":"","yoast_wpseo_metadesc":"","yoast_wpseo_canonical":""},"_links":{"self":[{"href":"https:\/\/statorials.org\/tr\/wp-json\/wp\/v2\/pages\/5154","targetHints":{"allow":["GET"]}}],"collection":[{"href":"https:\/\/statorials.org\/tr\/wp-json\/wp\/v2\/pages"}],"about":[{"href":"https:\/\/statorials.org\/tr\/wp-json\/wp\/v2\/types\/page"}],"author":[{"embeddable":true,"href":"https:\/\/statorials.org\/tr\/wp-json\/wp\/v2\/users\/1"}],"replies":[{"embeddable":true,"href":"https:\/\/statorials.org\/tr\/wp-json\/wp\/v2\/comments?post=5154"}],"version-history":[{"count":0,"href":"https:\/\/statorials.org\/tr\/wp-json\/wp\/v2\/pages\/5154\/revisions"}],"wp:attachment":[{"href":"https:\/\/statorials.org\/tr\/wp-json\/wp\/v2\/media?parent=5154"}],"curies":[{"name":"wp","href":"https:\/\/api.w.org\/{rel}","templated":true}]}}